{"id":2958364,"date":"2024-10-09T22:36:29","date_gmt":"2024-10-09T22:36:29","guid":{"rendered":"https:\/\/www.coolheadeurope.com\/prodotto\/non%20class\u00e9\/dc-800h\/"},"modified":"2026-02-08T06:15:55","modified_gmt":"2026-02-08T06:15:55","slug":"dc-800h","status":"publish","type":"product","link":"https:\/\/www.coolheadeurope.com\/fr\/prodotto\/drinks-fr\/vitrines-de-boissons-fr\/dc-800h\/","title":{"rendered":"DC 800H"},"content":{"rendered":"<p>R\u00e9frig\u00e9rateur vertical pour boissons 800 l avec panneau publicitaire<br \/>\nAcier laqu\u00e9 blanc pour la face interne et la face externe<br \/>\nRefroidissement ventil\u00e9<br \/>\nCycle de d\u00e9givrage automatique par arr\u00eat du compresseur<br \/>\nAgent moussant : Cyclopentane (45 mm par c\u00f4t\u00e9)<br \/>\nThermostat num\u00e9rique<br \/>\nPorte \u00e0 fermeture automatique<br \/>\nJoint d&rsquo;\u00e9tanch\u00e9it\u00e9 amovible<br \/>\nClayettes r\u00e9glables: 8 pi\u00e8ces<br \/>\nCommutateurs ind\u00e9pendants pour l&rsquo;\u00e9clairage interne et le couvercle<br \/>\nVerre de s\u00e9curit\u00e9 tremp\u00e9<br \/>\nSerrure mont\u00e9e de s\u00e9rie<br \/>\nLampe LED interne verticale\/Lampe LED pour le couvercle<br \/>\nRoues N\u00b0 4 pour positionnement facile<br \/>\nClasse \u00e9nerg\u00e9tique: D<\/p>\n","protected":false},"excerpt":{"rendered":"<p>Le DC 800H est con\u00e7u pour \u00eatre un r\u00e9frig\u00e9rateur de boissons moderne, fiable et polyvalent, id\u00e9al pour pr\u00e9senter et maintenir tous les types de bouteilles et de canettes \u00e0 la bonne temp\u00e9rature.<br \/>\nD&rsquo;une capacit\u00e9 de 800 litres, de couleur blanche et avec 2 portes vitr\u00e9es \u00e0 charni\u00e8res, ce produit est \u00e9quip\u00e9 de 8 \u00e9tag\u00e8res r\u00e9glables, d&rsquo;un thermostat num\u00e9rique, d&rsquo;une serrure, de portes \u00e0 fermeture automatique, d&rsquo;une lampe LED interne, de 4 roulettes pour un positionnement facile et d&rsquo;un verre de s\u00e9curit\u00e9 tremp\u00e9.<br \/>\nCe mod\u00e8le peut \u00e9galement \u00eatre personnalis\u00e9 avec des visuels promotionnels sur le corps et sur le panneau publicitaire lumineux.<\/p>\n","protected":false},"featured_media":3881227,"template":"","meta":[],"product_brand":[],"product_cat":[7412,7417],"product_tag":[],"class_list":{"0":"post-2958364","1":"product","2":"type-product","3":"status-publish","4":"has-post-thumbnail","6":"product_cat-drinks-fr","7":"product_cat-vitrines-de-boissons-fr","8":"pa_capacite-commerciale-800-l","9":"pa_consommation-denergie-3-426-kw-24h","10":"pa_hauteur-exterieure-2035-mm","11":"pa_hauteur-interieure-1525-mm","12":"pa_largeur-exterieure-1000-mm","13":"pa_largeur-interne-910-mm","14":"pa_niveau-sonore-60-dba","15":"pa_poids-brut-164-5-kg","16":"pa_poids-net-139-kg","17":"pa_profondeur-externe-730-mm","18":"pa_profondeur-interne-595-mm","19":"pa_puissance-480-w","21":"first","22":"instock","23":"product-type-simple"},"acf":[],"yoast_head":"<!-- This site is optimized with the Yoast SEO plugin v27.2 - https:\/\/yoast.com\/product\/yoast-seo-wordpress\/ -->\n<title>DC 800H - Cool Head Europe<\/title>\n<meta name=\"robots\" content=\"index, follow, max-snippet:-1, max-image-preview:large, max-video-preview:-1\" \/>\n<link rel=\"canonical\" href=\"https:\/\/www.coolheadeurope.com\/prodotto\/drinks\/vetrine-bibite\/dc-800h\/\" \/>\n<meta property=\"og:locale\" content=\"fr_FR\" \/>\n<meta property=\"og:type\" content=\"article\" \/>\n<meta property=\"og:title\" content=\"DC 800H - Cool Head Europe\" \/>\n<meta property=\"og:description\" content=\"Le DC 800H est con\u00e7u pour \u00eatre un r\u00e9frig\u00e9rateur de boissons moderne, fiable et polyvalent, id\u00e9al pour pr\u00e9senter et maintenir tous les types de bouteilles et de canettes \u00e0 la bonne temp\u00e9rature. D&#039;une capacit\u00e9 de 800 litres, de couleur blanche et avec 2 portes vitr\u00e9es \u00e0 charni\u00e8res, ce produit est \u00e9quip\u00e9 de 8 \u00e9tag\u00e8res r\u00e9glables, d&#039;un thermostat num\u00e9rique, d&#039;une serrure, de portes \u00e0 fermeture automatique, d&#039;une lampe LED interne, de 4 roulettes pour un positionnement facile et d&#039;un verre de s\u00e9curit\u00e9 tremp\u00e9. Ce mod\u00e8le peut \u00e9galement \u00eatre personnalis\u00e9 avec des visuels promotionnels sur le corps et sur le panneau publicitaire lumineux.\" \/>\n<meta property=\"og:url\" content=\"https:\/\/www.coolheadeurope.com\/prodotto\/drinks\/vetrine-bibite\/dc-800h\/\" \/>\n<meta property=\"og:site_name\" content=\"Cool Head Europe\" \/>\n<meta property=\"article:modified_time\" content=\"2026-02-08T06:15:55+00:00\" \/>\n<meta property=\"og:image\" content=\"https:\/\/www.coolheadeurope.com\/wp-content\/uploads\/2026\/04\/DC-800H-CORPO_CH_LOW.png\" \/>\n\t<meta property=\"og:image:width\" content=\"342\" \/>\n\t<meta property=\"og:image:height\" content=\"567\" \/>\n\t<meta property=\"og:image:type\" content=\"image\/png\" \/>\n<meta name=\"twitter:card\" content=\"summary_large_image\" \/>\n<!-- \/ Yoast SEO plugin. -->","yoast_head_json":{"title":"DC 800H - Cool Head Europe","robots":{"index":"index","follow":"follow","max-snippet":"max-snippet:-1","max-image-preview":"max-image-preview:large","max-video-preview":"max-video-preview:-1"},"canonical":"https:\/\/www.coolheadeurope.com\/prodotto\/drinks\/vetrine-bibite\/dc-800h\/","og_locale":"fr_FR","og_type":"article","og_title":"DC 800H - Cool Head Europe","og_description":"Le DC 800H est con\u00e7u pour \u00eatre un r\u00e9frig\u00e9rateur de boissons moderne, fiable et polyvalent, id\u00e9al pour pr\u00e9senter et maintenir tous les types de bouteilles et de canettes \u00e0 la bonne temp\u00e9rature. D'une capacit\u00e9 de 800 litres, de couleur blanche et avec 2 portes vitr\u00e9es \u00e0 charni\u00e8res, ce produit est \u00e9quip\u00e9 de 8 \u00e9tag\u00e8res r\u00e9glables, d'un thermostat num\u00e9rique, d'une serrure, de portes \u00e0 fermeture automatique, d'une lampe LED interne, de 4 roulettes pour un positionnement facile et d'un verre de s\u00e9curit\u00e9 tremp\u00e9. Ce mod\u00e8le peut \u00e9galement \u00eatre personnalis\u00e9 avec des visuels promotionnels sur le corps et sur le panneau publicitaire lumineux.","og_url":"https:\/\/www.coolheadeurope.com\/prodotto\/drinks\/vetrine-bibite\/dc-800h\/","og_site_name":"Cool Head Europe","article_modified_time":"2026-02-08T06:15:55+00:00","og_image":[{"width":342,"height":567,"url":"https:\/\/www.coolheadeurope.com\/wp-content\/uploads\/2026\/04\/DC-800H-CORPO_CH_LOW.png","type":"image\/png"}],"twitter_card":"summary_large_image","schema":{"@context":"https:\/\/schema.org","@graph":[{"@type":"WebPage","@id":"https:\/\/www.coolheadeurope.com\/prodotto\/drinks\/vetrine-bibite\/dc-800h\/","url":"https:\/\/www.coolheadeurope.com\/prodotto\/drinks\/vetrine-bibite\/dc-800h\/","name":"DC 800H - Cool Head Europe","isPartOf":{"@id":"https:\/\/www.coolheadeurope.com\/#website"},"primaryImageOfPage":{"@id":"https:\/\/www.coolheadeurope.com\/prodotto\/drinks\/vetrine-bibite\/dc-800h\/#primaryimage"},"image":{"@id":"https:\/\/www.coolheadeurope.com\/prodotto\/drinks\/vetrine-bibite\/dc-800h\/#primaryimage"},"thumbnailUrl":"https:\/\/www.coolheadeurope.com\/wp-content\/uploads\/2026\/04\/DC-800H-CORPO_CH_LOW.png","datePublished":"2024-10-09T22:36:29+00:00","dateModified":"2026-02-08T06:15:55+00:00","breadcrumb":{"@id":"https:\/\/www.coolheadeurope.com\/prodotto\/drinks\/vetrine-bibite\/dc-800h\/#breadcrumb"},"inLanguage":"fr-FR","potentialAction":[{"@type":"ReadAction","target":["https:\/\/www.coolheadeurope.com\/prodotto\/drinks\/vetrine-bibite\/dc-800h\/"]}]},{"@type":"ImageObject","inLanguage":"fr-FR","@id":"https:\/\/www.coolheadeurope.com\/prodotto\/drinks\/vetrine-bibite\/dc-800h\/#primaryimage","url":"https:\/\/www.coolheadeurope.com\/wp-content\/uploads\/2026\/04\/DC-800H-CORPO_CH_LOW.png","contentUrl":"https:\/\/www.coolheadeurope.com\/wp-content\/uploads\/2026\/04\/DC-800H-CORPO_CH_LOW.png","width":342,"height":567,"caption":"Immagine di DC 800H"},{"@type":"BreadcrumbList","@id":"https:\/\/www.coolheadeurope.com\/prodotto\/drinks\/vetrine-bibite\/dc-800h\/#breadcrumb","itemListElement":[{"@type":"ListItem","position":1,"name":"Home","item":"https:\/\/www.coolheadeurope.com\/fr\/"},{"@type":"ListItem","position":2,"name":"Rechercher","item":"https:\/\/www.coolheadeurope.com\/cerca\/"},{"@type":"ListItem","position":3,"name":"DC 800H"}]},{"@type":"WebSite","@id":"https:\/\/www.coolheadeurope.com\/#website","url":"https:\/\/www.coolheadeurope.com\/","name":"Cool Head Europe","description":"We make the world a cooler place","potentialAction":[{"@type":"SearchAction","target":{"@type":"EntryPoint","urlTemplate":"https:\/\/www.coolheadeurope.com\/?s={search_term_string}"},"query-input":{"@type":"PropertyValueSpecification","valueRequired":true,"valueName":"search_term_string"}}],"inLanguage":"fr-FR"}]}},"_links":{"self":[{"href":"https:\/\/www.coolheadeurope.com\/fr\/wp-json\/wp\/v2\/product\/2958364","targetHints":{"allow":["GET"]}}],"collection":[{"href":"https:\/\/www.coolheadeurope.com\/fr\/wp-json\/wp\/v2\/product"}],"about":[{"href":"https:\/\/www.coolheadeurope.com\/fr\/wp-json\/wp\/v2\/types\/product"}],"wp:featuredmedia":[{"embeddable":true,"href":"https:\/\/www.coolheadeurope.com\/fr\/wp-json\/wp\/v2\/media\/3881227"}],"wp:attachment":[{"href":"https:\/\/www.coolheadeurope.com\/fr\/wp-json\/wp\/v2\/media?parent=2958364"}],"wp:term":[{"taxonomy":"product_brand","embeddable":true,"href":"https:\/\/www.coolheadeurope.com\/fr\/wp-json\/wp\/v2\/product_brand?post=2958364"},{"taxonomy":"product_cat","embeddable":true,"href":"https:\/\/www.coolheadeurope.com\/fr\/wp-json\/wp\/v2\/product_cat?post=2958364"},{"taxonomy":"product_tag","embeddable":true,"href":"https:\/\/www.coolheadeurope.com\/fr\/wp-json\/wp\/v2\/product_tag?post=2958364"}],"curies":[{"name":"wp","href":"https:\/\/api.w.org\/{rel}","templated":true}]}}