{"id":2958368,"date":"2024-10-09T22:43:17","date_gmt":"2024-10-09T22:43:17","guid":{"rendered":"https:\/\/www.coolheadeurope.com\/prodotto\/non%20class\u00e9\/dc-368\/"},"modified":"2026-02-08T06:15:59","modified_gmt":"2026-02-08T06:15:59","slug":"dc-368","status":"publish","type":"product","link":"https:\/\/www.coolheadeurope.com\/fr\/prodotto\/drinks-fr\/vitrines-de-boissons-fr\/dc-368\/","title":{"rendered":"DC 368"},"content":{"rendered":"<p>R\u00e9frig\u00e9rateur vertical pour boissons 300 L<br \/>\nAcier laqu\u00e9 en noir pour la face externe et acier inoxydable poli miroir en pour la face interne<br \/>\nRefroidissement ventil\u00e9<br \/>\nCycle de d\u00e9givrage automatique par arr\u00eat du compresseur<br \/>\nAgent moussant : Cyclopentane (45 mm par c\u00f4t\u00e9)<br \/>\nThermostat num\u00e9rique<br \/>\nCommutateurs ind\u00e9pendants: lampe LED principale (Couleur verte) et lampe LED interne (Couleur rouge)<br \/>\nJoint d&rsquo;\u00e9tanch\u00e9it\u00e9 amovible<br \/>\nClayette chrom\u00e9e r\u00e9glable (5 pi\u00e8ces)<br \/>\nN.2 Lampe LED interne verticale (avec commutateur ind\u00e9pendant)<br \/>\nCadre de porte en acier inoxydable (chauff\u00e9) avec poign\u00e9e cylindrique<br \/>\nSerrure mont\u00e9e de s\u00e9rie<br \/>\nPorte \u00e0 fermeture automatique (No r\u00e9versible)<br \/>\nPieds r\u00e9glables N\u00b0 4<br \/>\nClasse \u00e9nerg\u00e9tique: B<\/p>\n","protected":false},"excerpt":{"rendered":"<p>Le mod\u00e8le DC 368 est con\u00e7u pour \u00eatre une armoire \u00e0 boissons r\u00e9frig\u00e9r\u00e9e fiable et polyvalente, id\u00e9ale pour exposer et maintenir \u00e0 la bonne temp\u00e9rature tous les types de bouteilles et de canettes.<br \/>\nD&rsquo;une capacit\u00e9 de 293 litres, en acier peint noir \u00e0 l&rsquo;ext\u00e9rieur et en acier inoxydable miroir \u00e0 l&rsquo;int\u00e9rieur, ce produit est \u00e9quip\u00e9 d&rsquo;une porte en verre avec cadre en acier inoxydable et poign\u00e9e cylindrique verticale, d&rsquo;un affichage num\u00e9rique, de 5 \u00e9tag\u00e8res chrom\u00e9es r\u00e9glables, d&rsquo;une lampe LED verticale interne avec interrupteur ind\u00e9pendant, d&rsquo;une porte \u00e0 fermeture automatique et d&rsquo;une serrure.<br \/>\nCe mod\u00e8le peut \u00e9galement \u00eatre personnalis\u00e9 avec des visuels promotionnels sur le corps.<\/p>\n","protected":false},"featured_media":3881231,"template":"","meta":[],"product_brand":[],"product_cat":[7412,7417],"product_tag":[],"class_list":{"0":"post-2958368","1":"product","2":"type-product","3":"status-publish","4":"has-post-thumbnail","6":"product_cat-drinks-fr","7":"product_cat-vitrines-de-boissons-fr","8":"pa_capacite-commerciale-293-l","9":"pa_consommation-denergie-2-76-kw-24h","10":"pa_hauteur-exterieure-1800-mm","11":"pa_hauteur-interieure-1490-mm","12":"pa_largeur-exterieure-600-mm","13":"pa_largeur-interne-508-mm","14":"pa_niveau-sonore-45-dba","15":"pa_poids-brut-80-kg","16":"pa_poids-net-77-kg","17":"pa_profondeur-externe-558-mm","18":"pa_profondeur-interne-418-mm","19":"pa_puissance-240-w","21":"first","22":"instock","23":"product-type-simple"},"acf":[],"yoast_head":"<!-- This site is optimized with the Yoast SEO plugin v27.2 - https:\/\/yoast.com\/product\/yoast-seo-wordpress\/ -->\n<title>DC 368 - Cool Head Europe<\/title>\n<meta name=\"robots\" content=\"index, follow, max-snippet:-1, max-image-preview:large, max-video-preview:-1\" \/>\n<link rel=\"canonical\" href=\"https:\/\/www.coolheadeurope.com\/prodotto\/drinks\/vetrine-bibite\/dc-368\/\" \/>\n<meta property=\"og:locale\" content=\"fr_FR\" \/>\n<meta property=\"og:type\" content=\"article\" \/>\n<meta property=\"og:title\" content=\"DC 368 - Cool Head Europe\" \/>\n<meta property=\"og:description\" content=\"Le mod\u00e8le DC 368 est con\u00e7u pour \u00eatre une armoire \u00e0 boissons r\u00e9frig\u00e9r\u00e9e fiable et polyvalente, id\u00e9ale pour exposer et maintenir \u00e0 la bonne temp\u00e9rature tous les types de bouteilles et de canettes. D&#039;une capacit\u00e9 de 293 litres, en acier peint noir \u00e0 l&#039;ext\u00e9rieur et en acier inoxydable miroir \u00e0 l&#039;int\u00e9rieur, ce produit est \u00e9quip\u00e9 d&#039;une porte en verre avec cadre en acier inoxydable et poign\u00e9e cylindrique verticale, d&#039;un affichage num\u00e9rique, de 5 \u00e9tag\u00e8res chrom\u00e9es r\u00e9glables, d&#039;une lampe LED verticale interne avec interrupteur ind\u00e9pendant, d&#039;une porte \u00e0 fermeture automatique et d&#039;une serrure. Ce mod\u00e8le peut \u00e9galement \u00eatre personnalis\u00e9 avec des visuels promotionnels sur le corps.\" \/>\n<meta property=\"og:url\" content=\"https:\/\/www.coolheadeurope.com\/prodotto\/drinks\/vetrine-bibite\/dc-368\/\" \/>\n<meta property=\"og:site_name\" content=\"Cool Head Europe\" \/>\n<meta property=\"article:modified_time\" content=\"2026-02-08T06:15:59+00:00\" \/>\n<meta property=\"og:image\" content=\"https:\/\/www.coolheadeurope.com\/wp-content\/uploads\/2026\/04\/DC-368-CORPO_CH_LOW.png\" \/>\n\t<meta property=\"og:image:width\" content=\"273\" \/>\n\t<meta property=\"og:image:height\" content=\"567\" \/>\n\t<meta property=\"og:image:type\" content=\"image\/png\" \/>\n<meta name=\"twitter:card\" content=\"summary_large_image\" \/>\n<meta name=\"twitter:label1\" content=\"Dur\u00e9e de lecture estim\u00e9e\" \/>\n\t<meta name=\"twitter:data1\" content=\"1 minute\" \/>\n<!-- \/ Yoast SEO plugin. -->","yoast_head_json":{"title":"DC 368 - Cool Head Europe","robots":{"index":"index","follow":"follow","max-snippet":"max-snippet:-1","max-image-preview":"max-image-preview:large","max-video-preview":"max-video-preview:-1"},"canonical":"https:\/\/www.coolheadeurope.com\/prodotto\/drinks\/vetrine-bibite\/dc-368\/","og_locale":"fr_FR","og_type":"article","og_title":"DC 368 - Cool Head Europe","og_description":"Le mod\u00e8le DC 368 est con\u00e7u pour \u00eatre une armoire \u00e0 boissons r\u00e9frig\u00e9r\u00e9e fiable et polyvalente, id\u00e9ale pour exposer et maintenir \u00e0 la bonne temp\u00e9rature tous les types de bouteilles et de canettes. D'une capacit\u00e9 de 293 litres, en acier peint noir \u00e0 l'ext\u00e9rieur et en acier inoxydable miroir \u00e0 l'int\u00e9rieur, ce produit est \u00e9quip\u00e9 d'une porte en verre avec cadre en acier inoxydable et poign\u00e9e cylindrique verticale, d'un affichage num\u00e9rique, de 5 \u00e9tag\u00e8res chrom\u00e9es r\u00e9glables, d'une lampe LED verticale interne avec interrupteur ind\u00e9pendant, d'une porte \u00e0 fermeture automatique et d'une serrure. Ce mod\u00e8le peut \u00e9galement \u00eatre personnalis\u00e9 avec des visuels promotionnels sur le corps.","og_url":"https:\/\/www.coolheadeurope.com\/prodotto\/drinks\/vetrine-bibite\/dc-368\/","og_site_name":"Cool Head Europe","article_modified_time":"2026-02-08T06:15:59+00:00","og_image":[{"width":273,"height":567,"url":"https:\/\/www.coolheadeurope.com\/wp-content\/uploads\/2026\/04\/DC-368-CORPO_CH_LOW.png","type":"image\/png"}],"twitter_card":"summary_large_image","twitter_misc":{"Dur\u00e9e de lecture estim\u00e9e":"1 minute"},"schema":{"@context":"https:\/\/schema.org","@graph":[{"@type":"WebPage","@id":"https:\/\/www.coolheadeurope.com\/prodotto\/drinks\/vetrine-bibite\/dc-368\/","url":"https:\/\/www.coolheadeurope.com\/prodotto\/drinks\/vetrine-bibite\/dc-368\/","name":"DC 368 - Cool Head Europe","isPartOf":{"@id":"https:\/\/www.coolheadeurope.com\/#website"},"primaryImageOfPage":{"@id":"https:\/\/www.coolheadeurope.com\/prodotto\/drinks\/vetrine-bibite\/dc-368\/#primaryimage"},"image":{"@id":"https:\/\/www.coolheadeurope.com\/prodotto\/drinks\/vetrine-bibite\/dc-368\/#primaryimage"},"thumbnailUrl":"https:\/\/www.coolheadeurope.com\/wp-content\/uploads\/2026\/04\/DC-368-CORPO_CH_LOW.png","datePublished":"2024-10-09T22:43:17+00:00","dateModified":"2026-02-08T06:15:59+00:00","breadcrumb":{"@id":"https:\/\/www.coolheadeurope.com\/prodotto\/drinks\/vetrine-bibite\/dc-368\/#breadcrumb"},"inLanguage":"fr-FR","potentialAction":[{"@type":"ReadAction","target":["https:\/\/www.coolheadeurope.com\/prodotto\/drinks\/vetrine-bibite\/dc-368\/"]}]},{"@type":"ImageObject","inLanguage":"fr-FR","@id":"https:\/\/www.coolheadeurope.com\/prodotto\/drinks\/vetrine-bibite\/dc-368\/#primaryimage","url":"https:\/\/www.coolheadeurope.com\/wp-content\/uploads\/2026\/04\/DC-368-CORPO_CH_LOW.png","contentUrl":"https:\/\/www.coolheadeurope.com\/wp-content\/uploads\/2026\/04\/DC-368-CORPO_CH_LOW.png","width":273,"height":567,"caption":"Immagine di DC 368"},{"@type":"BreadcrumbList","@id":"https:\/\/www.coolheadeurope.com\/prodotto\/drinks\/vetrine-bibite\/dc-368\/#breadcrumb","itemListElement":[{"@type":"ListItem","position":1,"name":"Home","item":"https:\/\/www.coolheadeurope.com\/fr\/"},{"@type":"ListItem","position":2,"name":"Rechercher","item":"https:\/\/www.coolheadeurope.com\/cerca\/"},{"@type":"ListItem","position":3,"name":"DC 368"}]},{"@type":"WebSite","@id":"https:\/\/www.coolheadeurope.com\/#website","url":"https:\/\/www.coolheadeurope.com\/","name":"Cool Head Europe","description":"We make the world a cooler place","potentialAction":[{"@type":"SearchAction","target":{"@type":"EntryPoint","urlTemplate":"https:\/\/www.coolheadeurope.com\/?s={search_term_string}"},"query-input":{"@type":"PropertyValueSpecification","valueRequired":true,"valueName":"search_term_string"}}],"inLanguage":"fr-FR"}]}},"_links":{"self":[{"href":"https:\/\/www.coolheadeurope.com\/fr\/wp-json\/wp\/v2\/product\/2958368","targetHints":{"allow":["GET"]}}],"collection":[{"href":"https:\/\/www.coolheadeurope.com\/fr\/wp-json\/wp\/v2\/product"}],"about":[{"href":"https:\/\/www.coolheadeurope.com\/fr\/wp-json\/wp\/v2\/types\/product"}],"wp:featuredmedia":[{"embeddable":true,"href":"https:\/\/www.coolheadeurope.com\/fr\/wp-json\/wp\/v2\/media\/3881231"}],"wp:attachment":[{"href":"https:\/\/www.coolheadeurope.com\/fr\/wp-json\/wp\/v2\/media?parent=2958368"}],"wp:term":[{"taxonomy":"product_brand","embeddable":true,"href":"https:\/\/www.coolheadeurope.com\/fr\/wp-json\/wp\/v2\/product_brand?post=2958368"},{"taxonomy":"product_cat","embeddable":true,"href":"https:\/\/www.coolheadeurope.com\/fr\/wp-json\/wp\/v2\/product_cat?post=2958368"},{"taxonomy":"product_tag","embeddable":true,"href":"https:\/\/www.coolheadeurope.com\/fr\/wp-json\/wp\/v2\/product_tag?post=2958368"}],"curies":[{"name":"wp","href":"https:\/\/api.w.org\/{rel}","templated":true}]}}