{"id":2958379,"date":"2024-10-09T23:03:15","date_gmt":"2024-10-09T23:03:15","guid":{"rendered":"https:\/\/www.coolheadeurope.com\/prodotto\/non%20class\u00e9\/rcg-1900b\/"},"modified":"2026-02-08T06:16:10","modified_gmt":"2026-02-08T06:16:10","slug":"rcg-1900b","status":"publish","type":"product","link":"https:\/\/www.coolheadeurope.com\/fr\/prodotto\/drinks-fr\/vitrines-de-boissons-fr\/rcg-1900b\/","title":{"rendered":"RCG 1900B"},"content":{"rendered":"<p>R\u00e9frig\u00e9rateur vertical pour boissons 1600 L<br \/>\nAcier laqu\u00e9 en noir pour la face interne et la face externe<br \/>\nRefroidissement ventil\u00e9<br \/>\nCycle de d\u00e9givrage automatique par arr\u00eat du compresseur<br \/>\nAgent moussant : Cyclopentane (45 mm par c\u00f4t\u00e9)<br \/>\nThermostat num\u00e9rique<br \/>\nJoint d&rsquo;\u00e9tanch\u00e9it\u00e9 amovible<br \/>\nLampe LED interne verticale (avec commutateur ind\u00e9pendant)<br \/>\nVerre de s\u00e9curit\u00e9 tremp\u00e9 avec cadre en aluminium<br \/>\nVitre double \u00e9paisseur anti-condensation<br \/>\nPorte \u00e0 fermeture automatique et serrure mont\u00e9es de s\u00e9rie<br \/>\nClayettes r\u00e9glables: 18 pi\u00e8ces<br \/>\nRoulettes no. 8 pour un positionnement facile<br \/>\nClasse \u00e9nerg\u00e9tique: C<\/p>\n","protected":false},"excerpt":{"rendered":"<p>R\u00e9frig\u00e9rateur vertical \u00e0 l&rsquo;aspect \u00e9pur\u00e9, avec une porte en verre et une capacit\u00e9 de 1550 litres. Il est disponible en noir et est \u00e9quip\u00e9 d&rsquo;une lampe vertical interne \u00e0 LED avec interrupteur ind\u00e9pendant. Il est \u00e9quip\u00e9 d&rsquo;une porte vitr\u00e9e avec double verre tremp\u00e9 de s\u00e9curit\u00e9, d&rsquo;un syst\u00e8me de refroidissement ventil\u00e9, de 18 clayettes r\u00e9glables, d&rsquo;une serrure, d&rsquo;une porte \u00e0 fermeture automatique, de 6 roulettes pour un positionnement facile et d&rsquo;un affichage digital du thermostat. Le mod\u00e8le RCG 1900B a \u00e9t\u00e9 con\u00e7u pour \u00eatre utilis\u00e9 de multiples fa\u00e7ons, en garantissant toujours un stockage correct des boissons et une pr\u00e9sentation et une appr\u00e9ciation ad\u00e9quates des produits \u00e0 l&rsquo;int\u00e9rieur.<\/p>\n","protected":false},"featured_media":3881252,"template":"","meta":[],"product_brand":[],"product_cat":[7412,7417],"product_tag":[],"class_list":{"0":"post-2958379","1":"product","2":"type-product","3":"status-publish","4":"has-post-thumbnail","6":"product_cat-drinks-fr","7":"product_cat-vitrines-de-boissons-fr","8":"pa_capacite-commerciale-1664-l","9":"pa_consommation-denergie-8-83-kw-24h","10":"pa_hauteur-exterieure-2040-mm","11":"pa_hauteur-interieure-1495-mm","12":"pa_largeur-exterieure-1880-mm","13":"pa_largeur-interne-1790-mm","14":"pa_niveau-sonore-62-dba","15":"pa_poids-brut-235-kg","16":"pa_poids-net-208-kg","17":"pa_profondeur-externe-740-mm","18":"pa_profondeur-interne-543-mm","19":"pa_puissance-695-w","21":"first","22":"instock","23":"product-type-simple"},"acf":[],"yoast_head":"<!-- This site is optimized with the Yoast SEO plugin v27.2 - https:\/\/yoast.com\/product\/yoast-seo-wordpress\/ -->\n<title>RCG 1900B - Cool Head Europe<\/title>\n<meta name=\"robots\" content=\"index, follow, max-snippet:-1, max-image-preview:large, max-video-preview:-1\" \/>\n<link rel=\"canonical\" href=\"https:\/\/www.coolheadeurope.com\/prodotto\/drinks\/vetrine-bibite\/rcg-1900b\/\" \/>\n<meta property=\"og:locale\" content=\"fr_FR\" \/>\n<meta property=\"og:type\" content=\"article\" \/>\n<meta property=\"og:title\" content=\"RCG 1900B - Cool Head Europe\" \/>\n<meta property=\"og:description\" content=\"R\u00e9frig\u00e9rateur vertical \u00e0 l&#039;aspect \u00e9pur\u00e9, avec une porte en verre et une capacit\u00e9 de 1550 litres. Il est disponible en noir et est \u00e9quip\u00e9 d&#039;une lampe vertical interne \u00e0 LED avec interrupteur ind\u00e9pendant. Il est \u00e9quip\u00e9 d&#039;une porte vitr\u00e9e avec double verre tremp\u00e9 de s\u00e9curit\u00e9, d&#039;un syst\u00e8me de refroidissement ventil\u00e9, de 18 clayettes r\u00e9glables, d&#039;une serrure, d&#039;une porte \u00e0 fermeture automatique, de 6 roulettes pour un positionnement facile et d&#039;un affichage digital du thermostat. Le mod\u00e8le RCG 1900B a \u00e9t\u00e9 con\u00e7u pour \u00eatre utilis\u00e9 de multiples fa\u00e7ons, en garantissant toujours un stockage correct des boissons et une pr\u00e9sentation et une appr\u00e9ciation ad\u00e9quates des produits \u00e0 l&#039;int\u00e9rieur.\" \/>\n<meta property=\"og:url\" content=\"https:\/\/www.coolheadeurope.com\/prodotto\/drinks\/vetrine-bibite\/rcg-1900b\/\" \/>\n<meta property=\"og:site_name\" content=\"Cool Head Europe\" \/>\n<meta property=\"article:modified_time\" content=\"2026-02-08T06:16:10+00:00\" \/>\n<meta property=\"og:image\" content=\"https:\/\/www.coolheadeurope.com\/wp-content\/uploads\/2026\/04\/RCG-1900B-CORPO_CH_LOW.png\" \/>\n\t<meta property=\"og:image:width\" content=\"567\" \/>\n\t<meta property=\"og:image:height\" content=\"567\" \/>\n\t<meta property=\"og:image:type\" content=\"image\/png\" \/>\n<meta name=\"twitter:card\" content=\"summary_large_image\" \/>\n<!-- \/ Yoast SEO plugin. -->","yoast_head_json":{"title":"RCG 1900B - Cool Head Europe","robots":{"index":"index","follow":"follow","max-snippet":"max-snippet:-1","max-image-preview":"max-image-preview:large","max-video-preview":"max-video-preview:-1"},"canonical":"https:\/\/www.coolheadeurope.com\/prodotto\/drinks\/vetrine-bibite\/rcg-1900b\/","og_locale":"fr_FR","og_type":"article","og_title":"RCG 1900B - Cool Head Europe","og_description":"R\u00e9frig\u00e9rateur vertical \u00e0 l'aspect \u00e9pur\u00e9, avec une porte en verre et une capacit\u00e9 de 1550 litres. Il est disponible en noir et est \u00e9quip\u00e9 d'une lampe vertical interne \u00e0 LED avec interrupteur ind\u00e9pendant. Il est \u00e9quip\u00e9 d'une porte vitr\u00e9e avec double verre tremp\u00e9 de s\u00e9curit\u00e9, d'un syst\u00e8me de refroidissement ventil\u00e9, de 18 clayettes r\u00e9glables, d'une serrure, d'une porte \u00e0 fermeture automatique, de 6 roulettes pour un positionnement facile et d'un affichage digital du thermostat. Le mod\u00e8le RCG 1900B a \u00e9t\u00e9 con\u00e7u pour \u00eatre utilis\u00e9 de multiples fa\u00e7ons, en garantissant toujours un stockage correct des boissons et une pr\u00e9sentation et une appr\u00e9ciation ad\u00e9quates des produits \u00e0 l'int\u00e9rieur.","og_url":"https:\/\/www.coolheadeurope.com\/prodotto\/drinks\/vetrine-bibite\/rcg-1900b\/","og_site_name":"Cool Head Europe","article_modified_time":"2026-02-08T06:16:10+00:00","og_image":[{"width":567,"height":567,"url":"https:\/\/www.coolheadeurope.com\/wp-content\/uploads\/2026\/04\/RCG-1900B-CORPO_CH_LOW.png","type":"image\/png"}],"twitter_card":"summary_large_image","schema":{"@context":"https:\/\/schema.org","@graph":[{"@type":"WebPage","@id":"https:\/\/www.coolheadeurope.com\/prodotto\/drinks\/vetrine-bibite\/rcg-1900b\/","url":"https:\/\/www.coolheadeurope.com\/prodotto\/drinks\/vetrine-bibite\/rcg-1900b\/","name":"RCG 1900B - Cool Head Europe","isPartOf":{"@id":"https:\/\/www.coolheadeurope.com\/#website"},"primaryImageOfPage":{"@id":"https:\/\/www.coolheadeurope.com\/prodotto\/drinks\/vetrine-bibite\/rcg-1900b\/#primaryimage"},"image":{"@id":"https:\/\/www.coolheadeurope.com\/prodotto\/drinks\/vetrine-bibite\/rcg-1900b\/#primaryimage"},"thumbnailUrl":"https:\/\/www.coolheadeurope.com\/wp-content\/uploads\/2026\/04\/RCG-1900B-CORPO_CH_LOW.png","datePublished":"2024-10-09T23:03:15+00:00","dateModified":"2026-02-08T06:16:10+00:00","breadcrumb":{"@id":"https:\/\/www.coolheadeurope.com\/prodotto\/drinks\/vetrine-bibite\/rcg-1900b\/#breadcrumb"},"inLanguage":"fr-FR","potentialAction":[{"@type":"ReadAction","target":["https:\/\/www.coolheadeurope.com\/prodotto\/drinks\/vetrine-bibite\/rcg-1900b\/"]}]},{"@type":"ImageObject","inLanguage":"fr-FR","@id":"https:\/\/www.coolheadeurope.com\/prodotto\/drinks\/vetrine-bibite\/rcg-1900b\/#primaryimage","url":"https:\/\/www.coolheadeurope.com\/wp-content\/uploads\/2026\/04\/RCG-1900B-CORPO_CH_LOW.png","contentUrl":"https:\/\/www.coolheadeurope.com\/wp-content\/uploads\/2026\/04\/RCG-1900B-CORPO_CH_LOW.png","width":567,"height":567,"caption":"Immagine di RCG 1900B"},{"@type":"BreadcrumbList","@id":"https:\/\/www.coolheadeurope.com\/prodotto\/drinks\/vetrine-bibite\/rcg-1900b\/#breadcrumb","itemListElement":[{"@type":"ListItem","position":1,"name":"Home","item":"https:\/\/www.coolheadeurope.com\/fr\/"},{"@type":"ListItem","position":2,"name":"Rechercher","item":"https:\/\/www.coolheadeurope.com\/cerca\/"},{"@type":"ListItem","position":3,"name":"RCG 1900B"}]},{"@type":"WebSite","@id":"https:\/\/www.coolheadeurope.com\/#website","url":"https:\/\/www.coolheadeurope.com\/","name":"Cool Head Europe","description":"We make the world a cooler place","potentialAction":[{"@type":"SearchAction","target":{"@type":"EntryPoint","urlTemplate":"https:\/\/www.coolheadeurope.com\/?s={search_term_string}"},"query-input":{"@type":"PropertyValueSpecification","valueRequired":true,"valueName":"search_term_string"}}],"inLanguage":"fr-FR"}]}},"_links":{"self":[{"href":"https:\/\/www.coolheadeurope.com\/fr\/wp-json\/wp\/v2\/product\/2958379","targetHints":{"allow":["GET"]}}],"collection":[{"href":"https:\/\/www.coolheadeurope.com\/fr\/wp-json\/wp\/v2\/product"}],"about":[{"href":"https:\/\/www.coolheadeurope.com\/fr\/wp-json\/wp\/v2\/types\/product"}],"wp:featuredmedia":[{"embeddable":true,"href":"https:\/\/www.coolheadeurope.com\/fr\/wp-json\/wp\/v2\/media\/3881252"}],"wp:attachment":[{"href":"https:\/\/www.coolheadeurope.com\/fr\/wp-json\/wp\/v2\/media?parent=2958379"}],"wp:term":[{"taxonomy":"product_brand","embeddable":true,"href":"https:\/\/www.coolheadeurope.com\/fr\/wp-json\/wp\/v2\/product_brand?post=2958379"},{"taxonomy":"product_cat","embeddable":true,"href":"https:\/\/www.coolheadeurope.com\/fr\/wp-json\/wp\/v2\/product_cat?post=2958379"},{"taxonomy":"product_tag","embeddable":true,"href":"https:\/\/www.coolheadeurope.com\/fr\/wp-json\/wp\/v2\/product_tag?post=2958379"}],"curies":[{"name":"wp","href":"https:\/\/api.w.org\/{rel}","templated":true}]}}