{"id":2958385,"date":"2024-10-09T23:13:50","date_gmt":"2024-10-09T23:13:50","guid":{"rendered":"https:\/\/www.coolheadeurope.com\/prodotto\/non%20class\u00e9\/tkg-390cb\/"},"modified":"2026-02-08T06:16:16","modified_gmt":"2026-02-08T06:16:16","slug":"tkg-390cb","status":"publish","type":"product","link":"https:\/\/www.coolheadeurope.com\/fr\/prodotto\/drinks-fr\/vitrines-de-boissons-fr\/tkg-390cb\/","title":{"rendered":"TKG 390CB"},"content":{"rendered":"<p>R\u00e9frig\u00e9rateur vertical pour boissons 350 L avec panneau publicitaire<br \/>\nFace externe en plaque laqu\u00e9e noire, face interne thermoform\u00e9e noire<br \/>\n\u00c9vaporateur \u00e0 tubulure int\u00e9gr\u00e9e avec un syst\u00e8me de refroidissement assist\u00e9 par ventilateur<br \/>\nD\u00e9givrage manuel<br \/>\nAgent moussant : Cyclopentane (50 mm par c\u00f4t\u00e9 &#8211; Sans CFC)<br \/>\nThermostat m\u00e9canique<br \/>\n\u00c9cran du thermom\u00e8tre num\u00e9rique<br \/>\nJoint d&rsquo;\u00e9tanch\u00e9it\u00e9 amovible<br \/>\nClayettes r\u00e9glables: 5 pi\u00e8ces<br \/>\nPorte \u00e0 fermeture automatique<br \/>\nVerre de s\u00e9curit\u00e9 tremp\u00e9 \u00e0 double \u00e9paisseur<br \/>\nSerrure mont\u00e9e de s\u00e9rie et poign\u00e9e externe carr\u00e9e en aluminium<br \/>\nLampe LED interne verticale (avec commutateur ind\u00e9pendant)<br \/>\nPieds r\u00e9glables N\u00b0 2 + Roulettes N\u00b0 2 \u00e0 l\u2019arri\u00e8re<br \/>\nClasse \u00e9nerg\u00e9tique: D<\/p>\n","protected":false},"excerpt":{"rendered":"<p>Le mod\u00e8le TKG 390CB est con\u00e7u pour \u00eatre un r\u00e9frig\u00e9rateur de boissons fiable et polyvalente, id\u00e9ale pour exposer et maintenir \u00e0 la bonne temp\u00e9rature tous les types de bouteilles et de canettes.<br \/>\nD&rsquo;une capacit\u00e9 de 350 litres, de couleur noire et dot\u00e9 d&rsquo;une poign\u00e9e ext\u00e9rieure rectangulaire en aluminium, ce produit est \u00e9quip\u00e9 d&rsquo;une lampe verticale interne, d&rsquo;une serrure, d&rsquo;un thermom\u00e8tre num\u00e9rique, de 5 \u00e9tag\u00e8res r\u00e9glables, d&rsquo;une porte \u00e0 fermeture automatique et d&rsquo;un double verre tremp\u00e9 de s\u00e9curit\u00e9.<br \/>\nCe mod\u00e8le peut \u00e9galement \u00eatre personnalis\u00e9 avec des visuels promotionnels sur le corps et sur le panneau publicitaire lumineux.<\/p>\n","protected":false},"featured_media":3881260,"template":"","meta":[],"product_brand":[],"product_cat":[7412,7417],"product_tag":[],"class_list":{"0":"post-2958385","1":"product","2":"type-product","3":"status-publish","4":"has-post-thumbnail","6":"product_cat-drinks-fr","7":"product_cat-vitrines-de-boissons-fr","8":"pa_capacite-commerciale-350-l","9":"pa_consommation-denergie-2-25-kw-24h","10":"pa_hauteur-exterieure-1960-mm","11":"pa_hauteur-interieure-1580-mm","12":"pa_largeur-exterieure-595-mm","13":"pa_largeur-interne-555-mm","14":"pa_niveau-sonore-47-3-dba","15":"pa_poids-brut-85-kg","16":"pa_poids-net-78-kg","17":"pa_profondeur-externe-670-mm","18":"pa_profondeur-interne-410-mm","19":"pa_puissance-325-w","21":"first","22":"instock","23":"product-type-simple"},"acf":[],"yoast_head":"<!-- This site is optimized with the Yoast SEO plugin v27.2 - https:\/\/yoast.com\/product\/yoast-seo-wordpress\/ -->\n<title>TKG 390CB - Cool Head Europe<\/title>\n<meta name=\"robots\" content=\"index, follow, max-snippet:-1, max-image-preview:large, max-video-preview:-1\" \/>\n<link rel=\"canonical\" href=\"https:\/\/www.coolheadeurope.com\/prodotto\/drinks\/vetrine-bibite\/tkg-390cb\/\" \/>\n<meta property=\"og:locale\" content=\"fr_FR\" \/>\n<meta property=\"og:type\" content=\"article\" \/>\n<meta property=\"og:title\" content=\"TKG 390CB - Cool Head Europe\" \/>\n<meta property=\"og:description\" content=\"Le mod\u00e8le TKG 390CB est con\u00e7u pour \u00eatre un r\u00e9frig\u00e9rateur de boissons fiable et polyvalente, id\u00e9ale pour exposer et maintenir \u00e0 la bonne temp\u00e9rature tous les types de bouteilles et de canettes. D&#039;une capacit\u00e9 de 350 litres, de couleur noire et dot\u00e9 d&#039;une poign\u00e9e ext\u00e9rieure rectangulaire en aluminium, ce produit est \u00e9quip\u00e9 d&#039;une lampe verticale interne, d&#039;une serrure, d&#039;un thermom\u00e8tre num\u00e9rique, de 5 \u00e9tag\u00e8res r\u00e9glables, d&#039;une porte \u00e0 fermeture automatique et d&#039;un double verre tremp\u00e9 de s\u00e9curit\u00e9. Ce mod\u00e8le peut \u00e9galement \u00eatre personnalis\u00e9 avec des visuels promotionnels sur le corps et sur le panneau publicitaire lumineux.\" \/>\n<meta property=\"og:url\" content=\"https:\/\/www.coolheadeurope.com\/prodotto\/drinks\/vetrine-bibite\/tkg-390cb\/\" \/>\n<meta property=\"og:site_name\" content=\"Cool Head Europe\" \/>\n<meta property=\"article:modified_time\" content=\"2026-02-08T06:16:16+00:00\" \/>\n<meta property=\"og:image\" content=\"https:\/\/www.coolheadeurope.com\/wp-content\/uploads\/2026\/04\/TKG-390CB-CORPO_CH_LOW.png\" \/>\n\t<meta property=\"og:image:width\" content=\"262\" \/>\n\t<meta property=\"og:image:height\" content=\"567\" \/>\n\t<meta property=\"og:image:type\" content=\"image\/png\" \/>\n<meta name=\"twitter:card\" content=\"summary_large_image\" \/>\n<meta name=\"twitter:label1\" content=\"Dur\u00e9e de lecture estim\u00e9e\" \/>\n\t<meta name=\"twitter:data1\" content=\"1 minute\" \/>\n<!-- \/ Yoast SEO plugin. -->","yoast_head_json":{"title":"TKG 390CB - Cool Head Europe","robots":{"index":"index","follow":"follow","max-snippet":"max-snippet:-1","max-image-preview":"max-image-preview:large","max-video-preview":"max-video-preview:-1"},"canonical":"https:\/\/www.coolheadeurope.com\/prodotto\/drinks\/vetrine-bibite\/tkg-390cb\/","og_locale":"fr_FR","og_type":"article","og_title":"TKG 390CB - Cool Head Europe","og_description":"Le mod\u00e8le TKG 390CB est con\u00e7u pour \u00eatre un r\u00e9frig\u00e9rateur de boissons fiable et polyvalente, id\u00e9ale pour exposer et maintenir \u00e0 la bonne temp\u00e9rature tous les types de bouteilles et de canettes. D'une capacit\u00e9 de 350 litres, de couleur noire et dot\u00e9 d'une poign\u00e9e ext\u00e9rieure rectangulaire en aluminium, ce produit est \u00e9quip\u00e9 d'une lampe verticale interne, d'une serrure, d'un thermom\u00e8tre num\u00e9rique, de 5 \u00e9tag\u00e8res r\u00e9glables, d'une porte \u00e0 fermeture automatique et d'un double verre tremp\u00e9 de s\u00e9curit\u00e9. Ce mod\u00e8le peut \u00e9galement \u00eatre personnalis\u00e9 avec des visuels promotionnels sur le corps et sur le panneau publicitaire lumineux.","og_url":"https:\/\/www.coolheadeurope.com\/prodotto\/drinks\/vetrine-bibite\/tkg-390cb\/","og_site_name":"Cool Head Europe","article_modified_time":"2026-02-08T06:16:16+00:00","og_image":[{"width":262,"height":567,"url":"https:\/\/www.coolheadeurope.com\/wp-content\/uploads\/2026\/04\/TKG-390CB-CORPO_CH_LOW.png","type":"image\/png"}],"twitter_card":"summary_large_image","twitter_misc":{"Dur\u00e9e de lecture estim\u00e9e":"1 minute"},"schema":{"@context":"https:\/\/schema.org","@graph":[{"@type":"WebPage","@id":"https:\/\/www.coolheadeurope.com\/prodotto\/drinks\/vetrine-bibite\/tkg-390cb\/","url":"https:\/\/www.coolheadeurope.com\/prodotto\/drinks\/vetrine-bibite\/tkg-390cb\/","name":"TKG 390CB - Cool Head Europe","isPartOf":{"@id":"https:\/\/www.coolheadeurope.com\/#website"},"primaryImageOfPage":{"@id":"https:\/\/www.coolheadeurope.com\/prodotto\/drinks\/vetrine-bibite\/tkg-390cb\/#primaryimage"},"image":{"@id":"https:\/\/www.coolheadeurope.com\/prodotto\/drinks\/vetrine-bibite\/tkg-390cb\/#primaryimage"},"thumbnailUrl":"https:\/\/www.coolheadeurope.com\/wp-content\/uploads\/2026\/04\/TKG-390CB-CORPO_CH_LOW.png","datePublished":"2024-10-09T23:13:50+00:00","dateModified":"2026-02-08T06:16:16+00:00","breadcrumb":{"@id":"https:\/\/www.coolheadeurope.com\/prodotto\/drinks\/vetrine-bibite\/tkg-390cb\/#breadcrumb"},"inLanguage":"fr-FR","potentialAction":[{"@type":"ReadAction","target":["https:\/\/www.coolheadeurope.com\/prodotto\/drinks\/vetrine-bibite\/tkg-390cb\/"]}]},{"@type":"ImageObject","inLanguage":"fr-FR","@id":"https:\/\/www.coolheadeurope.com\/prodotto\/drinks\/vetrine-bibite\/tkg-390cb\/#primaryimage","url":"https:\/\/www.coolheadeurope.com\/wp-content\/uploads\/2026\/04\/TKG-390CB-CORPO_CH_LOW.png","contentUrl":"https:\/\/www.coolheadeurope.com\/wp-content\/uploads\/2026\/04\/TKG-390CB-CORPO_CH_LOW.png","width":262,"height":567,"caption":"Immagine di TKG 390CB"},{"@type":"BreadcrumbList","@id":"https:\/\/www.coolheadeurope.com\/prodotto\/drinks\/vetrine-bibite\/tkg-390cb\/#breadcrumb","itemListElement":[{"@type":"ListItem","position":1,"name":"Home","item":"https:\/\/www.coolheadeurope.com\/fr\/"},{"@type":"ListItem","position":2,"name":"Rechercher","item":"https:\/\/www.coolheadeurope.com\/cerca\/"},{"@type":"ListItem","position":3,"name":"TKG 390CB"}]},{"@type":"WebSite","@id":"https:\/\/www.coolheadeurope.com\/#website","url":"https:\/\/www.coolheadeurope.com\/","name":"Cool Head Europe","description":"We make the world a cooler place","potentialAction":[{"@type":"SearchAction","target":{"@type":"EntryPoint","urlTemplate":"https:\/\/www.coolheadeurope.com\/?s={search_term_string}"},"query-input":{"@type":"PropertyValueSpecification","valueRequired":true,"valueName":"search_term_string"}}],"inLanguage":"fr-FR"}]}},"_links":{"self":[{"href":"https:\/\/www.coolheadeurope.com\/fr\/wp-json\/wp\/v2\/product\/2958385","targetHints":{"allow":["GET"]}}],"collection":[{"href":"https:\/\/www.coolheadeurope.com\/fr\/wp-json\/wp\/v2\/product"}],"about":[{"href":"https:\/\/www.coolheadeurope.com\/fr\/wp-json\/wp\/v2\/types\/product"}],"wp:featuredmedia":[{"embeddable":true,"href":"https:\/\/www.coolheadeurope.com\/fr\/wp-json\/wp\/v2\/media\/3881260"}],"wp:attachment":[{"href":"https:\/\/www.coolheadeurope.com\/fr\/wp-json\/wp\/v2\/media?parent=2958385"}],"wp:term":[{"taxonomy":"product_brand","embeddable":true,"href":"https:\/\/www.coolheadeurope.com\/fr\/wp-json\/wp\/v2\/product_brand?post=2958385"},{"taxonomy":"product_cat","embeddable":true,"href":"https:\/\/www.coolheadeurope.com\/fr\/wp-json\/wp\/v2\/product_cat?post=2958385"},{"taxonomy":"product_tag","embeddable":true,"href":"https:\/\/www.coolheadeurope.com\/fr\/wp-json\/wp\/v2\/product_tag?post=2958385"}],"curies":[{"name":"wp","href":"https:\/\/api.w.org\/{rel}","templated":true}]}}