{"id":2958401,"date":"2024-10-09T23:41:38","date_gmt":"2024-10-09T23:41:38","guid":{"rendered":"https:\/\/www.coolheadeurope.com\/prodotto\/non%20class\u00e9\/hp-80\/"},"modified":"2026-02-08T06:36:51","modified_gmt":"2026-02-08T06:36:51","slug":"hp-80","status":"publish","type":"product","link":"https:\/\/www.coolheadeurope.com\/fr\/prodotto\/drinks-fr\/refrigerateurs-coffre\/hp-80\/","title":{"rendered":"HP 80"},"content":{"rendered":"<p>R\u00e9frig\u00e9rateur coffre 80 L avec couvercle sup\u00e9rieur vitr\u00e9<br \/>\nFace externe en plaque laqu\u00e9e noire, face interne en plaque laqu\u00e9e grise<br \/>\nRefroidissement statique avec un syst\u00e8me de refroidissement assist\u00e9 par ventilateur<br \/>\nD\u00e9givrage manuel<br \/>\nDrainage de l&rsquo;eau produite lors du d\u00e9givrage<br \/>\nAgent moussant : Cyclopentane (60 mm par c\u00f4t\u00e9)<br \/>\nPoign\u00e9e fix\u00e9e le long du profil\u00e9 de porte<br \/>\nSeul verre de s\u00e9curit\u00e9 tremp\u00e9<br \/>\nPanier compris (Pi\u00e8ces N\u00b0 1)<br \/>\nPanier capacit\u00e9: 66 bidons<br \/>\nRoulette N\u00b0 4 (N\u00b0 1 \u00e0 l\u2019avant avec frein)<br \/>\nClasse \u00e9nerg\u00e9tique: B<\/p>\n","protected":false},"excerpt":{"rendered":"<p>Pratique, fiable et durable, ce r\u00e9frig\u00e9rateur coffre de forme cylindrique avec dessus en verre est sp\u00e9cialement con\u00e7u pour pr\u00e9senter et stocker des bo\u00eetes de conserve.<br \/>\nDot\u00e9 d&rsquo;un syst\u00e8me de refroidissement statique, de poign\u00e9es int\u00e9gr\u00e9es sur le dessus et d&rsquo;un panier int\u00e9rieur, le mod\u00e8le HP 80 est \u00e9galement facile \u00e0 d\u00e9placer gr\u00e2ce \u00e0 ses 3 roulettes pivotantes.<\/p>\n","protected":false},"featured_media":3881312,"template":"","meta":[],"product_brand":[],"product_cat":[7412,7413],"product_tag":[],"class_list":{"0":"post-2958401","1":"product","2":"type-product","3":"status-publish","4":"has-post-thumbnail","6":"product_cat-drinks-fr","7":"product_cat-refrigerateurs-coffre","8":"pa_capacite-commerciale-77-l","9":"pa_consommation-denergie-0-67-kw-24h","10":"pa_hauteur-exterieure-849-mm","11":"pa_hauteur-interieure-490-mm","12":"pa_largeur-exterieure-569-mm","13":"pa_largeur-interne-458-mm","14":"pa_niveau-sonore-36-dba","15":"pa_poids-brut-34-kg","16":"pa_poids-net-29-kg","17":"pa_profondeur-externe-569-mm","18":"pa_profondeur-interne-458-mm","19":"pa_puissance-85-w","21":"first","22":"instock","23":"product-type-simple"},"acf":[],"yoast_head":"<!-- This site is optimized with the Yoast SEO plugin v27.2 - https:\/\/yoast.com\/product\/yoast-seo-wordpress\/ -->\n<title>HP 80 - Cool Head Europe<\/title>\n<meta name=\"robots\" content=\"index, follow, max-snippet:-1, max-image-preview:large, max-video-preview:-1\" \/>\n<link rel=\"canonical\" href=\"https:\/\/www.coolheadeurope.com\/prodotto\/drinks\/frigoriferi-a-pozzetto-drink\/hp-80\/\" \/>\n<meta property=\"og:locale\" content=\"fr_FR\" \/>\n<meta property=\"og:type\" content=\"article\" \/>\n<meta property=\"og:title\" content=\"HP 80 - Cool Head Europe\" \/>\n<meta property=\"og:description\" content=\"Pratique, fiable et durable, ce r\u00e9frig\u00e9rateur coffre de forme cylindrique avec dessus en verre est sp\u00e9cialement con\u00e7u pour pr\u00e9senter et stocker des bo\u00eetes de conserve. Dot\u00e9 d&#039;un syst\u00e8me de refroidissement statique, de poign\u00e9es int\u00e9gr\u00e9es sur le dessus et d&#039;un panier int\u00e9rieur, le mod\u00e8le HP 80 est \u00e9galement facile \u00e0 d\u00e9placer gr\u00e2ce \u00e0 ses 3 roulettes pivotantes.\" \/>\n<meta property=\"og:url\" content=\"https:\/\/www.coolheadeurope.com\/prodotto\/drinks\/frigoriferi-a-pozzetto-drink\/hp-80\/\" \/>\n<meta property=\"og:site_name\" content=\"Cool Head Europe\" \/>\n<meta property=\"article:modified_time\" content=\"2026-02-08T06:36:51+00:00\" \/>\n<meta property=\"og:image\" content=\"https:\/\/www.coolheadeurope.com\/wp-content\/uploads\/2026\/04\/HP-80-CORPO_CH_LOW.png\" \/>\n\t<meta property=\"og:image:width\" content=\"367\" \/>\n\t<meta property=\"og:image:height\" content=\"590\" \/>\n\t<meta property=\"og:image:type\" content=\"image\/png\" \/>\n<meta name=\"twitter:card\" content=\"summary_large_image\" \/>\n<!-- \/ Yoast SEO plugin. -->","yoast_head_json":{"title":"HP 80 - Cool Head Europe","robots":{"index":"index","follow":"follow","max-snippet":"max-snippet:-1","max-image-preview":"max-image-preview:large","max-video-preview":"max-video-preview:-1"},"canonical":"https:\/\/www.coolheadeurope.com\/prodotto\/drinks\/frigoriferi-a-pozzetto-drink\/hp-80\/","og_locale":"fr_FR","og_type":"article","og_title":"HP 80 - Cool Head Europe","og_description":"Pratique, fiable et durable, ce r\u00e9frig\u00e9rateur coffre de forme cylindrique avec dessus en verre est sp\u00e9cialement con\u00e7u pour pr\u00e9senter et stocker des bo\u00eetes de conserve. Dot\u00e9 d'un syst\u00e8me de refroidissement statique, de poign\u00e9es int\u00e9gr\u00e9es sur le dessus et d'un panier int\u00e9rieur, le mod\u00e8le HP 80 est \u00e9galement facile \u00e0 d\u00e9placer gr\u00e2ce \u00e0 ses 3 roulettes pivotantes.","og_url":"https:\/\/www.coolheadeurope.com\/prodotto\/drinks\/frigoriferi-a-pozzetto-drink\/hp-80\/","og_site_name":"Cool Head Europe","article_modified_time":"2026-02-08T06:36:51+00:00","og_image":[{"width":367,"height":590,"url":"https:\/\/www.coolheadeurope.com\/wp-content\/uploads\/2026\/04\/HP-80-CORPO_CH_LOW.png","type":"image\/png"}],"twitter_card":"summary_large_image","schema":{"@context":"https:\/\/schema.org","@graph":[{"@type":"WebPage","@id":"https:\/\/www.coolheadeurope.com\/prodotto\/drinks\/frigoriferi-a-pozzetto-drink\/hp-80\/","url":"https:\/\/www.coolheadeurope.com\/prodotto\/drinks\/frigoriferi-a-pozzetto-drink\/hp-80\/","name":"HP 80 - Cool Head Europe","isPartOf":{"@id":"https:\/\/www.coolheadeurope.com\/#website"},"primaryImageOfPage":{"@id":"https:\/\/www.coolheadeurope.com\/prodotto\/drinks\/frigoriferi-a-pozzetto-drink\/hp-80\/#primaryimage"},"image":{"@id":"https:\/\/www.coolheadeurope.com\/prodotto\/drinks\/frigoriferi-a-pozzetto-drink\/hp-80\/#primaryimage"},"thumbnailUrl":"https:\/\/www.coolheadeurope.com\/wp-content\/uploads\/2026\/04\/HP-80-CORPO_CH_LOW.png","datePublished":"2024-10-09T23:41:38+00:00","dateModified":"2026-02-08T06:36:51+00:00","breadcrumb":{"@id":"https:\/\/www.coolheadeurope.com\/prodotto\/drinks\/frigoriferi-a-pozzetto-drink\/hp-80\/#breadcrumb"},"inLanguage":"fr-FR","potentialAction":[{"@type":"ReadAction","target":["https:\/\/www.coolheadeurope.com\/prodotto\/drinks\/frigoriferi-a-pozzetto-drink\/hp-80\/"]}]},{"@type":"ImageObject","inLanguage":"fr-FR","@id":"https:\/\/www.coolheadeurope.com\/prodotto\/drinks\/frigoriferi-a-pozzetto-drink\/hp-80\/#primaryimage","url":"https:\/\/www.coolheadeurope.com\/wp-content\/uploads\/2026\/04\/HP-80-CORPO_CH_LOW.png","contentUrl":"https:\/\/www.coolheadeurope.com\/wp-content\/uploads\/2026\/04\/HP-80-CORPO_CH_LOW.png","width":367,"height":590,"caption":"Immagine di HP 80"},{"@type":"BreadcrumbList","@id":"https:\/\/www.coolheadeurope.com\/prodotto\/drinks\/frigoriferi-a-pozzetto-drink\/hp-80\/#breadcrumb","itemListElement":[{"@type":"ListItem","position":1,"name":"Home","item":"https:\/\/www.coolheadeurope.com\/fr\/"},{"@type":"ListItem","position":2,"name":"Rechercher","item":"https:\/\/www.coolheadeurope.com\/cerca\/"},{"@type":"ListItem","position":3,"name":"HP 80"}]},{"@type":"WebSite","@id":"https:\/\/www.coolheadeurope.com\/#website","url":"https:\/\/www.coolheadeurope.com\/","name":"Cool Head Europe","description":"We make the world a cooler place","potentialAction":[{"@type":"SearchAction","target":{"@type":"EntryPoint","urlTemplate":"https:\/\/www.coolheadeurope.com\/?s={search_term_string}"},"query-input":{"@type":"PropertyValueSpecification","valueRequired":true,"valueName":"search_term_string"}}],"inLanguage":"fr-FR"}]}},"_links":{"self":[{"href":"https:\/\/www.coolheadeurope.com\/fr\/wp-json\/wp\/v2\/product\/2958401","targetHints":{"allow":["GET"]}}],"collection":[{"href":"https:\/\/www.coolheadeurope.com\/fr\/wp-json\/wp\/v2\/product"}],"about":[{"href":"https:\/\/www.coolheadeurope.com\/fr\/wp-json\/wp\/v2\/types\/product"}],"wp:featuredmedia":[{"embeddable":true,"href":"https:\/\/www.coolheadeurope.com\/fr\/wp-json\/wp\/v2\/media\/3881312"}],"wp:attachment":[{"href":"https:\/\/www.coolheadeurope.com\/fr\/wp-json\/wp\/v2\/media?parent=2958401"}],"wp:term":[{"taxonomy":"product_brand","embeddable":true,"href":"https:\/\/www.coolheadeurope.com\/fr\/wp-json\/wp\/v2\/product_brand?post=2958401"},{"taxonomy":"product_cat","embeddable":true,"href":"https:\/\/www.coolheadeurope.com\/fr\/wp-json\/wp\/v2\/product_cat?post=2958401"},{"taxonomy":"product_tag","embeddable":true,"href":"https:\/\/www.coolheadeurope.com\/fr\/wp-json\/wp\/v2\/product_tag?post=2958401"}],"curies":[{"name":"wp","href":"https:\/\/api.w.org\/{rel}","templated":true}]}}