{"id":2958404,"date":"2024-10-09T23:46:52","date_gmt":"2024-10-09T23:46:52","guid":{"rendered":"https:\/\/www.coolheadeurope.com\/prodotto\/non%20class\u00e9\/bbc-186\/"},"modified":"2026-02-08T06:36:54","modified_gmt":"2026-02-08T06:36:54","slug":"bbc-186","status":"publish","type":"product","link":"https:\/\/www.coolheadeurope.com\/fr\/prodotto\/drinks-fr\/arrieres-de-bar\/bbc-186\/","title":{"rendered":"BBC 186"},"content":{"rendered":"<p>Arri\u00e8re de bar portes \u00e0 charni\u00e8res N\u00b0 1 (Hauteur 860mm)<br \/>\nAluminium pour la face interne et acier laqu\u00e9 en noir pour la face externe<br \/>\nFinition de l\u2019article: mate et hauteur totale 860 mm<br \/>\nRefroidissement ventil\u00e9<br \/>\nCycle de d\u00e9givrage automatique par arr\u00eat du compresseur<br \/>\nAgent moussant : Cyclopentane (45 mm par c\u00f4t\u00e9)<br \/>\nThermostat num\u00e9rique<br \/>\nPorte \u00e0 fermeture automatique<br \/>\nJoint d&rsquo;\u00e9tanch\u00e9it\u00e9 amovible<br \/>\nClayettes r\u00e9glables : 2 pi\u00e8ces<br \/>\nVerre de s\u00e9curit\u00e9 tremp\u00e9<br \/>\nSerrure mont\u00e9e de s\u00e9rie<br \/>\nLampe LED interne horizontale<br \/>\nPieds r\u00e9glables N\u00b0 4<br \/>\nClasse \u00e9nerg\u00e9tique: A<\/p>\n","protected":false},"excerpt":{"rendered":"<p>Le BBC 186 est con\u00e7u pour \u00eatre un arri\u00e8res de bar fiable et polyvalent, parfait pour conserver et exposer toutes sortes de bouteilles et de canettes \u00e0 la bonne temp\u00e9rature.<br \/>\nD&rsquo;une capacit\u00e9 de 124 litres et d&rsquo;une hauteur de 860 mm, avec un ext\u00e9rieur en acier peint en noir et un int\u00e9rieur en aluminium, ce produit avec 1 porte battante en verre est \u00e9quip\u00e9 de 2 \u00e9tag\u00e8res chrom\u00e9es r\u00e9glables, d&rsquo;une porte \u00e0 fermeture automatique, d&rsquo;une serrure, d&rsquo;une lampe interne LED, d&rsquo;un thermostat num\u00e9rique et d&rsquo;un verre tremp\u00e9 de s\u00e9curit\u00e9.<\/p>\n","protected":false},"featured_media":3881319,"template":"","meta":[],"product_brand":[],"product_cat":[7412,7418],"product_tag":[],"class_list":{"0":"post-2958404","1":"product","2":"type-product","3":"status-publish","4":"has-post-thumbnail","6":"product_cat-drinks-fr","7":"product_cat-arrieres-de-bar","8":"pa_capacite-commerciale-128-l","9":"pa_consommation-denergie-1-25-kw-24h","10":"pa_hauteur-exterieure-860-mm","11":"pa_hauteur-interieure-685-mm","12":"pa_largeur-exterieure-600-mm","13":"pa_largeur-interne-510-mm","14":"pa_niveau-sonore-45-dba","15":"pa_poids-brut-46-kg","16":"pa_poids-net-44-kg","17":"pa_profondeur-externe-500-mm","18":"pa_profondeur-interne-355-mm","19":"pa_puissance-135-w","21":"first","22":"instock","23":"product-type-simple"},"acf":[],"yoast_head":"<!-- This site is optimized with the Yoast SEO plugin v27.2 - https:\/\/yoast.com\/product\/yoast-seo-wordpress\/ -->\n<title>BBC 186 - Cool Head Europe<\/title>\n<meta name=\"robots\" content=\"index, follow, max-snippet:-1, max-image-preview:large, max-video-preview:-1\" \/>\n<link rel=\"canonical\" href=\"https:\/\/www.coolheadeurope.com\/fr\/prodotto\/drinks-fr\/arrieres-de-bar\/bbc-186\/\" \/>\n<meta property=\"og:locale\" content=\"fr_FR\" \/>\n<meta property=\"og:type\" content=\"article\" \/>\n<meta property=\"og:title\" content=\"BBC 186 - Cool Head Europe\" \/>\n<meta property=\"og:description\" content=\"Le BBC 186 est con\u00e7u pour \u00eatre un arri\u00e8res de bar fiable et polyvalent, parfait pour conserver et exposer toutes sortes de bouteilles et de canettes \u00e0 la bonne temp\u00e9rature. D&#039;une capacit\u00e9 de 124 litres et d&#039;une hauteur de 860 mm, avec un ext\u00e9rieur en acier peint en noir et un int\u00e9rieur en aluminium, ce produit avec 1 porte battante en verre est \u00e9quip\u00e9 de 2 \u00e9tag\u00e8res chrom\u00e9es r\u00e9glables, d&#039;une porte \u00e0 fermeture automatique, d&#039;une serrure, d&#039;une lampe interne LED, d&#039;un thermostat num\u00e9rique et d&#039;un verre tremp\u00e9 de s\u00e9curit\u00e9.\" \/>\n<meta property=\"og:url\" content=\"https:\/\/www.coolheadeurope.com\/fr\/prodotto\/drinks-fr\/arrieres-de-bar\/bbc-186\/\" \/>\n<meta property=\"og:site_name\" content=\"Cool Head Europe\" \/>\n<meta property=\"article:modified_time\" content=\"2026-02-08T06:36:54+00:00\" \/>\n<meta property=\"og:image\" content=\"https:\/\/www.coolheadeurope.com\/wp-content\/uploads\/2026\/04\/BBC-186-CORPO_CH_LOW.png\" \/>\n\t<meta property=\"og:image:width\" content=\"489\" \/>\n\t<meta property=\"og:image:height\" content=\"574\" \/>\n\t<meta property=\"og:image:type\" content=\"image\/png\" \/>\n<meta name=\"twitter:card\" content=\"summary_large_image\" \/>\n<!-- \/ Yoast SEO plugin. -->","yoast_head_json":{"title":"BBC 186 - Cool Head Europe","robots":{"index":"index","follow":"follow","max-snippet":"max-snippet:-1","max-image-preview":"max-image-preview:large","max-video-preview":"max-video-preview:-1"},"canonical":"https:\/\/www.coolheadeurope.com\/fr\/prodotto\/drinks-fr\/arrieres-de-bar\/bbc-186\/","og_locale":"fr_FR","og_type":"article","og_title":"BBC 186 - Cool Head Europe","og_description":"Le BBC 186 est con\u00e7u pour \u00eatre un arri\u00e8res de bar fiable et polyvalent, parfait pour conserver et exposer toutes sortes de bouteilles et de canettes \u00e0 la bonne temp\u00e9rature. D'une capacit\u00e9 de 124 litres et d'une hauteur de 860 mm, avec un ext\u00e9rieur en acier peint en noir et un int\u00e9rieur en aluminium, ce produit avec 1 porte battante en verre est \u00e9quip\u00e9 de 2 \u00e9tag\u00e8res chrom\u00e9es r\u00e9glables, d'une porte \u00e0 fermeture automatique, d'une serrure, d'une lampe interne LED, d'un thermostat num\u00e9rique et d'un verre tremp\u00e9 de s\u00e9curit\u00e9.","og_url":"https:\/\/www.coolheadeurope.com\/fr\/prodotto\/drinks-fr\/arrieres-de-bar\/bbc-186\/","og_site_name":"Cool Head Europe","article_modified_time":"2026-02-08T06:36:54+00:00","og_image":[{"width":489,"height":574,"url":"https:\/\/www.coolheadeurope.com\/wp-content\/uploads\/2026\/04\/BBC-186-CORPO_CH_LOW.png","type":"image\/png"}],"twitter_card":"summary_large_image","schema":{"@context":"https:\/\/schema.org","@graph":[{"@type":"WebPage","@id":"https:\/\/www.coolheadeurope.com\/fr\/prodotto\/drinks-fr\/arrieres-de-bar\/bbc-186\/","url":"https:\/\/www.coolheadeurope.com\/fr\/prodotto\/drinks-fr\/arrieres-de-bar\/bbc-186\/","name":"BBC 186 - Cool Head Europe","isPartOf":{"@id":"https:\/\/www.coolheadeurope.com\/#website"},"primaryImageOfPage":{"@id":"https:\/\/www.coolheadeurope.com\/fr\/prodotto\/drinks-fr\/arrieres-de-bar\/bbc-186\/#primaryimage"},"image":{"@id":"https:\/\/www.coolheadeurope.com\/fr\/prodotto\/drinks-fr\/arrieres-de-bar\/bbc-186\/#primaryimage"},"thumbnailUrl":"https:\/\/www.coolheadeurope.com\/wp-content\/uploads\/2026\/04\/BBC-186-CORPO_CH_LOW.png","datePublished":"2024-10-09T23:46:52+00:00","dateModified":"2026-02-08T06:36:54+00:00","breadcrumb":{"@id":"https:\/\/www.coolheadeurope.com\/fr\/prodotto\/drinks-fr\/arrieres-de-bar\/bbc-186\/#breadcrumb"},"inLanguage":"fr-FR","potentialAction":[{"@type":"ReadAction","target":["https:\/\/www.coolheadeurope.com\/fr\/prodotto\/drinks-fr\/arrieres-de-bar\/bbc-186\/"]}]},{"@type":"ImageObject","inLanguage":"fr-FR","@id":"https:\/\/www.coolheadeurope.com\/fr\/prodotto\/drinks-fr\/arrieres-de-bar\/bbc-186\/#primaryimage","url":"https:\/\/www.coolheadeurope.com\/wp-content\/uploads\/2026\/04\/BBC-186-CORPO_CH_LOW.png","contentUrl":"https:\/\/www.coolheadeurope.com\/wp-content\/uploads\/2026\/04\/BBC-186-CORPO_CH_LOW.png","width":489,"height":574,"caption":"Immagine di BBC 186"},{"@type":"BreadcrumbList","@id":"https:\/\/www.coolheadeurope.com\/fr\/prodotto\/drinks-fr\/arrieres-de-bar\/bbc-186\/#breadcrumb","itemListElement":[{"@type":"ListItem","position":1,"name":"Home","item":"https:\/\/www.coolheadeurope.com\/fr\/"},{"@type":"ListItem","position":2,"name":"Rechercher","item":"https:\/\/www.coolheadeurope.com\/cerca\/"},{"@type":"ListItem","position":3,"name":"BBC 186"}]},{"@type":"WebSite","@id":"https:\/\/www.coolheadeurope.com\/#website","url":"https:\/\/www.coolheadeurope.com\/","name":"Cool Head Europe","description":"We make the world a cooler place","potentialAction":[{"@type":"SearchAction","target":{"@type":"EntryPoint","urlTemplate":"https:\/\/www.coolheadeurope.com\/?s={search_term_string}"},"query-input":{"@type":"PropertyValueSpecification","valueRequired":true,"valueName":"search_term_string"}}],"inLanguage":"fr-FR"}]}},"_links":{"self":[{"href":"https:\/\/www.coolheadeurope.com\/fr\/wp-json\/wp\/v2\/product\/2958404","targetHints":{"allow":["GET"]}}],"collection":[{"href":"https:\/\/www.coolheadeurope.com\/fr\/wp-json\/wp\/v2\/product"}],"about":[{"href":"https:\/\/www.coolheadeurope.com\/fr\/wp-json\/wp\/v2\/types\/product"}],"wp:featuredmedia":[{"embeddable":true,"href":"https:\/\/www.coolheadeurope.com\/fr\/wp-json\/wp\/v2\/media\/3881319"}],"wp:attachment":[{"href":"https:\/\/www.coolheadeurope.com\/fr\/wp-json\/wp\/v2\/media?parent=2958404"}],"wp:term":[{"taxonomy":"product_brand","embeddable":true,"href":"https:\/\/www.coolheadeurope.com\/fr\/wp-json\/wp\/v2\/product_brand?post=2958404"},{"taxonomy":"product_cat","embeddable":true,"href":"https:\/\/www.coolheadeurope.com\/fr\/wp-json\/wp\/v2\/product_cat?post=2958404"},{"taxonomy":"product_tag","embeddable":true,"href":"https:\/\/www.coolheadeurope.com\/fr\/wp-json\/wp\/v2\/product_tag?post=2958404"}],"curies":[{"name":"wp","href":"https:\/\/api.w.org\/{rel}","templated":true}]}}