{"id":2958408,"date":"2024-10-09T23:53:45","date_gmt":"2024-10-09T23:53:45","guid":{"rendered":"https:\/\/www.coolheadeurope.com\/prodotto\/non%20class\u00e9\/bbc-208h\/"},"modified":"2026-02-08T06:36:58","modified_gmt":"2026-02-08T06:36:58","slug":"bbc-208h","status":"publish","type":"product","link":"https:\/\/www.coolheadeurope.com\/fr\/prodotto\/drinks-fr\/arrieres-de-bar\/bbc-208h\/","title":{"rendered":"BBC 208H"},"content":{"rendered":"<p>Arri\u00e8res de bar portes \u00e0 charni\u00e8res N\u00b0 2 (Hauteur 900mm)<br \/>\nAluminium pour la face interne et acier laqu\u00e9 en noir pour la face externe<br \/>\nFinition de l\u2019article: brillante et hauteur totale 900 mm<br \/>\n\u00c9vaporateur \u00e0 tubulure int\u00e9gr\u00e9e avec un syst\u00e8me de refroidissement assist\u00e9 par ventilateur<br \/>\nCycle de d\u00e9givrage automatique par arr\u00eat du compresseur<br \/>\nAgent moussant : Cyclopentane (40 mm par c\u00f4t\u00e9)<br \/>\nThermostat num\u00e9rique<br \/>\nPorte \u00e0 fermeture automatique<br \/>\nJoint d&rsquo;\u00e9tanch\u00e9it\u00e9 amovible<br \/>\nClayettes r\u00e9glables: 4 pi\u00e8ces<br \/>\nVerre de s\u00e9curit\u00e9 tremp\u00e9<br \/>\nSerrure mont\u00e9e de s\u00e9rie<br \/>\nLampe LED interne horizontale<br \/>\nPieds r\u00e9glables N\u00b0 4<br \/>\nClasse \u00e9nerg\u00e9tique: B<\/p>\n","protected":false},"excerpt":{"rendered":"<p>Le BBC 208H est con\u00e7u pour \u00eatre un arri\u00e8res de bar fiable et polyvalent, parfait pour conserver et exposer toutes sortes de bouteilles et de canettes \u00e0 la bonne temp\u00e9rature.<br \/>\nD&rsquo;une capacit\u00e9 de 201 litres et d&rsquo;une hauteur de 900 mm, avec un ext\u00e9rieur en acier peint en noir et un int\u00e9rieur en aluminium, ce produit avec 2 portes battantes en verre est \u00e9quip\u00e9 de 4 \u00e9tag\u00e8res chrom\u00e9es r\u00e9glables, d&rsquo;une porte \u00e0 fermeture automatique, d&rsquo;une serrure, d&rsquo;une lampe interne LED, d&rsquo;un thermostat num\u00e9rique et d&rsquo;un verre tremp\u00e9 de s\u00e9curit\u00e9.<\/p>\n","protected":false},"featured_media":3708442,"template":"","meta":[],"product_brand":[],"product_cat":[7412,7418],"product_tag":[],"class_list":{"0":"post-2958408","1":"product","2":"type-product","3":"status-publish","4":"has-post-thumbnail","6":"product_cat-drinks-fr","7":"product_cat-arrieres-de-bar","8":"pa_capacite-commerciale-201-l","9":"pa_consommation-denergie-2-17-kw-24h","10":"pa_hauteur-exterieure-900-mm","11":"pa_hauteur-interieure-750-mm","12":"pa_largeur-exterieure-900-mm","13":"pa_largeur-interne-820-mm","14":"pa_niveau-sonore-60-dba","15":"pa_poids-brut-73-kg","16":"pa_poids-net-62-kg","17":"pa_profondeur-externe-520-mm","18":"pa_profondeur-interne-420-mm","19":"pa_puissance-230-w","21":"first","22":"instock","23":"product-type-simple"},"acf":[],"yoast_head":"<!-- This site is optimized with the Yoast SEO plugin v27.2 - https:\/\/yoast.com\/product\/yoast-seo-wordpress\/ -->\n<title>BBC 208H - Cool Head Europe<\/title>\n<meta name=\"robots\" content=\"index, follow, max-snippet:-1, max-image-preview:large, max-video-preview:-1\" \/>\n<link rel=\"canonical\" href=\"http:\/\/www.coolheadeurope.com\/fr\/prodotto\/drinks-fr\/arrieres-de-bar\/bbc-208h\/\" \/>\n<meta property=\"og:locale\" content=\"fr_FR\" \/>\n<meta property=\"og:type\" content=\"article\" \/>\n<meta property=\"og:title\" content=\"BBC 208H - Cool Head Europe\" \/>\n<meta property=\"og:description\" content=\"Le BBC 208H est con\u00e7u pour \u00eatre un arri\u00e8res de bar fiable et polyvalent, parfait pour conserver et exposer toutes sortes de bouteilles et de canettes \u00e0 la bonne temp\u00e9rature. D&#039;une capacit\u00e9 de 201 litres et d&#039;une hauteur de 900 mm, avec un ext\u00e9rieur en acier peint en noir et un int\u00e9rieur en aluminium, ce produit avec 2 portes battantes en verre est \u00e9quip\u00e9 de 4 \u00e9tag\u00e8res chrom\u00e9es r\u00e9glables, d&#039;une porte \u00e0 fermeture automatique, d&#039;une serrure, d&#039;une lampe interne LED, d&#039;un thermostat num\u00e9rique et d&#039;un verre tremp\u00e9 de s\u00e9curit\u00e9.\" \/>\n<meta property=\"og:url\" content=\"http:\/\/www.coolheadeurope.com\/fr\/prodotto\/drinks-fr\/arrieres-de-bar\/bbc-208h\/\" \/>\n<meta property=\"og:site_name\" content=\"Cool Head Europe\" \/>\n<meta property=\"article:modified_time\" content=\"2026-02-08T06:36:58+00:00\" \/>\n<meta property=\"og:image\" content=\"http:\/\/www.coolheadeurope.com\/wp-content\/uploads\/2026\/02\/BBC-208H-CORPO_CH_LOW.png\" \/>\n\t<meta property=\"og:image:width\" content=\"567\" \/>\n\t<meta property=\"og:image:height\" content=\"551\" \/>\n\t<meta property=\"og:image:type\" content=\"image\/png\" \/>\n<meta name=\"twitter:card\" content=\"summary_large_image\" \/>\n<meta name=\"twitter:label1\" content=\"Dur\u00e9e de lecture estim\u00e9e\" \/>\n\t<meta name=\"twitter:data1\" content=\"1 minute\" \/>\n<!-- \/ Yoast SEO plugin. -->","yoast_head_json":{"title":"BBC 208H - Cool Head Europe","robots":{"index":"index","follow":"follow","max-snippet":"max-snippet:-1","max-image-preview":"max-image-preview:large","max-video-preview":"max-video-preview:-1"},"canonical":"http:\/\/www.coolheadeurope.com\/fr\/prodotto\/drinks-fr\/arrieres-de-bar\/bbc-208h\/","og_locale":"fr_FR","og_type":"article","og_title":"BBC 208H - Cool Head Europe","og_description":"Le BBC 208H est con\u00e7u pour \u00eatre un arri\u00e8res de bar fiable et polyvalent, parfait pour conserver et exposer toutes sortes de bouteilles et de canettes \u00e0 la bonne temp\u00e9rature. D'une capacit\u00e9 de 201 litres et d'une hauteur de 900 mm, avec un ext\u00e9rieur en acier peint en noir et un int\u00e9rieur en aluminium, ce produit avec 2 portes battantes en verre est \u00e9quip\u00e9 de 4 \u00e9tag\u00e8res chrom\u00e9es r\u00e9glables, d'une porte \u00e0 fermeture automatique, d'une serrure, d'une lampe interne LED, d'un thermostat num\u00e9rique et d'un verre tremp\u00e9 de s\u00e9curit\u00e9.","og_url":"http:\/\/www.coolheadeurope.com\/fr\/prodotto\/drinks-fr\/arrieres-de-bar\/bbc-208h\/","og_site_name":"Cool Head Europe","article_modified_time":"2026-02-08T06:36:58+00:00","og_image":[{"width":567,"height":551,"url":"http:\/\/www.coolheadeurope.com\/wp-content\/uploads\/2026\/02\/BBC-208H-CORPO_CH_LOW.png","type":"image\/png"}],"twitter_card":"summary_large_image","twitter_misc":{"Dur\u00e9e de lecture estim\u00e9e":"1 minute"},"schema":{"@context":"https:\/\/schema.org","@graph":[{"@type":"WebPage","@id":"http:\/\/www.coolheadeurope.com\/fr\/prodotto\/drinks-fr\/arrieres-de-bar\/bbc-208h\/","url":"http:\/\/www.coolheadeurope.com\/fr\/prodotto\/drinks-fr\/arrieres-de-bar\/bbc-208h\/","name":"BBC 208H - Cool Head Europe","isPartOf":{"@id":"https:\/\/www.coolheadeurope.com\/#website"},"primaryImageOfPage":{"@id":"http:\/\/www.coolheadeurope.com\/fr\/prodotto\/drinks-fr\/arrieres-de-bar\/bbc-208h\/#primaryimage"},"image":{"@id":"http:\/\/www.coolheadeurope.com\/fr\/prodotto\/drinks-fr\/arrieres-de-bar\/bbc-208h\/#primaryimage"},"thumbnailUrl":"https:\/\/www.coolheadeurope.com\/wp-content\/uploads\/2026\/04\/BBC-208H-CORPO_CH_LOW-16.png","datePublished":"2024-10-09T23:53:45+00:00","dateModified":"2026-02-08T06:36:58+00:00","breadcrumb":{"@id":"http:\/\/www.coolheadeurope.com\/fr\/prodotto\/drinks-fr\/arrieres-de-bar\/bbc-208h\/#breadcrumb"},"inLanguage":"fr-FR","potentialAction":[{"@type":"ReadAction","target":["http:\/\/www.coolheadeurope.com\/fr\/prodotto\/drinks-fr\/arrieres-de-bar\/bbc-208h\/"]}]},{"@type":"ImageObject","inLanguage":"fr-FR","@id":"http:\/\/www.coolheadeurope.com\/fr\/prodotto\/drinks-fr\/arrieres-de-bar\/bbc-208h\/#primaryimage","url":"https:\/\/www.coolheadeurope.com\/wp-content\/uploads\/2026\/04\/BBC-208H-CORPO_CH_LOW-16.png","contentUrl":"https:\/\/www.coolheadeurope.com\/wp-content\/uploads\/2026\/04\/BBC-208H-CORPO_CH_LOW-16.png","width":567,"height":551,"caption":"Immagine di BBC 208H"},{"@type":"BreadcrumbList","@id":"http:\/\/www.coolheadeurope.com\/fr\/prodotto\/drinks-fr\/arrieres-de-bar\/bbc-208h\/#breadcrumb","itemListElement":[{"@type":"ListItem","position":1,"name":"Home","item":"https:\/\/www.coolheadeurope.com\/fr\/"},{"@type":"ListItem","position":2,"name":"Rechercher","item":"https:\/\/www.coolheadeurope.com\/cerca\/"},{"@type":"ListItem","position":3,"name":"BBC 208H"}]},{"@type":"WebSite","@id":"https:\/\/www.coolheadeurope.com\/#website","url":"https:\/\/www.coolheadeurope.com\/","name":"Cool Head Europe","description":"We make the world a cooler place","potentialAction":[{"@type":"SearchAction","target":{"@type":"EntryPoint","urlTemplate":"https:\/\/www.coolheadeurope.com\/?s={search_term_string}"},"query-input":{"@type":"PropertyValueSpecification","valueRequired":true,"valueName":"search_term_string"}}],"inLanguage":"fr-FR"}]}},"_links":{"self":[{"href":"https:\/\/www.coolheadeurope.com\/fr\/wp-json\/wp\/v2\/product\/2958408","targetHints":{"allow":["GET"]}}],"collection":[{"href":"https:\/\/www.coolheadeurope.com\/fr\/wp-json\/wp\/v2\/product"}],"about":[{"href":"https:\/\/www.coolheadeurope.com\/fr\/wp-json\/wp\/v2\/types\/product"}],"wp:featuredmedia":[{"embeddable":true,"href":"https:\/\/www.coolheadeurope.com\/fr\/wp-json\/wp\/v2\/media\/3708442"}],"wp:attachment":[{"href":"https:\/\/www.coolheadeurope.com\/fr\/wp-json\/wp\/v2\/media?parent=2958408"}],"wp:term":[{"taxonomy":"product_brand","embeddable":true,"href":"https:\/\/www.coolheadeurope.com\/fr\/wp-json\/wp\/v2\/product_brand?post=2958408"},{"taxonomy":"product_cat","embeddable":true,"href":"https:\/\/www.coolheadeurope.com\/fr\/wp-json\/wp\/v2\/product_cat?post=2958408"},{"taxonomy":"product_tag","embeddable":true,"href":"https:\/\/www.coolheadeurope.com\/fr\/wp-json\/wp\/v2\/product_tag?post=2958408"}],"curies":[{"name":"wp","href":"https:\/\/api.w.org\/{rel}","templated":true}]}}