{"id":2958415,"date":"2024-10-10T00:06:08","date_gmt":"2024-10-10T00:06:08","guid":{"rendered":"https:\/\/www.coolheadeurope.com\/prodotto\/non%20class\u00e9\/qb-200\/"},"modified":"2026-02-08T06:37:05","modified_gmt":"2026-02-08T06:37:05","slug":"qb-200","status":"publish","type":"product","link":"https:\/\/www.coolheadeurope.com\/fr\/prodotto\/drinks-fr\/arrieres-de-bar\/qb-200\/","title":{"rendered":"QB 200"},"content":{"rendered":"<p>Arri\u00e8re de bar portes solides \u00e0 charni\u00e8res N\u00b0 2<br \/>\nFace externe en acier galvanis\u00e9 couvert d&rsquo;un rev\u00eatement en poudre noire et la face interne en acier laqu\u00e9 blanc<br \/>\nFinition de l\u2019article: mate et hauteur totale 860 mm<br \/>\nRefroidissement ventil\u00e9<br \/>\nCycle de d\u00e9givrage automatique par arr\u00eat du compresseur<br \/>\nAgent moussant : Cyclopentane (40 mm par c\u00f4t\u00e9)<br \/>\nThermostat num\u00e9rique avec membrane<br \/>\nPorte: \u00e0 fermeture automatique et porte r\u00e9versible mont\u00e9e de s\u00e9rie<br \/>\nJoint d&rsquo;\u00e9tanch\u00e9it\u00e9 amovible et serrure de porte mont\u00e9s de s\u00e9rie<br \/>\nVentilateur de moteur silencieux<br \/>\nClayettes r\u00e9glables : 2 pi\u00e8ces<br \/>\nGrille de fond amovible<br \/>\nSyst\u00e8me de coffret \u00e0 tiroirs en option<br \/>\nSyst\u00e8me de profil anti-condensation<br \/>\nAcc\u00e8s facile pour nettoyage du filtre pour condenseur<br \/>\nPieds r\u00e9glables N\u00b0 4 &#8211; Pieds S\/S ou roulettes avec frein (En option)<br \/>\nClasse \u00e9nerg\u00e9tique: B<\/p>\n","protected":false},"excerpt":{"rendered":"<p>Le QB 200 est con\u00e7u pour \u00eatre un arri\u00e8res de bar fiable et polyvalent, parfait pour conserver et exposer toutes sortes de bouteilles et de canettes \u00e0 la bonne temp\u00e9rature.<br \/>\nD&rsquo;une capacit\u00e9 de 315 litres, avec un ext\u00e9rieur en acier galvanis\u00e9 noir, rev\u00eatement en poudre avec finition mate et int\u00e9rieur en acier peint en blanc, ce produit avec 2 portes battantes avec poign\u00e9e int\u00e9gr\u00e9e est \u00e9quip\u00e9 de 4 \u00e9tag\u00e8res chrom\u00e9es r\u00e9glables, d&rsquo;une porte \u00e0 fermeture automatique, d&rsquo;une serrure, d&rsquo;une lampe interne LED, d&rsquo;un thermostat num\u00e9rique, d&rsquo;un verre tremp\u00e9 de s\u00e9curit\u00e9 et set de tiroirs sur demande<\/p>\n","protected":false},"featured_media":3881344,"template":"","meta":[],"product_brand":[],"product_cat":[7412,7418],"product_tag":[],"class_list":{"0":"post-2958415","1":"product","2":"type-product","3":"status-publish","4":"has-post-thumbnail","6":"product_cat-drinks-fr","7":"product_cat-arrieres-de-bar","8":"pa_capacite-commerciale-315-l","9":"pa_consommation-denergie-1746-kw-24h","10":"pa_hauteur-exterieure-860-mm","11":"pa_hauteur-interieure-740-mm","12":"pa_largeur-exterieure-1460-mm","13":"pa_largeur-interne-1080-mm","14":"pa_niveau-sonore-52-dba","15":"pa_poids-brut-114-kg","16":"pa_poids-net-91-kg","17":"pa_profondeur-externe-515-mm","18":"pa_profondeur-interne-415-mm","19":"pa_puissance-224-w","21":"first","22":"instock","23":"product-type-simple"},"acf":[],"yoast_head":"<!-- This site is optimized with the Yoast SEO plugin v27.2 - https:\/\/yoast.com\/product\/yoast-seo-wordpress\/ -->\n<title>QB 200 - Cool Head Europe<\/title>\n<meta name=\"robots\" content=\"index, follow, max-snippet:-1, max-image-preview:large, max-video-preview:-1\" \/>\n<link rel=\"canonical\" href=\"https:\/\/www.coolheadeurope.com\/fr\/prodotto\/drinks-fr\/arrieres-de-bar\/qb-200\/\" \/>\n<meta property=\"og:locale\" content=\"fr_FR\" \/>\n<meta property=\"og:type\" content=\"article\" \/>\n<meta property=\"og:title\" content=\"QB 200 - Cool Head Europe\" \/>\n<meta property=\"og:description\" content=\"Le QB 200 est con\u00e7u pour \u00eatre un arri\u00e8res de bar fiable et polyvalent, parfait pour conserver et exposer toutes sortes de bouteilles et de canettes \u00e0 la bonne temp\u00e9rature. D&#039;une capacit\u00e9 de 315 litres, avec un ext\u00e9rieur en acier galvanis\u00e9 noir, rev\u00eatement en poudre avec finition mate et int\u00e9rieur en acier peint en blanc, ce produit avec 2 portes battantes avec poign\u00e9e int\u00e9gr\u00e9e est \u00e9quip\u00e9 de 4 \u00e9tag\u00e8res chrom\u00e9es r\u00e9glables, d&#039;une porte \u00e0 fermeture automatique, d&#039;une serrure, d&#039;une lampe interne LED, d&#039;un thermostat num\u00e9rique, d&#039;un verre tremp\u00e9 de s\u00e9curit\u00e9 et set de tiroirs sur demande\" \/>\n<meta property=\"og:url\" content=\"https:\/\/www.coolheadeurope.com\/fr\/prodotto\/drinks-fr\/arrieres-de-bar\/qb-200\/\" \/>\n<meta property=\"og:site_name\" content=\"Cool Head Europe\" \/>\n<meta property=\"article:modified_time\" content=\"2026-02-08T06:37:05+00:00\" \/>\n<meta property=\"og:image\" content=\"https:\/\/www.coolheadeurope.com\/wp-content\/uploads\/2026\/04\/QB-200-CORPO_CH_LOW-20.png\" \/>\n\t<meta property=\"og:image:width\" content=\"520\" \/>\n\t<meta property=\"og:image:height\" content=\"352\" \/>\n\t<meta property=\"og:image:type\" content=\"image\/png\" \/>\n<meta name=\"twitter:card\" content=\"summary_large_image\" \/>\n<meta name=\"twitter:label1\" content=\"Dur\u00e9e de lecture estim\u00e9e\" \/>\n\t<meta name=\"twitter:data1\" content=\"1 minute\" \/>\n<!-- \/ Yoast SEO plugin. -->","yoast_head_json":{"title":"QB 200 - Cool Head Europe","robots":{"index":"index","follow":"follow","max-snippet":"max-snippet:-1","max-image-preview":"max-image-preview:large","max-video-preview":"max-video-preview:-1"},"canonical":"https:\/\/www.coolheadeurope.com\/fr\/prodotto\/drinks-fr\/arrieres-de-bar\/qb-200\/","og_locale":"fr_FR","og_type":"article","og_title":"QB 200 - Cool Head Europe","og_description":"Le QB 200 est con\u00e7u pour \u00eatre un arri\u00e8res de bar fiable et polyvalent, parfait pour conserver et exposer toutes sortes de bouteilles et de canettes \u00e0 la bonne temp\u00e9rature. D'une capacit\u00e9 de 315 litres, avec un ext\u00e9rieur en acier galvanis\u00e9 noir, rev\u00eatement en poudre avec finition mate et int\u00e9rieur en acier peint en blanc, ce produit avec 2 portes battantes avec poign\u00e9e int\u00e9gr\u00e9e est \u00e9quip\u00e9 de 4 \u00e9tag\u00e8res chrom\u00e9es r\u00e9glables, d'une porte \u00e0 fermeture automatique, d'une serrure, d'une lampe interne LED, d'un thermostat num\u00e9rique, d'un verre tremp\u00e9 de s\u00e9curit\u00e9 et set de tiroirs sur demande","og_url":"https:\/\/www.coolheadeurope.com\/fr\/prodotto\/drinks-fr\/arrieres-de-bar\/qb-200\/","og_site_name":"Cool Head Europe","article_modified_time":"2026-02-08T06:37:05+00:00","og_image":[{"width":520,"height":352,"url":"https:\/\/www.coolheadeurope.com\/wp-content\/uploads\/2026\/04\/QB-200-CORPO_CH_LOW-20.png","type":"image\/png"}],"twitter_card":"summary_large_image","twitter_misc":{"Dur\u00e9e de lecture estim\u00e9e":"1 minute"},"schema":{"@context":"https:\/\/schema.org","@graph":[{"@type":"WebPage","@id":"https:\/\/www.coolheadeurope.com\/fr\/prodotto\/drinks-fr\/arrieres-de-bar\/qb-200\/","url":"https:\/\/www.coolheadeurope.com\/fr\/prodotto\/drinks-fr\/arrieres-de-bar\/qb-200\/","name":"QB 200 - Cool Head Europe","isPartOf":{"@id":"https:\/\/www.coolheadeurope.com\/#website"},"primaryImageOfPage":{"@id":"https:\/\/www.coolheadeurope.com\/fr\/prodotto\/drinks-fr\/arrieres-de-bar\/qb-200\/#primaryimage"},"image":{"@id":"https:\/\/www.coolheadeurope.com\/fr\/prodotto\/drinks-fr\/arrieres-de-bar\/qb-200\/#primaryimage"},"thumbnailUrl":"https:\/\/www.coolheadeurope.com\/wp-content\/uploads\/2026\/04\/QB-200-CORPO_CH_LOW.png","datePublished":"2024-10-10T00:06:08+00:00","dateModified":"2026-02-08T06:37:05+00:00","breadcrumb":{"@id":"https:\/\/www.coolheadeurope.com\/fr\/prodotto\/drinks-fr\/arrieres-de-bar\/qb-200\/#breadcrumb"},"inLanguage":"fr-FR","potentialAction":[{"@type":"ReadAction","target":["https:\/\/www.coolheadeurope.com\/fr\/prodotto\/drinks-fr\/arrieres-de-bar\/qb-200\/"]}]},{"@type":"ImageObject","inLanguage":"fr-FR","@id":"https:\/\/www.coolheadeurope.com\/fr\/prodotto\/drinks-fr\/arrieres-de-bar\/qb-200\/#primaryimage","url":"https:\/\/www.coolheadeurope.com\/wp-content\/uploads\/2026\/04\/QB-200-CORPO_CH_LOW.png","contentUrl":"https:\/\/www.coolheadeurope.com\/wp-content\/uploads\/2026\/04\/QB-200-CORPO_CH_LOW.png","width":520,"height":352,"caption":"Immagine di QB 200"},{"@type":"BreadcrumbList","@id":"https:\/\/www.coolheadeurope.com\/fr\/prodotto\/drinks-fr\/arrieres-de-bar\/qb-200\/#breadcrumb","itemListElement":[{"@type":"ListItem","position":1,"name":"Home","item":"https:\/\/www.coolheadeurope.com\/fr\/"},{"@type":"ListItem","position":2,"name":"Rechercher","item":"https:\/\/www.coolheadeurope.com\/cerca\/"},{"@type":"ListItem","position":3,"name":"QB 200"}]},{"@type":"WebSite","@id":"https:\/\/www.coolheadeurope.com\/#website","url":"https:\/\/www.coolheadeurope.com\/","name":"Cool Head Europe","description":"We make the world a cooler place","potentialAction":[{"@type":"SearchAction","target":{"@type":"EntryPoint","urlTemplate":"https:\/\/www.coolheadeurope.com\/?s={search_term_string}"},"query-input":{"@type":"PropertyValueSpecification","valueRequired":true,"valueName":"search_term_string"}}],"inLanguage":"fr-FR"}]}},"_links":{"self":[{"href":"https:\/\/www.coolheadeurope.com\/fr\/wp-json\/wp\/v2\/product\/2958415","targetHints":{"allow":["GET"]}}],"collection":[{"href":"https:\/\/www.coolheadeurope.com\/fr\/wp-json\/wp\/v2\/product"}],"about":[{"href":"https:\/\/www.coolheadeurope.com\/fr\/wp-json\/wp\/v2\/types\/product"}],"wp:featuredmedia":[{"embeddable":true,"href":"https:\/\/www.coolheadeurope.com\/fr\/wp-json\/wp\/v2\/media\/3881344"}],"wp:attachment":[{"href":"https:\/\/www.coolheadeurope.com\/fr\/wp-json\/wp\/v2\/media?parent=2958415"}],"wp:term":[{"taxonomy":"product_brand","embeddable":true,"href":"https:\/\/www.coolheadeurope.com\/fr\/wp-json\/wp\/v2\/product_brand?post=2958415"},{"taxonomy":"product_cat","embeddable":true,"href":"https:\/\/www.coolheadeurope.com\/fr\/wp-json\/wp\/v2\/product_cat?post=2958415"},{"taxonomy":"product_tag","embeddable":true,"href":"https:\/\/www.coolheadeurope.com\/fr\/wp-json\/wp\/v2\/product_tag?post=2958415"}],"curies":[{"name":"wp","href":"https:\/\/api.w.org\/{rel}","templated":true}]}}