{"id":2958420,"date":"2024-10-10T00:15:03","date_gmt":"2024-10-10T00:15:03","guid":{"rendered":"https:\/\/www.coolheadeurope.com\/prodotto\/non%20class\u00e9\/qbg-400\/"},"modified":"2026-02-08T06:37:11","modified_gmt":"2026-02-08T06:37:11","slug":"qbg-400","status":"publish","type":"product","link":"https:\/\/www.coolheadeurope.com\/fr\/prodotto\/drinks-fr\/arrieres-de-bar\/qbg-400\/","title":{"rendered":"QBG 400"},"content":{"rendered":"<p>Arri\u00e8re de bar portes vitr\u00e9es \u00e0 charni\u00e8res N\u00b0 4<br \/>\nFace externe en acier galvanis\u00e9 couvert d&rsquo;un rev\u00eatement en poudre noire et la face interne en acier laqu\u00e9 blanc<br \/>\nFinition de l\u2019article: mate et hauteur totale 860 mm<br \/>\nRefroidissement ventil\u00e9<br \/>\nCycle de d\u00e9givrage automatique par arr\u00eat du compresseur<br \/>\nAgent moussant : Cyclopentane (40 mm par c\u00f4t\u00e9)<br \/>\nThermostat num\u00e9rique avec \u00e9cran plat<br \/>\nPorte: \u00c0 fermeture automatique avec Lampe LED interne d\u00e9di\u00e9e (No r\u00e9versible)<br \/>\nJoint d&rsquo;\u00e9tanch\u00e9it\u00e9 amovible et serrure de porte mont\u00e9s de s\u00e9rie<br \/>\nVentilateur de moteur silencieux<br \/>\nClayettes r\u00e9glables: 8 pi\u00e8ces<br \/>\nGrille de fond amovible<br \/>\nSyst\u00e8me de profil anti-condensation<br \/>\nAcc\u00e8s facile pour nettoyage du filtre pour condenseur<br \/>\nPieds r\u00e9glables N\u00b0 4 &#8211; Pieds S\/S ou roulettes avec frein (En option)<br \/>\nClasse \u00e9nerg\u00e9tique: B<\/p>\n","protected":false},"excerpt":{"rendered":"<p>Le QBG 400 est con\u00e7u pour \u00eatre un arri\u00e8res de bar fiable et polyvalent, parfait pour conserver et exposer toutes sortes de bouteilles et de canettes \u00e0 la bonne temp\u00e9rature.<br \/>\nD&rsquo;une capacit\u00e9 de 618 litres, avec un ext\u00e9rieur en acier galvanis\u00e9 noir, rev\u00eatement en poudre avec finition mate et int\u00e9rieur en acier peint en blanc, ce produit avec 4 portes battantes en verre avec poign\u00e9e cylindrique est \u00e9quip\u00e9 de 8 \u00e9tag\u00e8res chrom\u00e9es r\u00e9glables, d&rsquo;une porte \u00e0 fermeture automatique, d&rsquo;une serrure, d&rsquo;une lampe interne LED, d&rsquo;un thermostat num\u00e9rique, d&rsquo;un verre tremp\u00e9 de s\u00e9curit\u00e9 et set de tiroirs sur demande<\/p>\n","protected":false},"featured_media":3875803,"template":"","meta":[],"product_brand":[],"product_cat":[7412,7418],"product_tag":[],"class_list":{"0":"post-2958420","1":"product","2":"type-product","3":"status-publish","4":"has-post-thumbnail","6":"product_cat-drinks-fr","7":"product_cat-arrieres-de-bar","8":"pa_capacite-commerciale-618-l","9":"pa_consommation-denergie-3-936-kw-24h","10":"pa_hauteur-exterieure-860-mm","11":"pa_hauteur-interieure-740-mm","12":"pa_largeur-exterieure-2540-mm","13":"pa_largeur-interne-2160-mm","14":"pa_niveau-sonore-53-dba","15":"pa_poids-brut-184-kg","16":"pa_poids-net-151-kg","17":"pa_profondeur-externe-535-mm","18":"pa_profondeur-interne-415-mm","19":"pa_puissance-456-w","21":"first","22":"instock","23":"product-type-simple"},"acf":[],"yoast_head":"<!-- This site is optimized with the Yoast SEO plugin v27.2 - https:\/\/yoast.com\/product\/yoast-seo-wordpress\/ -->\n<title>QBG 400 - Cool Head Europe<\/title>\n<meta name=\"robots\" content=\"index, follow, max-snippet:-1, max-image-preview:large, max-video-preview:-1\" \/>\n<link rel=\"canonical\" href=\"https:\/\/www.coolheadeurope.com\/prodotto\/drinks\/back-bar\/qbg-400\/\" \/>\n<meta property=\"og:locale\" content=\"fr_FR\" \/>\n<meta property=\"og:type\" content=\"article\" \/>\n<meta property=\"og:title\" content=\"QBG 400 - Cool Head Europe\" \/>\n<meta property=\"og:description\" content=\"Le QBG 400 est con\u00e7u pour \u00eatre un arri\u00e8res de bar fiable et polyvalent, parfait pour conserver et exposer toutes sortes de bouteilles et de canettes \u00e0 la bonne temp\u00e9rature. D&#039;une capacit\u00e9 de 618 litres, avec un ext\u00e9rieur en acier galvanis\u00e9 noir, rev\u00eatement en poudre avec finition mate et int\u00e9rieur en acier peint en blanc, ce produit avec 4 portes battantes en verre avec poign\u00e9e cylindrique est \u00e9quip\u00e9 de 8 \u00e9tag\u00e8res chrom\u00e9es r\u00e9glables, d&#039;une porte \u00e0 fermeture automatique, d&#039;une serrure, d&#039;une lampe interne LED, d&#039;un thermostat num\u00e9rique, d&#039;un verre tremp\u00e9 de s\u00e9curit\u00e9 et set de tiroirs sur demande\" \/>\n<meta property=\"og:url\" content=\"https:\/\/www.coolheadeurope.com\/prodotto\/drinks\/back-bar\/qbg-400\/\" \/>\n<meta property=\"og:site_name\" content=\"Cool Head Europe\" \/>\n<meta property=\"article:modified_time\" content=\"2026-02-08T06:37:11+00:00\" \/>\n<meta property=\"og:image\" content=\"https:\/\/www.coolheadeurope.com\/wp-content\/uploads\/2026\/04\/QBG-400-CORPO_CH_LOW-18.png\" \/>\n\t<meta property=\"og:image:width\" content=\"567\" \/>\n\t<meta property=\"og:image:height\" content=\"298\" \/>\n\t<meta property=\"og:image:type\" content=\"image\/png\" \/>\n<meta name=\"twitter:card\" content=\"summary_large_image\" \/>\n<meta name=\"twitter:label1\" content=\"Dur\u00e9e de lecture estim\u00e9e\" \/>\n\t<meta name=\"twitter:data1\" content=\"1 minute\" \/>\n<!-- \/ Yoast SEO plugin. -->","yoast_head_json":{"title":"QBG 400 - Cool Head Europe","robots":{"index":"index","follow":"follow","max-snippet":"max-snippet:-1","max-image-preview":"max-image-preview:large","max-video-preview":"max-video-preview:-1"},"canonical":"https:\/\/www.coolheadeurope.com\/prodotto\/drinks\/back-bar\/qbg-400\/","og_locale":"fr_FR","og_type":"article","og_title":"QBG 400 - Cool Head Europe","og_description":"Le QBG 400 est con\u00e7u pour \u00eatre un arri\u00e8res de bar fiable et polyvalent, parfait pour conserver et exposer toutes sortes de bouteilles et de canettes \u00e0 la bonne temp\u00e9rature. D'une capacit\u00e9 de 618 litres, avec un ext\u00e9rieur en acier galvanis\u00e9 noir, rev\u00eatement en poudre avec finition mate et int\u00e9rieur en acier peint en blanc, ce produit avec 4 portes battantes en verre avec poign\u00e9e cylindrique est \u00e9quip\u00e9 de 8 \u00e9tag\u00e8res chrom\u00e9es r\u00e9glables, d'une porte \u00e0 fermeture automatique, d'une serrure, d'une lampe interne LED, d'un thermostat num\u00e9rique, d'un verre tremp\u00e9 de s\u00e9curit\u00e9 et set de tiroirs sur demande","og_url":"https:\/\/www.coolheadeurope.com\/prodotto\/drinks\/back-bar\/qbg-400\/","og_site_name":"Cool Head Europe","article_modified_time":"2026-02-08T06:37:11+00:00","og_image":[{"width":567,"height":298,"url":"https:\/\/www.coolheadeurope.com\/wp-content\/uploads\/2026\/04\/QBG-400-CORPO_CH_LOW-18.png","type":"image\/png"}],"twitter_card":"summary_large_image","twitter_misc":{"Dur\u00e9e de lecture estim\u00e9e":"1 minute"},"schema":{"@context":"https:\/\/schema.org","@graph":[{"@type":"WebPage","@id":"https:\/\/www.coolheadeurope.com\/prodotto\/drinks\/back-bar\/qbg-400\/","url":"https:\/\/www.coolheadeurope.com\/prodotto\/drinks\/back-bar\/qbg-400\/","name":"QBG 400 - Cool Head Europe","isPartOf":{"@id":"https:\/\/www.coolheadeurope.com\/#website"},"primaryImageOfPage":{"@id":"https:\/\/www.coolheadeurope.com\/prodotto\/drinks\/back-bar\/qbg-400\/#primaryimage"},"image":{"@id":"https:\/\/www.coolheadeurope.com\/prodotto\/drinks\/back-bar\/qbg-400\/#primaryimage"},"thumbnailUrl":"https:\/\/www.coolheadeurope.com\/wp-content\/uploads\/2026\/04\/QBG-400-CORPO_CH_LOW-20.png","datePublished":"2024-10-10T00:15:03+00:00","dateModified":"2026-02-08T06:37:11+00:00","breadcrumb":{"@id":"https:\/\/www.coolheadeurope.com\/prodotto\/drinks\/back-bar\/qbg-400\/#breadcrumb"},"inLanguage":"fr-FR","potentialAction":[{"@type":"ReadAction","target":["https:\/\/www.coolheadeurope.com\/prodotto\/drinks\/back-bar\/qbg-400\/"]}]},{"@type":"ImageObject","inLanguage":"fr-FR","@id":"https:\/\/www.coolheadeurope.com\/prodotto\/drinks\/back-bar\/qbg-400\/#primaryimage","url":"https:\/\/www.coolheadeurope.com\/wp-content\/uploads\/2026\/04\/QBG-400-CORPO_CH_LOW-20.png","contentUrl":"https:\/\/www.coolheadeurope.com\/wp-content\/uploads\/2026\/04\/QBG-400-CORPO_CH_LOW-20.png","width":567,"height":298,"caption":"Immagine di QBG 400"},{"@type":"BreadcrumbList","@id":"https:\/\/www.coolheadeurope.com\/prodotto\/drinks\/back-bar\/qbg-400\/#breadcrumb","itemListElement":[{"@type":"ListItem","position":1,"name":"Home","item":"https:\/\/www.coolheadeurope.com\/fr\/"},{"@type":"ListItem","position":2,"name":"Rechercher","item":"https:\/\/www.coolheadeurope.com\/cerca\/"},{"@type":"ListItem","position":3,"name":"QBG 400"}]},{"@type":"WebSite","@id":"https:\/\/www.coolheadeurope.com\/#website","url":"https:\/\/www.coolheadeurope.com\/","name":"Cool Head Europe","description":"We make the world a cooler place","potentialAction":[{"@type":"SearchAction","target":{"@type":"EntryPoint","urlTemplate":"https:\/\/www.coolheadeurope.com\/?s={search_term_string}"},"query-input":{"@type":"PropertyValueSpecification","valueRequired":true,"valueName":"search_term_string"}}],"inLanguage":"fr-FR"}]}},"_links":{"self":[{"href":"https:\/\/www.coolheadeurope.com\/fr\/wp-json\/wp\/v2\/product\/2958420","targetHints":{"allow":["GET"]}}],"collection":[{"href":"https:\/\/www.coolheadeurope.com\/fr\/wp-json\/wp\/v2\/product"}],"about":[{"href":"https:\/\/www.coolheadeurope.com\/fr\/wp-json\/wp\/v2\/types\/product"}],"wp:featuredmedia":[{"embeddable":true,"href":"https:\/\/www.coolheadeurope.com\/fr\/wp-json\/wp\/v2\/media\/3875803"}],"wp:attachment":[{"href":"https:\/\/www.coolheadeurope.com\/fr\/wp-json\/wp\/v2\/media?parent=2958420"}],"wp:term":[{"taxonomy":"product_brand","embeddable":true,"href":"https:\/\/www.coolheadeurope.com\/fr\/wp-json\/wp\/v2\/product_brand?post=2958420"},{"taxonomy":"product_cat","embeddable":true,"href":"https:\/\/www.coolheadeurope.com\/fr\/wp-json\/wp\/v2\/product_cat?post=2958420"},{"taxonomy":"product_tag","embeddable":true,"href":"https:\/\/www.coolheadeurope.com\/fr\/wp-json\/wp\/v2\/product_tag?post=2958420"}],"curies":[{"name":"wp","href":"https:\/\/api.w.org\/{rel}","templated":true}]}}