{"id":2958423,"date":"2024-10-10T00:20:31","date_gmt":"2024-10-10T00:20:31","guid":{"rendered":"https:\/\/www.coolheadeurope.com\/prodotto\/non%20class\u00e9\/rng-50\/"},"modified":"2026-02-08T06:37:19","modified_gmt":"2026-02-08T06:37:19","slug":"rng-50","status":"publish","type":"product","link":"https:\/\/www.coolheadeurope.com\/fr\/prodotto\/congelateur\/congelateur-table-top\/rng-50\/","title":{"rendered":"RNG 50"},"content":{"rendered":"<p>Cong\u00e9lateur vertical 50 l<br \/>\nAcier laqu\u00e9 blanc pour la face interne et la face externe<br \/>\nRefroidissement statique<br \/>\nD\u00e9givrage manuel<br \/>\nAgent moussant : Cyclopentane (60 mm par c\u00f4t\u00e9)<br \/>\nJoint d&rsquo;\u00e9tanch\u00e9it\u00e9 amovible<br \/>\nLampe LED interne<br \/>\nVerre de s\u00e9curit\u00e9 tremp\u00e9 trait\u00e9 thermiquement \u00e0 triple \u00e9paisseur<br \/>\nPorte \u00e0 fermeture automatique<br \/>\nCadre de porte en aluminium peint avec poign\u00e9e int\u00e9gr\u00e9e<br \/>\nSerrure mont\u00e9e de s\u00e9rie<br \/>\nClayettes r\u00e9glables : 2 pi\u00e8ces<br \/>\nPieds r\u00e9glables N\u00b0 4<br \/>\nClasse \u00e9nerg\u00e9tique: C<\/p>\n","protected":false},"excerpt":{"rendered":"<p>Cong\u00e9lateur de comptoir blanc avec cadre de porte en aluminium peint et poign\u00e9e int\u00e9gr\u00e9e. \u00c9quip\u00e9 d&rsquo;un triple verre de s\u00e9curit\u00e9 tremp\u00e9 chauff\u00e9, d&rsquo;une serrure et d&rsquo;une porte \u00e0 fermeture automatique, le mod\u00e8le RNG 50 est con\u00e7u pour \u00eatre utilis\u00e9 de diff\u00e9rentes mani\u00e8res, en garantissant toujours une bonne conservation des aliments pour une pr\u00e9sentation et une appr\u00e9ciation correctes des produits \u00e0 l&rsquo;int\u00e9rieur.<\/p>\n","protected":false},"featured_media":3881396,"template":"","meta":[],"product_brand":[],"product_cat":[7387,7388],"product_tag":[],"class_list":{"0":"post-2958423","1":"product","2":"type-product","3":"status-publish","4":"has-post-thumbnail","6":"product_cat-congelateur","7":"product_cat-congelateur-table-top","8":"pa_capacite-commerciale-50-l","9":"pa_consommation-denergie-2-53-kw-24h","10":"pa_hauteur-exterieure-530-mm","11":"pa_hauteur-interieure-380-mm","12":"pa_largeur-exterieure-570-mm","13":"pa_largeur-interne-450-mm","14":"pa_niveau-sonore-45-dba","15":"pa_poids-brut-45-kg","16":"pa_poids-net-40-kg","17":"pa_profondeur-externe-535-mm","18":"pa_profondeur-interne-420-mm","19":"pa_puissance-156-w","21":"first","22":"instock","23":"product-type-simple"},"acf":[],"yoast_head":"<!-- This site is optimized with the Yoast SEO plugin v27.2 - https:\/\/yoast.com\/product\/yoast-seo-wordpress\/ -->\n<title>RNG 50 - Cool Head Europe<\/title>\n<meta name=\"robots\" content=\"index, follow, max-snippet:-1, max-image-preview:large, max-video-preview:-1\" \/>\n<link rel=\"canonical\" href=\"https:\/\/www.coolheadeurope.com\/fr\/prodotto\/congelateur\/congelateur-table-top\/rng-50\/\" \/>\n<meta property=\"og:locale\" content=\"fr_FR\" \/>\n<meta property=\"og:type\" content=\"article\" \/>\n<meta property=\"og:title\" content=\"RNG 50 - Cool Head Europe\" \/>\n<meta property=\"og:description\" content=\"Cong\u00e9lateur de comptoir blanc avec cadre de porte en aluminium peint et poign\u00e9e int\u00e9gr\u00e9e. \u00c9quip\u00e9 d&#039;un triple verre de s\u00e9curit\u00e9 tremp\u00e9 chauff\u00e9, d&#039;une serrure et d&#039;une porte \u00e0 fermeture automatique, le mod\u00e8le RNG 50 est con\u00e7u pour \u00eatre utilis\u00e9 de diff\u00e9rentes mani\u00e8res, en garantissant toujours une bonne conservation des aliments pour une pr\u00e9sentation et une appr\u00e9ciation correctes des produits \u00e0 l&#039;int\u00e9rieur.\" \/>\n<meta property=\"og:url\" content=\"https:\/\/www.coolheadeurope.com\/fr\/prodotto\/congelateur\/congelateur-table-top\/rng-50\/\" \/>\n<meta property=\"og:site_name\" content=\"Cool Head Europe\" \/>\n<meta property=\"article:modified_time\" content=\"2026-02-08T06:37:19+00:00\" \/>\n<meta property=\"og:image\" content=\"https:\/\/www.coolheadeurope.com\/wp-content\/uploads\/2026\/04\/RNG-50-CORPO_CH_LOW.png\" \/>\n\t<meta property=\"og:image:width\" content=\"567\" \/>\n\t<meta property=\"og:image:height\" content=\"466\" \/>\n\t<meta property=\"og:image:type\" content=\"image\/png\" \/>\n<meta name=\"twitter:card\" content=\"summary_large_image\" \/>\n<!-- \/ Yoast SEO plugin. -->","yoast_head_json":{"title":"RNG 50 - Cool Head Europe","robots":{"index":"index","follow":"follow","max-snippet":"max-snippet:-1","max-image-preview":"max-image-preview:large","max-video-preview":"max-video-preview:-1"},"canonical":"https:\/\/www.coolheadeurope.com\/fr\/prodotto\/congelateur\/congelateur-table-top\/rng-50\/","og_locale":"fr_FR","og_type":"article","og_title":"RNG 50 - Cool Head Europe","og_description":"Cong\u00e9lateur de comptoir blanc avec cadre de porte en aluminium peint et poign\u00e9e int\u00e9gr\u00e9e. \u00c9quip\u00e9 d'un triple verre de s\u00e9curit\u00e9 tremp\u00e9 chauff\u00e9, d'une serrure et d'une porte \u00e0 fermeture automatique, le mod\u00e8le RNG 50 est con\u00e7u pour \u00eatre utilis\u00e9 de diff\u00e9rentes mani\u00e8res, en garantissant toujours une bonne conservation des aliments pour une pr\u00e9sentation et une appr\u00e9ciation correctes des produits \u00e0 l'int\u00e9rieur.","og_url":"https:\/\/www.coolheadeurope.com\/fr\/prodotto\/congelateur\/congelateur-table-top\/rng-50\/","og_site_name":"Cool Head Europe","article_modified_time":"2026-02-08T06:37:19+00:00","og_image":[{"width":567,"height":466,"url":"https:\/\/www.coolheadeurope.com\/wp-content\/uploads\/2026\/04\/RNG-50-CORPO_CH_LOW.png","type":"image\/png"}],"twitter_card":"summary_large_image","schema":{"@context":"https:\/\/schema.org","@graph":[{"@type":"WebPage","@id":"https:\/\/www.coolheadeurope.com\/fr\/prodotto\/congelateur\/congelateur-table-top\/rng-50\/","url":"https:\/\/www.coolheadeurope.com\/fr\/prodotto\/congelateur\/congelateur-table-top\/rng-50\/","name":"RNG 50 - Cool Head Europe","isPartOf":{"@id":"https:\/\/www.coolheadeurope.com\/#website"},"primaryImageOfPage":{"@id":"https:\/\/www.coolheadeurope.com\/fr\/prodotto\/congelateur\/congelateur-table-top\/rng-50\/#primaryimage"},"image":{"@id":"https:\/\/www.coolheadeurope.com\/fr\/prodotto\/congelateur\/congelateur-table-top\/rng-50\/#primaryimage"},"thumbnailUrl":"https:\/\/www.coolheadeurope.com\/wp-content\/uploads\/2026\/04\/RNG-50-CORPO_CH_LOW.png","datePublished":"2024-10-10T00:20:31+00:00","dateModified":"2026-02-08T06:37:19+00:00","breadcrumb":{"@id":"https:\/\/www.coolheadeurope.com\/fr\/prodotto\/congelateur\/congelateur-table-top\/rng-50\/#breadcrumb"},"inLanguage":"fr-FR","potentialAction":[{"@type":"ReadAction","target":["https:\/\/www.coolheadeurope.com\/fr\/prodotto\/congelateur\/congelateur-table-top\/rng-50\/"]}]},{"@type":"ImageObject","inLanguage":"fr-FR","@id":"https:\/\/www.coolheadeurope.com\/fr\/prodotto\/congelateur\/congelateur-table-top\/rng-50\/#primaryimage","url":"https:\/\/www.coolheadeurope.com\/wp-content\/uploads\/2026\/04\/RNG-50-CORPO_CH_LOW.png","contentUrl":"https:\/\/www.coolheadeurope.com\/wp-content\/uploads\/2026\/04\/RNG-50-CORPO_CH_LOW.png","width":567,"height":466,"caption":"Immagine di RNG 50"},{"@type":"BreadcrumbList","@id":"https:\/\/www.coolheadeurope.com\/fr\/prodotto\/congelateur\/congelateur-table-top\/rng-50\/#breadcrumb","itemListElement":[{"@type":"ListItem","position":1,"name":"Home","item":"https:\/\/www.coolheadeurope.com\/fr\/"},{"@type":"ListItem","position":2,"name":"Rechercher","item":"https:\/\/www.coolheadeurope.com\/cerca\/"},{"@type":"ListItem","position":3,"name":"RNG 50"}]},{"@type":"WebSite","@id":"https:\/\/www.coolheadeurope.com\/#website","url":"https:\/\/www.coolheadeurope.com\/","name":"Cool Head Europe","description":"We make the world a cooler place","potentialAction":[{"@type":"SearchAction","target":{"@type":"EntryPoint","urlTemplate":"https:\/\/www.coolheadeurope.com\/?s={search_term_string}"},"query-input":{"@type":"PropertyValueSpecification","valueRequired":true,"valueName":"search_term_string"}}],"inLanguage":"fr-FR"}]}},"_links":{"self":[{"href":"https:\/\/www.coolheadeurope.com\/fr\/wp-json\/wp\/v2\/product\/2958423","targetHints":{"allow":["GET"]}}],"collection":[{"href":"https:\/\/www.coolheadeurope.com\/fr\/wp-json\/wp\/v2\/product"}],"about":[{"href":"https:\/\/www.coolheadeurope.com\/fr\/wp-json\/wp\/v2\/types\/product"}],"wp:featuredmedia":[{"embeddable":true,"href":"https:\/\/www.coolheadeurope.com\/fr\/wp-json\/wp\/v2\/media\/3881396"}],"wp:attachment":[{"href":"https:\/\/www.coolheadeurope.com\/fr\/wp-json\/wp\/v2\/media?parent=2958423"}],"wp:term":[{"taxonomy":"product_brand","embeddable":true,"href":"https:\/\/www.coolheadeurope.com\/fr\/wp-json\/wp\/v2\/product_brand?post=2958423"},{"taxonomy":"product_cat","embeddable":true,"href":"https:\/\/www.coolheadeurope.com\/fr\/wp-json\/wp\/v2\/product_cat?post=2958423"},{"taxonomy":"product_tag","embeddable":true,"href":"https:\/\/www.coolheadeurope.com\/fr\/wp-json\/wp\/v2\/product_tag?post=2958423"}],"curies":[{"name":"wp","href":"https:\/\/api.w.org\/{rel}","templated":true}]}}