{"id":2958426,"date":"2024-10-10T00:25:51","date_gmt":"2024-10-10T00:25:51","guid":{"rendered":"https:\/\/www.coolheadeurope.com\/prodotto\/non%20class\u00e9\/tng-390\/"},"modified":"2026-02-08T06:37:21","modified_gmt":"2026-02-08T06:37:21","slug":"tng-390","status":"publish","type":"product","link":"https:\/\/www.coolheadeurope.com\/fr\/prodotto\/congelateur\/congelateurs-verticaux\/tng-390\/","title":{"rendered":"TNG 390"},"content":{"rendered":"<p>Cong\u00e9lateur vertical 300 l<br \/>\nArmoire externe blanche, thermoform\u00e9e \u00e0 l\u2019int\u00e9rieur<br \/>\nRefroidissement statique : clayettes d\u2019\u00e9vaporateur fixes (Couches N\u00b0 7)<br \/>\nD\u00e9givrage manuel<br \/>\nAgent moussant : Cyclopentane (50 mm par c\u00f4t\u00e9 &#8211; Sans CFC)<br \/>\nThermostat m\u00e9canique<br \/>\n\u00c9cran du thermom\u00e8tre num\u00e9rique<br \/>\nJoint d&rsquo;\u00e9tanch\u00e9it\u00e9 amovible<br \/>\nPorte vitr\u00e9e chauffante avec verre de s\u00e9curit\u00e9 tremp\u00e9 temp\u00e9r\u00e9 \u00e0 double \u00e9paisseur.<br \/>\nPorte \u00e0 fermeture automatique<br \/>\nSerrure mont\u00e9e de s\u00e9rie et poign\u00e9e externe carr\u00e9e en aluminium<br \/>\nLampe LED interne horizontale (avec commutateur ind\u00e9pendant)<br \/>\nPieds r\u00e9glables N\u00b0 2 + Roulettes N\u00b0 2 \u00e0 l\u2019arri\u00e8re<br \/>\nClasse \u00e9nerg\u00e9tique: C<\/p>\n","protected":false},"excerpt":{"rendered":"<p>Cong\u00e9lateur vertical blanc de 300 litres avec poign\u00e9e ext\u00e9rieure rectangulaire. Il est \u00e9quip\u00e9 d&rsquo;une porte en verre chauff\u00e9e avec double verre tremp\u00e9 de s\u00e9curit\u00e9, d&rsquo;un syst\u00e8me de refroidissement statique avec \u00e9tag\u00e8res fixes pour l&rsquo;\u00e9vaporation, d&rsquo;une serrure, d&rsquo;une porte \u00e0 fermeture automatique, d&rsquo;une lampe interne horizontale \u00e0 LED avec interrupteur ind\u00e9pendant, d&rsquo;un thermostat m\u00e9canique et d&rsquo;un thermom\u00e8tre num\u00e9rique.<br \/>\nLe mod\u00e8le TNG 390 a \u00e9t\u00e9 con\u00e7u pour \u00eatre utilis\u00e9 de multiples fa\u00e7ons, en garantissant toujours une conservation correcte des aliments pour une bonne exposition et appr\u00e9ciation des produits \u00e0 l&rsquo;int\u00e9rieur.<\/p>\n","protected":false},"featured_media":3703811,"template":"","meta":[],"product_brand":[],"product_cat":[7387,7389],"product_tag":[],"class_list":{"0":"post-2958426","1":"product","2":"type-product","3":"status-publish","4":"has-post-thumbnail","6":"product_cat-congelateur","7":"product_cat-congelateurs-verticaux","8":"pa_capacite-commerciale-300-l","9":"pa_consommation-denergie-8-267-kw-24h","10":"pa_hauteur-exterieure-1870-mm","11":"pa_hauteur-interieure-1585-mm","12":"pa_largeur-exterieure-600-mm","13":"pa_largeur-interne-475-mm","14":"pa_niveau-sonore-57-dba","15":"pa_poids-brut-102-kg","16":"pa_poids-net-92-5-kg","17":"pa_profondeur-externe-630-mm","18":"pa_profondeur-interne-440-mm","19":"pa_puissance-620-w","21":"first","22":"instock","23":"product-type-simple"},"acf":[],"yoast_head":"<!-- This site is optimized with the Yoast SEO plugin v27.2 - https:\/\/yoast.com\/product\/yoast-seo-wordpress\/ -->\n<title>TNG 390 - Cool Head Europe<\/title>\n<meta name=\"robots\" content=\"index, follow, max-snippet:-1, max-image-preview:large, max-video-preview:-1\" \/>\n<link rel=\"canonical\" href=\"http:\/\/www.coolheadeurope.com\/fr\/prodotto\/congelateur\/congelateurs-verticaux\/tng-390\/\" \/>\n<meta property=\"og:locale\" content=\"fr_FR\" \/>\n<meta property=\"og:type\" content=\"article\" \/>\n<meta property=\"og:title\" content=\"TNG 390 - Cool Head Europe\" \/>\n<meta property=\"og:description\" content=\"Cong\u00e9lateur vertical blanc de 300 litres avec poign\u00e9e ext\u00e9rieure rectangulaire. Il est \u00e9quip\u00e9 d&#039;une porte en verre chauff\u00e9e avec double verre tremp\u00e9 de s\u00e9curit\u00e9, d&#039;un syst\u00e8me de refroidissement statique avec \u00e9tag\u00e8res fixes pour l&#039;\u00e9vaporation, d&#039;une serrure, d&#039;une porte \u00e0 fermeture automatique, d&#039;une lampe interne horizontale \u00e0 LED avec interrupteur ind\u00e9pendant, d&#039;un thermostat m\u00e9canique et d&#039;un thermom\u00e8tre num\u00e9rique. Le mod\u00e8le TNG 390 a \u00e9t\u00e9 con\u00e7u pour \u00eatre utilis\u00e9 de multiples fa\u00e7ons, en garantissant toujours une conservation correcte des aliments pour une bonne exposition et appr\u00e9ciation des produits \u00e0 l&#039;int\u00e9rieur.\" \/>\n<meta property=\"og:url\" content=\"http:\/\/www.coolheadeurope.com\/fr\/prodotto\/congelateur\/congelateurs-verticaux\/tng-390\/\" \/>\n<meta property=\"og:site_name\" content=\"Cool Head Europe\" \/>\n<meta property=\"article:modified_time\" content=\"2026-02-08T06:37:21+00:00\" \/>\n<meta property=\"og:image\" content=\"http:\/\/www.coolheadeurope.com\/wp-content\/uploads\/2026\/02\/TNG-390-CORPO_CH_LOW.png\" \/>\n\t<meta property=\"og:image:width\" content=\"274\" \/>\n\t<meta property=\"og:image:height\" content=\"567\" \/>\n\t<meta property=\"og:image:type\" content=\"image\/png\" \/>\n<meta name=\"twitter:card\" content=\"summary_large_image\" \/>\n<!-- \/ Yoast SEO plugin. -->","yoast_head_json":{"title":"TNG 390 - Cool Head Europe","robots":{"index":"index","follow":"follow","max-snippet":"max-snippet:-1","max-image-preview":"max-image-preview:large","max-video-preview":"max-video-preview:-1"},"canonical":"http:\/\/www.coolheadeurope.com\/fr\/prodotto\/congelateur\/congelateurs-verticaux\/tng-390\/","og_locale":"fr_FR","og_type":"article","og_title":"TNG 390 - Cool Head Europe","og_description":"Cong\u00e9lateur vertical blanc de 300 litres avec poign\u00e9e ext\u00e9rieure rectangulaire. Il est \u00e9quip\u00e9 d'une porte en verre chauff\u00e9e avec double verre tremp\u00e9 de s\u00e9curit\u00e9, d'un syst\u00e8me de refroidissement statique avec \u00e9tag\u00e8res fixes pour l'\u00e9vaporation, d'une serrure, d'une porte \u00e0 fermeture automatique, d'une lampe interne horizontale \u00e0 LED avec interrupteur ind\u00e9pendant, d'un thermostat m\u00e9canique et d'un thermom\u00e8tre num\u00e9rique. Le mod\u00e8le TNG 390 a \u00e9t\u00e9 con\u00e7u pour \u00eatre utilis\u00e9 de multiples fa\u00e7ons, en garantissant toujours une conservation correcte des aliments pour une bonne exposition et appr\u00e9ciation des produits \u00e0 l'int\u00e9rieur.","og_url":"http:\/\/www.coolheadeurope.com\/fr\/prodotto\/congelateur\/congelateurs-verticaux\/tng-390\/","og_site_name":"Cool Head Europe","article_modified_time":"2026-02-08T06:37:21+00:00","og_image":[{"width":274,"height":567,"url":"http:\/\/www.coolheadeurope.com\/wp-content\/uploads\/2026\/02\/TNG-390-CORPO_CH_LOW.png","type":"image\/png"}],"twitter_card":"summary_large_image","schema":{"@context":"https:\/\/schema.org","@graph":[{"@type":"WebPage","@id":"http:\/\/www.coolheadeurope.com\/fr\/prodotto\/congelateur\/congelateurs-verticaux\/tng-390\/","url":"http:\/\/www.coolheadeurope.com\/fr\/prodotto\/congelateur\/congelateurs-verticaux\/tng-390\/","name":"TNG 390 - Cool Head Europe","isPartOf":{"@id":"https:\/\/www.coolheadeurope.com\/#website"},"primaryImageOfPage":{"@id":"http:\/\/www.coolheadeurope.com\/fr\/prodotto\/congelateur\/congelateurs-verticaux\/tng-390\/#primaryimage"},"image":{"@id":"http:\/\/www.coolheadeurope.com\/fr\/prodotto\/congelateur\/congelateurs-verticaux\/tng-390\/#primaryimage"},"thumbnailUrl":"https:\/\/www.coolheadeurope.com\/wp-content\/uploads\/2026\/04\/TNG-390-CORPO_CH_LOW-14.png","datePublished":"2024-10-10T00:25:51+00:00","dateModified":"2026-02-08T06:37:21+00:00","breadcrumb":{"@id":"http:\/\/www.coolheadeurope.com\/fr\/prodotto\/congelateur\/congelateurs-verticaux\/tng-390\/#breadcrumb"},"inLanguage":"fr-FR","potentialAction":[{"@type":"ReadAction","target":["http:\/\/www.coolheadeurope.com\/fr\/prodotto\/congelateur\/congelateurs-verticaux\/tng-390\/"]}]},{"@type":"ImageObject","inLanguage":"fr-FR","@id":"http:\/\/www.coolheadeurope.com\/fr\/prodotto\/congelateur\/congelateurs-verticaux\/tng-390\/#primaryimage","url":"https:\/\/www.coolheadeurope.com\/wp-content\/uploads\/2026\/04\/TNG-390-CORPO_CH_LOW-14.png","contentUrl":"https:\/\/www.coolheadeurope.com\/wp-content\/uploads\/2026\/04\/TNG-390-CORPO_CH_LOW-14.png","width":274,"height":567,"caption":"Immagine di TNG 390"},{"@type":"BreadcrumbList","@id":"http:\/\/www.coolheadeurope.com\/fr\/prodotto\/congelateur\/congelateurs-verticaux\/tng-390\/#breadcrumb","itemListElement":[{"@type":"ListItem","position":1,"name":"Home","item":"https:\/\/www.coolheadeurope.com\/fr\/"},{"@type":"ListItem","position":2,"name":"Rechercher","item":"https:\/\/www.coolheadeurope.com\/cerca\/"},{"@type":"ListItem","position":3,"name":"TNG 390"}]},{"@type":"WebSite","@id":"https:\/\/www.coolheadeurope.com\/#website","url":"https:\/\/www.coolheadeurope.com\/","name":"Cool Head Europe","description":"We make the world a cooler place","potentialAction":[{"@type":"SearchAction","target":{"@type":"EntryPoint","urlTemplate":"https:\/\/www.coolheadeurope.com\/?s={search_term_string}"},"query-input":{"@type":"PropertyValueSpecification","valueRequired":true,"valueName":"search_term_string"}}],"inLanguage":"fr-FR"}]}},"_links":{"self":[{"href":"https:\/\/www.coolheadeurope.com\/fr\/wp-json\/wp\/v2\/product\/2958426","targetHints":{"allow":["GET"]}}],"collection":[{"href":"https:\/\/www.coolheadeurope.com\/fr\/wp-json\/wp\/v2\/product"}],"about":[{"href":"https:\/\/www.coolheadeurope.com\/fr\/wp-json\/wp\/v2\/types\/product"}],"wp:featuredmedia":[{"embeddable":true,"href":"https:\/\/www.coolheadeurope.com\/fr\/wp-json\/wp\/v2\/media\/3703811"}],"wp:attachment":[{"href":"https:\/\/www.coolheadeurope.com\/fr\/wp-json\/wp\/v2\/media?parent=2958426"}],"wp:term":[{"taxonomy":"product_brand","embeddable":true,"href":"https:\/\/www.coolheadeurope.com\/fr\/wp-json\/wp\/v2\/product_brand?post=2958426"},{"taxonomy":"product_cat","embeddable":true,"href":"https:\/\/www.coolheadeurope.com\/fr\/wp-json\/wp\/v2\/product_cat?post=2958426"},{"taxonomy":"product_tag","embeddable":true,"href":"https:\/\/www.coolheadeurope.com\/fr\/wp-json\/wp\/v2\/product_tag?post=2958426"}],"curies":[{"name":"wp","href":"https:\/\/api.w.org\/{rel}","templated":true}]}}