{"id":2958430,"date":"2024-10-10T00:32:47","date_gmt":"2024-10-10T00:32:47","guid":{"rendered":"https:\/\/www.coolheadeurope.com\/prodotto\/non%20class\u00e9\/tng-480c\/"},"modified":"2026-02-08T06:37:25","modified_gmt":"2026-02-08T06:37:25","slug":"tng-480c","status":"publish","type":"product","link":"https:\/\/www.coolheadeurope.com\/fr\/prodotto\/congelateur\/congelateurs-verticaux\/tng-480c\/","title":{"rendered":"TNG 480C"},"content":{"rendered":"<p>Cong\u00e9lateur vertical 350L avec panneau publicitaire<br \/>\nFace externe\/interne blanche en acier peint avec cadre GRIS<br \/>\nRefroidissement statique : clayettes d\u2019\u00e9vaporateur fixes (Couches N\u00b0 7)<br \/>\nD\u00e9givrage manuel<br \/>\nAgent moussant : Cyclopentane (50 mm par c\u00f4t\u00e9 &#8211; Sans CFC)<br \/>\nThermostat num\u00e9rique<br \/>\nJoint d&rsquo;\u00e9tanch\u00e9it\u00e9 amovible<br \/>\nPorte vitr\u00e9e chauffante avec verre de s\u00e9curit\u00e9 tremp\u00e9 temp\u00e9r\u00e9 \u00e0 double \u00e9paisseur.<br \/>\nPorte \u00e0 fermeture automatique<br \/>\nSerrure mont\u00e9e de s\u00e9rie<br \/>\nLampe LED interne verticale (avec commutateur ind\u00e9pendant)<br \/>\nPieds r\u00e9glables N\u00b0 2 + Roulettes N\u00b0 2 \u00e0 l\u2019arri\u00e8re<br \/>\nClasse \u00e9nerg\u00e9tique: D<\/p>\n","protected":false},"excerpt":{"rendered":"<p>Un cong\u00e9lateur vertical de 350 litres en blanc avec panneau publicitaire et poign\u00e9e int\u00e9gr\u00e9e. Il est \u00e9quip\u00e9 d&rsquo;une porte en verre chauff\u00e9e avec triple verre tremp\u00e9 de s\u00e9curit\u00e9, d&rsquo;un syst\u00e8me de refroidissement statique avec \u00e9tag\u00e8res d&rsquo;\u00e9vaporation fixes, d&rsquo;une serrure, d&rsquo;une porte \u00e0 fermeture automatique, d&rsquo;une lampe verticale interne \u00e0 LED, d&rsquo;un contr\u00f4leur num\u00e9rique. Le mod\u00e8le TNG 480C a \u00e9t\u00e9 con\u00e7u pour \u00eatre utilis\u00e9 de multiples fa\u00e7ons, en garantissant toujours une conservation correcte des aliments pour une bonne exposition et appr\u00e9ciation des produits \u00e0 l&rsquo;int\u00e9rieur.<\/p>\n","protected":false},"featured_media":3881414,"template":"","meta":[],"product_brand":[],"product_cat":[7387,7389],"product_tag":[],"class_list":{"0":"post-2958430","1":"product","2":"type-product","3":"status-publish","4":"has-post-thumbnail","6":"product_cat-congelateur","7":"product_cat-congelateurs-verticaux","8":"pa_capacite-commerciale-487-l","9":"pa_consommation-denergie-11-91-kw-24h","10":"pa_hauteur-exterieure-2090-mm","11":"pa_hauteur-interieure-1684-mm","12":"pa_largeur-exterieure-680-mm","13":"pa_largeur-interne-577-mm","14":"pa_niveau-sonore-57-dba","15":"pa_poids-brut-120-kg","16":"pa_poids-net-109-kg","17":"pa_profondeur-externe-655-mm","18":"pa_profondeur-interne-495-mm","19":"pa_puissance-750-w","21":"first","22":"instock","23":"product-type-simple"},"acf":[],"yoast_head":"<!-- This site is optimized with the Yoast SEO plugin v27.2 - https:\/\/yoast.com\/product\/yoast-seo-wordpress\/ -->\n<title>TNG 480C - Cool Head Europe<\/title>\n<meta name=\"robots\" content=\"index, follow, max-snippet:-1, max-image-preview:large, max-video-preview:-1\" \/>\n<link rel=\"canonical\" href=\"https:\/\/www.coolheadeurope.com\/prodotto\/freezer\/freezer-verticali\/tng-480c\/\" \/>\n<meta property=\"og:locale\" content=\"fr_FR\" \/>\n<meta property=\"og:type\" content=\"article\" \/>\n<meta property=\"og:title\" content=\"TNG 480C - Cool Head Europe\" \/>\n<meta property=\"og:description\" content=\"Un cong\u00e9lateur vertical de 350 litres en blanc avec panneau publicitaire et poign\u00e9e int\u00e9gr\u00e9e. Il est \u00e9quip\u00e9 d&#039;une porte en verre chauff\u00e9e avec triple verre tremp\u00e9 de s\u00e9curit\u00e9, d&#039;un syst\u00e8me de refroidissement statique avec \u00e9tag\u00e8res d&#039;\u00e9vaporation fixes, d&#039;une serrure, d&#039;une porte \u00e0 fermeture automatique, d&#039;une lampe verticale interne \u00e0 LED, d&#039;un contr\u00f4leur num\u00e9rique. Le mod\u00e8le TNG 480C a \u00e9t\u00e9 con\u00e7u pour \u00eatre utilis\u00e9 de multiples fa\u00e7ons, en garantissant toujours une conservation correcte des aliments pour une bonne exposition et appr\u00e9ciation des produits \u00e0 l&#039;int\u00e9rieur.\" \/>\n<meta property=\"og:url\" content=\"https:\/\/www.coolheadeurope.com\/prodotto\/freezer\/freezer-verticali\/tng-480c\/\" \/>\n<meta property=\"og:site_name\" content=\"Cool Head Europe\" \/>\n<meta property=\"article:modified_time\" content=\"2026-02-08T06:37:25+00:00\" \/>\n<meta property=\"og:image\" content=\"https:\/\/www.coolheadeurope.com\/wp-content\/uploads\/2026\/04\/TNG-480C-CORPO_CH_LOW.png\" \/>\n\t<meta property=\"og:image:width\" content=\"283\" \/>\n\t<meta property=\"og:image:height\" content=\"567\" \/>\n\t<meta property=\"og:image:type\" content=\"image\/png\" \/>\n<meta name=\"twitter:card\" content=\"summary_large_image\" \/>\n<!-- \/ Yoast SEO plugin. -->","yoast_head_json":{"title":"TNG 480C - Cool Head Europe","robots":{"index":"index","follow":"follow","max-snippet":"max-snippet:-1","max-image-preview":"max-image-preview:large","max-video-preview":"max-video-preview:-1"},"canonical":"https:\/\/www.coolheadeurope.com\/prodotto\/freezer\/freezer-verticali\/tng-480c\/","og_locale":"fr_FR","og_type":"article","og_title":"TNG 480C - Cool Head Europe","og_description":"Un cong\u00e9lateur vertical de 350 litres en blanc avec panneau publicitaire et poign\u00e9e int\u00e9gr\u00e9e. Il est \u00e9quip\u00e9 d'une porte en verre chauff\u00e9e avec triple verre tremp\u00e9 de s\u00e9curit\u00e9, d'un syst\u00e8me de refroidissement statique avec \u00e9tag\u00e8res d'\u00e9vaporation fixes, d'une serrure, d'une porte \u00e0 fermeture automatique, d'une lampe verticale interne \u00e0 LED, d'un contr\u00f4leur num\u00e9rique. Le mod\u00e8le TNG 480C a \u00e9t\u00e9 con\u00e7u pour \u00eatre utilis\u00e9 de multiples fa\u00e7ons, en garantissant toujours une conservation correcte des aliments pour une bonne exposition et appr\u00e9ciation des produits \u00e0 l'int\u00e9rieur.","og_url":"https:\/\/www.coolheadeurope.com\/prodotto\/freezer\/freezer-verticali\/tng-480c\/","og_site_name":"Cool Head Europe","article_modified_time":"2026-02-08T06:37:25+00:00","og_image":[{"width":283,"height":567,"url":"https:\/\/www.coolheadeurope.com\/wp-content\/uploads\/2026\/04\/TNG-480C-CORPO_CH_LOW.png","type":"image\/png"}],"twitter_card":"summary_large_image","schema":{"@context":"https:\/\/schema.org","@graph":[{"@type":"WebPage","@id":"https:\/\/www.coolheadeurope.com\/prodotto\/freezer\/freezer-verticali\/tng-480c\/","url":"https:\/\/www.coolheadeurope.com\/prodotto\/freezer\/freezer-verticali\/tng-480c\/","name":"TNG 480C - Cool Head Europe","isPartOf":{"@id":"https:\/\/www.coolheadeurope.com\/#website"},"primaryImageOfPage":{"@id":"https:\/\/www.coolheadeurope.com\/prodotto\/freezer\/freezer-verticali\/tng-480c\/#primaryimage"},"image":{"@id":"https:\/\/www.coolheadeurope.com\/prodotto\/freezer\/freezer-verticali\/tng-480c\/#primaryimage"},"thumbnailUrl":"https:\/\/www.coolheadeurope.com\/wp-content\/uploads\/2026\/04\/TNG-480C-CORPO_CH_LOW.png","datePublished":"2024-10-10T00:32:47+00:00","dateModified":"2026-02-08T06:37:25+00:00","breadcrumb":{"@id":"https:\/\/www.coolheadeurope.com\/prodotto\/freezer\/freezer-verticali\/tng-480c\/#breadcrumb"},"inLanguage":"fr-FR","potentialAction":[{"@type":"ReadAction","target":["https:\/\/www.coolheadeurope.com\/prodotto\/freezer\/freezer-verticali\/tng-480c\/"]}]},{"@type":"ImageObject","inLanguage":"fr-FR","@id":"https:\/\/www.coolheadeurope.com\/prodotto\/freezer\/freezer-verticali\/tng-480c\/#primaryimage","url":"https:\/\/www.coolheadeurope.com\/wp-content\/uploads\/2026\/04\/TNG-480C-CORPO_CH_LOW.png","contentUrl":"https:\/\/www.coolheadeurope.com\/wp-content\/uploads\/2026\/04\/TNG-480C-CORPO_CH_LOW.png","width":283,"height":567,"caption":"Immagine di TNG 480C"},{"@type":"BreadcrumbList","@id":"https:\/\/www.coolheadeurope.com\/prodotto\/freezer\/freezer-verticali\/tng-480c\/#breadcrumb","itemListElement":[{"@type":"ListItem","position":1,"name":"Home","item":"https:\/\/www.coolheadeurope.com\/fr\/"},{"@type":"ListItem","position":2,"name":"Rechercher","item":"https:\/\/www.coolheadeurope.com\/cerca\/"},{"@type":"ListItem","position":3,"name":"TNG 480C"}]},{"@type":"WebSite","@id":"https:\/\/www.coolheadeurope.com\/#website","url":"https:\/\/www.coolheadeurope.com\/","name":"Cool Head Europe","description":"We make the world a cooler place","potentialAction":[{"@type":"SearchAction","target":{"@type":"EntryPoint","urlTemplate":"https:\/\/www.coolheadeurope.com\/?s={search_term_string}"},"query-input":{"@type":"PropertyValueSpecification","valueRequired":true,"valueName":"search_term_string"}}],"inLanguage":"fr-FR"}]}},"_links":{"self":[{"href":"https:\/\/www.coolheadeurope.com\/fr\/wp-json\/wp\/v2\/product\/2958430","targetHints":{"allow":["GET"]}}],"collection":[{"href":"https:\/\/www.coolheadeurope.com\/fr\/wp-json\/wp\/v2\/product"}],"about":[{"href":"https:\/\/www.coolheadeurope.com\/fr\/wp-json\/wp\/v2\/types\/product"}],"wp:featuredmedia":[{"embeddable":true,"href":"https:\/\/www.coolheadeurope.com\/fr\/wp-json\/wp\/v2\/media\/3881414"}],"wp:attachment":[{"href":"https:\/\/www.coolheadeurope.com\/fr\/wp-json\/wp\/v2\/media?parent=2958430"}],"wp:term":[{"taxonomy":"product_brand","embeddable":true,"href":"https:\/\/www.coolheadeurope.com\/fr\/wp-json\/wp\/v2\/product_brand?post=2958430"},{"taxonomy":"product_cat","embeddable":true,"href":"https:\/\/www.coolheadeurope.com\/fr\/wp-json\/wp\/v2\/product_cat?post=2958430"},{"taxonomy":"product_tag","embeddable":true,"href":"https:\/\/www.coolheadeurope.com\/fr\/wp-json\/wp\/v2\/product_tag?post=2958430"}],"curies":[{"name":"wp","href":"https:\/\/api.w.org\/{rel}","templated":true}]}}