{"id":2958433,"date":"2024-10-10T00:38:00","date_gmt":"2024-10-10T00:38:00","guid":{"rendered":"https:\/\/www.coolheadeurope.com\/prodotto\/non%20class\u00e9\/rfg-1900\/"},"modified":"2026-02-08T06:37:28","modified_gmt":"2026-02-08T06:37:28","slug":"rfg-1900","status":"publish","type":"product","link":"https:\/\/www.coolheadeurope.com\/fr\/prodotto\/congelateur\/congelateurs-verticaux\/rfg-1900\/","title":{"rendered":"RFG 1900"},"content":{"rendered":"<p>Cong\u00e9lateur vertical 1200 L (PORTE VITR\u00c9E)<br \/>\nAcier laqu\u00e9 blanc pour la face externe et la face interne<br \/>\nRefroidissement ventil\u00e9<br \/>\nCycle de d\u00e9givrage au gaz chaud<br \/>\nAgent moussant : Cyclopentane (60 mm par c\u00f4t\u00e9 &#8211; Sans CFC)<br \/>\nThermostat num\u00e9rique<br \/>\nCommutateur principal ind\u00e9pendant<br \/>\nLampe LED interne verticale (avec commutateur ind\u00e9pendant)<br \/>\nJoint d&rsquo;\u00e9tanch\u00e9it\u00e9 amovible<br \/>\nPorte chauff\u00e9e avec triple verre de s\u00e9curit\u00e9 tremp\u00e9 et gaz Argon<br \/>\nPorte \u00e0 fermeture automatique<br \/>\nSerrure mont\u00e9e de s\u00e9rie et poign\u00e9e externe carr\u00e9e en aluminium<br \/>\nClayettes r\u00e9glables: 18 pi\u00e8ces<br \/>\nGrille arri\u00e8re \u00e0 faible encombrement<br \/>\nRoulettes no. 8 pour un positionnement facile<br \/>\nClasse \u00e9nerg\u00e9tique: D<\/p>\n","protected":false},"excerpt":{"rendered":"<p>Cong\u00e9lateur vertical d&rsquo;une capacit\u00e9 de 1450 litres, corps en acier blanc et trois portes en verre. Il est \u00e9quip\u00e9 d&rsquo;une lampe LED verticale avec interrupteur ind\u00e9pendant, d&rsquo;une porte chauffante avec double verre de s\u00e9curit\u00e9 tremp\u00e9, d&rsquo;un syst\u00e8me de refroidissement ventil\u00e9, de 18 clayettes r\u00e9glables, d&rsquo;une serrure, d&rsquo;une porte \u00e0 fermeture automatique, de 6 roulettes pour un positionnement facile et d&rsquo;un thermostat num\u00e9rique.<br \/>\nLe RFG 1900 est con\u00e7u pour \u00eatre utilis\u00e9 de diff\u00e9rentes mani\u00e8res, en veillant toujours \u00e0 une bonne conservation des aliments pour une bonne pr\u00e9sentation et appr\u00e9ciation des produits \u00e0 l&rsquo;int\u00e9rieur.<\/p>\n","protected":false},"featured_media":3881436,"template":"","meta":[],"product_brand":[],"product_cat":[7387,7389],"product_tag":[],"class_list":{"0":"post-2958433","1":"product","2":"type-product","3":"status-publish","4":"has-post-thumbnail","6":"product_cat-congelateur","7":"product_cat-congelateurs-verticaux","8":"pa_capacite-commerciale-1450-l","9":"pa_consommation-denergie-23-8-kw-24h","10":"pa_hauteur-exterieure-2040-mm","11":"pa_hauteur-interieure-1465-mm","12":"pa_largeur-exterieure-1880-mm","13":"pa_largeur-interne-1760-mm","14":"pa_niveau-sonore-65-dba","15":"pa_poids-brut-355-kg","16":"pa_poids-net-305-kg","17":"pa_profondeur-externe-760-mm","18":"pa_profondeur-interne-580-mm","19":"pa_puissance-1200-w","21":"first","22":"instock","23":"product-type-simple"},"acf":[],"yoast_head":"<!-- This site is optimized with the Yoast SEO plugin v27.2 - https:\/\/yoast.com\/product\/yoast-seo-wordpress\/ -->\n<title>RFG 1900 - Cool Head Europe<\/title>\n<meta name=\"robots\" content=\"index, follow, max-snippet:-1, max-image-preview:large, max-video-preview:-1\" \/>\n<link rel=\"canonical\" href=\"https:\/\/www.coolheadeurope.com\/fr\/prodotto\/congelateur\/congelateurs-verticaux\/rfg-1900\/\" \/>\n<meta property=\"og:locale\" content=\"fr_FR\" \/>\n<meta property=\"og:type\" content=\"article\" \/>\n<meta property=\"og:title\" content=\"RFG 1900 - Cool Head Europe\" \/>\n<meta property=\"og:description\" content=\"Cong\u00e9lateur vertical d&#039;une capacit\u00e9 de 1450 litres, corps en acier blanc et trois portes en verre. Il est \u00e9quip\u00e9 d&#039;une lampe LED verticale avec interrupteur ind\u00e9pendant, d&#039;une porte chauffante avec double verre de s\u00e9curit\u00e9 tremp\u00e9, d&#039;un syst\u00e8me de refroidissement ventil\u00e9, de 18 clayettes r\u00e9glables, d&#039;une serrure, d&#039;une porte \u00e0 fermeture automatique, de 6 roulettes pour un positionnement facile et d&#039;un thermostat num\u00e9rique. Le RFG 1900 est con\u00e7u pour \u00eatre utilis\u00e9 de diff\u00e9rentes mani\u00e8res, en veillant toujours \u00e0 une bonne conservation des aliments pour une bonne pr\u00e9sentation et appr\u00e9ciation des produits \u00e0 l&#039;int\u00e9rieur.\" \/>\n<meta property=\"og:url\" content=\"https:\/\/www.coolheadeurope.com\/fr\/prodotto\/congelateur\/congelateurs-verticaux\/rfg-1900\/\" \/>\n<meta property=\"og:site_name\" content=\"Cool Head Europe\" \/>\n<meta property=\"article:modified_time\" content=\"2026-02-08T06:37:28+00:00\" \/>\n<meta property=\"og:image\" content=\"https:\/\/www.coolheadeurope.com\/wp-content\/uploads\/2026\/04\/RFG-1900-CORPO_CH_LOW.png\" \/>\n\t<meta property=\"og:image:width\" content=\"520\" \/>\n\t<meta property=\"og:image:height\" content=\"567\" \/>\n\t<meta property=\"og:image:type\" content=\"image\/png\" \/>\n<meta name=\"twitter:card\" content=\"summary_large_image\" \/>\n<meta name=\"twitter:label1\" content=\"Dur\u00e9e de lecture estim\u00e9e\" \/>\n\t<meta name=\"twitter:data1\" content=\"1 minute\" \/>\n<!-- \/ Yoast SEO plugin. -->","yoast_head_json":{"title":"RFG 1900 - Cool Head Europe","robots":{"index":"index","follow":"follow","max-snippet":"max-snippet:-1","max-image-preview":"max-image-preview:large","max-video-preview":"max-video-preview:-1"},"canonical":"https:\/\/www.coolheadeurope.com\/fr\/prodotto\/congelateur\/congelateurs-verticaux\/rfg-1900\/","og_locale":"fr_FR","og_type":"article","og_title":"RFG 1900 - Cool Head Europe","og_description":"Cong\u00e9lateur vertical d'une capacit\u00e9 de 1450 litres, corps en acier blanc et trois portes en verre. Il est \u00e9quip\u00e9 d'une lampe LED verticale avec interrupteur ind\u00e9pendant, d'une porte chauffante avec double verre de s\u00e9curit\u00e9 tremp\u00e9, d'un syst\u00e8me de refroidissement ventil\u00e9, de 18 clayettes r\u00e9glables, d'une serrure, d'une porte \u00e0 fermeture automatique, de 6 roulettes pour un positionnement facile et d'un thermostat num\u00e9rique. Le RFG 1900 est con\u00e7u pour \u00eatre utilis\u00e9 de diff\u00e9rentes mani\u00e8res, en veillant toujours \u00e0 une bonne conservation des aliments pour une bonne pr\u00e9sentation et appr\u00e9ciation des produits \u00e0 l'int\u00e9rieur.","og_url":"https:\/\/www.coolheadeurope.com\/fr\/prodotto\/congelateur\/congelateurs-verticaux\/rfg-1900\/","og_site_name":"Cool Head Europe","article_modified_time":"2026-02-08T06:37:28+00:00","og_image":[{"width":520,"height":567,"url":"https:\/\/www.coolheadeurope.com\/wp-content\/uploads\/2026\/04\/RFG-1900-CORPO_CH_LOW.png","type":"image\/png"}],"twitter_card":"summary_large_image","twitter_misc":{"Dur\u00e9e de lecture estim\u00e9e":"1 minute"},"schema":{"@context":"https:\/\/schema.org","@graph":[{"@type":"WebPage","@id":"https:\/\/www.coolheadeurope.com\/fr\/prodotto\/congelateur\/congelateurs-verticaux\/rfg-1900\/","url":"https:\/\/www.coolheadeurope.com\/fr\/prodotto\/congelateur\/congelateurs-verticaux\/rfg-1900\/","name":"RFG 1900 - Cool Head Europe","isPartOf":{"@id":"https:\/\/www.coolheadeurope.com\/#website"},"primaryImageOfPage":{"@id":"https:\/\/www.coolheadeurope.com\/fr\/prodotto\/congelateur\/congelateurs-verticaux\/rfg-1900\/#primaryimage"},"image":{"@id":"https:\/\/www.coolheadeurope.com\/fr\/prodotto\/congelateur\/congelateurs-verticaux\/rfg-1900\/#primaryimage"},"thumbnailUrl":"https:\/\/www.coolheadeurope.com\/wp-content\/uploads\/2026\/04\/RFG-1900-CORPO_CH_LOW.png","datePublished":"2024-10-10T00:38:00+00:00","dateModified":"2026-02-08T06:37:28+00:00","breadcrumb":{"@id":"https:\/\/www.coolheadeurope.com\/fr\/prodotto\/congelateur\/congelateurs-verticaux\/rfg-1900\/#breadcrumb"},"inLanguage":"fr-FR","potentialAction":[{"@type":"ReadAction","target":["https:\/\/www.coolheadeurope.com\/fr\/prodotto\/congelateur\/congelateurs-verticaux\/rfg-1900\/"]}]},{"@type":"ImageObject","inLanguage":"fr-FR","@id":"https:\/\/www.coolheadeurope.com\/fr\/prodotto\/congelateur\/congelateurs-verticaux\/rfg-1900\/#primaryimage","url":"https:\/\/www.coolheadeurope.com\/wp-content\/uploads\/2026\/04\/RFG-1900-CORPO_CH_LOW.png","contentUrl":"https:\/\/www.coolheadeurope.com\/wp-content\/uploads\/2026\/04\/RFG-1900-CORPO_CH_LOW.png","width":520,"height":567,"caption":"Immagine di RFG 1900"},{"@type":"BreadcrumbList","@id":"https:\/\/www.coolheadeurope.com\/fr\/prodotto\/congelateur\/congelateurs-verticaux\/rfg-1900\/#breadcrumb","itemListElement":[{"@type":"ListItem","position":1,"name":"Home","item":"https:\/\/www.coolheadeurope.com\/fr\/"},{"@type":"ListItem","position":2,"name":"Rechercher","item":"https:\/\/www.coolheadeurope.com\/cerca\/"},{"@type":"ListItem","position":3,"name":"RFG 1900"}]},{"@type":"WebSite","@id":"https:\/\/www.coolheadeurope.com\/#website","url":"https:\/\/www.coolheadeurope.com\/","name":"Cool Head Europe","description":"We make the world a cooler place","potentialAction":[{"@type":"SearchAction","target":{"@type":"EntryPoint","urlTemplate":"https:\/\/www.coolheadeurope.com\/?s={search_term_string}"},"query-input":{"@type":"PropertyValueSpecification","valueRequired":true,"valueName":"search_term_string"}}],"inLanguage":"fr-FR"}]}},"_links":{"self":[{"href":"https:\/\/www.coolheadeurope.com\/fr\/wp-json\/wp\/v2\/product\/2958433","targetHints":{"allow":["GET"]}}],"collection":[{"href":"https:\/\/www.coolheadeurope.com\/fr\/wp-json\/wp\/v2\/product"}],"about":[{"href":"https:\/\/www.coolheadeurope.com\/fr\/wp-json\/wp\/v2\/types\/product"}],"wp:featuredmedia":[{"embeddable":true,"href":"https:\/\/www.coolheadeurope.com\/fr\/wp-json\/wp\/v2\/media\/3881436"}],"wp:attachment":[{"href":"https:\/\/www.coolheadeurope.com\/fr\/wp-json\/wp\/v2\/media?parent=2958433"}],"wp:term":[{"taxonomy":"product_brand","embeddable":true,"href":"https:\/\/www.coolheadeurope.com\/fr\/wp-json\/wp\/v2\/product_brand?post=2958433"},{"taxonomy":"product_cat","embeddable":true,"href":"https:\/\/www.coolheadeurope.com\/fr\/wp-json\/wp\/v2\/product_cat?post=2958433"},{"taxonomy":"product_tag","embeddable":true,"href":"https:\/\/www.coolheadeurope.com\/fr\/wp-json\/wp\/v2\/product_tag?post=2958433"}],"curies":[{"name":"wp","href":"https:\/\/api.w.org\/{rel}","templated":true}]}}