{"id":2958440,"date":"2024-10-10T00:50:00","date_gmt":"2024-10-10T00:50:00","guid":{"rendered":"https:\/\/www.coolheadeurope.com\/prodotto\/non%20class\u00e9\/hn-80\/"},"modified":"2026-02-08T06:37:36","modified_gmt":"2026-02-08T06:37:36","slug":"hn-80","status":"publish","type":"product","link":"https:\/\/www.coolheadeurope.com\/fr\/prodotto\/congelateur\/congelateurs-coffre\/hn-80\/","title":{"rendered":"HN 80"},"content":{"rendered":"<p>Cong\u00e9lateur coffre 80 L avec couvercle sup\u00e9rieur vitr\u00e9<br \/>\nFace externe en plaque laqu\u00e9e noire, face interne en plaque laqu\u00e9e grise<br \/>\nRefroidissement statique<br \/>\nD\u00e9givrage manuel<br \/>\nAgent moussant : Cyclopentane (60 mm par c\u00f4t\u00e9)<br \/>\nPoign\u00e9e fix\u00e9e le long du profil\u00e9 de porte<br \/>\nSeul verre de s\u00e9curit\u00e9 tremp\u00e9 (Low-E)<br \/>\nEnsemble de rondelles d\u2019espacement inclus<br \/>\nRoulette N\u00b0 4 (N\u00b0 1 \u00e0 l\u2019avant avec frein)<br \/>\nClasse \u00e9nerg\u00e9tique: D<\/p>\n","protected":false},"excerpt":{"rendered":"<p>Pratique, fiable et durable, ce cong\u00e9lateur coffre de forme cylindrique avec dessus en verre est con\u00e7u pour stocker et manipuler facilement les sorbets et les cr\u00e8mes glac\u00e9es.<br \/>\n\u00c9quip\u00e9 d&rsquo;un syst\u00e8me de refroidissement statique, d&rsquo;une poign\u00e9e int\u00e9gr\u00e9e dans le cadre en verre et d&rsquo;un panier avec entretoise verticale, le mod\u00e8le HN 80 est \u00e9galement facile \u00e0 d\u00e9placer gr\u00e2ce \u00e0 ses 3 roulettes pivotantes.<\/p>\n","protected":false},"featured_media":3703972,"template":"","meta":[],"product_brand":[],"product_cat":[7387,7390],"product_tag":[],"class_list":{"0":"post-2958440","1":"product","2":"type-product","3":"status-publish","4":"has-post-thumbnail","6":"product_cat-congelateur","7":"product_cat-congelateurs-coffre","8":"pa_capacite-commerciale-77-l","9":"pa_consommation-denergie-1-26-kw-24h","10":"pa_hauteur-exterieure-849-mm","11":"pa_hauteur-interieure-460-mm","12":"pa_largeur-exterieure-569-mm","13":"pa_largeur-interne-458-mm","14":"pa_niveau-sonore-36-dba","15":"pa_poids-brut-34-kg","16":"pa_poids-net-29-kg","17":"pa_profondeur-externe-569-mm","18":"pa_profondeur-interne-458-mm","19":"pa_puissance-100-w","21":"first","22":"instock","23":"product-type-simple"},"acf":[],"yoast_head":"<!-- This site is optimized with the Yoast SEO plugin v27.2 - https:\/\/yoast.com\/product\/yoast-seo-wordpress\/ -->\n<title>HN 80 - Cool Head Europe<\/title>\n<meta name=\"robots\" content=\"index, follow, max-snippet:-1, max-image-preview:large, max-video-preview:-1\" \/>\n<link rel=\"canonical\" href=\"http:\/\/www.coolheadeurope.com\/fr\/prodotto\/congelateur\/congelateurs-coffre\/hn-80\/\" \/>\n<meta property=\"og:locale\" content=\"fr_FR\" \/>\n<meta property=\"og:type\" content=\"article\" \/>\n<meta property=\"og:title\" content=\"HN 80 - Cool Head Europe\" \/>\n<meta property=\"og:description\" content=\"Pratique, fiable et durable, ce cong\u00e9lateur coffre de forme cylindrique avec dessus en verre est con\u00e7u pour stocker et manipuler facilement les sorbets et les cr\u00e8mes glac\u00e9es. \u00c9quip\u00e9 d&#039;un syst\u00e8me de refroidissement statique, d&#039;une poign\u00e9e int\u00e9gr\u00e9e dans le cadre en verre et d&#039;un panier avec entretoise verticale, le mod\u00e8le HN 80 est \u00e9galement facile \u00e0 d\u00e9placer gr\u00e2ce \u00e0 ses 3 roulettes pivotantes.\" \/>\n<meta property=\"og:url\" content=\"http:\/\/www.coolheadeurope.com\/fr\/prodotto\/congelateur\/congelateurs-coffre\/hn-80\/\" \/>\n<meta property=\"og:site_name\" content=\"Cool Head Europe\" \/>\n<meta property=\"article:modified_time\" content=\"2026-02-08T06:37:36+00:00\" \/>\n<meta property=\"og:image\" content=\"http:\/\/www.coolheadeurope.com\/wp-content\/uploads\/2026\/02\/HN-80-CORPO_CH_LOW.png\" \/>\n\t<meta property=\"og:image:width\" content=\"367\" \/>\n\t<meta property=\"og:image:height\" content=\"548\" \/>\n\t<meta property=\"og:image:type\" content=\"image\/png\" \/>\n<meta name=\"twitter:card\" content=\"summary_large_image\" \/>\n<!-- \/ Yoast SEO plugin. -->","yoast_head_json":{"title":"HN 80 - Cool Head Europe","robots":{"index":"index","follow":"follow","max-snippet":"max-snippet:-1","max-image-preview":"max-image-preview:large","max-video-preview":"max-video-preview:-1"},"canonical":"http:\/\/www.coolheadeurope.com\/fr\/prodotto\/congelateur\/congelateurs-coffre\/hn-80\/","og_locale":"fr_FR","og_type":"article","og_title":"HN 80 - Cool Head Europe","og_description":"Pratique, fiable et durable, ce cong\u00e9lateur coffre de forme cylindrique avec dessus en verre est con\u00e7u pour stocker et manipuler facilement les sorbets et les cr\u00e8mes glac\u00e9es. \u00c9quip\u00e9 d'un syst\u00e8me de refroidissement statique, d'une poign\u00e9e int\u00e9gr\u00e9e dans le cadre en verre et d'un panier avec entretoise verticale, le mod\u00e8le HN 80 est \u00e9galement facile \u00e0 d\u00e9placer gr\u00e2ce \u00e0 ses 3 roulettes pivotantes.","og_url":"http:\/\/www.coolheadeurope.com\/fr\/prodotto\/congelateur\/congelateurs-coffre\/hn-80\/","og_site_name":"Cool Head Europe","article_modified_time":"2026-02-08T06:37:36+00:00","og_image":[{"width":367,"height":548,"url":"http:\/\/www.coolheadeurope.com\/wp-content\/uploads\/2026\/02\/HN-80-CORPO_CH_LOW.png","type":"image\/png"}],"twitter_card":"summary_large_image","schema":{"@context":"https:\/\/schema.org","@graph":[{"@type":"WebPage","@id":"http:\/\/www.coolheadeurope.com\/fr\/prodotto\/congelateur\/congelateurs-coffre\/hn-80\/","url":"http:\/\/www.coolheadeurope.com\/fr\/prodotto\/congelateur\/congelateurs-coffre\/hn-80\/","name":"HN 80 - Cool Head Europe","isPartOf":{"@id":"https:\/\/www.coolheadeurope.com\/#website"},"primaryImageOfPage":{"@id":"http:\/\/www.coolheadeurope.com\/fr\/prodotto\/congelateur\/congelateurs-coffre\/hn-80\/#primaryimage"},"image":{"@id":"http:\/\/www.coolheadeurope.com\/fr\/prodotto\/congelateur\/congelateurs-coffre\/hn-80\/#primaryimage"},"thumbnailUrl":"https:\/\/www.coolheadeurope.com\/wp-content\/uploads\/2026\/04\/HN-80-CORPO_CH_LOW-14.png","datePublished":"2024-10-10T00:50:00+00:00","dateModified":"2026-02-08T06:37:36+00:00","breadcrumb":{"@id":"http:\/\/www.coolheadeurope.com\/fr\/prodotto\/congelateur\/congelateurs-coffre\/hn-80\/#breadcrumb"},"inLanguage":"fr-FR","potentialAction":[{"@type":"ReadAction","target":["http:\/\/www.coolheadeurope.com\/fr\/prodotto\/congelateur\/congelateurs-coffre\/hn-80\/"]}]},{"@type":"ImageObject","inLanguage":"fr-FR","@id":"http:\/\/www.coolheadeurope.com\/fr\/prodotto\/congelateur\/congelateurs-coffre\/hn-80\/#primaryimage","url":"https:\/\/www.coolheadeurope.com\/wp-content\/uploads\/2026\/04\/HN-80-CORPO_CH_LOW-14.png","contentUrl":"https:\/\/www.coolheadeurope.com\/wp-content\/uploads\/2026\/04\/HN-80-CORPO_CH_LOW-14.png","width":367,"height":548,"caption":"Immagine di HN 80"},{"@type":"BreadcrumbList","@id":"http:\/\/www.coolheadeurope.com\/fr\/prodotto\/congelateur\/congelateurs-coffre\/hn-80\/#breadcrumb","itemListElement":[{"@type":"ListItem","position":1,"name":"Home","item":"https:\/\/www.coolheadeurope.com\/fr\/"},{"@type":"ListItem","position":2,"name":"Rechercher","item":"https:\/\/www.coolheadeurope.com\/cerca\/"},{"@type":"ListItem","position":3,"name":"HN 80"}]},{"@type":"WebSite","@id":"https:\/\/www.coolheadeurope.com\/#website","url":"https:\/\/www.coolheadeurope.com\/","name":"Cool Head Europe","description":"We make the world a cooler place","potentialAction":[{"@type":"SearchAction","target":{"@type":"EntryPoint","urlTemplate":"https:\/\/www.coolheadeurope.com\/?s={search_term_string}"},"query-input":{"@type":"PropertyValueSpecification","valueRequired":true,"valueName":"search_term_string"}}],"inLanguage":"fr-FR"}]}},"_links":{"self":[{"href":"https:\/\/www.coolheadeurope.com\/fr\/wp-json\/wp\/v2\/product\/2958440","targetHints":{"allow":["GET"]}}],"collection":[{"href":"https:\/\/www.coolheadeurope.com\/fr\/wp-json\/wp\/v2\/product"}],"about":[{"href":"https:\/\/www.coolheadeurope.com\/fr\/wp-json\/wp\/v2\/types\/product"}],"wp:featuredmedia":[{"embeddable":true,"href":"https:\/\/www.coolheadeurope.com\/fr\/wp-json\/wp\/v2\/media\/3703972"}],"wp:attachment":[{"href":"https:\/\/www.coolheadeurope.com\/fr\/wp-json\/wp\/v2\/media?parent=2958440"}],"wp:term":[{"taxonomy":"product_brand","embeddable":true,"href":"https:\/\/www.coolheadeurope.com\/fr\/wp-json\/wp\/v2\/product_brand?post=2958440"},{"taxonomy":"product_cat","embeddable":true,"href":"https:\/\/www.coolheadeurope.com\/fr\/wp-json\/wp\/v2\/product_cat?post=2958440"},{"taxonomy":"product_tag","embeddable":true,"href":"https:\/\/www.coolheadeurope.com\/fr\/wp-json\/wp\/v2\/product_tag?post=2958440"}],"curies":[{"name":"wp","href":"https:\/\/api.w.org\/{rel}","templated":true}]}}