{"id":2958443,"date":"2024-10-10T00:55:10","date_gmt":"2024-10-10T00:55:10","guid":{"rendered":"https:\/\/www.coolheadeurope.com\/prodotto\/non%20class\u00e9\/cg-509a\/"},"modified":"2026-02-08T06:37:39","modified_gmt":"2026-02-08T06:37:39","slug":"cg-509a","status":"publish","type":"product","link":"https:\/\/www.coolheadeurope.com\/fr\/prodotto\/congelateur\/congelateurs-coffre\/cg-509a\/","title":{"rendered":"CG 509A"},"content":{"rendered":"<p>Cong\u00e9lateur coffre 500 L avec couvercle sup\u00e9rieur vitr\u00e9 coulissant<br \/>\nAcier laqu\u00e9 blanc pour la face externe et la face interne<br \/>\nRefroidissement statique<br \/>\nD\u00e9givrage manuel<br \/>\nThermom\u00e8tre analogique<br \/>\nAgent moussant : Cyclopentane (70 mm par c\u00f4t\u00e9)<br \/>\nSeul verre de s\u00e9curit\u00e9 tremp\u00e9<br \/>\nPoign\u00e9e fix\u00e9e sur le cadre en verre<br \/>\nSerrure mont\u00e9e de s\u00e9rie<br \/>\nLampe LED interne horizontale (avec commutateur ind\u00e9pendant)<br \/>\nPanier compris (Pi\u00e8ces N\u00b0 4)<br \/>\nRoulette N\u00b0 4 (N\u00b0 2 \u00e0 l\u2019avant avec frein)<br \/>\nClasse \u00e9nerg\u00e9tique: D<\/p>\n","protected":false},"excerpt":{"rendered":"<p>Pratique, fiable et durable, ce cong\u00e9lateur coffre de 500 litres avec dessus en verre coulissant incurv\u00e9 est con\u00e7u pour stocker et manipuler facilement les glaces et les aliments surgel\u00e9s.<br \/>\nEquip\u00e9 d&rsquo;un syst\u00e8me de refroidissement statique, de deux portes coulissantes en verre de s\u00e9curit\u00e9 tremp\u00e9, d&rsquo;une poign\u00e9e int\u00e9gr\u00e9e dans le cadre en verre, d&rsquo;une serrure, d&rsquo;une lampe LED horizontale avec interrupteur ind\u00e9pendant et de 3 paniers, le CG 509A est \u00e9galement facile \u00e0 d\u00e9placer gr\u00e2ce \u00e0 ses 4 roulettes pivotantes.<\/p>\n","protected":false},"featured_media":3868726,"template":"","meta":[],"product_brand":[],"product_cat":[7387,7390],"product_tag":[],"class_list":{"0":"post-2958443","1":"product","2":"type-product","3":"status-publish","4":"has-post-thumbnail","6":"product_cat-congelateur","7":"product_cat-congelateurs-coffre","8":"pa_capacite-commerciale-475-l","9":"pa_consommation-denergie-3-863-kw-24h","10":"pa_hauteur-exterieure-850-mm","11":"pa_hauteur-interieure-600-mm","12":"pa_largeur-exterieure-1510-mm","13":"pa_largeur-interne-1365-mm","14":"pa_niveau-sonore-52-dba","15":"pa_poids-brut-86-00-kg","16":"pa_poids-net-75-00-kg","17":"pa_profondeur-externe-694-mm","18":"pa_profondeur-interne-550-mm","19":"pa_puissance-230-w","21":"first","22":"instock","23":"product-type-simple"},"acf":[],"yoast_head":"<!-- This site is optimized with the Yoast SEO plugin v27.2 - https:\/\/yoast.com\/product\/yoast-seo-wordpress\/ -->\n<title>CG 509A - Cool Head Europe<\/title>\n<meta name=\"robots\" content=\"index, follow, max-snippet:-1, max-image-preview:large, max-video-preview:-1\" \/>\n<link rel=\"canonical\" href=\"https:\/\/www.coolheadeurope.com\/prodotto\/freezer\/freezer-a-pozzetto\/cg-509a\/\" \/>\n<meta property=\"og:locale\" content=\"fr_FR\" \/>\n<meta property=\"og:type\" content=\"article\" \/>\n<meta property=\"og:title\" content=\"CG 509A - Cool Head Europe\" \/>\n<meta property=\"og:description\" content=\"Pratique, fiable et durable, ce cong\u00e9lateur coffre de 500 litres avec dessus en verre coulissant incurv\u00e9 est con\u00e7u pour stocker et manipuler facilement les glaces et les aliments surgel\u00e9s. Equip\u00e9 d&#039;un syst\u00e8me de refroidissement statique, de deux portes coulissantes en verre de s\u00e9curit\u00e9 tremp\u00e9, d&#039;une poign\u00e9e int\u00e9gr\u00e9e dans le cadre en verre, d&#039;une serrure, d&#039;une lampe LED horizontale avec interrupteur ind\u00e9pendant et de 3 paniers, le CG 509A est \u00e9galement facile \u00e0 d\u00e9placer gr\u00e2ce \u00e0 ses 4 roulettes pivotantes.\" \/>\n<meta property=\"og:url\" content=\"https:\/\/www.coolheadeurope.com\/prodotto\/freezer\/freezer-a-pozzetto\/cg-509a\/\" \/>\n<meta property=\"og:site_name\" content=\"Cool Head Europe\" \/>\n<meta property=\"article:modified_time\" content=\"2026-02-08T06:37:39+00:00\" \/>\n<meta property=\"og:image\" content=\"https:\/\/www.coolheadeurope.com\/wp-content\/uploads\/2026\/04\/CG-509A-CORPO_CH_LOW-16.png\" \/>\n\t<meta property=\"og:image:width\" content=\"520\" \/>\n\t<meta property=\"og:image:height\" content=\"371\" \/>\n\t<meta property=\"og:image:type\" content=\"image\/png\" \/>\n<meta name=\"twitter:card\" content=\"summary_large_image\" \/>\n<!-- \/ Yoast SEO plugin. -->","yoast_head_json":{"title":"CG 509A - Cool Head Europe","robots":{"index":"index","follow":"follow","max-snippet":"max-snippet:-1","max-image-preview":"max-image-preview:large","max-video-preview":"max-video-preview:-1"},"canonical":"https:\/\/www.coolheadeurope.com\/prodotto\/freezer\/freezer-a-pozzetto\/cg-509a\/","og_locale":"fr_FR","og_type":"article","og_title":"CG 509A - Cool Head Europe","og_description":"Pratique, fiable et durable, ce cong\u00e9lateur coffre de 500 litres avec dessus en verre coulissant incurv\u00e9 est con\u00e7u pour stocker et manipuler facilement les glaces et les aliments surgel\u00e9s. Equip\u00e9 d'un syst\u00e8me de refroidissement statique, de deux portes coulissantes en verre de s\u00e9curit\u00e9 tremp\u00e9, d'une poign\u00e9e int\u00e9gr\u00e9e dans le cadre en verre, d'une serrure, d'une lampe LED horizontale avec interrupteur ind\u00e9pendant et de 3 paniers, le CG 509A est \u00e9galement facile \u00e0 d\u00e9placer gr\u00e2ce \u00e0 ses 4 roulettes pivotantes.","og_url":"https:\/\/www.coolheadeurope.com\/prodotto\/freezer\/freezer-a-pozzetto\/cg-509a\/","og_site_name":"Cool Head Europe","article_modified_time":"2026-02-08T06:37:39+00:00","og_image":[{"width":520,"height":371,"url":"https:\/\/www.coolheadeurope.com\/wp-content\/uploads\/2026\/04\/CG-509A-CORPO_CH_LOW-16.png","type":"image\/png"}],"twitter_card":"summary_large_image","schema":{"@context":"https:\/\/schema.org","@graph":[{"@type":"WebPage","@id":"https:\/\/www.coolheadeurope.com\/prodotto\/freezer\/freezer-a-pozzetto\/cg-509a\/","url":"https:\/\/www.coolheadeurope.com\/prodotto\/freezer\/freezer-a-pozzetto\/cg-509a\/","name":"CG 509A - Cool Head Europe","isPartOf":{"@id":"https:\/\/www.coolheadeurope.com\/#website"},"primaryImageOfPage":{"@id":"https:\/\/www.coolheadeurope.com\/prodotto\/freezer\/freezer-a-pozzetto\/cg-509a\/#primaryimage"},"image":{"@id":"https:\/\/www.coolheadeurope.com\/prodotto\/freezer\/freezer-a-pozzetto\/cg-509a\/#primaryimage"},"thumbnailUrl":"https:\/\/www.coolheadeurope.com\/wp-content\/uploads\/2026\/04\/CG-509A-CORPO_CH_LOW-16.png","datePublished":"2024-10-10T00:55:10+00:00","dateModified":"2026-02-08T06:37:39+00:00","breadcrumb":{"@id":"https:\/\/www.coolheadeurope.com\/prodotto\/freezer\/freezer-a-pozzetto\/cg-509a\/#breadcrumb"},"inLanguage":"fr-FR","potentialAction":[{"@type":"ReadAction","target":["https:\/\/www.coolheadeurope.com\/prodotto\/freezer\/freezer-a-pozzetto\/cg-509a\/"]}]},{"@type":"ImageObject","inLanguage":"fr-FR","@id":"https:\/\/www.coolheadeurope.com\/prodotto\/freezer\/freezer-a-pozzetto\/cg-509a\/#primaryimage","url":"https:\/\/www.coolheadeurope.com\/wp-content\/uploads\/2026\/04\/CG-509A-CORPO_CH_LOW-16.png","contentUrl":"https:\/\/www.coolheadeurope.com\/wp-content\/uploads\/2026\/04\/CG-509A-CORPO_CH_LOW-16.png","width":520,"height":371,"caption":"Immagine di CG 509A"},{"@type":"BreadcrumbList","@id":"https:\/\/www.coolheadeurope.com\/prodotto\/freezer\/freezer-a-pozzetto\/cg-509a\/#breadcrumb","itemListElement":[{"@type":"ListItem","position":1,"name":"Home","item":"https:\/\/www.coolheadeurope.com\/fr\/"},{"@type":"ListItem","position":2,"name":"Rechercher","item":"https:\/\/www.coolheadeurope.com\/cerca\/"},{"@type":"ListItem","position":3,"name":"CG 509A"}]},{"@type":"WebSite","@id":"https:\/\/www.coolheadeurope.com\/#website","url":"https:\/\/www.coolheadeurope.com\/","name":"Cool Head Europe","description":"We make the world a cooler place","potentialAction":[{"@type":"SearchAction","target":{"@type":"EntryPoint","urlTemplate":"https:\/\/www.coolheadeurope.com\/?s={search_term_string}"},"query-input":{"@type":"PropertyValueSpecification","valueRequired":true,"valueName":"search_term_string"}}],"inLanguage":"fr-FR"}]}},"_links":{"self":[{"href":"https:\/\/www.coolheadeurope.com\/fr\/wp-json\/wp\/v2\/product\/2958443","targetHints":{"allow":["GET"]}}],"collection":[{"href":"https:\/\/www.coolheadeurope.com\/fr\/wp-json\/wp\/v2\/product"}],"about":[{"href":"https:\/\/www.coolheadeurope.com\/fr\/wp-json\/wp\/v2\/types\/product"}],"wp:featuredmedia":[{"embeddable":true,"href":"https:\/\/www.coolheadeurope.com\/fr\/wp-json\/wp\/v2\/media\/3868726"}],"wp:attachment":[{"href":"https:\/\/www.coolheadeurope.com\/fr\/wp-json\/wp\/v2\/media?parent=2958443"}],"wp:term":[{"taxonomy":"product_brand","embeddable":true,"href":"https:\/\/www.coolheadeurope.com\/fr\/wp-json\/wp\/v2\/product_brand?post=2958443"},{"taxonomy":"product_cat","embeddable":true,"href":"https:\/\/www.coolheadeurope.com\/fr\/wp-json\/wp\/v2\/product_cat?post=2958443"},{"taxonomy":"product_tag","embeddable":true,"href":"https:\/\/www.coolheadeurope.com\/fr\/wp-json\/wp\/v2\/product_tag?post=2958443"}],"curies":[{"name":"wp","href":"https:\/\/api.w.org\/{rel}","templated":true}]}}