{"id":2958444,"date":"2024-10-10T00:56:50","date_gmt":"2024-10-10T00:56:50","guid":{"rendered":"https:\/\/www.coolheadeurope.com\/prodotto\/non%20class\u00e9\/cfg-308\/"},"modified":"2026-02-08T06:37:40","modified_gmt":"2026-02-08T06:37:40","slug":"cfg-308","status":"publish","type":"product","link":"https:\/\/www.coolheadeurope.com\/fr\/prodotto\/congelateur\/congelateurs-coffre\/cfg-308\/","title":{"rendered":"CFG 308"},"content":{"rendered":"<p>Cong\u00e9lateur coffre 300 L avec couvercle sup\u00e9rieur vitr\u00e9 coulissant<br \/>\nAcier laqu\u00e9 blanc pour la face externe et la face interne<br \/>\nRefroidissement statique<br \/>\nD\u00e9givrage manuel<br \/>\nThermom\u00e8tre num\u00e9rique<br \/>\nAgent moussant : Cyclopentane (60 mm par c\u00f4t\u00e9)<br \/>\nSeul verre de s\u00e9curit\u00e9 tremp\u00e9<br \/>\nPoign\u00e9e fix\u00e9e sur le cadre en verre<br \/>\nSerrure mont\u00e9e de s\u00e9rie<br \/>\nPanier compris (Pi\u00e8ces N\u00b0 3)<br \/>\nRoulette N\u00b0 4 (N\u00b0 2 \u00e0 l\u2019avant avec frein)<br \/>\nClasse \u00e9nerg\u00e9tique: D<\/p>\n","protected":false},"excerpt":{"rendered":"<p>Pratique, fiable et durable, ce cong\u00e9lateur coffre de 300 litres avec couvercle coulissant en verre est con\u00e7u pour stocker et manipuler facilement les glaces et les aliments surgel\u00e9s.<br \/>\n\u00c9quip\u00e9 d&rsquo;un syst\u00e8me de refroidissement statique, de deux portes coulissantes en verre de s\u00e9curit\u00e9 tremp\u00e9, d&rsquo;une serrure et de 3 paniers, le mod\u00e8le CFG 308 est \u00e9galement facile \u00e0 d\u00e9placer gr\u00e2ce \u00e0 ses 4 roulettes pivotantes.<\/p>\n","protected":false},"featured_media":3881456,"template":"","meta":[],"product_brand":[],"product_cat":[7387,7390],"product_tag":[],"class_list":{"0":"post-2958444","1":"product","2":"type-product","3":"status-publish","4":"has-post-thumbnail","6":"product_cat-congelateur","7":"product_cat-congelateurs-coffre","8":"pa_capacite-commerciale-300-l","9":"pa_consommation-denergie-1-776-kw-24h","10":"pa_hauteur-exterieure-863-mm","11":"pa_hauteur-interieure-659-mm","12":"pa_largeur-exterieure-1014-mm","13":"pa_largeur-interne-890-mm","14":"pa_niveau-sonore-52-3-dba","15":"pa_poids-brut-70-kg","16":"pa_poids-net-56-kg","17":"pa_profondeur-externe-635-mm","18":"pa_profondeur-interne-510-mm","19":"pa_puissance-179-w","21":"first","22":"instock","23":"product-type-simple"},"acf":[],"yoast_head":"<!-- This site is optimized with the Yoast SEO plugin v27.2 - https:\/\/yoast.com\/product\/yoast-seo-wordpress\/ -->\n<title>CFG 308 - Cool Head Europe<\/title>\n<meta name=\"robots\" content=\"index, follow, max-snippet:-1, max-image-preview:large, max-video-preview:-1\" \/>\n<link rel=\"canonical\" href=\"https:\/\/www.coolheadeurope.com\/prodotto\/freezer\/freezer-a-pozzetto\/cfg-308\/\" \/>\n<meta property=\"og:locale\" content=\"fr_FR\" \/>\n<meta property=\"og:type\" content=\"article\" \/>\n<meta property=\"og:title\" content=\"CFG 308 - Cool Head Europe\" \/>\n<meta property=\"og:description\" content=\"Pratique, fiable et durable, ce cong\u00e9lateur coffre de 300 litres avec couvercle coulissant en verre est con\u00e7u pour stocker et manipuler facilement les glaces et les aliments surgel\u00e9s. \u00c9quip\u00e9 d&#039;un syst\u00e8me de refroidissement statique, de deux portes coulissantes en verre de s\u00e9curit\u00e9 tremp\u00e9, d&#039;une serrure et de 3 paniers, le mod\u00e8le CFG 308 est \u00e9galement facile \u00e0 d\u00e9placer gr\u00e2ce \u00e0 ses 4 roulettes pivotantes.\" \/>\n<meta property=\"og:url\" content=\"https:\/\/www.coolheadeurope.com\/prodotto\/freezer\/freezer-a-pozzetto\/cfg-308\/\" \/>\n<meta property=\"og:site_name\" content=\"Cool Head Europe\" \/>\n<meta property=\"article:modified_time\" content=\"2026-02-08T06:37:40+00:00\" \/>\n<meta property=\"og:image\" content=\"https:\/\/www.coolheadeurope.com\/wp-content\/uploads\/2026\/04\/CFG-308-CORPO_CH_LOW.png\" \/>\n\t<meta property=\"og:image:width\" content=\"419\" \/>\n\t<meta property=\"og:image:height\" content=\"377\" \/>\n\t<meta property=\"og:image:type\" content=\"image\/png\" \/>\n<meta name=\"twitter:card\" content=\"summary_large_image\" \/>\n<!-- \/ Yoast SEO plugin. -->","yoast_head_json":{"title":"CFG 308 - Cool Head Europe","robots":{"index":"index","follow":"follow","max-snippet":"max-snippet:-1","max-image-preview":"max-image-preview:large","max-video-preview":"max-video-preview:-1"},"canonical":"https:\/\/www.coolheadeurope.com\/prodotto\/freezer\/freezer-a-pozzetto\/cfg-308\/","og_locale":"fr_FR","og_type":"article","og_title":"CFG 308 - Cool Head Europe","og_description":"Pratique, fiable et durable, ce cong\u00e9lateur coffre de 300 litres avec couvercle coulissant en verre est con\u00e7u pour stocker et manipuler facilement les glaces et les aliments surgel\u00e9s. \u00c9quip\u00e9 d'un syst\u00e8me de refroidissement statique, de deux portes coulissantes en verre de s\u00e9curit\u00e9 tremp\u00e9, d'une serrure et de 3 paniers, le mod\u00e8le CFG 308 est \u00e9galement facile \u00e0 d\u00e9placer gr\u00e2ce \u00e0 ses 4 roulettes pivotantes.","og_url":"https:\/\/www.coolheadeurope.com\/prodotto\/freezer\/freezer-a-pozzetto\/cfg-308\/","og_site_name":"Cool Head Europe","article_modified_time":"2026-02-08T06:37:40+00:00","og_image":[{"width":419,"height":377,"url":"https:\/\/www.coolheadeurope.com\/wp-content\/uploads\/2026\/04\/CFG-308-CORPO_CH_LOW.png","type":"image\/png"}],"twitter_card":"summary_large_image","schema":{"@context":"https:\/\/schema.org","@graph":[{"@type":"WebPage","@id":"https:\/\/www.coolheadeurope.com\/prodotto\/freezer\/freezer-a-pozzetto\/cfg-308\/","url":"https:\/\/www.coolheadeurope.com\/prodotto\/freezer\/freezer-a-pozzetto\/cfg-308\/","name":"CFG 308 - Cool Head Europe","isPartOf":{"@id":"https:\/\/www.coolheadeurope.com\/#website"},"primaryImageOfPage":{"@id":"https:\/\/www.coolheadeurope.com\/prodotto\/freezer\/freezer-a-pozzetto\/cfg-308\/#primaryimage"},"image":{"@id":"https:\/\/www.coolheadeurope.com\/prodotto\/freezer\/freezer-a-pozzetto\/cfg-308\/#primaryimage"},"thumbnailUrl":"https:\/\/www.coolheadeurope.com\/wp-content\/uploads\/2026\/04\/CFG-308-CORPO_CH_LOW.png","datePublished":"2024-10-10T00:56:50+00:00","dateModified":"2026-02-08T06:37:40+00:00","breadcrumb":{"@id":"https:\/\/www.coolheadeurope.com\/prodotto\/freezer\/freezer-a-pozzetto\/cfg-308\/#breadcrumb"},"inLanguage":"fr-FR","potentialAction":[{"@type":"ReadAction","target":["https:\/\/www.coolheadeurope.com\/prodotto\/freezer\/freezer-a-pozzetto\/cfg-308\/"]}]},{"@type":"ImageObject","inLanguage":"fr-FR","@id":"https:\/\/www.coolheadeurope.com\/prodotto\/freezer\/freezer-a-pozzetto\/cfg-308\/#primaryimage","url":"https:\/\/www.coolheadeurope.com\/wp-content\/uploads\/2026\/04\/CFG-308-CORPO_CH_LOW.png","contentUrl":"https:\/\/www.coolheadeurope.com\/wp-content\/uploads\/2026\/04\/CFG-308-CORPO_CH_LOW.png","width":419,"height":377,"caption":"Immagine di CFG 308"},{"@type":"BreadcrumbList","@id":"https:\/\/www.coolheadeurope.com\/prodotto\/freezer\/freezer-a-pozzetto\/cfg-308\/#breadcrumb","itemListElement":[{"@type":"ListItem","position":1,"name":"Home","item":"https:\/\/www.coolheadeurope.com\/fr\/"},{"@type":"ListItem","position":2,"name":"Rechercher","item":"https:\/\/www.coolheadeurope.com\/cerca\/"},{"@type":"ListItem","position":3,"name":"CFG 308"}]},{"@type":"WebSite","@id":"https:\/\/www.coolheadeurope.com\/#website","url":"https:\/\/www.coolheadeurope.com\/","name":"Cool Head Europe","description":"We make the world a cooler place","potentialAction":[{"@type":"SearchAction","target":{"@type":"EntryPoint","urlTemplate":"https:\/\/www.coolheadeurope.com\/?s={search_term_string}"},"query-input":{"@type":"PropertyValueSpecification","valueRequired":true,"valueName":"search_term_string"}}],"inLanguage":"fr-FR"}]}},"_links":{"self":[{"href":"https:\/\/www.coolheadeurope.com\/fr\/wp-json\/wp\/v2\/product\/2958444","targetHints":{"allow":["GET"]}}],"collection":[{"href":"https:\/\/www.coolheadeurope.com\/fr\/wp-json\/wp\/v2\/product"}],"about":[{"href":"https:\/\/www.coolheadeurope.com\/fr\/wp-json\/wp\/v2\/types\/product"}],"wp:featuredmedia":[{"embeddable":true,"href":"https:\/\/www.coolheadeurope.com\/fr\/wp-json\/wp\/v2\/media\/3881456"}],"wp:attachment":[{"href":"https:\/\/www.coolheadeurope.com\/fr\/wp-json\/wp\/v2\/media?parent=2958444"}],"wp:term":[{"taxonomy":"product_brand","embeddable":true,"href":"https:\/\/www.coolheadeurope.com\/fr\/wp-json\/wp\/v2\/product_brand?post=2958444"},{"taxonomy":"product_cat","embeddable":true,"href":"https:\/\/www.coolheadeurope.com\/fr\/wp-json\/wp\/v2\/product_cat?post=2958444"},{"taxonomy":"product_tag","embeddable":true,"href":"https:\/\/www.coolheadeurope.com\/fr\/wp-json\/wp\/v2\/product_tag?post=2958444"}],"curies":[{"name":"wp","href":"https:\/\/api.w.org\/{rel}","templated":true}]}}