{"id":2958447,"date":"2024-10-10T01:02:13","date_gmt":"2024-10-10T01:02:13","guid":{"rendered":"https:\/\/www.coolheadeurope.com\/prodotto\/non%20class\u00e9\/cfb-300\/"},"modified":"2026-02-08T06:37:43","modified_gmt":"2026-02-08T06:37:43","slug":"cfb-300","status":"publish","type":"product","link":"https:\/\/www.coolheadeurope.com\/fr\/prodotto\/congelateur\/congelateurs-coffre\/cfb-300\/","title":{"rendered":"CFB 300"},"content":{"rendered":"<p>Cong\u00e9lateur coffre 300 Lt. (ouverture de porte avec syst\u00e8me Flip-flop)<br \/>\nAcier laqu\u00e9 blanc pour la face externe et aluminium gaufr\u00e9 pour la face interne<br \/>\nRefroidissement statique<br \/>\nD\u00e9givrage manuel<br \/>\nDrainage de l&rsquo;eau produite lors du d\u00e9givrage<br \/>\nAgent moussant : Cyclopentane (60 mm par c\u00f4t\u00e9)<br \/>\nJoint d&rsquo;\u00e9tanch\u00e9it\u00e9 amovible<br \/>\nThermom\u00e8tre num\u00e9rique<br \/>\nPanier compris (Pi\u00e8ces N\u00b0 1)<br \/>\nRoulette pivotante N\u00b0 4<br \/>\nClasse \u00e9nerg\u00e9tique: D<\/p>\n","protected":false},"excerpt":{"rendered":"<p>Pratique, fiable et durable, ce cong\u00e9lateur coffre d&rsquo;une capacit\u00e9 de 300 litres avec couvercle rabattable a \u00e9t\u00e9 con\u00e7u pour congeler et stocker parfaitement tous les aliments. Equip\u00e9 d&rsquo;un syst\u00e8me de refroidissement statique, de portes avec serrure et d&rsquo;un panier, le mod\u00e8le CFB 300 est \u00e9galement facile \u00e0 d\u00e9placer gr\u00e2ce \u00e0 ses 4 roulettes pivotantes.<\/p>\n","protected":false},"featured_media":3881459,"template":"","meta":[],"product_brand":[],"product_cat":[7387,7390],"product_tag":[],"class_list":{"0":"post-2958447","1":"product","2":"type-product","3":"status-publish","4":"has-post-thumbnail","6":"product_cat-congelateur","7":"product_cat-congelateurs-coffre","8":"pa_capacite-commerciale-302-l","9":"pa_consommation-denergie-2-325-kw-24h","10":"pa_hauteur-exterieure-897-mm","11":"pa_hauteur-interieure-683-mm","12":"pa_largeur-exterieure-1010-mm","13":"pa_largeur-interne-890-mm","14":"pa_niveau-sonore-52-dba","15":"pa_poids-brut-62-kg","16":"pa_poids-net-58-kg","17":"pa_profondeur-externe-674-mm","18":"pa_profondeur-interne-510-mm","19":"pa_puissance-144-w","21":"first","22":"instock","23":"product-type-simple"},"acf":[],"yoast_head":"<!-- This site is optimized with the Yoast SEO plugin v27.2 - https:\/\/yoast.com\/product\/yoast-seo-wordpress\/ -->\n<title>CFB 300 - Cool Head Europe<\/title>\n<meta name=\"robots\" content=\"index, follow, max-snippet:-1, max-image-preview:large, max-video-preview:-1\" \/>\n<link rel=\"canonical\" href=\"https:\/\/www.coolheadeurope.com\/fr\/prodotto\/congelateur\/congelateurs-coffre\/cfb-300\/\" \/>\n<meta property=\"og:locale\" content=\"fr_FR\" \/>\n<meta property=\"og:type\" content=\"article\" \/>\n<meta property=\"og:title\" content=\"CFB 300 - Cool Head Europe\" \/>\n<meta property=\"og:description\" content=\"Pratique, fiable et durable, ce cong\u00e9lateur coffre d&#039;une capacit\u00e9 de 300 litres avec couvercle rabattable a \u00e9t\u00e9 con\u00e7u pour congeler et stocker parfaitement tous les aliments. Equip\u00e9 d&#039;un syst\u00e8me de refroidissement statique, de portes avec serrure et d&#039;un panier, le mod\u00e8le CFB 300 est \u00e9galement facile \u00e0 d\u00e9placer gr\u00e2ce \u00e0 ses 4 roulettes pivotantes.\" \/>\n<meta property=\"og:url\" content=\"https:\/\/www.coolheadeurope.com\/fr\/prodotto\/congelateur\/congelateurs-coffre\/cfb-300\/\" \/>\n<meta property=\"og:site_name\" content=\"Cool Head Europe\" \/>\n<meta property=\"article:modified_time\" content=\"2026-02-08T06:37:43+00:00\" \/>\n<meta property=\"og:image\" content=\"https:\/\/www.coolheadeurope.com\/wp-content\/uploads\/2026\/04\/CFB-300-CORPO_CH_LOW.png\" \/>\n\t<meta property=\"og:image:width\" content=\"457\" \/>\n\t<meta property=\"og:image:height\" content=\"414\" \/>\n\t<meta property=\"og:image:type\" content=\"image\/png\" \/>\n<meta name=\"twitter:card\" content=\"summary_large_image\" \/>\n<!-- \/ Yoast SEO plugin. -->","yoast_head_json":{"title":"CFB 300 - Cool Head Europe","robots":{"index":"index","follow":"follow","max-snippet":"max-snippet:-1","max-image-preview":"max-image-preview:large","max-video-preview":"max-video-preview:-1"},"canonical":"https:\/\/www.coolheadeurope.com\/fr\/prodotto\/congelateur\/congelateurs-coffre\/cfb-300\/","og_locale":"fr_FR","og_type":"article","og_title":"CFB 300 - Cool Head Europe","og_description":"Pratique, fiable et durable, ce cong\u00e9lateur coffre d'une capacit\u00e9 de 300 litres avec couvercle rabattable a \u00e9t\u00e9 con\u00e7u pour congeler et stocker parfaitement tous les aliments. Equip\u00e9 d'un syst\u00e8me de refroidissement statique, de portes avec serrure et d'un panier, le mod\u00e8le CFB 300 est \u00e9galement facile \u00e0 d\u00e9placer gr\u00e2ce \u00e0 ses 4 roulettes pivotantes.","og_url":"https:\/\/www.coolheadeurope.com\/fr\/prodotto\/congelateur\/congelateurs-coffre\/cfb-300\/","og_site_name":"Cool Head Europe","article_modified_time":"2026-02-08T06:37:43+00:00","og_image":[{"width":457,"height":414,"url":"https:\/\/www.coolheadeurope.com\/wp-content\/uploads\/2026\/04\/CFB-300-CORPO_CH_LOW.png","type":"image\/png"}],"twitter_card":"summary_large_image","schema":{"@context":"https:\/\/schema.org","@graph":[{"@type":"WebPage","@id":"https:\/\/www.coolheadeurope.com\/fr\/prodotto\/congelateur\/congelateurs-coffre\/cfb-300\/","url":"https:\/\/www.coolheadeurope.com\/fr\/prodotto\/congelateur\/congelateurs-coffre\/cfb-300\/","name":"CFB 300 - Cool Head Europe","isPartOf":{"@id":"https:\/\/www.coolheadeurope.com\/#website"},"primaryImageOfPage":{"@id":"https:\/\/www.coolheadeurope.com\/fr\/prodotto\/congelateur\/congelateurs-coffre\/cfb-300\/#primaryimage"},"image":{"@id":"https:\/\/www.coolheadeurope.com\/fr\/prodotto\/congelateur\/congelateurs-coffre\/cfb-300\/#primaryimage"},"thumbnailUrl":"https:\/\/www.coolheadeurope.com\/wp-content\/uploads\/2026\/04\/CFB-300-CORPO_CH_LOW.png","datePublished":"2024-10-10T01:02:13+00:00","dateModified":"2026-02-08T06:37:43+00:00","breadcrumb":{"@id":"https:\/\/www.coolheadeurope.com\/fr\/prodotto\/congelateur\/congelateurs-coffre\/cfb-300\/#breadcrumb"},"inLanguage":"fr-FR","potentialAction":[{"@type":"ReadAction","target":["https:\/\/www.coolheadeurope.com\/fr\/prodotto\/congelateur\/congelateurs-coffre\/cfb-300\/"]}]},{"@type":"ImageObject","inLanguage":"fr-FR","@id":"https:\/\/www.coolheadeurope.com\/fr\/prodotto\/congelateur\/congelateurs-coffre\/cfb-300\/#primaryimage","url":"https:\/\/www.coolheadeurope.com\/wp-content\/uploads\/2026\/04\/CFB-300-CORPO_CH_LOW.png","contentUrl":"https:\/\/www.coolheadeurope.com\/wp-content\/uploads\/2026\/04\/CFB-300-CORPO_CH_LOW.png","width":457,"height":414,"caption":"Immagine di CFB 300"},{"@type":"BreadcrumbList","@id":"https:\/\/www.coolheadeurope.com\/fr\/prodotto\/congelateur\/congelateurs-coffre\/cfb-300\/#breadcrumb","itemListElement":[{"@type":"ListItem","position":1,"name":"Home","item":"https:\/\/www.coolheadeurope.com\/fr\/"},{"@type":"ListItem","position":2,"name":"Rechercher","item":"https:\/\/www.coolheadeurope.com\/cerca\/"},{"@type":"ListItem","position":3,"name":"CFB 300"}]},{"@type":"WebSite","@id":"https:\/\/www.coolheadeurope.com\/#website","url":"https:\/\/www.coolheadeurope.com\/","name":"Cool Head Europe","description":"We make the world a cooler place","potentialAction":[{"@type":"SearchAction","target":{"@type":"EntryPoint","urlTemplate":"https:\/\/www.coolheadeurope.com\/?s={search_term_string}"},"query-input":{"@type":"PropertyValueSpecification","valueRequired":true,"valueName":"search_term_string"}}],"inLanguage":"fr-FR"}]}},"_links":{"self":[{"href":"https:\/\/www.coolheadeurope.com\/fr\/wp-json\/wp\/v2\/product\/2958447","targetHints":{"allow":["GET"]}}],"collection":[{"href":"https:\/\/www.coolheadeurope.com\/fr\/wp-json\/wp\/v2\/product"}],"about":[{"href":"https:\/\/www.coolheadeurope.com\/fr\/wp-json\/wp\/v2\/types\/product"}],"wp:featuredmedia":[{"embeddable":true,"href":"https:\/\/www.coolheadeurope.com\/fr\/wp-json\/wp\/v2\/media\/3881459"}],"wp:attachment":[{"href":"https:\/\/www.coolheadeurope.com\/fr\/wp-json\/wp\/v2\/media?parent=2958447"}],"wp:term":[{"taxonomy":"product_brand","embeddable":true,"href":"https:\/\/www.coolheadeurope.com\/fr\/wp-json\/wp\/v2\/product_brand?post=2958447"},{"taxonomy":"product_cat","embeddable":true,"href":"https:\/\/www.coolheadeurope.com\/fr\/wp-json\/wp\/v2\/product_cat?post=2958447"},{"taxonomy":"product_tag","embeddable":true,"href":"https:\/\/www.coolheadeurope.com\/fr\/wp-json\/wp\/v2\/product_tag?post=2958447"}],"curies":[{"name":"wp","href":"https:\/\/api.w.org\/{rel}","templated":true}]}}