{"id":2958450,"date":"2024-10-10T01:07:32","date_gmt":"2024-10-10T01:07:32","guid":{"rendered":"https:\/\/www.coolheadeurope.com\/prodotto\/non%20class\u00e9\/cg-150c\/"},"modified":"2026-02-08T06:58:05","modified_gmt":"2026-02-08T06:58:05","slug":"cg-150c","status":"publish","type":"product","link":"https:\/\/www.coolheadeurope.com\/fr\/prodotto\/congelateur\/congelateurs-coffre\/cg-150c\/","title":{"rendered":"CG 150C"},"content":{"rendered":"<p>Cong\u00e9lateur coffre 150 L avec couvercle sup\u00e9rieur vitr\u00e9 coulissant et tente de publicit\u00e9<br \/>\nAcier laqu\u00e9 blanc pour la face externe et la face interne<br \/>\nRefroidissement statique<br \/>\nD\u00e9givrage manuel<br \/>\nThermom\u00e8tre analogique<br \/>\nAgent moussant : Cyclopentane (70 mm par c\u00f4t\u00e9)<br \/>\nSeul verre de s\u00e9curit\u00e9 tremp\u00e9<br \/>\nPoign\u00e9e fix\u00e9e sur le cadre en verre<br \/>\nSerrure mont\u00e9e de s\u00e9rie<br \/>\nCommutateur ind\u00e9pendant pour l&rsquo;\u00e9clairage interne et le couvercle<br \/>\nPanier compris (Pi\u00e8ces N\u00b0 2)<br \/>\nRoulette N\u00b0 4 (N\u00b0 2 \u00e0 l\u2019avant avec frein)<br \/>\nClasse \u00e9nerg\u00e9tique: D<\/p>\n","protected":false},"excerpt":{"rendered":"<p>Pratique, fiable et durable, ce cong\u00e9lateur coffre avec dessus en verre incurv\u00e9 coulissant et panneau publicitaire est con\u00e7u pour stocker et g\u00e9rer facilement les sorbets et les cr\u00e8mes glac\u00e9es.<br \/>\nEquip\u00e9 d&rsquo;un syst\u00e8me de refroidissement statique, d&rsquo;une poign\u00e9e int\u00e9gr\u00e9e dans le cadre en verre, d&rsquo;une serrure, d&rsquo;une lampe LED avec interrupteur ind\u00e9pendant et de 2 paniers, le CG 150C est \u00e9galement facile \u00e0 d\u00e9placer gr\u00e2ce \u00e0 ses 4 roulettes pivotantes.<\/p>\n","protected":false},"featured_media":3881468,"template":"","meta":[],"product_brand":[],"product_cat":[7387,7390],"product_tag":[],"class_list":{"0":"post-2958450","1":"product","2":"type-product","3":"status-publish","4":"has-post-thumbnail","6":"product_cat-congelateur","7":"product_cat-congelateurs-coffre","8":"pa_capacite-commerciale-137-l","9":"pa_consommation-denergie-1-417-kw-24h","10":"pa_hauteur-exterieure-1145-mm","11":"pa_hauteur-interieure-589-mm","12":"pa_largeur-exterieure-584-mm","13":"pa_largeur-interne-440-mm","14":"pa_niveau-sonore-47-dba","15":"pa_poids-brut-55-kg","16":"pa_poids-net-48-kg","17":"pa_profondeur-externe-735-mm","18":"pa_profondeur-interne-550-mm","19":"pa_puissance-113-w","21":"first","22":"instock","23":"product-type-simple"},"acf":[],"yoast_head":"<!-- This site is optimized with the Yoast SEO plugin v27.2 - https:\/\/yoast.com\/product\/yoast-seo-wordpress\/ -->\n<title>CG 150C - Cool Head Europe<\/title>\n<meta name=\"robots\" content=\"index, follow, max-snippet:-1, max-image-preview:large, max-video-preview:-1\" \/>\n<link rel=\"canonical\" href=\"https:\/\/www.coolheadeurope.com\/prodotto\/freezer\/freezer-a-pozzetto\/cg-150c\/\" \/>\n<meta property=\"og:locale\" content=\"fr_FR\" \/>\n<meta property=\"og:type\" content=\"article\" \/>\n<meta property=\"og:title\" content=\"CG 150C - Cool Head Europe\" \/>\n<meta property=\"og:description\" content=\"Pratique, fiable et durable, ce cong\u00e9lateur coffre avec dessus en verre incurv\u00e9 coulissant et panneau publicitaire est con\u00e7u pour stocker et g\u00e9rer facilement les sorbets et les cr\u00e8mes glac\u00e9es. Equip\u00e9 d&#039;un syst\u00e8me de refroidissement statique, d&#039;une poign\u00e9e int\u00e9gr\u00e9e dans le cadre en verre, d&#039;une serrure, d&#039;une lampe LED avec interrupteur ind\u00e9pendant et de 2 paniers, le CG 150C est \u00e9galement facile \u00e0 d\u00e9placer gr\u00e2ce \u00e0 ses 4 roulettes pivotantes.\" \/>\n<meta property=\"og:url\" content=\"https:\/\/www.coolheadeurope.com\/prodotto\/freezer\/freezer-a-pozzetto\/cg-150c\/\" \/>\n<meta property=\"og:site_name\" content=\"Cool Head Europe\" \/>\n<meta property=\"article:modified_time\" content=\"2026-02-08T06:58:05+00:00\" \/>\n<meta property=\"og:image\" content=\"https:\/\/www.coolheadeurope.com\/wp-content\/uploads\/2026\/04\/CG-150C-CORPO_CH_LOW.png\" \/>\n\t<meta property=\"og:image:width\" content=\"441\" \/>\n\t<meta property=\"og:image:height\" content=\"567\" \/>\n\t<meta property=\"og:image:type\" content=\"image\/png\" \/>\n<meta name=\"twitter:card\" content=\"summary_large_image\" \/>\n<!-- \/ Yoast SEO plugin. -->","yoast_head_json":{"title":"CG 150C - Cool Head Europe","robots":{"index":"index","follow":"follow","max-snippet":"max-snippet:-1","max-image-preview":"max-image-preview:large","max-video-preview":"max-video-preview:-1"},"canonical":"https:\/\/www.coolheadeurope.com\/prodotto\/freezer\/freezer-a-pozzetto\/cg-150c\/","og_locale":"fr_FR","og_type":"article","og_title":"CG 150C - Cool Head Europe","og_description":"Pratique, fiable et durable, ce cong\u00e9lateur coffre avec dessus en verre incurv\u00e9 coulissant et panneau publicitaire est con\u00e7u pour stocker et g\u00e9rer facilement les sorbets et les cr\u00e8mes glac\u00e9es. Equip\u00e9 d'un syst\u00e8me de refroidissement statique, d'une poign\u00e9e int\u00e9gr\u00e9e dans le cadre en verre, d'une serrure, d'une lampe LED avec interrupteur ind\u00e9pendant et de 2 paniers, le CG 150C est \u00e9galement facile \u00e0 d\u00e9placer gr\u00e2ce \u00e0 ses 4 roulettes pivotantes.","og_url":"https:\/\/www.coolheadeurope.com\/prodotto\/freezer\/freezer-a-pozzetto\/cg-150c\/","og_site_name":"Cool Head Europe","article_modified_time":"2026-02-08T06:58:05+00:00","og_image":[{"width":441,"height":567,"url":"https:\/\/www.coolheadeurope.com\/wp-content\/uploads\/2026\/04\/CG-150C-CORPO_CH_LOW.png","type":"image\/png"}],"twitter_card":"summary_large_image","schema":{"@context":"https:\/\/schema.org","@graph":[{"@type":"WebPage","@id":"https:\/\/www.coolheadeurope.com\/prodotto\/freezer\/freezer-a-pozzetto\/cg-150c\/","url":"https:\/\/www.coolheadeurope.com\/prodotto\/freezer\/freezer-a-pozzetto\/cg-150c\/","name":"CG 150C - Cool Head Europe","isPartOf":{"@id":"https:\/\/www.coolheadeurope.com\/#website"},"primaryImageOfPage":{"@id":"https:\/\/www.coolheadeurope.com\/prodotto\/freezer\/freezer-a-pozzetto\/cg-150c\/#primaryimage"},"image":{"@id":"https:\/\/www.coolheadeurope.com\/prodotto\/freezer\/freezer-a-pozzetto\/cg-150c\/#primaryimage"},"thumbnailUrl":"https:\/\/www.coolheadeurope.com\/wp-content\/uploads\/2026\/04\/CG-150C-CORPO_CH_LOW.png","datePublished":"2024-10-10T01:07:32+00:00","dateModified":"2026-02-08T06:58:05+00:00","breadcrumb":{"@id":"https:\/\/www.coolheadeurope.com\/prodotto\/freezer\/freezer-a-pozzetto\/cg-150c\/#breadcrumb"},"inLanguage":"fr-FR","potentialAction":[{"@type":"ReadAction","target":["https:\/\/www.coolheadeurope.com\/prodotto\/freezer\/freezer-a-pozzetto\/cg-150c\/"]}]},{"@type":"ImageObject","inLanguage":"fr-FR","@id":"https:\/\/www.coolheadeurope.com\/prodotto\/freezer\/freezer-a-pozzetto\/cg-150c\/#primaryimage","url":"https:\/\/www.coolheadeurope.com\/wp-content\/uploads\/2026\/04\/CG-150C-CORPO_CH_LOW.png","contentUrl":"https:\/\/www.coolheadeurope.com\/wp-content\/uploads\/2026\/04\/CG-150C-CORPO_CH_LOW.png","width":441,"height":567,"caption":"Immagine di CG 150C"},{"@type":"BreadcrumbList","@id":"https:\/\/www.coolheadeurope.com\/prodotto\/freezer\/freezer-a-pozzetto\/cg-150c\/#breadcrumb","itemListElement":[{"@type":"ListItem","position":1,"name":"Home","item":"https:\/\/www.coolheadeurope.com\/fr\/"},{"@type":"ListItem","position":2,"name":"Rechercher","item":"https:\/\/www.coolheadeurope.com\/cerca\/"},{"@type":"ListItem","position":3,"name":"CG 150C"}]},{"@type":"WebSite","@id":"https:\/\/www.coolheadeurope.com\/#website","url":"https:\/\/www.coolheadeurope.com\/","name":"Cool Head Europe","description":"We make the world a cooler place","potentialAction":[{"@type":"SearchAction","target":{"@type":"EntryPoint","urlTemplate":"https:\/\/www.coolheadeurope.com\/?s={search_term_string}"},"query-input":{"@type":"PropertyValueSpecification","valueRequired":true,"valueName":"search_term_string"}}],"inLanguage":"fr-FR"}]}},"_links":{"self":[{"href":"https:\/\/www.coolheadeurope.com\/fr\/wp-json\/wp\/v2\/product\/2958450","targetHints":{"allow":["GET"]}}],"collection":[{"href":"https:\/\/www.coolheadeurope.com\/fr\/wp-json\/wp\/v2\/product"}],"about":[{"href":"https:\/\/www.coolheadeurope.com\/fr\/wp-json\/wp\/v2\/types\/product"}],"wp:featuredmedia":[{"embeddable":true,"href":"https:\/\/www.coolheadeurope.com\/fr\/wp-json\/wp\/v2\/media\/3881468"}],"wp:attachment":[{"href":"https:\/\/www.coolheadeurope.com\/fr\/wp-json\/wp\/v2\/media?parent=2958450"}],"wp:term":[{"taxonomy":"product_brand","embeddable":true,"href":"https:\/\/www.coolheadeurope.com\/fr\/wp-json\/wp\/v2\/product_brand?post=2958450"},{"taxonomy":"product_cat","embeddable":true,"href":"https:\/\/www.coolheadeurope.com\/fr\/wp-json\/wp\/v2\/product_cat?post=2958450"},{"taxonomy":"product_tag","embeddable":true,"href":"https:\/\/www.coolheadeurope.com\/fr\/wp-json\/wp\/v2\/product_tag?post=2958450"}],"curies":[{"name":"wp","href":"https:\/\/api.w.org\/{rel}","templated":true}]}}