{"id":2958452,"date":"2024-10-10T01:11:02","date_gmt":"2024-10-10T01:11:02","guid":{"rendered":"https:\/\/www.coolheadeurope.com\/prodotto\/non%20class\u00e9\/rcs-88\/"},"modified":"2026-02-08T06:58:15","modified_gmt":"2026-02-08T06:58:15","slug":"rcs-88","status":"publish","type":"product","link":"https:\/\/www.coolheadeurope.com\/fr\/prodotto\/vin\/armoires-vin\/rcs-88\/","title":{"rendered":"RCS 88"},"content":{"rendered":"<p>Cave \u00e0 vins 88 L \u00e0 installation mobile<br \/>\nFace externe en plaque laqu\u00e9e noire, face interne thermoform\u00e9e noire<br \/>\n\u00c9vaporateur \u00e0 tubulure int\u00e9gr\u00e9e avec un syst\u00e8me de refroidissement assist\u00e9 par ventilateur<br \/>\nCycle de d\u00e9givrage automatique par arr\u00eat du compresseur<br \/>\nAgent moussant : Cyclopentane (40 mm par c\u00f4t\u00e9)<br \/>\nThermostat m\u00e9canique<br \/>\nJoint d&rsquo;\u00e9tanch\u00e9it\u00e9 amovible<br \/>\nLampe LED interne<br \/>\nVerre de s\u00e9curit\u00e9 tremp\u00e9 temp\u00e9r\u00e9 \u00e0 double \u00e9paisseur<br \/>\nVerre transparent<br \/>\nPorte r\u00e9versible<br \/>\nClayette chrom\u00e9e r\u00e9glable (6 pi\u00e8ces) et panier chrom\u00e9 (1 pi\u00e8ce)<br \/>\nPieds r\u00e9glables N\u00b0 4<br \/>\nClasse \u00e9nerg\u00e9tique: G<\/p>\n","protected":false},"excerpt":{"rendered":"<p>Le mod\u00e8le RCS 85B est une cave \u00e0 vin mono-temp\u00e9rature pouvant contenir jusqu&rsquo;\u00e0 29 bouteilles, \u00e9galement adapt\u00e9e \u00e0 un usage domestique, \u00e9quip\u00e9e de 6 clayettes chrom\u00e9es, d&rsquo;un panier chrom\u00e9, d&rsquo;une lampe interne LED, d&rsquo;une porte r\u00e9versible, d&rsquo;un verre transparent et d&rsquo;une poign\u00e9e int\u00e9gr\u00e9e dans le profil de la porte.<\/p>\n","protected":false},"featured_media":3881494,"template":"","meta":[],"product_brand":[],"product_cat":[7420,7419],"product_tag":[],"class_list":{"0":"post-2958452","1":"product","2":"type-product","3":"status-publish","4":"has-post-thumbnail","6":"product_cat-armoires-vin","7":"product_cat-vin","8":"pa_capacite-commerciale-90-l","9":"pa_consommation-denergie-0-38-kw-24h","10":"pa_hauteur-exterieure-830-mm","11":"pa_hauteur-interieure-727-mm","12":"pa_largeur-exterieure-430-mm","13":"pa_largeur-interne-356-mm","14":"pa_niveau-sonore-40-dba","15":"pa_poids-brut-30-kg","16":"pa_poids-net-23-kg","17":"pa_profondeur-externe-473-mm","18":"pa_profondeur-interne-394-mm","19":"pa_puissance-85-w","21":"first","22":"instock","23":"product-type-simple"},"acf":[],"yoast_head":"<!-- This site is optimized with the Yoast SEO plugin v27.2 - https:\/\/yoast.com\/product\/yoast-seo-wordpress\/ -->\n<title>RCS 88 - Cool Head Europe<\/title>\n<meta name=\"robots\" content=\"index, follow, max-snippet:-1, max-image-preview:large, max-video-preview:-1\" \/>\n<link rel=\"canonical\" href=\"https:\/\/www.coolheadeurope.com\/prodotto\/vino\/armadi-vino\/rcs-88\/\" \/>\n<meta property=\"og:locale\" content=\"fr_FR\" \/>\n<meta property=\"og:type\" content=\"article\" \/>\n<meta property=\"og:title\" content=\"RCS 88 - Cool Head Europe\" \/>\n<meta property=\"og:description\" content=\"Le mod\u00e8le RCS 85B est une cave \u00e0 vin mono-temp\u00e9rature pouvant contenir jusqu&#039;\u00e0 29 bouteilles, \u00e9galement adapt\u00e9e \u00e0 un usage domestique, \u00e9quip\u00e9e de 6 clayettes chrom\u00e9es, d&#039;un panier chrom\u00e9, d&#039;une lampe interne LED, d&#039;une porte r\u00e9versible, d&#039;un verre transparent et d&#039;une poign\u00e9e int\u00e9gr\u00e9e dans le profil de la porte.\" \/>\n<meta property=\"og:url\" content=\"https:\/\/www.coolheadeurope.com\/prodotto\/vino\/armadi-vino\/rcs-88\/\" \/>\n<meta property=\"og:site_name\" content=\"Cool Head Europe\" \/>\n<meta property=\"article:modified_time\" content=\"2026-02-08T06:58:15+00:00\" \/>\n<meta property=\"og:image\" content=\"https:\/\/www.coolheadeurope.com\/wp-content\/uploads\/2026\/04\/RCS-88-CORPO_CH_LOW.png\" \/>\n\t<meta property=\"og:image:width\" content=\"249\" \/>\n\t<meta property=\"og:image:height\" content=\"367\" \/>\n\t<meta property=\"og:image:type\" content=\"image\/png\" \/>\n<meta name=\"twitter:card\" content=\"summary_large_image\" \/>\n<!-- \/ Yoast SEO plugin. -->","yoast_head_json":{"title":"RCS 88 - Cool Head Europe","robots":{"index":"index","follow":"follow","max-snippet":"max-snippet:-1","max-image-preview":"max-image-preview:large","max-video-preview":"max-video-preview:-1"},"canonical":"https:\/\/www.coolheadeurope.com\/prodotto\/vino\/armadi-vino\/rcs-88\/","og_locale":"fr_FR","og_type":"article","og_title":"RCS 88 - Cool Head Europe","og_description":"Le mod\u00e8le RCS 85B est une cave \u00e0 vin mono-temp\u00e9rature pouvant contenir jusqu'\u00e0 29 bouteilles, \u00e9galement adapt\u00e9e \u00e0 un usage domestique, \u00e9quip\u00e9e de 6 clayettes chrom\u00e9es, d'un panier chrom\u00e9, d'une lampe interne LED, d'une porte r\u00e9versible, d'un verre transparent et d'une poign\u00e9e int\u00e9gr\u00e9e dans le profil de la porte.","og_url":"https:\/\/www.coolheadeurope.com\/prodotto\/vino\/armadi-vino\/rcs-88\/","og_site_name":"Cool Head Europe","article_modified_time":"2026-02-08T06:58:15+00:00","og_image":[{"width":249,"height":367,"url":"https:\/\/www.coolheadeurope.com\/wp-content\/uploads\/2026\/04\/RCS-88-CORPO_CH_LOW.png","type":"image\/png"}],"twitter_card":"summary_large_image","schema":{"@context":"https:\/\/schema.org","@graph":[{"@type":"WebPage","@id":"https:\/\/www.coolheadeurope.com\/prodotto\/vino\/armadi-vino\/rcs-88\/","url":"https:\/\/www.coolheadeurope.com\/prodotto\/vino\/armadi-vino\/rcs-88\/","name":"RCS 88 - Cool Head Europe","isPartOf":{"@id":"https:\/\/www.coolheadeurope.com\/#website"},"primaryImageOfPage":{"@id":"https:\/\/www.coolheadeurope.com\/prodotto\/vino\/armadi-vino\/rcs-88\/#primaryimage"},"image":{"@id":"https:\/\/www.coolheadeurope.com\/prodotto\/vino\/armadi-vino\/rcs-88\/#primaryimage"},"thumbnailUrl":"https:\/\/www.coolheadeurope.com\/wp-content\/uploads\/2026\/04\/RCS-88-CORPO_CH_LOW.png","datePublished":"2024-10-10T01:11:02+00:00","dateModified":"2026-02-08T06:58:15+00:00","breadcrumb":{"@id":"https:\/\/www.coolheadeurope.com\/prodotto\/vino\/armadi-vino\/rcs-88\/#breadcrumb"},"inLanguage":"fr-FR","potentialAction":[{"@type":"ReadAction","target":["https:\/\/www.coolheadeurope.com\/prodotto\/vino\/armadi-vino\/rcs-88\/"]}]},{"@type":"ImageObject","inLanguage":"fr-FR","@id":"https:\/\/www.coolheadeurope.com\/prodotto\/vino\/armadi-vino\/rcs-88\/#primaryimage","url":"https:\/\/www.coolheadeurope.com\/wp-content\/uploads\/2026\/04\/RCS-88-CORPO_CH_LOW.png","contentUrl":"https:\/\/www.coolheadeurope.com\/wp-content\/uploads\/2026\/04\/RCS-88-CORPO_CH_LOW.png","width":249,"height":367,"caption":"Immagine di RCS 88"},{"@type":"BreadcrumbList","@id":"https:\/\/www.coolheadeurope.com\/prodotto\/vino\/armadi-vino\/rcs-88\/#breadcrumb","itemListElement":[{"@type":"ListItem","position":1,"name":"Home","item":"https:\/\/www.coolheadeurope.com\/fr\/"},{"@type":"ListItem","position":2,"name":"Rechercher","item":"https:\/\/www.coolheadeurope.com\/cerca\/"},{"@type":"ListItem","position":3,"name":"RCS 88"}]},{"@type":"WebSite","@id":"https:\/\/www.coolheadeurope.com\/#website","url":"https:\/\/www.coolheadeurope.com\/","name":"Cool Head Europe","description":"We make the world a cooler place","potentialAction":[{"@type":"SearchAction","target":{"@type":"EntryPoint","urlTemplate":"https:\/\/www.coolheadeurope.com\/?s={search_term_string}"},"query-input":{"@type":"PropertyValueSpecification","valueRequired":true,"valueName":"search_term_string"}}],"inLanguage":"fr-FR"}]}},"_links":{"self":[{"href":"https:\/\/www.coolheadeurope.com\/fr\/wp-json\/wp\/v2\/product\/2958452","targetHints":{"allow":["GET"]}}],"collection":[{"href":"https:\/\/www.coolheadeurope.com\/fr\/wp-json\/wp\/v2\/product"}],"about":[{"href":"https:\/\/www.coolheadeurope.com\/fr\/wp-json\/wp\/v2\/types\/product"}],"wp:featuredmedia":[{"embeddable":true,"href":"https:\/\/www.coolheadeurope.com\/fr\/wp-json\/wp\/v2\/media\/3881494"}],"wp:attachment":[{"href":"https:\/\/www.coolheadeurope.com\/fr\/wp-json\/wp\/v2\/media?parent=2958452"}],"wp:term":[{"taxonomy":"product_brand","embeddable":true,"href":"https:\/\/www.coolheadeurope.com\/fr\/wp-json\/wp\/v2\/product_brand?post=2958452"},{"taxonomy":"product_cat","embeddable":true,"href":"https:\/\/www.coolheadeurope.com\/fr\/wp-json\/wp\/v2\/product_cat?post=2958452"},{"taxonomy":"product_tag","embeddable":true,"href":"https:\/\/www.coolheadeurope.com\/fr\/wp-json\/wp\/v2\/product_tag?post=2958452"}],"curies":[{"name":"wp","href":"https:\/\/api.w.org\/{rel}","templated":true}]}}