{"id":2958454,"date":"2024-10-10T01:14:43","date_gmt":"2024-10-10T01:14:43","guid":{"rendered":"https:\/\/www.coolheadeurope.com\/prodotto\/non%20class\u00e9\/cw-36dt\/"},"modified":"2026-02-08T06:58:17","modified_gmt":"2026-02-08T06:58:17","slug":"cw-36dt","status":"publish","type":"product","link":"https:\/\/www.coolheadeurope.com\/fr\/prodotto\/vin\/armoires-vin\/cw-36dt\/","title":{"rendered":"CW 36DT"},"content":{"rendered":"<p>Cave \u00e0 vins 140 l \u00e0 installation mobile<br \/>\nFace externe en plaque laqu\u00e9e noire, face interne thermoform\u00e9e noire<br \/>\nRefroidissement ventil\u00e9<br \/>\nCycle de d\u00e9givrage automatique par arr\u00eat du compresseur<br \/>\nAgent moussant : Cyclopentane (35 mm par c\u00f4t\u00e9)<br \/>\nCommande \u00e0 afficheur num\u00e9rique<br \/>\nFonction de compensation de basse temp\u00e9rature<br \/>\nJoint d&rsquo;\u00e9tanch\u00e9it\u00e9 amovible<br \/>\nLampe LED interne (Couleur bleue)<br \/>\nPorte r\u00e9versible avec poign\u00e9e cylindrique verticale<br \/>\nFiltre \u00e0 charbon N\u00b01 mont\u00e9s de s\u00e9rie<br \/>\nVerre de s\u00e9curit\u00e9 tremp\u00e9 temp\u00e9r\u00e9 \u00e0 double \u00e9paisseur<br \/>\nPorte en verre teint\u00e9 pour la protection des vins<br \/>\nClayettes en bois r\u00e9glables: 4 pi\u00e8ces + Pi\u00e8ce inf\u00e9rieure N\u00b0 1<br \/>\nPieds r\u00e9glables N\u00b0 4<br \/>\nClasse \u00e9nerg\u00e9tique: G<\/p>\n","protected":false},"excerpt":{"rendered":"<p>Le mod\u00e8le CW 36DT est une cave \u00e0 vin moderne \u00e0 double temp\u00e9rature pouvant contenir jusqu&rsquo;\u00e0 31 bouteilles. Elle est con\u00e7ue et fabriqu\u00e9e avec le plus grand soin et la plus grande attention afin d&rsquo;obtenir des performances de pointe et des normes de qualit\u00e9 \u00e9lev\u00e9es.<br \/>\nCette cave \u00e0 vin, qui convient \u00e9galement \u00e0 un usage domestique, est \u00e9quip\u00e9e de 5 clayettes en bois, d&rsquo;un filtre \u00e0 charbon, d&rsquo;un affichage num\u00e9rique et d&rsquo;une lampe LED bleue interne, d&rsquo;une porte r\u00e9versible avec poign\u00e9e cylindrique verticale, d&rsquo;un verre fonc\u00e9 pour la protection du vin et d&rsquo;une alarme d&rsquo;ouverture de la porte.<\/p>\n","protected":false},"featured_media":3932730,"template":"","meta":[],"product_brand":[],"product_cat":[7419,7420],"product_tag":[],"class_list":{"0":"post-2958454","1":"product","2":"type-product","3":"status-publish","4":"has-post-thumbnail","6":"product_cat-vin","7":"product_cat-armoires-vin","8":"pa_capacite-commerciale-140-l","9":"pa_consommation-denergie-0-389-kw-24h","10":"pa_hauteur-exterieure-840-mm","11":"pa_hauteur-interieure-740-mm","12":"pa_largeur-exterieure-493-mm","13":"pa_largeur-interne-422-mm","14":"pa_niveau-sonore-7042","15":"pa_poids-brut-46-kg","16":"pa_poids-net-41-kg","17":"pa_profondeur-externe-635-mm","18":"pa_profondeur-interne-436-mm","19":"pa_puissance-85-w","21":"first","22":"instock","23":"product-type-simple"},"acf":[],"yoast_head":"<!-- This site is optimized with the Yoast SEO plugin v27.2 - https:\/\/yoast.com\/product\/yoast-seo-wordpress\/ -->\n<title>CW 36DT - Cool Head Europe<\/title>\n<meta name=\"robots\" content=\"index, follow, max-snippet:-1, max-image-preview:large, max-video-preview:-1\" \/>\n<link rel=\"canonical\" href=\"https:\/\/www.coolheadeurope.com\/prodotto\/vino\/armadi-vino\/cw-36dt\/\" \/>\n<meta property=\"og:locale\" content=\"fr_FR\" \/>\n<meta property=\"og:type\" content=\"article\" \/>\n<meta property=\"og:title\" content=\"CW 36DT - Cool Head Europe\" \/>\n<meta property=\"og:description\" content=\"Le mod\u00e8le CW 36DT est une cave \u00e0 vin moderne \u00e0 double temp\u00e9rature pouvant contenir jusqu&#039;\u00e0 31 bouteilles. Elle est con\u00e7ue et fabriqu\u00e9e avec le plus grand soin et la plus grande attention afin d&#039;obtenir des performances de pointe et des normes de qualit\u00e9 \u00e9lev\u00e9es. Cette cave \u00e0 vin, qui convient \u00e9galement \u00e0 un usage domestique, est \u00e9quip\u00e9e de 5 clayettes en bois, d&#039;un filtre \u00e0 charbon, d&#039;un affichage num\u00e9rique et d&#039;une lampe LED bleue interne, d&#039;une porte r\u00e9versible avec poign\u00e9e cylindrique verticale, d&#039;un verre fonc\u00e9 pour la protection du vin et d&#039;une alarme d&#039;ouverture de la porte.\" \/>\n<meta property=\"og:url\" content=\"https:\/\/www.coolheadeurope.com\/prodotto\/vino\/armadi-vino\/cw-36dt\/\" \/>\n<meta property=\"og:site_name\" content=\"Cool Head Europe\" \/>\n<meta property=\"article:modified_time\" content=\"2026-02-08T06:58:17+00:00\" \/>\n<meta property=\"og:image\" content=\"https:\/\/www.coolheadeurope.com\/wp-content\/uploads\/2026\/04\/CW-36DT-CORPO_CH_LOW.png\" \/>\n\t<meta property=\"og:image:width\" content=\"249\" \/>\n\t<meta property=\"og:image:height\" content=\"330\" \/>\n\t<meta property=\"og:image:type\" content=\"image\/png\" \/>\n<meta name=\"twitter:card\" content=\"summary_large_image\" \/>\n<meta name=\"twitter:label1\" content=\"Dur\u00e9e de lecture estim\u00e9e\" \/>\n\t<meta name=\"twitter:data1\" content=\"1 minute\" \/>\n<!-- \/ Yoast SEO plugin. -->","yoast_head_json":{"title":"CW 36DT - Cool Head Europe","robots":{"index":"index","follow":"follow","max-snippet":"max-snippet:-1","max-image-preview":"max-image-preview:large","max-video-preview":"max-video-preview:-1"},"canonical":"https:\/\/www.coolheadeurope.com\/prodotto\/vino\/armadi-vino\/cw-36dt\/","og_locale":"fr_FR","og_type":"article","og_title":"CW 36DT - Cool Head Europe","og_description":"Le mod\u00e8le CW 36DT est une cave \u00e0 vin moderne \u00e0 double temp\u00e9rature pouvant contenir jusqu'\u00e0 31 bouteilles. Elle est con\u00e7ue et fabriqu\u00e9e avec le plus grand soin et la plus grande attention afin d'obtenir des performances de pointe et des normes de qualit\u00e9 \u00e9lev\u00e9es. Cette cave \u00e0 vin, qui convient \u00e9galement \u00e0 un usage domestique, est \u00e9quip\u00e9e de 5 clayettes en bois, d'un filtre \u00e0 charbon, d'un affichage num\u00e9rique et d'une lampe LED bleue interne, d'une porte r\u00e9versible avec poign\u00e9e cylindrique verticale, d'un verre fonc\u00e9 pour la protection du vin et d'une alarme d'ouverture de la porte.","og_url":"https:\/\/www.coolheadeurope.com\/prodotto\/vino\/armadi-vino\/cw-36dt\/","og_site_name":"Cool Head Europe","article_modified_time":"2026-02-08T06:58:17+00:00","og_image":[{"width":249,"height":330,"url":"https:\/\/www.coolheadeurope.com\/wp-content\/uploads\/2026\/04\/CW-36DT-CORPO_CH_LOW.png","type":"image\/png"}],"twitter_card":"summary_large_image","twitter_misc":{"Dur\u00e9e de lecture estim\u00e9e":"1 minute"},"schema":{"@context":"https:\/\/schema.org","@graph":[{"@type":"WebPage","@id":"https:\/\/www.coolheadeurope.com\/prodotto\/vino\/armadi-vino\/cw-36dt\/","url":"https:\/\/www.coolheadeurope.com\/prodotto\/vino\/armadi-vino\/cw-36dt\/","name":"CW 36DT - Cool Head Europe","isPartOf":{"@id":"https:\/\/www.coolheadeurope.com\/#website"},"primaryImageOfPage":{"@id":"https:\/\/www.coolheadeurope.com\/prodotto\/vino\/armadi-vino\/cw-36dt\/#primaryimage"},"image":{"@id":"https:\/\/www.coolheadeurope.com\/prodotto\/vino\/armadi-vino\/cw-36dt\/#primaryimage"},"thumbnailUrl":"https:\/\/www.coolheadeurope.com\/wp-content\/uploads\/2026\/05\/CW-36DT-CORPO_CH_LOW.png","datePublished":"2024-10-10T01:14:43+00:00","dateModified":"2026-02-08T06:58:17+00:00","breadcrumb":{"@id":"https:\/\/www.coolheadeurope.com\/prodotto\/vino\/armadi-vino\/cw-36dt\/#breadcrumb"},"inLanguage":"fr-FR","potentialAction":[{"@type":"ReadAction","target":["https:\/\/www.coolheadeurope.com\/prodotto\/vino\/armadi-vino\/cw-36dt\/"]}]},{"@type":"ImageObject","inLanguage":"fr-FR","@id":"https:\/\/www.coolheadeurope.com\/prodotto\/vino\/armadi-vino\/cw-36dt\/#primaryimage","url":"https:\/\/www.coolheadeurope.com\/wp-content\/uploads\/2026\/05\/CW-36DT-CORPO_CH_LOW.png","contentUrl":"https:\/\/www.coolheadeurope.com\/wp-content\/uploads\/2026\/05\/CW-36DT-CORPO_CH_LOW.png","width":249,"height":330,"caption":"Immagine di CW 36DT"},{"@type":"BreadcrumbList","@id":"https:\/\/www.coolheadeurope.com\/prodotto\/vino\/armadi-vino\/cw-36dt\/#breadcrumb","itemListElement":[{"@type":"ListItem","position":1,"name":"Home","item":"https:\/\/www.coolheadeurope.com\/fr\/"},{"@type":"ListItem","position":2,"name":"Rechercher","item":"https:\/\/www.coolheadeurope.com\/cerca\/"},{"@type":"ListItem","position":3,"name":"CW 36DT"}]},{"@type":"WebSite","@id":"https:\/\/www.coolheadeurope.com\/#website","url":"https:\/\/www.coolheadeurope.com\/","name":"Cool Head Europe","description":"We make the world a cooler place","potentialAction":[{"@type":"SearchAction","target":{"@type":"EntryPoint","urlTemplate":"https:\/\/www.coolheadeurope.com\/?s={search_term_string}"},"query-input":{"@type":"PropertyValueSpecification","valueRequired":true,"valueName":"search_term_string"}}],"inLanguage":"fr-FR"}]}},"_links":{"self":[{"href":"https:\/\/www.coolheadeurope.com\/fr\/wp-json\/wp\/v2\/product\/2958454","targetHints":{"allow":["GET"]}}],"collection":[{"href":"https:\/\/www.coolheadeurope.com\/fr\/wp-json\/wp\/v2\/product"}],"about":[{"href":"https:\/\/www.coolheadeurope.com\/fr\/wp-json\/wp\/v2\/types\/product"}],"wp:featuredmedia":[{"embeddable":true,"href":"https:\/\/www.coolheadeurope.com\/fr\/wp-json\/wp\/v2\/media\/3932730"}],"wp:attachment":[{"href":"https:\/\/www.coolheadeurope.com\/fr\/wp-json\/wp\/v2\/media?parent=2958454"}],"wp:term":[{"taxonomy":"product_brand","embeddable":true,"href":"https:\/\/www.coolheadeurope.com\/fr\/wp-json\/wp\/v2\/product_brand?post=2958454"},{"taxonomy":"product_cat","embeddable":true,"href":"https:\/\/www.coolheadeurope.com\/fr\/wp-json\/wp\/v2\/product_cat?post=2958454"},{"taxonomy":"product_tag","embeddable":true,"href":"https:\/\/www.coolheadeurope.com\/fr\/wp-json\/wp\/v2\/product_tag?post=2958454"}],"curies":[{"name":"wp","href":"https:\/\/api.w.org\/{rel}","templated":true}]}}