{"id":2958458,"date":"2024-10-10T01:21:56","date_gmt":"2024-10-10T01:21:56","guid":{"rendered":"https:\/\/www.coolheadeurope.com\/prodotto\/non%20class\u00e9\/cw-518dt\/"},"modified":"2026-02-08T06:58:21","modified_gmt":"2026-02-08T06:58:21","slug":"cw-518dt","status":"publish","type":"product","link":"https:\/\/www.coolheadeurope.com\/fr\/prodotto\/vin\/armoires-vin\/cw-518dt\/","title":{"rendered":"CW 518DT"},"content":{"rendered":"<p>Cave \u00e0 vin r\u00e9frig\u00e9r\u00e9e de 480 litres free-standing (DOUBLE TEMP\u00c9RATURE)<br \/>\nAcier laqu\u00e9 en noir pour la face interne et la face externe<br \/>\nRefroidissement ventil\u00e9<br \/>\nCompresseur \u00e0 inverseur<br \/>\nR\u00e9gulateur num\u00e9rique (mod\u00e8le \u00e0 double temp\u00e9rature)<br \/>\nCycle de d\u00e9givrage automatique par arr\u00eat du compresseur<br \/>\nAgent moussant : Cyclopentane (40 mm par c\u00f4t\u00e9)<br \/>\nFonction de compensation de basse temp\u00e9rature<br \/>\nJoint d&rsquo;\u00e9tanch\u00e9it\u00e9 amovible<br \/>\nLampe LED interne (Couleur bleue)<br \/>\nPorte avec poign\u00e9e cylindrique verticale<br \/>\nSerrure mont\u00e9e de s\u00e9rie<br \/>\nVerre de s\u00e9curit\u00e9 tremp\u00e9 temp\u00e9r\u00e9 \u00e0 double \u00e9paisseur<br \/>\nPorte en verre teint\u00e9 pour la protection des vins<br \/>\nConfiguration de l&rsquo;\u00e9tag\u00e8re en bois : 7 pi\u00e8ces + N.1 pi\u00e8ce inf\u00e9rieure<br \/>\nPieds r\u00e9glables N\u00b0 4<br \/>\nClasse \u00e9nerg\u00e9tique: F<\/p>\n","protected":false},"excerpt":{"rendered":"<p>Le mod\u00e8le CW 518DT est une cave \u00e0 vin moderne mono temp\u00e9rature pouvant contenir jusqu&rsquo;\u00e0 184 bouteilles. Elle est con\u00e7ue et fabriqu\u00e9e avec le plus grand soin et la plus grande attention afin d&rsquo;atteindre des performances avanc\u00e9es et des normes de haute qualit\u00e9. Cette cave \u00e0 vin professionnelle est \u00e9quip\u00e9e de 14 clayettes porte-bouteilles en bois, d&rsquo;une lampe digital LED bleu, d&rsquo;une lampe interne LED bleu, d&rsquo;une porte en acier inoxydable avec poign\u00e9e cylindrique verticale, d&rsquo;une serrure, d&rsquo;une porte en verre teint\u00e9 pour la protection du vin.<\/p>\n","protected":false},"featured_media":3881506,"template":"","meta":[],"product_brand":[],"product_cat":[7419,7420],"product_tag":[],"class_list":{"0":"post-2958458","1":"product","2":"type-product","3":"status-publish","4":"has-post-thumbnail","6":"product_cat-vin","7":"product_cat-armoires-vin","8":"pa_capacite-commerciale-520-l","9":"pa_consommation-denergie-0-364-kw-24h","10":"pa_hauteur-exterieure-1851-mm","11":"pa_hauteur-interieure-1690-mm","12":"pa_largeur-exterieure-595-mm","13":"pa_largeur-interne-510-mm","14":"pa_niveau-sonore-38-dba","15":"pa_poids-brut-123-00-kg","16":"pa_poids-net-104-00-kg","17":"pa_profondeur-externe-770-mm","18":"pa_profondeur-interne-543-mm","19":"pa_puissance-140-w","21":"first","22":"instock","23":"product-type-simple"},"acf":[],"yoast_head":"<!-- This site is optimized with the Yoast SEO plugin v27.2 - https:\/\/yoast.com\/product\/yoast-seo-wordpress\/ -->\n<title>CW 518DT - Cool Head Europe<\/title>\n<meta name=\"robots\" content=\"index, follow, max-snippet:-1, max-image-preview:large, max-video-preview:-1\" \/>\n<link rel=\"canonical\" href=\"https:\/\/www.coolheadeurope.com\/prodotto\/vino\/armadi-vino\/cw-518dt\/\" \/>\n<meta property=\"og:locale\" content=\"fr_FR\" \/>\n<meta property=\"og:type\" content=\"article\" \/>\n<meta property=\"og:title\" content=\"CW 518DT - Cool Head Europe\" \/>\n<meta property=\"og:description\" content=\"Le mod\u00e8le CW 518DT est une cave \u00e0 vin moderne mono temp\u00e9rature pouvant contenir jusqu&#039;\u00e0 184 bouteilles. Elle est con\u00e7ue et fabriqu\u00e9e avec le plus grand soin et la plus grande attention afin d&#039;atteindre des performances avanc\u00e9es et des normes de haute qualit\u00e9. Cette cave \u00e0 vin professionnelle est \u00e9quip\u00e9e de 14 clayettes porte-bouteilles en bois, d&#039;une lampe digital LED bleu, d&#039;une lampe interne LED bleu, d&#039;une porte en acier inoxydable avec poign\u00e9e cylindrique verticale, d&#039;une serrure, d&#039;une porte en verre teint\u00e9 pour la protection du vin.\" \/>\n<meta property=\"og:url\" content=\"https:\/\/www.coolheadeurope.com\/prodotto\/vino\/armadi-vino\/cw-518dt\/\" \/>\n<meta property=\"og:site_name\" content=\"Cool Head Europe\" \/>\n<meta property=\"article:modified_time\" content=\"2026-02-08T06:58:21+00:00\" \/>\n<meta property=\"og:image\" content=\"https:\/\/www.coolheadeurope.com\/wp-content\/uploads\/2026\/04\/CW-518DT-CORPO_CH_LOW.png\" \/>\n\t<meta property=\"og:image:width\" content=\"283\" \/>\n\t<meta property=\"og:image:height\" content=\"567\" \/>\n\t<meta property=\"og:image:type\" content=\"image\/png\" \/>\n<meta name=\"twitter:card\" content=\"summary_large_image\" \/>\n<meta name=\"twitter:label1\" content=\"Dur\u00e9e de lecture estim\u00e9e\" \/>\n\t<meta name=\"twitter:data1\" content=\"1 minute\" \/>\n<!-- \/ Yoast SEO plugin. -->","yoast_head_json":{"title":"CW 518DT - Cool Head Europe","robots":{"index":"index","follow":"follow","max-snippet":"max-snippet:-1","max-image-preview":"max-image-preview:large","max-video-preview":"max-video-preview:-1"},"canonical":"https:\/\/www.coolheadeurope.com\/prodotto\/vino\/armadi-vino\/cw-518dt\/","og_locale":"fr_FR","og_type":"article","og_title":"CW 518DT - Cool Head Europe","og_description":"Le mod\u00e8le CW 518DT est une cave \u00e0 vin moderne mono temp\u00e9rature pouvant contenir jusqu'\u00e0 184 bouteilles. Elle est con\u00e7ue et fabriqu\u00e9e avec le plus grand soin et la plus grande attention afin d'atteindre des performances avanc\u00e9es et des normes de haute qualit\u00e9. Cette cave \u00e0 vin professionnelle est \u00e9quip\u00e9e de 14 clayettes porte-bouteilles en bois, d'une lampe digital LED bleu, d'une lampe interne LED bleu, d'une porte en acier inoxydable avec poign\u00e9e cylindrique verticale, d'une serrure, d'une porte en verre teint\u00e9 pour la protection du vin.","og_url":"https:\/\/www.coolheadeurope.com\/prodotto\/vino\/armadi-vino\/cw-518dt\/","og_site_name":"Cool Head Europe","article_modified_time":"2026-02-08T06:58:21+00:00","og_image":[{"width":283,"height":567,"url":"https:\/\/www.coolheadeurope.com\/wp-content\/uploads\/2026\/04\/CW-518DT-CORPO_CH_LOW.png","type":"image\/png"}],"twitter_card":"summary_large_image","twitter_misc":{"Dur\u00e9e de lecture estim\u00e9e":"1 minute"},"schema":{"@context":"https:\/\/schema.org","@graph":[{"@type":"WebPage","@id":"https:\/\/www.coolheadeurope.com\/prodotto\/vino\/armadi-vino\/cw-518dt\/","url":"https:\/\/www.coolheadeurope.com\/prodotto\/vino\/armadi-vino\/cw-518dt\/","name":"CW 518DT - Cool Head Europe","isPartOf":{"@id":"https:\/\/www.coolheadeurope.com\/#website"},"primaryImageOfPage":{"@id":"https:\/\/www.coolheadeurope.com\/prodotto\/vino\/armadi-vino\/cw-518dt\/#primaryimage"},"image":{"@id":"https:\/\/www.coolheadeurope.com\/prodotto\/vino\/armadi-vino\/cw-518dt\/#primaryimage"},"thumbnailUrl":"https:\/\/www.coolheadeurope.com\/wp-content\/uploads\/2026\/04\/CW-518DT-CORPO_CH_LOW.png","datePublished":"2024-10-10T01:21:56+00:00","dateModified":"2026-02-08T06:58:21+00:00","breadcrumb":{"@id":"https:\/\/www.coolheadeurope.com\/prodotto\/vino\/armadi-vino\/cw-518dt\/#breadcrumb"},"inLanguage":"fr-FR","potentialAction":[{"@type":"ReadAction","target":["https:\/\/www.coolheadeurope.com\/prodotto\/vino\/armadi-vino\/cw-518dt\/"]}]},{"@type":"ImageObject","inLanguage":"fr-FR","@id":"https:\/\/www.coolheadeurope.com\/prodotto\/vino\/armadi-vino\/cw-518dt\/#primaryimage","url":"https:\/\/www.coolheadeurope.com\/wp-content\/uploads\/2026\/04\/CW-518DT-CORPO_CH_LOW.png","contentUrl":"https:\/\/www.coolheadeurope.com\/wp-content\/uploads\/2026\/04\/CW-518DT-CORPO_CH_LOW.png","width":283,"height":567,"caption":"Immagine di CW 518DT"},{"@type":"BreadcrumbList","@id":"https:\/\/www.coolheadeurope.com\/prodotto\/vino\/armadi-vino\/cw-518dt\/#breadcrumb","itemListElement":[{"@type":"ListItem","position":1,"name":"Home","item":"https:\/\/www.coolheadeurope.com\/fr\/"},{"@type":"ListItem","position":2,"name":"Rechercher","item":"https:\/\/www.coolheadeurope.com\/cerca\/"},{"@type":"ListItem","position":3,"name":"CW 518DT"}]},{"@type":"WebSite","@id":"https:\/\/www.coolheadeurope.com\/#website","url":"https:\/\/www.coolheadeurope.com\/","name":"Cool Head Europe","description":"We make the world a cooler place","potentialAction":[{"@type":"SearchAction","target":{"@type":"EntryPoint","urlTemplate":"https:\/\/www.coolheadeurope.com\/?s={search_term_string}"},"query-input":{"@type":"PropertyValueSpecification","valueRequired":true,"valueName":"search_term_string"}}],"inLanguage":"fr-FR"}]}},"_links":{"self":[{"href":"https:\/\/www.coolheadeurope.com\/fr\/wp-json\/wp\/v2\/product\/2958458","targetHints":{"allow":["GET"]}}],"collection":[{"href":"https:\/\/www.coolheadeurope.com\/fr\/wp-json\/wp\/v2\/product"}],"about":[{"href":"https:\/\/www.coolheadeurope.com\/fr\/wp-json\/wp\/v2\/types\/product"}],"wp:featuredmedia":[{"embeddable":true,"href":"https:\/\/www.coolheadeurope.com\/fr\/wp-json\/wp\/v2\/media\/3881506"}],"wp:attachment":[{"href":"https:\/\/www.coolheadeurope.com\/fr\/wp-json\/wp\/v2\/media?parent=2958458"}],"wp:term":[{"taxonomy":"product_brand","embeddable":true,"href":"https:\/\/www.coolheadeurope.com\/fr\/wp-json\/wp\/v2\/product_brand?post=2958458"},{"taxonomy":"product_cat","embeddable":true,"href":"https:\/\/www.coolheadeurope.com\/fr\/wp-json\/wp\/v2\/product_cat?post=2958458"},{"taxonomy":"product_tag","embeddable":true,"href":"https:\/\/www.coolheadeurope.com\/fr\/wp-json\/wp\/v2\/product_tag?post=2958458"}],"curies":[{"name":"wp","href":"https:\/\/api.w.org\/{rel}","templated":true}]}}