{"id":2958460,"date":"2024-10-10T01:25:31","date_gmt":"2024-10-10T01:25:31","guid":{"rendered":"https:\/\/www.coolheadeurope.com\/prodotto\/non%20class\u00e9\/cw-758\/"},"modified":"2026-02-08T06:58:23","modified_gmt":"2026-02-08T06:58:23","slug":"cw-758","status":"publish","type":"product","link":"https:\/\/www.coolheadeurope.com\/fr\/prodotto\/vin\/armoires-vin\/cw-758\/","title":{"rendered":"CW 758"},"content":{"rendered":"<p>Cave \u00e0 vins 450 L \u00e0 installation mobile<br \/>\nAcier laqu\u00e9 en noir pour la face interne et la face externe<br \/>\nRefroidissement ventil\u00e9<br \/>\nCycle de d\u00e9givrage automatique par arr\u00eat du compresseur<br \/>\nAgent moussant : Cyclopentane (45 mm par c\u00f4t\u00e9)<br \/>\nThermostat num\u00e9rique<br \/>\nCommutateurs ind\u00e9pendants: lampe LED principale (Couleur verte) et lampe LED interne (Couleur rouge)<br \/>\nJoint d&rsquo;\u00e9tanch\u00e9it\u00e9 amovible<br \/>\nClayettes en bois r\u00e9glables: 10 pi\u00e8ces<br \/>\nN.2 Lampe LED interne verticale (avec commutateur ind\u00e9pendant)<br \/>\nCadre de porte noir avec poign\u00e9e cylindrique<br \/>\nSerrure mont\u00e9e de s\u00e9rie<br \/>\nPorte \u00e0 fermeture automatique (No r\u00e9versible)<br \/>\nPieds r\u00e9glables N\u00b0 4<br \/>\nClasse \u00e9nerg\u00e9tique: B<\/p>\n","protected":false},"excerpt":{"rendered":"<p>Le mod\u00e8le CW 758 est une cave \u00e0 vin moderne mono-temp\u00e9rature pouvant contenir jusqu&rsquo;\u00e0 169 bouteilles, \u00e9quip\u00e9e de 10 clayettes en bois r\u00e9glables, d&rsquo;une double porte, d&rsquo;une lampe LED verticale interne, d&rsquo;un affichage num\u00e9rique, d&rsquo;une serrure, d&rsquo;une porte \u00e0 fermeture automatique, d&rsquo;un double verre de s\u00e9curit\u00e9 tremp\u00e9 et de poign\u00e9es cylindriques verticales noires.<\/p>\n","protected":false},"featured_media":3881520,"template":"","meta":[],"product_brand":[],"product_cat":[7419,7420],"product_tag":[],"class_list":{"0":"post-2958460","1":"product","2":"type-product","3":"status-publish","4":"has-post-thumbnail","6":"product_cat-vin","7":"product_cat-armoires-vin","8":"pa_capacite-commerciale-458-l","9":"pa_consommation-denergie-3-2-kw-24h","10":"pa_hauteur-exterieure-1800-mm","11":"pa_hauteur-interieure-1490-mm","12":"pa_largeur-exterieure-900-mm","13":"pa_largeur-interne-808-mm","14":"pa_niveau-sonore-45-dba","15":"pa_poids-brut-110-kg","16":"pa_poids-net-106-kg","17":"pa_profondeur-externe-558-mm","18":"pa_profondeur-interne-418-mm","19":"pa_puissance-300-w","21":"first","22":"instock","23":"product-type-simple"},"acf":[],"yoast_head":"<!-- This site is optimized with the Yoast SEO plugin v27.2 - https:\/\/yoast.com\/product\/yoast-seo-wordpress\/ -->\n<title>CW 758 - Cool Head Europe<\/title>\n<meta name=\"robots\" content=\"index, follow, max-snippet:-1, max-image-preview:large, max-video-preview:-1\" \/>\n<link rel=\"canonical\" href=\"https:\/\/www.coolheadeurope.com\/prodotto\/vino\/armadi-vino\/cw-758\/\" \/>\n<meta property=\"og:locale\" content=\"fr_FR\" \/>\n<meta property=\"og:type\" content=\"article\" \/>\n<meta property=\"og:title\" content=\"CW 758 - Cool Head Europe\" \/>\n<meta property=\"og:description\" content=\"Le mod\u00e8le CW 758 est une cave \u00e0 vin moderne mono-temp\u00e9rature pouvant contenir jusqu&#039;\u00e0 169 bouteilles, \u00e9quip\u00e9e de 10 clayettes en bois r\u00e9glables, d&#039;une double porte, d&#039;une lampe LED verticale interne, d&#039;un affichage num\u00e9rique, d&#039;une serrure, d&#039;une porte \u00e0 fermeture automatique, d&#039;un double verre de s\u00e9curit\u00e9 tremp\u00e9 et de poign\u00e9es cylindriques verticales noires.\" \/>\n<meta property=\"og:url\" content=\"https:\/\/www.coolheadeurope.com\/prodotto\/vino\/armadi-vino\/cw-758\/\" \/>\n<meta property=\"og:site_name\" content=\"Cool Head Europe\" \/>\n<meta property=\"article:modified_time\" content=\"2026-02-08T06:58:23+00:00\" \/>\n<meta property=\"og:image\" content=\"https:\/\/www.coolheadeurope.com\/wp-content\/uploads\/2026\/04\/CW-758-CORPO_CH_LOW.png\" \/>\n\t<meta property=\"og:image:width\" content=\"342\" \/>\n\t<meta property=\"og:image:height\" content=\"567\" \/>\n\t<meta property=\"og:image:type\" content=\"image\/png\" \/>\n<meta name=\"twitter:card\" content=\"summary_large_image\" \/>\n<meta name=\"twitter:label1\" content=\"Dur\u00e9e de lecture estim\u00e9e\" \/>\n\t<meta name=\"twitter:data1\" content=\"1 minute\" \/>\n<!-- \/ Yoast SEO plugin. -->","yoast_head_json":{"title":"CW 758 - Cool Head Europe","robots":{"index":"index","follow":"follow","max-snippet":"max-snippet:-1","max-image-preview":"max-image-preview:large","max-video-preview":"max-video-preview:-1"},"canonical":"https:\/\/www.coolheadeurope.com\/prodotto\/vino\/armadi-vino\/cw-758\/","og_locale":"fr_FR","og_type":"article","og_title":"CW 758 - Cool Head Europe","og_description":"Le mod\u00e8le CW 758 est une cave \u00e0 vin moderne mono-temp\u00e9rature pouvant contenir jusqu'\u00e0 169 bouteilles, \u00e9quip\u00e9e de 10 clayettes en bois r\u00e9glables, d'une double porte, d'une lampe LED verticale interne, d'un affichage num\u00e9rique, d'une serrure, d'une porte \u00e0 fermeture automatique, d'un double verre de s\u00e9curit\u00e9 tremp\u00e9 et de poign\u00e9es cylindriques verticales noires.","og_url":"https:\/\/www.coolheadeurope.com\/prodotto\/vino\/armadi-vino\/cw-758\/","og_site_name":"Cool Head Europe","article_modified_time":"2026-02-08T06:58:23+00:00","og_image":[{"width":342,"height":567,"url":"https:\/\/www.coolheadeurope.com\/wp-content\/uploads\/2026\/04\/CW-758-CORPO_CH_LOW.png","type":"image\/png"}],"twitter_card":"summary_large_image","twitter_misc":{"Dur\u00e9e de lecture estim\u00e9e":"1 minute"},"schema":{"@context":"https:\/\/schema.org","@graph":[{"@type":"WebPage","@id":"https:\/\/www.coolheadeurope.com\/prodotto\/vino\/armadi-vino\/cw-758\/","url":"https:\/\/www.coolheadeurope.com\/prodotto\/vino\/armadi-vino\/cw-758\/","name":"CW 758 - Cool Head Europe","isPartOf":{"@id":"https:\/\/www.coolheadeurope.com\/#website"},"primaryImageOfPage":{"@id":"https:\/\/www.coolheadeurope.com\/prodotto\/vino\/armadi-vino\/cw-758\/#primaryimage"},"image":{"@id":"https:\/\/www.coolheadeurope.com\/prodotto\/vino\/armadi-vino\/cw-758\/#primaryimage"},"thumbnailUrl":"https:\/\/www.coolheadeurope.com\/wp-content\/uploads\/2026\/04\/CW-758-CORPO_CH_LOW.png","datePublished":"2024-10-10T01:25:31+00:00","dateModified":"2026-02-08T06:58:23+00:00","breadcrumb":{"@id":"https:\/\/www.coolheadeurope.com\/prodotto\/vino\/armadi-vino\/cw-758\/#breadcrumb"},"inLanguage":"fr-FR","potentialAction":[{"@type":"ReadAction","target":["https:\/\/www.coolheadeurope.com\/prodotto\/vino\/armadi-vino\/cw-758\/"]}]},{"@type":"ImageObject","inLanguage":"fr-FR","@id":"https:\/\/www.coolheadeurope.com\/prodotto\/vino\/armadi-vino\/cw-758\/#primaryimage","url":"https:\/\/www.coolheadeurope.com\/wp-content\/uploads\/2026\/04\/CW-758-CORPO_CH_LOW.png","contentUrl":"https:\/\/www.coolheadeurope.com\/wp-content\/uploads\/2026\/04\/CW-758-CORPO_CH_LOW.png","width":342,"height":567,"caption":"Immagine di CW 758"},{"@type":"BreadcrumbList","@id":"https:\/\/www.coolheadeurope.com\/prodotto\/vino\/armadi-vino\/cw-758\/#breadcrumb","itemListElement":[{"@type":"ListItem","position":1,"name":"Home","item":"https:\/\/www.coolheadeurope.com\/fr\/"},{"@type":"ListItem","position":2,"name":"Rechercher","item":"https:\/\/www.coolheadeurope.com\/cerca\/"},{"@type":"ListItem","position":3,"name":"CW 758"}]},{"@type":"WebSite","@id":"https:\/\/www.coolheadeurope.com\/#website","url":"https:\/\/www.coolheadeurope.com\/","name":"Cool Head Europe","description":"We make the world a cooler place","potentialAction":[{"@type":"SearchAction","target":{"@type":"EntryPoint","urlTemplate":"https:\/\/www.coolheadeurope.com\/?s={search_term_string}"},"query-input":{"@type":"PropertyValueSpecification","valueRequired":true,"valueName":"search_term_string"}}],"inLanguage":"fr-FR"}]}},"_links":{"self":[{"href":"https:\/\/www.coolheadeurope.com\/fr\/wp-json\/wp\/v2\/product\/2958460","targetHints":{"allow":["GET"]}}],"collection":[{"href":"https:\/\/www.coolheadeurope.com\/fr\/wp-json\/wp\/v2\/product"}],"about":[{"href":"https:\/\/www.coolheadeurope.com\/fr\/wp-json\/wp\/v2\/types\/product"}],"wp:featuredmedia":[{"embeddable":true,"href":"https:\/\/www.coolheadeurope.com\/fr\/wp-json\/wp\/v2\/media\/3881520"}],"wp:attachment":[{"href":"https:\/\/www.coolheadeurope.com\/fr\/wp-json\/wp\/v2\/media?parent=2958460"}],"wp:term":[{"taxonomy":"product_brand","embeddable":true,"href":"https:\/\/www.coolheadeurope.com\/fr\/wp-json\/wp\/v2\/product_brand?post=2958460"},{"taxonomy":"product_cat","embeddable":true,"href":"https:\/\/www.coolheadeurope.com\/fr\/wp-json\/wp\/v2\/product_cat?post=2958460"},{"taxonomy":"product_tag","embeddable":true,"href":"https:\/\/www.coolheadeurope.com\/fr\/wp-json\/wp\/v2\/product_tag?post=2958460"}],"curies":[{"name":"wp","href":"https:\/\/api.w.org\/{rel}","templated":true}]}}