{"id":2958461,"date":"2024-10-10T01:27:13","date_gmt":"2024-10-10T01:27:13","guid":{"rendered":"https:\/\/www.coolheadeurope.com\/prodotto\/non%20class\u00e9\/tw-400\/"},"modified":"2026-02-08T06:58:24","modified_gmt":"2026-02-08T06:58:24","slug":"tw-400","status":"publish","type":"product","link":"https:\/\/www.coolheadeurope.com\/fr\/prodotto\/vin\/armoires-vin\/tw-400\/","title":{"rendered":"TW 400"},"content":{"rendered":"<p>Cave \u00e0 vins 350 l (Couleur MARRON)<br \/>\nFace externe en plaque laqu\u00e9e marron, face interne thermoform\u00e9e marron<br \/>\n\u00c9vaporateur \u00e0 tubulure int\u00e9gr\u00e9e avec un syst\u00e8me de refroidissement assist\u00e9 par ventilateur<br \/>\nCycle de d\u00e9givrage automatique par arr\u00eat du compresseur<br \/>\nAgent moussant : Cyclopentane (45 mm par c\u00f4t\u00e9)<br \/>\nThermostat num\u00e9rique<br \/>\nJoint d&rsquo;\u00e9tanch\u00e9it\u00e9 amovible<br \/>\nLampe LED interne verticale<br \/>\nPorte \u00e0 fermeture automatique<br \/>\nPoign\u00e9e externe en aluminium (Couleur noire)<br \/>\nSerrure mont\u00e9e de s\u00e9rie<br \/>\nVerre tremp\u00e9 temp\u00e9r\u00e9 de s\u00e9curit\u00e9<br \/>\nClayettes en bois r\u00e9glables (Clayette N\u00b0 6 )<br \/>\nPieds r\u00e9glables N\u00b0 2 + Roulettes N\u00b0 2 \u00e0 l\u2019arri\u00e8re<br \/>\nClasse \u00e9nerg\u00e9tique: D<\/p>\n","protected":false},"excerpt":{"rendered":"<p>Design essentiel pour cette cave \u00e0 vin fiable \u00e0 usage, mono-temp\u00e9rature, pouvant contenir jusqu\u2019\u00e0 78 bouteilles. Le mod\u00e8le TW 400 est \u00e9quip\u00e9 d&rsquo;un thermostat num\u00e9rique, d&rsquo;une lampe LED verticale interne, d&rsquo;une porte \u00e0 fermeture automatique, d&rsquo;une poign\u00e9e ext\u00e9rieure en aluminium, d&rsquo;une serrure et de 6 clayettes en bois r\u00e9glables.<\/p>\n","protected":false},"featured_media":3881521,"template":"","meta":[],"product_brand":[],"product_cat":[7419,7420],"product_tag":[],"class_list":{"0":"post-2958461","1":"product","2":"type-product","3":"status-publish","4":"has-post-thumbnail","6":"product_cat-vin","7":"product_cat-armoires-vin","8":"pa_capacite-commerciale-350-l","9":"pa_consommation-denergie-1-95-kw-24h","10":"pa_hauteur-exterieure-1830-mm","11":"pa_hauteur-interieure-1580-mm","12":"pa_largeur-exterieure-595-mm","13":"pa_largeur-interne-555-mm","14":"pa_niveau-sonore-42-dba","15":"pa_poids-brut-83-5-kg","16":"pa_poids-net-74-kg","17":"pa_profondeur-externe-620-mm","18":"pa_profondeur-interne-410-mm","19":"pa_puissance-300-w","21":"first","22":"instock","23":"product-type-simple"},"acf":[],"yoast_head":"<!-- This site is optimized with the Yoast SEO plugin v27.2 - https:\/\/yoast.com\/product\/yoast-seo-wordpress\/ -->\n<title>TW 400 - Cool Head Europe<\/title>\n<meta name=\"robots\" content=\"index, follow, max-snippet:-1, max-image-preview:large, max-video-preview:-1\" \/>\n<link rel=\"canonical\" href=\"https:\/\/www.coolheadeurope.com\/fr\/prodotto\/vin\/armoires-vin\/tw-400\/\" \/>\n<meta property=\"og:locale\" content=\"fr_FR\" \/>\n<meta property=\"og:type\" content=\"article\" \/>\n<meta property=\"og:title\" content=\"TW 400 - Cool Head Europe\" \/>\n<meta property=\"og:description\" content=\"Design essentiel pour cette cave \u00e0 vin fiable \u00e0 usage, mono-temp\u00e9rature, pouvant contenir jusqu\u2019\u00e0 78 bouteilles. Le mod\u00e8le TW 400 est \u00e9quip\u00e9 d&#039;un thermostat num\u00e9rique, d&#039;une lampe LED verticale interne, d&#039;une porte \u00e0 fermeture automatique, d&#039;une poign\u00e9e ext\u00e9rieure en aluminium, d&#039;une serrure et de 6 clayettes en bois r\u00e9glables.\" \/>\n<meta property=\"og:url\" content=\"https:\/\/www.coolheadeurope.com\/fr\/prodotto\/vin\/armoires-vin\/tw-400\/\" \/>\n<meta property=\"og:site_name\" content=\"Cool Head Europe\" \/>\n<meta property=\"article:modified_time\" content=\"2026-02-08T06:58:24+00:00\" \/>\n<meta property=\"og:image\" content=\"https:\/\/www.coolheadeurope.com\/wp-content\/uploads\/2026\/04\/TW-400-CORPO_CH_LOW.png\" \/>\n\t<meta property=\"og:image:width\" content=\"259\" \/>\n\t<meta property=\"og:image:height\" content=\"567\" \/>\n\t<meta property=\"og:image:type\" content=\"image\/png\" \/>\n<meta name=\"twitter:card\" content=\"summary_large_image\" \/>\n<meta name=\"twitter:label1\" content=\"Dur\u00e9e de lecture estim\u00e9e\" \/>\n\t<meta name=\"twitter:data1\" content=\"1 minute\" \/>\n<!-- \/ Yoast SEO plugin. -->","yoast_head_json":{"title":"TW 400 - Cool Head Europe","robots":{"index":"index","follow":"follow","max-snippet":"max-snippet:-1","max-image-preview":"max-image-preview:large","max-video-preview":"max-video-preview:-1"},"canonical":"https:\/\/www.coolheadeurope.com\/fr\/prodotto\/vin\/armoires-vin\/tw-400\/","og_locale":"fr_FR","og_type":"article","og_title":"TW 400 - Cool Head Europe","og_description":"Design essentiel pour cette cave \u00e0 vin fiable \u00e0 usage, mono-temp\u00e9rature, pouvant contenir jusqu\u2019\u00e0 78 bouteilles. Le mod\u00e8le TW 400 est \u00e9quip\u00e9 d'un thermostat num\u00e9rique, d'une lampe LED verticale interne, d'une porte \u00e0 fermeture automatique, d'une poign\u00e9e ext\u00e9rieure en aluminium, d'une serrure et de 6 clayettes en bois r\u00e9glables.","og_url":"https:\/\/www.coolheadeurope.com\/fr\/prodotto\/vin\/armoires-vin\/tw-400\/","og_site_name":"Cool Head Europe","article_modified_time":"2026-02-08T06:58:24+00:00","og_image":[{"width":259,"height":567,"url":"https:\/\/www.coolheadeurope.com\/wp-content\/uploads\/2026\/04\/TW-400-CORPO_CH_LOW.png","type":"image\/png"}],"twitter_card":"summary_large_image","twitter_misc":{"Dur\u00e9e de lecture estim\u00e9e":"1 minute"},"schema":{"@context":"https:\/\/schema.org","@graph":[{"@type":"WebPage","@id":"https:\/\/www.coolheadeurope.com\/fr\/prodotto\/vin\/armoires-vin\/tw-400\/","url":"https:\/\/www.coolheadeurope.com\/fr\/prodotto\/vin\/armoires-vin\/tw-400\/","name":"TW 400 - Cool Head Europe","isPartOf":{"@id":"https:\/\/www.coolheadeurope.com\/#website"},"primaryImageOfPage":{"@id":"https:\/\/www.coolheadeurope.com\/fr\/prodotto\/vin\/armoires-vin\/tw-400\/#primaryimage"},"image":{"@id":"https:\/\/www.coolheadeurope.com\/fr\/prodotto\/vin\/armoires-vin\/tw-400\/#primaryimage"},"thumbnailUrl":"https:\/\/www.coolheadeurope.com\/wp-content\/uploads\/2026\/04\/TW-400-CORPO_CH_LOW.png","datePublished":"2024-10-10T01:27:13+00:00","dateModified":"2026-02-08T06:58:24+00:00","breadcrumb":{"@id":"https:\/\/www.coolheadeurope.com\/fr\/prodotto\/vin\/armoires-vin\/tw-400\/#breadcrumb"},"inLanguage":"fr-FR","potentialAction":[{"@type":"ReadAction","target":["https:\/\/www.coolheadeurope.com\/fr\/prodotto\/vin\/armoires-vin\/tw-400\/"]}]},{"@type":"ImageObject","inLanguage":"fr-FR","@id":"https:\/\/www.coolheadeurope.com\/fr\/prodotto\/vin\/armoires-vin\/tw-400\/#primaryimage","url":"https:\/\/www.coolheadeurope.com\/wp-content\/uploads\/2026\/04\/TW-400-CORPO_CH_LOW.png","contentUrl":"https:\/\/www.coolheadeurope.com\/wp-content\/uploads\/2026\/04\/TW-400-CORPO_CH_LOW.png","width":259,"height":567,"caption":"Immagine di TW 400"},{"@type":"BreadcrumbList","@id":"https:\/\/www.coolheadeurope.com\/fr\/prodotto\/vin\/armoires-vin\/tw-400\/#breadcrumb","itemListElement":[{"@type":"ListItem","position":1,"name":"Home","item":"https:\/\/www.coolheadeurope.com\/fr\/"},{"@type":"ListItem","position":2,"name":"Rechercher","item":"https:\/\/www.coolheadeurope.com\/cerca\/"},{"@type":"ListItem","position":3,"name":"TW 400"}]},{"@type":"WebSite","@id":"https:\/\/www.coolheadeurope.com\/#website","url":"https:\/\/www.coolheadeurope.com\/","name":"Cool Head Europe","description":"We make the world a cooler place","potentialAction":[{"@type":"SearchAction","target":{"@type":"EntryPoint","urlTemplate":"https:\/\/www.coolheadeurope.com\/?s={search_term_string}"},"query-input":{"@type":"PropertyValueSpecification","valueRequired":true,"valueName":"search_term_string"}}],"inLanguage":"fr-FR"}]}},"_links":{"self":[{"href":"https:\/\/www.coolheadeurope.com\/fr\/wp-json\/wp\/v2\/product\/2958461","targetHints":{"allow":["GET"]}}],"collection":[{"href":"https:\/\/www.coolheadeurope.com\/fr\/wp-json\/wp\/v2\/product"}],"about":[{"href":"https:\/\/www.coolheadeurope.com\/fr\/wp-json\/wp\/v2\/types\/product"}],"wp:featuredmedia":[{"embeddable":true,"href":"https:\/\/www.coolheadeurope.com\/fr\/wp-json\/wp\/v2\/media\/3881521"}],"wp:attachment":[{"href":"https:\/\/www.coolheadeurope.com\/fr\/wp-json\/wp\/v2\/media?parent=2958461"}],"wp:term":[{"taxonomy":"product_brand","embeddable":true,"href":"https:\/\/www.coolheadeurope.com\/fr\/wp-json\/wp\/v2\/product_brand?post=2958461"},{"taxonomy":"product_cat","embeddable":true,"href":"https:\/\/www.coolheadeurope.com\/fr\/wp-json\/wp\/v2\/product_cat?post=2958461"},{"taxonomy":"product_tag","embeddable":true,"href":"https:\/\/www.coolheadeurope.com\/fr\/wp-json\/wp\/v2\/product_tag?post=2958461"}],"curies":[{"name":"wp","href":"https:\/\/api.w.org\/{rel}","templated":true}]}}