{"id":2958469,"date":"2024-10-10T01:40:58","date_gmt":"2024-10-10T01:40:58","guid":{"rendered":"https:\/\/www.coolheadeurope.com\/prodotto\/non%20class\u00e9\/rc-160sq\/"},"modified":"2026-02-08T06:58:31","modified_gmt":"2026-02-08T06:58:31","slug":"rc-160sq","status":"publish","type":"product","link":"https:\/\/www.coolheadeurope.com\/fr\/prodotto\/presentoirs\/vitrine-de-comptoir\/rc-160sq\/","title":{"rendered":"RC 160SQ"},"content":{"rendered":"<p>Vitrine de comptoir r\u00e9frig\u00e9r\u00e9e 160 L<br \/>\nVerre carr\u00e9 avec cadre noir et socle en acier inoxydable<br \/>\nRefroidissement ventil\u00e9<br \/>\nCycle de d\u00e9givrage automatique par arr\u00eat du compresseur<br \/>\nCommande \u00e0 afficheur num\u00e9rique<br \/>\nLampe LED interne<br \/>\nVitre double \u00e9paisseur anti-condensation<br \/>\nPortes coulissantes arri\u00e8re<br \/>\nClayettes chrom\u00e9es r\u00e9glables (Pi\u00e8ces N\u00b0 2)<br \/>\nSupport fixe N\u00b0 4 mont\u00e9 sous le socle<br \/>\nClasse \u00e9nerg\u00e9tique: B<\/p>\n","protected":false},"excerpt":{"rendered":"<p>Cette vitrine r\u00e9frig\u00e9r\u00e9e de comptoir en noir et acier, \u00e9quip\u00e9e de lampes LED et d&rsquo;un verre anti-condensation, est con\u00e7ue pour pr\u00e9senter tout aliment qui m\u00e9rite une bonne visibilit\u00e9 sur votre comptoir.<\/p>\n","protected":false},"featured_media":3881533,"template":"","meta":[],"product_brand":[],"product_cat":[7406,7409],"product_tag":[],"class_list":{"0":"post-2958469","1":"product","2":"type-product","3":"status-publish","4":"has-post-thumbnail","6":"product_cat-presentoirs","7":"product_cat-vitrine-de-comptoir","8":"pa_capacite-commerciale-160-l","9":"pa_consommation-denergie-3-3-kw-24h","10":"pa_hauteur-exterieure-685-mm","11":"pa_hauteur-interieure-410-mm","12":"pa_largeur-exterieure-880-mm","13":"pa_largeur-interne-842-mm","14":"pa_niveau-sonore-51-dba","15":"pa_poids-brut-69-5-kg","16":"pa_poids-net-66-kg","17":"pa_profondeur-externe-570-mm","18":"pa_profondeur-interne-485-mm","19":"pa_puissance-160-w","21":"first","22":"instock","23":"product-type-simple"},"acf":[],"yoast_head":"<!-- This site is optimized with the Yoast SEO plugin v27.2 - https:\/\/yoast.com\/product\/yoast-seo-wordpress\/ -->\n<title>RC 160SQ - Cool Head Europe<\/title>\n<meta name=\"robots\" content=\"index, follow, max-snippet:-1, max-image-preview:large, max-video-preview:-1\" \/>\n<link rel=\"canonical\" href=\"https:\/\/www.coolheadeurope.com\/prodotto\/display\/espositori-da-banco\/rc-160sq\/\" \/>\n<meta property=\"og:locale\" content=\"fr_FR\" \/>\n<meta property=\"og:type\" content=\"article\" \/>\n<meta property=\"og:title\" content=\"RC 160SQ - Cool Head Europe\" \/>\n<meta property=\"og:description\" content=\"Cette vitrine r\u00e9frig\u00e9r\u00e9e de comptoir en noir et acier, \u00e9quip\u00e9e de lampes LED et d&#039;un verre anti-condensation, est con\u00e7ue pour pr\u00e9senter tout aliment qui m\u00e9rite une bonne visibilit\u00e9 sur votre comptoir.\" \/>\n<meta property=\"og:url\" content=\"https:\/\/www.coolheadeurope.com\/prodotto\/display\/espositori-da-banco\/rc-160sq\/\" \/>\n<meta property=\"og:site_name\" content=\"Cool Head Europe\" \/>\n<meta property=\"article:modified_time\" content=\"2026-02-08T06:58:31+00:00\" \/>\n<meta property=\"og:image\" content=\"https:\/\/www.coolheadeurope.com\/wp-content\/uploads\/2026\/04\/RC-160SQ-CORPO_CH_LOW.png\" \/>\n\t<meta property=\"og:image:width\" content=\"567\" \/>\n\t<meta property=\"og:image:height\" content=\"475\" \/>\n\t<meta property=\"og:image:type\" content=\"image\/png\" \/>\n<meta name=\"twitter:card\" content=\"summary_large_image\" \/>\n<!-- \/ Yoast SEO plugin. -->","yoast_head_json":{"title":"RC 160SQ - Cool Head Europe","robots":{"index":"index","follow":"follow","max-snippet":"max-snippet:-1","max-image-preview":"max-image-preview:large","max-video-preview":"max-video-preview:-1"},"canonical":"https:\/\/www.coolheadeurope.com\/prodotto\/display\/espositori-da-banco\/rc-160sq\/","og_locale":"fr_FR","og_type":"article","og_title":"RC 160SQ - Cool Head Europe","og_description":"Cette vitrine r\u00e9frig\u00e9r\u00e9e de comptoir en noir et acier, \u00e9quip\u00e9e de lampes LED et d'un verre anti-condensation, est con\u00e7ue pour pr\u00e9senter tout aliment qui m\u00e9rite une bonne visibilit\u00e9 sur votre comptoir.","og_url":"https:\/\/www.coolheadeurope.com\/prodotto\/display\/espositori-da-banco\/rc-160sq\/","og_site_name":"Cool Head Europe","article_modified_time":"2026-02-08T06:58:31+00:00","og_image":[{"width":567,"height":475,"url":"https:\/\/www.coolheadeurope.com\/wp-content\/uploads\/2026\/04\/RC-160SQ-CORPO_CH_LOW.png","type":"image\/png"}],"twitter_card":"summary_large_image","schema":{"@context":"https:\/\/schema.org","@graph":[{"@type":"WebPage","@id":"https:\/\/www.coolheadeurope.com\/prodotto\/display\/espositori-da-banco\/rc-160sq\/","url":"https:\/\/www.coolheadeurope.com\/prodotto\/display\/espositori-da-banco\/rc-160sq\/","name":"RC 160SQ - Cool Head Europe","isPartOf":{"@id":"https:\/\/www.coolheadeurope.com\/#website"},"primaryImageOfPage":{"@id":"https:\/\/www.coolheadeurope.com\/prodotto\/display\/espositori-da-banco\/rc-160sq\/#primaryimage"},"image":{"@id":"https:\/\/www.coolheadeurope.com\/prodotto\/display\/espositori-da-banco\/rc-160sq\/#primaryimage"},"thumbnailUrl":"https:\/\/www.coolheadeurope.com\/wp-content\/uploads\/2026\/04\/RC-160SQ-CORPO_CH_LOW.png","datePublished":"2024-10-10T01:40:58+00:00","dateModified":"2026-02-08T06:58:31+00:00","breadcrumb":{"@id":"https:\/\/www.coolheadeurope.com\/prodotto\/display\/espositori-da-banco\/rc-160sq\/#breadcrumb"},"inLanguage":"fr-FR","potentialAction":[{"@type":"ReadAction","target":["https:\/\/www.coolheadeurope.com\/prodotto\/display\/espositori-da-banco\/rc-160sq\/"]}]},{"@type":"ImageObject","inLanguage":"fr-FR","@id":"https:\/\/www.coolheadeurope.com\/prodotto\/display\/espositori-da-banco\/rc-160sq\/#primaryimage","url":"https:\/\/www.coolheadeurope.com\/wp-content\/uploads\/2026\/04\/RC-160SQ-CORPO_CH_LOW.png","contentUrl":"https:\/\/www.coolheadeurope.com\/wp-content\/uploads\/2026\/04\/RC-160SQ-CORPO_CH_LOW.png","width":567,"height":475,"caption":"Immagine di RC 160SQ"},{"@type":"BreadcrumbList","@id":"https:\/\/www.coolheadeurope.com\/prodotto\/display\/espositori-da-banco\/rc-160sq\/#breadcrumb","itemListElement":[{"@type":"ListItem","position":1,"name":"Home","item":"https:\/\/www.coolheadeurope.com\/fr\/"},{"@type":"ListItem","position":2,"name":"Rechercher","item":"https:\/\/www.coolheadeurope.com\/cerca\/"},{"@type":"ListItem","position":3,"name":"RC 160SQ"}]},{"@type":"WebSite","@id":"https:\/\/www.coolheadeurope.com\/#website","url":"https:\/\/www.coolheadeurope.com\/","name":"Cool Head Europe","description":"We make the world a cooler place","potentialAction":[{"@type":"SearchAction","target":{"@type":"EntryPoint","urlTemplate":"https:\/\/www.coolheadeurope.com\/?s={search_term_string}"},"query-input":{"@type":"PropertyValueSpecification","valueRequired":true,"valueName":"search_term_string"}}],"inLanguage":"fr-FR"}]}},"_links":{"self":[{"href":"https:\/\/www.coolheadeurope.com\/fr\/wp-json\/wp\/v2\/product\/2958469","targetHints":{"allow":["GET"]}}],"collection":[{"href":"https:\/\/www.coolheadeurope.com\/fr\/wp-json\/wp\/v2\/product"}],"about":[{"href":"https:\/\/www.coolheadeurope.com\/fr\/wp-json\/wp\/v2\/types\/product"}],"wp:featuredmedia":[{"embeddable":true,"href":"https:\/\/www.coolheadeurope.com\/fr\/wp-json\/wp\/v2\/media\/3881533"}],"wp:attachment":[{"href":"https:\/\/www.coolheadeurope.com\/fr\/wp-json\/wp\/v2\/media?parent=2958469"}],"wp:term":[{"taxonomy":"product_brand","embeddable":true,"href":"https:\/\/www.coolheadeurope.com\/fr\/wp-json\/wp\/v2\/product_brand?post=2958469"},{"taxonomy":"product_cat","embeddable":true,"href":"https:\/\/www.coolheadeurope.com\/fr\/wp-json\/wp\/v2\/product_cat?post=2958469"},{"taxonomy":"product_tag","embeddable":true,"href":"https:\/\/www.coolheadeurope.com\/fr\/wp-json\/wp\/v2\/product_tag?post=2958469"}],"curies":[{"name":"wp","href":"https:\/\/api.w.org\/{rel}","templated":true}]}}