{"id":2958471,"date":"2024-10-10T01:44:24","date_gmt":"2024-10-10T01:44:24","guid":{"rendered":"https:\/\/www.coolheadeurope.com\/prodotto\/non%20class\u00e9\/rh-160\/"},"modified":"2026-02-08T06:58:33","modified_gmt":"2026-02-08T06:58:33","slug":"rh-160","status":"publish","type":"product","link":"https:\/\/www.coolheadeurope.com\/fr\/prodotto\/presentoirs\/vitrine-de-comptoir\/rh-160\/","title":{"rendered":"RH 160"},"content":{"rendered":"<p>Vitrine de comptoir chauff\u00e9 160 L<br \/>\nVitre incurv\u00e9e et socle en acier inoxydable<br \/>\nVerre tremp\u00e9 avec cadre transparent<br \/>\nThermostat m\u00e9canique<br \/>\nThermom\u00e8tre analogique<br \/>\nLampe LED interne<br \/>\nPortes coulissantes arri\u00e8re<br \/>\nClayettes chrom\u00e9es r\u00e9glables (Pi\u00e8ces N\u00b0 3)<br \/>\nSupport fixe N\u00b0 4 mont\u00e9 sous le socle<\/p>\n","protected":false},"excerpt":{"rendered":"<p>Cette vitrine de comptoir de couleur acier permet de maintenir au chaud croissants, brioches, sandwichs et plats cuisin\u00e9s.<br \/>\nLe mod\u00e8le RH 160 est \u00e9quip\u00e9 d&rsquo;une lampe LED et d&rsquo;un verre anti-condensation \u00e0 double courbure. Il est con\u00e7u pour pr\u00e9senter tous les aliments qui m\u00e9ritent une bonne visibilit\u00e9 sur votre comptoir.<\/p>\n","protected":false},"featured_media":3881536,"template":"","meta":[],"product_brand":[],"product_cat":[7406,7409],"product_tag":[],"class_list":{"0":"post-2958471","1":"product","2":"type-product","3":"status-publish","4":"has-post-thumbnail","6":"product_cat-presentoirs","7":"product_cat-vitrine-de-comptoir","8":"pa_capacite-commerciale-160-l","9":"pa_consommation-denergie-n-a-kw-24h","10":"pa_hauteur-exterieure-685-mm","11":"pa_hauteur-interieure-430-mm","12":"pa_largeur-exterieure-870-mm","13":"pa_largeur-interne-840-mm","14":"pa_niveau-sonore-13-dba","15":"pa_poids-brut-63-kg","16":"pa_poids-net-56-kg","17":"pa_profondeur-externe-582-mm","18":"pa_profondeur-interne-505-mm","19":"pa_puissance-1500-w","21":"first","22":"instock","23":"product-type-simple"},"acf":[],"yoast_head":"<!-- This site is optimized with the Yoast SEO plugin v27.2 - https:\/\/yoast.com\/product\/yoast-seo-wordpress\/ -->\n<title>RH 160 - Cool Head Europe<\/title>\n<meta name=\"robots\" content=\"index, follow, max-snippet:-1, max-image-preview:large, max-video-preview:-1\" \/>\n<link rel=\"canonical\" href=\"https:\/\/www.coolheadeurope.com\/prodotto\/display\/espositori-da-banco\/rh-160\/\" \/>\n<meta property=\"og:locale\" content=\"fr_FR\" \/>\n<meta property=\"og:type\" content=\"article\" \/>\n<meta property=\"og:title\" content=\"RH 160 - Cool Head Europe\" \/>\n<meta property=\"og:description\" content=\"Cette vitrine de comptoir de couleur acier permet de maintenir au chaud croissants, brioches, sandwichs et plats cuisin\u00e9s. Le mod\u00e8le RH 160 est \u00e9quip\u00e9 d&#039;une lampe LED et d&#039;un verre anti-condensation \u00e0 double courbure. Il est con\u00e7u pour pr\u00e9senter tous les aliments qui m\u00e9ritent une bonne visibilit\u00e9 sur votre comptoir.\" \/>\n<meta property=\"og:url\" content=\"https:\/\/www.coolheadeurope.com\/prodotto\/display\/espositori-da-banco\/rh-160\/\" \/>\n<meta property=\"og:site_name\" content=\"Cool Head Europe\" \/>\n<meta property=\"article:modified_time\" content=\"2026-02-08T06:58:33+00:00\" \/>\n<meta property=\"og:image\" content=\"https:\/\/www.coolheadeurope.com\/wp-content\/uploads\/2026\/04\/RH-160-CORPO_CH_LOW.png\" \/>\n\t<meta property=\"og:image:width\" content=\"567\" \/>\n\t<meta property=\"og:image:height\" content=\"435\" \/>\n\t<meta property=\"og:image:type\" content=\"image\/png\" \/>\n<meta name=\"twitter:card\" content=\"summary_large_image\" \/>\n<!-- \/ Yoast SEO plugin. -->","yoast_head_json":{"title":"RH 160 - Cool Head Europe","robots":{"index":"index","follow":"follow","max-snippet":"max-snippet:-1","max-image-preview":"max-image-preview:large","max-video-preview":"max-video-preview:-1"},"canonical":"https:\/\/www.coolheadeurope.com\/prodotto\/display\/espositori-da-banco\/rh-160\/","og_locale":"fr_FR","og_type":"article","og_title":"RH 160 - Cool Head Europe","og_description":"Cette vitrine de comptoir de couleur acier permet de maintenir au chaud croissants, brioches, sandwichs et plats cuisin\u00e9s. Le mod\u00e8le RH 160 est \u00e9quip\u00e9 d'une lampe LED et d'un verre anti-condensation \u00e0 double courbure. Il est con\u00e7u pour pr\u00e9senter tous les aliments qui m\u00e9ritent une bonne visibilit\u00e9 sur votre comptoir.","og_url":"https:\/\/www.coolheadeurope.com\/prodotto\/display\/espositori-da-banco\/rh-160\/","og_site_name":"Cool Head Europe","article_modified_time":"2026-02-08T06:58:33+00:00","og_image":[{"width":567,"height":435,"url":"https:\/\/www.coolheadeurope.com\/wp-content\/uploads\/2026\/04\/RH-160-CORPO_CH_LOW.png","type":"image\/png"}],"twitter_card":"summary_large_image","schema":{"@context":"https:\/\/schema.org","@graph":[{"@type":"WebPage","@id":"https:\/\/www.coolheadeurope.com\/prodotto\/display\/espositori-da-banco\/rh-160\/","url":"https:\/\/www.coolheadeurope.com\/prodotto\/display\/espositori-da-banco\/rh-160\/","name":"RH 160 - Cool Head Europe","isPartOf":{"@id":"https:\/\/www.coolheadeurope.com\/#website"},"primaryImageOfPage":{"@id":"https:\/\/www.coolheadeurope.com\/prodotto\/display\/espositori-da-banco\/rh-160\/#primaryimage"},"image":{"@id":"https:\/\/www.coolheadeurope.com\/prodotto\/display\/espositori-da-banco\/rh-160\/#primaryimage"},"thumbnailUrl":"https:\/\/www.coolheadeurope.com\/wp-content\/uploads\/2026\/04\/RH-160-CORPO_CH_LOW.png","datePublished":"2024-10-10T01:44:24+00:00","dateModified":"2026-02-08T06:58:33+00:00","breadcrumb":{"@id":"https:\/\/www.coolheadeurope.com\/prodotto\/display\/espositori-da-banco\/rh-160\/#breadcrumb"},"inLanguage":"fr-FR","potentialAction":[{"@type":"ReadAction","target":["https:\/\/www.coolheadeurope.com\/prodotto\/display\/espositori-da-banco\/rh-160\/"]}]},{"@type":"ImageObject","inLanguage":"fr-FR","@id":"https:\/\/www.coolheadeurope.com\/prodotto\/display\/espositori-da-banco\/rh-160\/#primaryimage","url":"https:\/\/www.coolheadeurope.com\/wp-content\/uploads\/2026\/04\/RH-160-CORPO_CH_LOW.png","contentUrl":"https:\/\/www.coolheadeurope.com\/wp-content\/uploads\/2026\/04\/RH-160-CORPO_CH_LOW.png","width":567,"height":435,"caption":"Immagine di RH 160"},{"@type":"BreadcrumbList","@id":"https:\/\/www.coolheadeurope.com\/prodotto\/display\/espositori-da-banco\/rh-160\/#breadcrumb","itemListElement":[{"@type":"ListItem","position":1,"name":"Home","item":"https:\/\/www.coolheadeurope.com\/fr\/"},{"@type":"ListItem","position":2,"name":"Rechercher","item":"https:\/\/www.coolheadeurope.com\/cerca\/"},{"@type":"ListItem","position":3,"name":"RH 160"}]},{"@type":"WebSite","@id":"https:\/\/www.coolheadeurope.com\/#website","url":"https:\/\/www.coolheadeurope.com\/","name":"Cool Head Europe","description":"We make the world a cooler place","potentialAction":[{"@type":"SearchAction","target":{"@type":"EntryPoint","urlTemplate":"https:\/\/www.coolheadeurope.com\/?s={search_term_string}"},"query-input":{"@type":"PropertyValueSpecification","valueRequired":true,"valueName":"search_term_string"}}],"inLanguage":"fr-FR"}]}},"_links":{"self":[{"href":"https:\/\/www.coolheadeurope.com\/fr\/wp-json\/wp\/v2\/product\/2958471","targetHints":{"allow":["GET"]}}],"collection":[{"href":"https:\/\/www.coolheadeurope.com\/fr\/wp-json\/wp\/v2\/product"}],"about":[{"href":"https:\/\/www.coolheadeurope.com\/fr\/wp-json\/wp\/v2\/types\/product"}],"wp:featuredmedia":[{"embeddable":true,"href":"https:\/\/www.coolheadeurope.com\/fr\/wp-json\/wp\/v2\/media\/3881536"}],"wp:attachment":[{"href":"https:\/\/www.coolheadeurope.com\/fr\/wp-json\/wp\/v2\/media?parent=2958471"}],"wp:term":[{"taxonomy":"product_brand","embeddable":true,"href":"https:\/\/www.coolheadeurope.com\/fr\/wp-json\/wp\/v2\/product_brand?post=2958471"},{"taxonomy":"product_cat","embeddable":true,"href":"https:\/\/www.coolheadeurope.com\/fr\/wp-json\/wp\/v2\/product_cat?post=2958471"},{"taxonomy":"product_tag","embeddable":true,"href":"https:\/\/www.coolheadeurope.com\/fr\/wp-json\/wp\/v2\/product_tag?post=2958471"}],"curies":[{"name":"wp","href":"https:\/\/api.w.org\/{rel}","templated":true}]}}