{"id":2958475,"date":"2024-10-10T01:51:12","date_gmt":"2024-10-10T01:51:12","guid":{"rendered":"https:\/\/www.coolheadeurope.com\/prodotto\/non%20class\u00e9\/rc-78b\/"},"modified":"2026-02-08T06:58:39","modified_gmt":"2026-02-08T06:58:39","slug":"rc-78b","status":"publish","type":"product","link":"https:\/\/www.coolheadeurope.com\/fr\/prodotto\/presentoirs\/vitrine-de-comptoir\/rc-78b\/","title":{"rendered":"RC 78B"},"content":{"rendered":"<p>Vitrine r\u00e9frig\u00e9r\u00e9e verticale 78 L (Couleur noire)<br \/>\nVitre plate avec cadre noir et socle en plastique<br \/>\nRefroidissement ventil\u00e9<br \/>\nCycle de d\u00e9givrage automatique par arr\u00eat du compresseur<br \/>\nCommande \u00e0 afficheur num\u00e9rique<br \/>\nLampe LED interne<br \/>\nVerre de s\u00e9curit\u00e9 tremp\u00e9<br \/>\nClayettes r\u00e9glables (Pi\u00e8ces N\u00b0 3)<br \/>\nSupport fixe N\u00b0 4 mont\u00e9 sous le socle<br \/>\nClasse \u00e9nerg\u00e9tique: C<\/p>\n","protected":false},"excerpt":{"rendered":"<p>Vitrine r\u00e9frig\u00e9r\u00e9e de comptoir blanche avec verre droit, \u00e9quip\u00e9e d&rsquo;un affichage num\u00e9rique pour le contr\u00f4le de la temp\u00e9rature, de lampes LED internes et d&rsquo;\u00e9tag\u00e8res noires r\u00e9glables.<\/p>\n","protected":false},"featured_media":3881543,"template":"","meta":[],"product_brand":[],"product_cat":[7406,7409],"product_tag":[],"class_list":{"0":"post-2958475","1":"product","2":"type-product","3":"status-publish","4":"has-post-thumbnail","6":"product_cat-presentoirs","7":"product_cat-vitrine-de-comptoir","8":"pa_capacite-commerciale-78-l","9":"pa_consommation-denergie-2-748-kw-24h","10":"pa_hauteur-exterieure-960-mm","11":"pa_hauteur-interieure-600-mm","12":"pa_largeur-exterieure-428-mm","13":"pa_largeur-interne-400-mm","14":"pa_niveau-sonore-43-dba","15":"pa_poids-brut-41-kg","16":"pa_poids-net-34-kg","17":"pa_profondeur-externe-386-mm","18":"pa_profondeur-interne-370-mm","19":"pa_puissance-180-w","21":"first","22":"instock","23":"product-type-simple"},"acf":[],"yoast_head":"<!-- This site is optimized with the Yoast SEO plugin v27.2 - https:\/\/yoast.com\/product\/yoast-seo-wordpress\/ -->\n<title>RC 78B - Cool Head Europe<\/title>\n<meta name=\"robots\" content=\"index, follow, max-snippet:-1, max-image-preview:large, max-video-preview:-1\" \/>\n<link rel=\"canonical\" href=\"https:\/\/www.coolheadeurope.com\/prodotto\/display\/espositori-da-banco\/rc-78b\/\" \/>\n<meta property=\"og:locale\" content=\"fr_FR\" \/>\n<meta property=\"og:type\" content=\"article\" \/>\n<meta property=\"og:title\" content=\"RC 78B - Cool Head Europe\" \/>\n<meta property=\"og:description\" content=\"Vitrine r\u00e9frig\u00e9r\u00e9e de comptoir blanche avec verre droit, \u00e9quip\u00e9e d&#039;un affichage num\u00e9rique pour le contr\u00f4le de la temp\u00e9rature, de lampes LED internes et d&#039;\u00e9tag\u00e8res noires r\u00e9glables.\" \/>\n<meta property=\"og:url\" content=\"https:\/\/www.coolheadeurope.com\/prodotto\/display\/espositori-da-banco\/rc-78b\/\" \/>\n<meta property=\"og:site_name\" content=\"Cool Head Europe\" \/>\n<meta property=\"article:modified_time\" content=\"2026-02-08T06:58:39+00:00\" \/>\n<meta property=\"og:image\" content=\"https:\/\/www.coolheadeurope.com\/wp-content\/uploads\/2026\/04\/RC-78B-CORPO_CH_LOW.png\" \/>\n\t<meta property=\"og:image:width\" content=\"299\" \/>\n\t<meta property=\"og:image:height\" content=\"545\" \/>\n\t<meta property=\"og:image:type\" content=\"image\/png\" \/>\n<meta name=\"twitter:card\" content=\"summary_large_image\" \/>\n<!-- \/ Yoast SEO plugin. -->","yoast_head_json":{"title":"RC 78B - Cool Head Europe","robots":{"index":"index","follow":"follow","max-snippet":"max-snippet:-1","max-image-preview":"max-image-preview:large","max-video-preview":"max-video-preview:-1"},"canonical":"https:\/\/www.coolheadeurope.com\/prodotto\/display\/espositori-da-banco\/rc-78b\/","og_locale":"fr_FR","og_type":"article","og_title":"RC 78B - Cool Head Europe","og_description":"Vitrine r\u00e9frig\u00e9r\u00e9e de comptoir blanche avec verre droit, \u00e9quip\u00e9e d'un affichage num\u00e9rique pour le contr\u00f4le de la temp\u00e9rature, de lampes LED internes et d'\u00e9tag\u00e8res noires r\u00e9glables.","og_url":"https:\/\/www.coolheadeurope.com\/prodotto\/display\/espositori-da-banco\/rc-78b\/","og_site_name":"Cool Head Europe","article_modified_time":"2026-02-08T06:58:39+00:00","og_image":[{"width":299,"height":545,"url":"https:\/\/www.coolheadeurope.com\/wp-content\/uploads\/2026\/04\/RC-78B-CORPO_CH_LOW.png","type":"image\/png"}],"twitter_card":"summary_large_image","schema":{"@context":"https:\/\/schema.org","@graph":[{"@type":"WebPage","@id":"https:\/\/www.coolheadeurope.com\/prodotto\/display\/espositori-da-banco\/rc-78b\/","url":"https:\/\/www.coolheadeurope.com\/prodotto\/display\/espositori-da-banco\/rc-78b\/","name":"RC 78B - Cool Head Europe","isPartOf":{"@id":"https:\/\/www.coolheadeurope.com\/#website"},"primaryImageOfPage":{"@id":"https:\/\/www.coolheadeurope.com\/prodotto\/display\/espositori-da-banco\/rc-78b\/#primaryimage"},"image":{"@id":"https:\/\/www.coolheadeurope.com\/prodotto\/display\/espositori-da-banco\/rc-78b\/#primaryimage"},"thumbnailUrl":"https:\/\/www.coolheadeurope.com\/wp-content\/uploads\/2026\/04\/RC-78B-CORPO_CH_LOW.png","datePublished":"2024-10-10T01:51:12+00:00","dateModified":"2026-02-08T06:58:39+00:00","breadcrumb":{"@id":"https:\/\/www.coolheadeurope.com\/prodotto\/display\/espositori-da-banco\/rc-78b\/#breadcrumb"},"inLanguage":"fr-FR","potentialAction":[{"@type":"ReadAction","target":["https:\/\/www.coolheadeurope.com\/prodotto\/display\/espositori-da-banco\/rc-78b\/"]}]},{"@type":"ImageObject","inLanguage":"fr-FR","@id":"https:\/\/www.coolheadeurope.com\/prodotto\/display\/espositori-da-banco\/rc-78b\/#primaryimage","url":"https:\/\/www.coolheadeurope.com\/wp-content\/uploads\/2026\/04\/RC-78B-CORPO_CH_LOW.png","contentUrl":"https:\/\/www.coolheadeurope.com\/wp-content\/uploads\/2026\/04\/RC-78B-CORPO_CH_LOW.png","width":299,"height":545,"caption":"Immagine di RC 78B"},{"@type":"BreadcrumbList","@id":"https:\/\/www.coolheadeurope.com\/prodotto\/display\/espositori-da-banco\/rc-78b\/#breadcrumb","itemListElement":[{"@type":"ListItem","position":1,"name":"Home","item":"https:\/\/www.coolheadeurope.com\/fr\/"},{"@type":"ListItem","position":2,"name":"Rechercher","item":"https:\/\/www.coolheadeurope.com\/cerca\/"},{"@type":"ListItem","position":3,"name":"RC 78B"}]},{"@type":"WebSite","@id":"https:\/\/www.coolheadeurope.com\/#website","url":"https:\/\/www.coolheadeurope.com\/","name":"Cool Head Europe","description":"We make the world a cooler place","potentialAction":[{"@type":"SearchAction","target":{"@type":"EntryPoint","urlTemplate":"https:\/\/www.coolheadeurope.com\/?s={search_term_string}"},"query-input":{"@type":"PropertyValueSpecification","valueRequired":true,"valueName":"search_term_string"}}],"inLanguage":"fr-FR"}]}},"_links":{"self":[{"href":"https:\/\/www.coolheadeurope.com\/fr\/wp-json\/wp\/v2\/product\/2958475","targetHints":{"allow":["GET"]}}],"collection":[{"href":"https:\/\/www.coolheadeurope.com\/fr\/wp-json\/wp\/v2\/product"}],"about":[{"href":"https:\/\/www.coolheadeurope.com\/fr\/wp-json\/wp\/v2\/types\/product"}],"wp:featuredmedia":[{"embeddable":true,"href":"https:\/\/www.coolheadeurope.com\/fr\/wp-json\/wp\/v2\/media\/3881543"}],"wp:attachment":[{"href":"https:\/\/www.coolheadeurope.com\/fr\/wp-json\/wp\/v2\/media?parent=2958475"}],"wp:term":[{"taxonomy":"product_brand","embeddable":true,"href":"https:\/\/www.coolheadeurope.com\/fr\/wp-json\/wp\/v2\/product_brand?post=2958475"},{"taxonomy":"product_cat","embeddable":true,"href":"https:\/\/www.coolheadeurope.com\/fr\/wp-json\/wp\/v2\/product_cat?post=2958475"},{"taxonomy":"product_tag","embeddable":true,"href":"https:\/\/www.coolheadeurope.com\/fr\/wp-json\/wp\/v2\/product_tag?post=2958475"}],"curies":[{"name":"wp","href":"https:\/\/api.w.org\/{rel}","templated":true}]}}