{"id":2958482,"date":"2024-10-10T02:03:27","date_gmt":"2024-10-10T02:03:27","guid":{"rendered":"https:\/\/www.coolheadeurope.com\/prodotto\/non%20class\u00e9\/rc-910\/"},"modified":"2026-02-08T06:58:50","modified_gmt":"2026-02-08T06:58:50","slug":"rc-910","status":"publish","type":"product","link":"https:\/\/www.coolheadeurope.com\/fr\/prodotto\/presentoirs\/vitrine-de-comptoir\/rc-910\/","title":{"rendered":"RC 910"},"content":{"rendered":"<p>Vitrine r\u00e9frig\u00e9r\u00e9e pour le libre-service (130 L &#8211; 3 Verres)<br \/>\nVitre plate avec cadre et socle en acier inoxydable<br \/>\nRefroidissement ventil\u00e9<br \/>\nCycle de d\u00e9givrage automatique par arr\u00eat du compresseur<br \/>\nCommande \u00e0 afficheur num\u00e9rique<br \/>\nLampe LED interne<br \/>\nVitre double \u00e9paisseur anti-condensation<br \/>\nPortes coulissantes arri\u00e8re<br \/>\nClayettes chrom\u00e9es r\u00e9glables (Pi\u00e8ces N\u00b0 2)<br \/>\nPieds r\u00e9glables N\u00b0 4<br \/>\nClasse \u00e9nerg\u00e9tique: D<\/p>\n","protected":false},"excerpt":{"rendered":"<p>Vitrine r\u00e9frig\u00e9r\u00e9e de comptoir avec verre droit et cadre en acier, \u00e9quip\u00e9e de lampes LED, d&rsquo;un double vitrage anti-condensation, de portes arri\u00e8re coulissantes et d&rsquo;\u00e9tag\u00e8res chrom\u00e9es r\u00e9glables. Le mod\u00e8le RC 910 est con\u00e7u pour exposer tout aliment qui m\u00e9rite une bonne visibilit\u00e9 sur votre comptoir.<\/p>\n","protected":false},"featured_media":3881568,"template":"","meta":[],"product_brand":[],"product_cat":[7406,7409],"product_tag":[],"class_list":{"0":"post-2958482","1":"product","2":"type-product","3":"status-publish","4":"has-post-thumbnail","6":"product_cat-presentoirs","7":"product_cat-vitrine-de-comptoir","8":"pa_capacite-commerciale-128-l","9":"pa_consommation-denergie-5-251-kw-24h","10":"pa_hauteur-exterieure-575-mm","11":"pa_hauteur-interieure-469-mm","12":"pa_largeur-exterieure-910-mm","13":"pa_largeur-interne-630-mm","14":"pa_niveau-sonore-50-3-dba","15":"pa_poids-brut-71-kg","16":"pa_poids-net-58-kg","17":"pa_profondeur-externe-524-mm","18":"pa_profondeur-interne-435-mm","19":"pa_puissance-370-w","21":"first","22":"instock","23":"product-type-simple"},"acf":[],"yoast_head":"<!-- This site is optimized with the Yoast SEO plugin v27.2 - https:\/\/yoast.com\/product\/yoast-seo-wordpress\/ -->\n<title>RC 910 - Cool Head Europe<\/title>\n<meta name=\"robots\" content=\"index, follow, max-snippet:-1, max-image-preview:large, max-video-preview:-1\" \/>\n<link rel=\"canonical\" href=\"https:\/\/www.coolheadeurope.com\/prodotto\/display\/espositori-da-banco\/rc-910\/\" \/>\n<meta property=\"og:locale\" content=\"fr_FR\" \/>\n<meta property=\"og:type\" content=\"article\" \/>\n<meta property=\"og:title\" content=\"RC 910 - Cool Head Europe\" \/>\n<meta property=\"og:description\" content=\"Vitrine r\u00e9frig\u00e9r\u00e9e de comptoir avec verre droit et cadre en acier, \u00e9quip\u00e9e de lampes LED, d&#039;un double vitrage anti-condensation, de portes arri\u00e8re coulissantes et d&#039;\u00e9tag\u00e8res chrom\u00e9es r\u00e9glables. Le mod\u00e8le RC 910 est con\u00e7u pour exposer tout aliment qui m\u00e9rite une bonne visibilit\u00e9 sur votre comptoir.\" \/>\n<meta property=\"og:url\" content=\"https:\/\/www.coolheadeurope.com\/prodotto\/display\/espositori-da-banco\/rc-910\/\" \/>\n<meta property=\"og:site_name\" content=\"Cool Head Europe\" \/>\n<meta property=\"article:modified_time\" content=\"2026-02-08T06:58:50+00:00\" \/>\n<meta property=\"og:image\" content=\"https:\/\/www.coolheadeurope.com\/wp-content\/uploads\/2026\/04\/RC-910-CORPO_CH_LOW.png\" \/>\n\t<meta property=\"og:image:width\" content=\"567\" \/>\n\t<meta property=\"og:image:height\" content=\"396\" \/>\n\t<meta property=\"og:image:type\" content=\"image\/png\" \/>\n<meta name=\"twitter:card\" content=\"summary_large_image\" \/>\n<!-- \/ Yoast SEO plugin. -->","yoast_head_json":{"title":"RC 910 - Cool Head Europe","robots":{"index":"index","follow":"follow","max-snippet":"max-snippet:-1","max-image-preview":"max-image-preview:large","max-video-preview":"max-video-preview:-1"},"canonical":"https:\/\/www.coolheadeurope.com\/prodotto\/display\/espositori-da-banco\/rc-910\/","og_locale":"fr_FR","og_type":"article","og_title":"RC 910 - Cool Head Europe","og_description":"Vitrine r\u00e9frig\u00e9r\u00e9e de comptoir avec verre droit et cadre en acier, \u00e9quip\u00e9e de lampes LED, d'un double vitrage anti-condensation, de portes arri\u00e8re coulissantes et d'\u00e9tag\u00e8res chrom\u00e9es r\u00e9glables. Le mod\u00e8le RC 910 est con\u00e7u pour exposer tout aliment qui m\u00e9rite une bonne visibilit\u00e9 sur votre comptoir.","og_url":"https:\/\/www.coolheadeurope.com\/prodotto\/display\/espositori-da-banco\/rc-910\/","og_site_name":"Cool Head Europe","article_modified_time":"2026-02-08T06:58:50+00:00","og_image":[{"width":567,"height":396,"url":"https:\/\/www.coolheadeurope.com\/wp-content\/uploads\/2026\/04\/RC-910-CORPO_CH_LOW.png","type":"image\/png"}],"twitter_card":"summary_large_image","schema":{"@context":"https:\/\/schema.org","@graph":[{"@type":"WebPage","@id":"https:\/\/www.coolheadeurope.com\/prodotto\/display\/espositori-da-banco\/rc-910\/","url":"https:\/\/www.coolheadeurope.com\/prodotto\/display\/espositori-da-banco\/rc-910\/","name":"RC 910 - Cool Head Europe","isPartOf":{"@id":"https:\/\/www.coolheadeurope.com\/#website"},"primaryImageOfPage":{"@id":"https:\/\/www.coolheadeurope.com\/prodotto\/display\/espositori-da-banco\/rc-910\/#primaryimage"},"image":{"@id":"https:\/\/www.coolheadeurope.com\/prodotto\/display\/espositori-da-banco\/rc-910\/#primaryimage"},"thumbnailUrl":"https:\/\/www.coolheadeurope.com\/wp-content\/uploads\/2026\/04\/RC-910-CORPO_CH_LOW.png","datePublished":"2024-10-10T02:03:27+00:00","dateModified":"2026-02-08T06:58:50+00:00","breadcrumb":{"@id":"https:\/\/www.coolheadeurope.com\/prodotto\/display\/espositori-da-banco\/rc-910\/#breadcrumb"},"inLanguage":"fr-FR","potentialAction":[{"@type":"ReadAction","target":["https:\/\/www.coolheadeurope.com\/prodotto\/display\/espositori-da-banco\/rc-910\/"]}]},{"@type":"ImageObject","inLanguage":"fr-FR","@id":"https:\/\/www.coolheadeurope.com\/prodotto\/display\/espositori-da-banco\/rc-910\/#primaryimage","url":"https:\/\/www.coolheadeurope.com\/wp-content\/uploads\/2026\/04\/RC-910-CORPO_CH_LOW.png","contentUrl":"https:\/\/www.coolheadeurope.com\/wp-content\/uploads\/2026\/04\/RC-910-CORPO_CH_LOW.png","width":567,"height":396,"caption":"Immagine di RC 910"},{"@type":"BreadcrumbList","@id":"https:\/\/www.coolheadeurope.com\/prodotto\/display\/espositori-da-banco\/rc-910\/#breadcrumb","itemListElement":[{"@type":"ListItem","position":1,"name":"Home","item":"https:\/\/www.coolheadeurope.com\/fr\/"},{"@type":"ListItem","position":2,"name":"Rechercher","item":"https:\/\/www.coolheadeurope.com\/cerca\/"},{"@type":"ListItem","position":3,"name":"RC 910"}]},{"@type":"WebSite","@id":"https:\/\/www.coolheadeurope.com\/#website","url":"https:\/\/www.coolheadeurope.com\/","name":"Cool Head Europe","description":"We make the world a cooler place","potentialAction":[{"@type":"SearchAction","target":{"@type":"EntryPoint","urlTemplate":"https:\/\/www.coolheadeurope.com\/?s={search_term_string}"},"query-input":{"@type":"PropertyValueSpecification","valueRequired":true,"valueName":"search_term_string"}}],"inLanguage":"fr-FR"}]}},"_links":{"self":[{"href":"https:\/\/www.coolheadeurope.com\/fr\/wp-json\/wp\/v2\/product\/2958482","targetHints":{"allow":["GET"]}}],"collection":[{"href":"https:\/\/www.coolheadeurope.com\/fr\/wp-json\/wp\/v2\/product"}],"about":[{"href":"https:\/\/www.coolheadeurope.com\/fr\/wp-json\/wp\/v2\/types\/product"}],"wp:featuredmedia":[{"embeddable":true,"href":"https:\/\/www.coolheadeurope.com\/fr\/wp-json\/wp\/v2\/media\/3881568"}],"wp:attachment":[{"href":"https:\/\/www.coolheadeurope.com\/fr\/wp-json\/wp\/v2\/media?parent=2958482"}],"wp:term":[{"taxonomy":"product_brand","embeddable":true,"href":"https:\/\/www.coolheadeurope.com\/fr\/wp-json\/wp\/v2\/product_brand?post=2958482"},{"taxonomy":"product_cat","embeddable":true,"href":"https:\/\/www.coolheadeurope.com\/fr\/wp-json\/wp\/v2\/product_cat?post=2958482"},{"taxonomy":"product_tag","embeddable":true,"href":"https:\/\/www.coolheadeurope.com\/fr\/wp-json\/wp\/v2\/product_tag?post=2958482"}],"curies":[{"name":"wp","href":"https:\/\/api.w.org\/{rel}","templated":true}]}}