{"id":2958489,"date":"2024-10-10T02:15:32","date_gmt":"2024-10-10T02:15:32","guid":{"rendered":"https:\/\/www.coolheadeurope.com\/prodotto\/non%20class\u00e9\/3nz-12\/"},"modified":"2026-02-08T06:58:57","modified_gmt":"2026-02-08T06:58:57","slug":"3nz-12","status":"publish","type":"product","link":"https:\/\/www.coolheadeurope.com\/fr\/prodotto\/presentoirs\/murale\/3nz-12\/","title":{"rendered":"3NZ 12"},"content":{"rendered":"<p>Ext\u00e9rieur en acier peint gris, int\u00e9rieur blanc<br \/>\nRefroidissement ventil\u00e9<br \/>\nCycle de d\u00e9givrage automatique par arr\u00eat du compresseur<br \/>\nCommande avec affichage num\u00e9rique (interrupteur g\u00e9n\u00e9ral ON\/OFF int\u00e9gr\u00e9)<br \/>\nLampe LED interne (avec commutateur ind\u00e9pendant)<br \/>\nVitre double \u00e9paisseur anti-condensation<\/p>\n<p>Clayettes r\u00e9glables: 5 pi\u00e8ces<br \/>\nFinitions et panneau avant en aluminium<br \/>\nBars d&rsquo;amortissement gris anthracite<br \/>\nPieds r\u00e9glables N\u00b0 4<br \/>\nClasse \u00e9nerg\u00e9tique: C<\/p>\n<p>Portes coulissantes \u00e0 fermeture automatique (\u00e0 commander)<br \/>\nDisponible en deux profondeurs: STANDARD ou SLIM<\/p>\n","protected":false},"excerpt":{"rendered":"<p>La combinaison parfaite de flexibilit\u00e9, de faible consommation et d&rsquo;excellentes performances. Le mod\u00e8le 3NZ 12, avec une largeur de 1200 mm et des portes coulissantes, est une solution fiable pour les d\u00e9taillants alimentaires. Hautement personnalisable en termes de mat\u00e9riaux et de couleurs, c&rsquo;est la vitrine r\u00e9frig\u00e9r\u00e9e id\u00e9ale pour les produits laitiers, les boissons ou les viandes emball\u00e9es. La vitrine offre de nombreuses possibilit\u00e9s de personnalisation: un large choix de finitions, de couleurs RAL, inox et stratifi\u00e9; deux profondeurs diff\u00e9rentes et des extr\u00e9mit\u00e9s pleines ou panoramiques pour mieux s&rsquo;adapter \u00e0 l&rsquo;endroit o\u00f9 elle sera plac\u00e9e.<\/p>\n","protected":false},"featured_media":3881589,"template":"","meta":[],"product_brand":[],"product_cat":[7406,7410],"product_tag":[],"class_list":{"0":"post-2958489","1":"product","2":"type-product","3":"status-publish","4":"has-post-thumbnail","6":"product_cat-presentoirs","7":"product_cat-murale","8":"pa_capacite-commerciale-754-l","9":"pa_consommation-denergie-6-9-kw-24h","10":"pa_hauteur-exterieure-2096-mm","11":"pa_hauteur-interieure-1405-mm","12":"pa_largeur-exterieure-1250-mm","13":"pa_largeur-interne-1186-mm","14":"pa_niveau-sonore-70-dba","15":"pa_poids-brut-276-kg","16":"pa_poids-net-234-kg","17":"pa_profondeur-externe-635-mm","18":"pa_profondeur-interne-335-mm","19":"pa_puissance-654-w","21":"first","22":"instock","23":"product-type-simple"},"acf":[],"yoast_head":"<!-- This site is optimized with the Yoast SEO plugin v27.2 - https:\/\/yoast.com\/product\/yoast-seo-wordpress\/ -->\n<title>3NZ 12 - Cool Head Europe<\/title>\n<meta name=\"robots\" content=\"index, follow, max-snippet:-1, max-image-preview:large, max-video-preview:-1\" \/>\n<link rel=\"canonical\" href=\"https:\/\/www.coolheadeurope.com\/prodotto\/display\/murali\/3nz-12\/\" \/>\n<meta property=\"og:locale\" content=\"fr_FR\" \/>\n<meta property=\"og:type\" content=\"article\" \/>\n<meta property=\"og:title\" content=\"3NZ 12 - Cool Head Europe\" \/>\n<meta property=\"og:description\" content=\"La combinaison parfaite de flexibilit\u00e9, de faible consommation et d&#039;excellentes performances. Le mod\u00e8le 3NZ 12, avec une largeur de 1200 mm et des portes coulissantes, est une solution fiable pour les d\u00e9taillants alimentaires. Hautement personnalisable en termes de mat\u00e9riaux et de couleurs, c&#039;est la vitrine r\u00e9frig\u00e9r\u00e9e id\u00e9ale pour les produits laitiers, les boissons ou les viandes emball\u00e9es. La vitrine offre de nombreuses possibilit\u00e9s de personnalisation: un large choix de finitions, de couleurs RAL, inox et stratifi\u00e9; deux profondeurs diff\u00e9rentes et des extr\u00e9mit\u00e9s pleines ou panoramiques pour mieux s&#039;adapter \u00e0 l&#039;endroit o\u00f9 elle sera plac\u00e9e.\" \/>\n<meta property=\"og:url\" content=\"https:\/\/www.coolheadeurope.com\/prodotto\/display\/murali\/3nz-12\/\" \/>\n<meta property=\"og:site_name\" content=\"Cool Head Europe\" \/>\n<meta property=\"article:modified_time\" content=\"2026-02-08T06:58:57+00:00\" \/>\n<meta property=\"og:image\" content=\"https:\/\/www.coolheadeurope.com\/wp-content\/uploads\/2026\/04\/3NZ-12-CORPO_CH_LOW.png\" \/>\n\t<meta property=\"og:image:width\" content=\"373\" \/>\n\t<meta property=\"og:image:height\" content=\"567\" \/>\n\t<meta property=\"og:image:type\" content=\"image\/png\" \/>\n<meta name=\"twitter:card\" content=\"summary_large_image\" \/>\n<!-- \/ Yoast SEO plugin. -->","yoast_head_json":{"title":"3NZ 12 - Cool Head Europe","robots":{"index":"index","follow":"follow","max-snippet":"max-snippet:-1","max-image-preview":"max-image-preview:large","max-video-preview":"max-video-preview:-1"},"canonical":"https:\/\/www.coolheadeurope.com\/prodotto\/display\/murali\/3nz-12\/","og_locale":"fr_FR","og_type":"article","og_title":"3NZ 12 - Cool Head Europe","og_description":"La combinaison parfaite de flexibilit\u00e9, de faible consommation et d'excellentes performances. Le mod\u00e8le 3NZ 12, avec une largeur de 1200 mm et des portes coulissantes, est une solution fiable pour les d\u00e9taillants alimentaires. Hautement personnalisable en termes de mat\u00e9riaux et de couleurs, c'est la vitrine r\u00e9frig\u00e9r\u00e9e id\u00e9ale pour les produits laitiers, les boissons ou les viandes emball\u00e9es. La vitrine offre de nombreuses possibilit\u00e9s de personnalisation: un large choix de finitions, de couleurs RAL, inox et stratifi\u00e9; deux profondeurs diff\u00e9rentes et des extr\u00e9mit\u00e9s pleines ou panoramiques pour mieux s'adapter \u00e0 l'endroit o\u00f9 elle sera plac\u00e9e.","og_url":"https:\/\/www.coolheadeurope.com\/prodotto\/display\/murali\/3nz-12\/","og_site_name":"Cool Head Europe","article_modified_time":"2026-02-08T06:58:57+00:00","og_image":[{"width":373,"height":567,"url":"https:\/\/www.coolheadeurope.com\/wp-content\/uploads\/2026\/04\/3NZ-12-CORPO_CH_LOW.png","type":"image\/png"}],"twitter_card":"summary_large_image","schema":{"@context":"https:\/\/schema.org","@graph":[{"@type":"WebPage","@id":"https:\/\/www.coolheadeurope.com\/prodotto\/display\/murali\/3nz-12\/","url":"https:\/\/www.coolheadeurope.com\/prodotto\/display\/murali\/3nz-12\/","name":"3NZ 12 - Cool Head Europe","isPartOf":{"@id":"https:\/\/www.coolheadeurope.com\/#website"},"primaryImageOfPage":{"@id":"https:\/\/www.coolheadeurope.com\/prodotto\/display\/murali\/3nz-12\/#primaryimage"},"image":{"@id":"https:\/\/www.coolheadeurope.com\/prodotto\/display\/murali\/3nz-12\/#primaryimage"},"thumbnailUrl":"https:\/\/www.coolheadeurope.com\/wp-content\/uploads\/2026\/04\/3NZ-12-CORPO_CH_LOW.png","datePublished":"2024-10-10T02:15:32+00:00","dateModified":"2026-02-08T06:58:57+00:00","breadcrumb":{"@id":"https:\/\/www.coolheadeurope.com\/prodotto\/display\/murali\/3nz-12\/#breadcrumb"},"inLanguage":"fr-FR","potentialAction":[{"@type":"ReadAction","target":["https:\/\/www.coolheadeurope.com\/prodotto\/display\/murali\/3nz-12\/"]}]},{"@type":"ImageObject","inLanguage":"fr-FR","@id":"https:\/\/www.coolheadeurope.com\/prodotto\/display\/murali\/3nz-12\/#primaryimage","url":"https:\/\/www.coolheadeurope.com\/wp-content\/uploads\/2026\/04\/3NZ-12-CORPO_CH_LOW.png","contentUrl":"https:\/\/www.coolheadeurope.com\/wp-content\/uploads\/2026\/04\/3NZ-12-CORPO_CH_LOW.png","width":373,"height":567,"caption":"Immagine di 3NZ 12"},{"@type":"BreadcrumbList","@id":"https:\/\/www.coolheadeurope.com\/prodotto\/display\/murali\/3nz-12\/#breadcrumb","itemListElement":[{"@type":"ListItem","position":1,"name":"Home","item":"https:\/\/www.coolheadeurope.com\/fr\/"},{"@type":"ListItem","position":2,"name":"Rechercher","item":"https:\/\/www.coolheadeurope.com\/cerca\/"},{"@type":"ListItem","position":3,"name":"3NZ 12"}]},{"@type":"WebSite","@id":"https:\/\/www.coolheadeurope.com\/#website","url":"https:\/\/www.coolheadeurope.com\/","name":"Cool Head Europe","description":"We make the world a cooler place","potentialAction":[{"@type":"SearchAction","target":{"@type":"EntryPoint","urlTemplate":"https:\/\/www.coolheadeurope.com\/?s={search_term_string}"},"query-input":{"@type":"PropertyValueSpecification","valueRequired":true,"valueName":"search_term_string"}}],"inLanguage":"fr-FR"}]}},"_links":{"self":[{"href":"https:\/\/www.coolheadeurope.com\/fr\/wp-json\/wp\/v2\/product\/2958489","targetHints":{"allow":["GET"]}}],"collection":[{"href":"https:\/\/www.coolheadeurope.com\/fr\/wp-json\/wp\/v2\/product"}],"about":[{"href":"https:\/\/www.coolheadeurope.com\/fr\/wp-json\/wp\/v2\/types\/product"}],"wp:featuredmedia":[{"embeddable":true,"href":"https:\/\/www.coolheadeurope.com\/fr\/wp-json\/wp\/v2\/media\/3881589"}],"wp:attachment":[{"href":"https:\/\/www.coolheadeurope.com\/fr\/wp-json\/wp\/v2\/media?parent=2958489"}],"wp:term":[{"taxonomy":"product_brand","embeddable":true,"href":"https:\/\/www.coolheadeurope.com\/fr\/wp-json\/wp\/v2\/product_brand?post=2958489"},{"taxonomy":"product_cat","embeddable":true,"href":"https:\/\/www.coolheadeurope.com\/fr\/wp-json\/wp\/v2\/product_cat?post=2958489"},{"taxonomy":"product_tag","embeddable":true,"href":"https:\/\/www.coolheadeurope.com\/fr\/wp-json\/wp\/v2\/product_tag?post=2958489"}],"curies":[{"name":"wp","href":"https:\/\/api.w.org\/{rel}","templated":true}]}}