{"id":2958495,"date":"2024-10-10T02:26:19","date_gmt":"2024-10-10T02:26:19","guid":{"rendered":"https:\/\/www.coolheadeurope.com\/prodotto\/non%20class\u00e9\/vs-18\/"},"modified":"2026-02-08T07:19:22","modified_gmt":"2026-02-08T07:19:22","slug":"vs-18","status":"publish","type":"product","link":"https:\/\/www.coolheadeurope.com\/fr\/prodotto\/presentoirs\/murale\/vs-18\/","title":{"rendered":"VS 18"},"content":{"rendered":"<p>Vitrine murale avec bar \u00e0 viande suspendu (Largeur: 1856mm)<br \/>\nExt\u00e9rieur en acier peint gris, int\u00e9rieur blanc<br \/>\nRefroidissement ventil\u00e9<br \/>\nCycle de d\u00e9givrage automatique par arr\u00eat du compresseur<br \/>\nCommande avec affichage num\u00e9rique (interrupteur g\u00e9n\u00e9ral ON\/OFF int\u00e9gr\u00e9)<br \/>\nLampe LED interne (avec commutateur ind\u00e9pendant)<\/p>\n<p>Rideau enroul\u00e9e pour \u00e9conomie d&rsquo;\u00e9nergie pendant la nuit (Tissu &#8211; Couleur gris)<br \/>\nFinitions et panneau avant en aluminium<br \/>\nBars d&rsquo;amortissement gris anthracite<br \/>\nPieds r\u00e9glables N\u00b0 4<br \/>\nClasse \u00e9nerg\u00e9tique: E<\/p>\n<p>Disponible en deux profondeurs: STANDARD ou SLIM<\/p>\n","protected":false},"excerpt":{"rendered":"<p>Le mod\u00e8le VS 18 a \u00e9t\u00e9 con\u00e7u pour \u00eatre plac\u00e9 derri\u00e8re le comptoir de charcuterie dans les supermarch\u00e9s. Avec une largeur de 1800 mm, une barre \u00e0 viande, une \u00e9tag\u00e8re r\u00e9glable, des lampes internes LED avec interrupteur ind\u00e9pendant et un rideau occultant pour une \u00e9conomie d&rsquo;\u00e9nergie optimale la nuit, cette vitrine murale a \u00e9t\u00e9 con\u00e7ue pour offrir au d\u00e9taillant un confort d&rsquo;utilisation maximal et une faible consommation d&rsquo;\u00e9nergie. La vitrine offre de nombreuses possibilit\u00e9s de personnalisation : un large choix de finitions, de couleurs RAL, inox et stratifi\u00e9 ; deux profondeurs diff\u00e9rentes et des extr\u00e9mit\u00e9s pleines ou panoramiques pour mieux s&rsquo;adapter \u00e0 l&rsquo;endroit o\u00f9 elle sera plac\u00e9e.<\/p>\n","protected":false},"featured_media":3881598,"template":"","meta":[],"product_brand":[],"product_cat":[7406,7410],"product_tag":[],"class_list":{"0":"post-2958495","1":"product","2":"type-product","3":"status-publish","4":"has-post-thumbnail","6":"product_cat-presentoirs","7":"product_cat-murale","8":"pa_capacite-commerciale-942-l","9":"pa_consommation-denergie-25-5-kw-24h","10":"pa_hauteur-exterieure-2095-mm","11":"pa_hauteur-interieure-1165-mm","12":"pa_largeur-exterieure-1856-mm","13":"pa_largeur-interne-1792-mm","14":"pa_niveau-sonore-70dba","15":"pa_poids-brut-334-kg","16":"pa_poids-net-284-kg","17":"pa_profondeur-externe-635-mm","18":"pa_profondeur-interne-335-mm","19":"pa_puissance-1584x2-w","21":"first","22":"instock","23":"product-type-simple"},"acf":[],"yoast_head":"<!-- This site is optimized with the Yoast SEO plugin v27.2 - https:\/\/yoast.com\/product\/yoast-seo-wordpress\/ -->\n<title>VS 18 - Cool Head Europe<\/title>\n<meta name=\"robots\" content=\"index, follow, max-snippet:-1, max-image-preview:large, max-video-preview:-1\" \/>\n<link rel=\"canonical\" href=\"https:\/\/www.coolheadeurope.com\/prodotto\/display\/murali\/vs-18\/\" \/>\n<meta property=\"og:locale\" content=\"fr_FR\" \/>\n<meta property=\"og:type\" content=\"article\" \/>\n<meta property=\"og:title\" content=\"VS 18 - Cool Head Europe\" \/>\n<meta property=\"og:description\" content=\"Le mod\u00e8le VS 18 a \u00e9t\u00e9 con\u00e7u pour \u00eatre plac\u00e9 derri\u00e8re le comptoir de charcuterie dans les supermarch\u00e9s. Avec une largeur de 1800 mm, une barre \u00e0 viande, une \u00e9tag\u00e8re r\u00e9glable, des lampes internes LED avec interrupteur ind\u00e9pendant et un rideau occultant pour une \u00e9conomie d&#039;\u00e9nergie optimale la nuit, cette vitrine murale a \u00e9t\u00e9 con\u00e7ue pour offrir au d\u00e9taillant un confort d&#039;utilisation maximal et une faible consommation d&#039;\u00e9nergie. La vitrine offre de nombreuses possibilit\u00e9s de personnalisation : un large choix de finitions, de couleurs RAL, inox et stratifi\u00e9 ; deux profondeurs diff\u00e9rentes et des extr\u00e9mit\u00e9s pleines ou panoramiques pour mieux s&#039;adapter \u00e0 l&#039;endroit o\u00f9 elle sera plac\u00e9e.\" \/>\n<meta property=\"og:url\" content=\"https:\/\/www.coolheadeurope.com\/prodotto\/display\/murali\/vs-18\/\" \/>\n<meta property=\"og:site_name\" content=\"Cool Head Europe\" \/>\n<meta property=\"article:modified_time\" content=\"2026-02-08T07:19:22+00:00\" \/>\n<meta property=\"og:image\" content=\"https:\/\/www.coolheadeurope.com\/wp-content\/uploads\/2026\/04\/VS-18-CORPO_CH_LOW.png\" \/>\n\t<meta property=\"og:image:width\" content=\"373\" \/>\n\t<meta property=\"og:image:height\" content=\"567\" \/>\n\t<meta property=\"og:image:type\" content=\"image\/png\" \/>\n<meta name=\"twitter:card\" content=\"summary_large_image\" \/>\n<!-- \/ Yoast SEO plugin. -->","yoast_head_json":{"title":"VS 18 - Cool Head Europe","robots":{"index":"index","follow":"follow","max-snippet":"max-snippet:-1","max-image-preview":"max-image-preview:large","max-video-preview":"max-video-preview:-1"},"canonical":"https:\/\/www.coolheadeurope.com\/prodotto\/display\/murali\/vs-18\/","og_locale":"fr_FR","og_type":"article","og_title":"VS 18 - Cool Head Europe","og_description":"Le mod\u00e8le VS 18 a \u00e9t\u00e9 con\u00e7u pour \u00eatre plac\u00e9 derri\u00e8re le comptoir de charcuterie dans les supermarch\u00e9s. Avec une largeur de 1800 mm, une barre \u00e0 viande, une \u00e9tag\u00e8re r\u00e9glable, des lampes internes LED avec interrupteur ind\u00e9pendant et un rideau occultant pour une \u00e9conomie d'\u00e9nergie optimale la nuit, cette vitrine murale a \u00e9t\u00e9 con\u00e7ue pour offrir au d\u00e9taillant un confort d'utilisation maximal et une faible consommation d'\u00e9nergie. La vitrine offre de nombreuses possibilit\u00e9s de personnalisation : un large choix de finitions, de couleurs RAL, inox et stratifi\u00e9 ; deux profondeurs diff\u00e9rentes et des extr\u00e9mit\u00e9s pleines ou panoramiques pour mieux s'adapter \u00e0 l'endroit o\u00f9 elle sera plac\u00e9e.","og_url":"https:\/\/www.coolheadeurope.com\/prodotto\/display\/murali\/vs-18\/","og_site_name":"Cool Head Europe","article_modified_time":"2026-02-08T07:19:22+00:00","og_image":[{"width":373,"height":567,"url":"https:\/\/www.coolheadeurope.com\/wp-content\/uploads\/2026\/04\/VS-18-CORPO_CH_LOW.png","type":"image\/png"}],"twitter_card":"summary_large_image","schema":{"@context":"https:\/\/schema.org","@graph":[{"@type":"WebPage","@id":"https:\/\/www.coolheadeurope.com\/prodotto\/display\/murali\/vs-18\/","url":"https:\/\/www.coolheadeurope.com\/prodotto\/display\/murali\/vs-18\/","name":"VS 18 - Cool Head Europe","isPartOf":{"@id":"https:\/\/www.coolheadeurope.com\/#website"},"primaryImageOfPage":{"@id":"https:\/\/www.coolheadeurope.com\/prodotto\/display\/murali\/vs-18\/#primaryimage"},"image":{"@id":"https:\/\/www.coolheadeurope.com\/prodotto\/display\/murali\/vs-18\/#primaryimage"},"thumbnailUrl":"https:\/\/www.coolheadeurope.com\/wp-content\/uploads\/2026\/04\/VS-18-CORPO_CH_LOW.png","datePublished":"2024-10-10T02:26:19+00:00","dateModified":"2026-02-08T07:19:22+00:00","breadcrumb":{"@id":"https:\/\/www.coolheadeurope.com\/prodotto\/display\/murali\/vs-18\/#breadcrumb"},"inLanguage":"fr-FR","potentialAction":[{"@type":"ReadAction","target":["https:\/\/www.coolheadeurope.com\/prodotto\/display\/murali\/vs-18\/"]}]},{"@type":"ImageObject","inLanguage":"fr-FR","@id":"https:\/\/www.coolheadeurope.com\/prodotto\/display\/murali\/vs-18\/#primaryimage","url":"https:\/\/www.coolheadeurope.com\/wp-content\/uploads\/2026\/04\/VS-18-CORPO_CH_LOW.png","contentUrl":"https:\/\/www.coolheadeurope.com\/wp-content\/uploads\/2026\/04\/VS-18-CORPO_CH_LOW.png","width":373,"height":567,"caption":"Immagine di VS 18"},{"@type":"BreadcrumbList","@id":"https:\/\/www.coolheadeurope.com\/prodotto\/display\/murali\/vs-18\/#breadcrumb","itemListElement":[{"@type":"ListItem","position":1,"name":"Home","item":"https:\/\/www.coolheadeurope.com\/fr\/"},{"@type":"ListItem","position":2,"name":"Rechercher","item":"https:\/\/www.coolheadeurope.com\/cerca\/"},{"@type":"ListItem","position":3,"name":"VS 18"}]},{"@type":"WebSite","@id":"https:\/\/www.coolheadeurope.com\/#website","url":"https:\/\/www.coolheadeurope.com\/","name":"Cool Head Europe","description":"We make the world a cooler place","potentialAction":[{"@type":"SearchAction","target":{"@type":"EntryPoint","urlTemplate":"https:\/\/www.coolheadeurope.com\/?s={search_term_string}"},"query-input":{"@type":"PropertyValueSpecification","valueRequired":true,"valueName":"search_term_string"}}],"inLanguage":"fr-FR"}]}},"_links":{"self":[{"href":"https:\/\/www.coolheadeurope.com\/fr\/wp-json\/wp\/v2\/product\/2958495","targetHints":{"allow":["GET"]}}],"collection":[{"href":"https:\/\/www.coolheadeurope.com\/fr\/wp-json\/wp\/v2\/product"}],"about":[{"href":"https:\/\/www.coolheadeurope.com\/fr\/wp-json\/wp\/v2\/types\/product"}],"wp:featuredmedia":[{"embeddable":true,"href":"https:\/\/www.coolheadeurope.com\/fr\/wp-json\/wp\/v2\/media\/3881598"}],"wp:attachment":[{"href":"https:\/\/www.coolheadeurope.com\/fr\/wp-json\/wp\/v2\/media?parent=2958495"}],"wp:term":[{"taxonomy":"product_brand","embeddable":true,"href":"https:\/\/www.coolheadeurope.com\/fr\/wp-json\/wp\/v2\/product_brand?post=2958495"},{"taxonomy":"product_cat","embeddable":true,"href":"https:\/\/www.coolheadeurope.com\/fr\/wp-json\/wp\/v2\/product_cat?post=2958495"},{"taxonomy":"product_tag","embeddable":true,"href":"https:\/\/www.coolheadeurope.com\/fr\/wp-json\/wp\/v2\/product_tag?post=2958495"}],"curies":[{"name":"wp","href":"https:\/\/api.w.org\/{rel}","templated":true}]}}