{"id":2958514,"date":"2024-10-10T02:59:39","date_gmt":"2024-10-10T02:59:39","guid":{"rendered":"https:\/\/www.coolheadeurope.com\/prodotto\/non%20class\u00e9\/wte-200\/"},"modified":"2026-02-08T07:19:46","modified_gmt":"2026-02-08T07:19:46","slug":"wte-200","status":"publish","type":"product","link":"https:\/\/www.coolheadeurope.com\/fr\/prodotto\/presentoirs\/comptoirs-dexposition\/wte-200\/","title":{"rendered":"WTE 200"},"content":{"rendered":"<p>Comptoir r\u00e9frig\u00e9r\u00e9 pour le service assist\u00e9<br \/>\nDessus de travail en acier inoxidable<br \/>\nZone de pr\u00e9sentation en acier inoxydable<br \/>\nRefroidissement statique<br \/>\n\u00c9vaporateur trait\u00e9 anti-corrosion<br \/>\nCycle de d\u00e9givrage automatique par arr\u00eat du compresseur<br \/>\nThermostat num\u00e9rique avec \u00ab\u00a0ouverture de porte \u00bb et alarme de temp\u00e9rature \u00e9lev\u00e9e (Hi)<br \/>\nStructure droite de la calotte en verre tremp\u00e9<br \/>\n\u00c9tag\u00e8re interm\u00e9diaire en verre non r\u00e9frig\u00e9r\u00e9e<br \/>\nLampe LED interne (avec commutateur ind\u00e9pendant)<br \/>\nCuve isol\u00e9 en mousse d&rsquo;eau<br \/>\nPieds r\u00e9glables N\u00b0 4<br \/>\nClasse \u00e9nerg\u00e9tique: &#8211;<\/p>\n","protected":false},"excerpt":{"rendered":"<p>Le comptoir de service assist\u00e9 WTE 200 offre une visibilit\u00e9 exceptionnelle des produits expos\u00e9s et une grande capacit\u00e9 d&rsquo;exposition.<br \/>\nCe mod\u00e8le a \u00e9t\u00e9 con\u00e7u avec un plan de travail et une zone d&rsquo;exposition en acier inoxydable, une lampe LED, une structure en verre et une \u00e9tag\u00e8re interm\u00e9diaire, dans le but d&rsquo;\u00eatre un compagnon confortable et fiable dans les op\u00e9rations quotidiennes et un \u00e9quipement qui offre une visibilit\u00e9 parfaite des marchandises.<\/p>\n","protected":false},"featured_media":3881669,"template":"","meta":[],"product_brand":[],"product_cat":[7406,7407],"product_tag":[],"class_list":{"0":"post-2958514","1":"product","2":"type-product","3":"status-publish","4":"has-post-thumbnail","6":"product_cat-presentoirs","7":"product_cat-comptoirs-dexposition","8":"pa_capacite-commerciale-219-l","9":"pa_consommation-denergie-4-kw-24h","10":"pa_hauteur-exterieure-1220-mm","11":"pa_hauteur-interieure-220-mm","12":"pa_largeur-exterieure-2000-mm","13":"pa_largeur-interne-1900-mm","14":"pa_niveau-sonore-59-dba","15":"pa_poids-brut-217-kg","16":"pa_poids-net-171-kg","17":"pa_profondeur-externe-790-mm","18":"pa_profondeur-interne-500-mm","19":"pa_puissance-274-w","21":"first","22":"instock","23":"product-type-simple"},"acf":[],"yoast_head":"<!-- This site is optimized with the Yoast SEO plugin v27.2 - https:\/\/yoast.com\/product\/yoast-seo-wordpress\/ -->\n<title>WTE 200 - Cool Head Europe<\/title>\n<meta name=\"robots\" content=\"index, follow, max-snippet:-1, max-image-preview:large, max-video-preview:-1\" \/>\n<link rel=\"canonical\" href=\"https:\/\/www.coolheadeurope.com\/prodotto\/display\/banchi-esposizione\/wte-200\/\" \/>\n<meta property=\"og:locale\" content=\"fr_FR\" \/>\n<meta property=\"og:type\" content=\"article\" \/>\n<meta property=\"og:title\" content=\"WTE 200 - Cool Head Europe\" \/>\n<meta property=\"og:description\" content=\"Le comptoir de service assist\u00e9 WTE 200 offre une visibilit\u00e9 exceptionnelle des produits expos\u00e9s et une grande capacit\u00e9 d&#039;exposition. Ce mod\u00e8le a \u00e9t\u00e9 con\u00e7u avec un plan de travail et une zone d&#039;exposition en acier inoxydable, une lampe LED, une structure en verre et une \u00e9tag\u00e8re interm\u00e9diaire, dans le but d&#039;\u00eatre un compagnon confortable et fiable dans les op\u00e9rations quotidiennes et un \u00e9quipement qui offre une visibilit\u00e9 parfaite des marchandises.\" \/>\n<meta property=\"og:url\" content=\"https:\/\/www.coolheadeurope.com\/prodotto\/display\/banchi-esposizione\/wte-200\/\" \/>\n<meta property=\"og:site_name\" content=\"Cool Head Europe\" \/>\n<meta property=\"article:modified_time\" content=\"2026-02-08T07:19:46+00:00\" \/>\n<meta property=\"og:image\" content=\"https:\/\/www.coolheadeurope.com\/wp-content\/uploads\/2026\/04\/WTE-200-CORPO_CH_LOW.png\" \/>\n\t<meta property=\"og:image:width\" content=\"567\" \/>\n\t<meta property=\"og:image:height\" content=\"409\" \/>\n\t<meta property=\"og:image:type\" content=\"image\/png\" \/>\n<meta name=\"twitter:card\" content=\"summary_large_image\" \/>\n<!-- \/ Yoast SEO plugin. -->","yoast_head_json":{"title":"WTE 200 - Cool Head Europe","robots":{"index":"index","follow":"follow","max-snippet":"max-snippet:-1","max-image-preview":"max-image-preview:large","max-video-preview":"max-video-preview:-1"},"canonical":"https:\/\/www.coolheadeurope.com\/prodotto\/display\/banchi-esposizione\/wte-200\/","og_locale":"fr_FR","og_type":"article","og_title":"WTE 200 - Cool Head Europe","og_description":"Le comptoir de service assist\u00e9 WTE 200 offre une visibilit\u00e9 exceptionnelle des produits expos\u00e9s et une grande capacit\u00e9 d'exposition. Ce mod\u00e8le a \u00e9t\u00e9 con\u00e7u avec un plan de travail et une zone d'exposition en acier inoxydable, une lampe LED, une structure en verre et une \u00e9tag\u00e8re interm\u00e9diaire, dans le but d'\u00eatre un compagnon confortable et fiable dans les op\u00e9rations quotidiennes et un \u00e9quipement qui offre une visibilit\u00e9 parfaite des marchandises.","og_url":"https:\/\/www.coolheadeurope.com\/prodotto\/display\/banchi-esposizione\/wte-200\/","og_site_name":"Cool Head Europe","article_modified_time":"2026-02-08T07:19:46+00:00","og_image":[{"width":567,"height":409,"url":"https:\/\/www.coolheadeurope.com\/wp-content\/uploads\/2026\/04\/WTE-200-CORPO_CH_LOW.png","type":"image\/png"}],"twitter_card":"summary_large_image","schema":{"@context":"https:\/\/schema.org","@graph":[{"@type":"WebPage","@id":"https:\/\/www.coolheadeurope.com\/prodotto\/display\/banchi-esposizione\/wte-200\/","url":"https:\/\/www.coolheadeurope.com\/prodotto\/display\/banchi-esposizione\/wte-200\/","name":"WTE 200 - Cool Head Europe","isPartOf":{"@id":"https:\/\/www.coolheadeurope.com\/#website"},"primaryImageOfPage":{"@id":"https:\/\/www.coolheadeurope.com\/prodotto\/display\/banchi-esposizione\/wte-200\/#primaryimage"},"image":{"@id":"https:\/\/www.coolheadeurope.com\/prodotto\/display\/banchi-esposizione\/wte-200\/#primaryimage"},"thumbnailUrl":"https:\/\/www.coolheadeurope.com\/wp-content\/uploads\/2026\/04\/WTE-200-CORPO_CH_LOW.png","datePublished":"2024-10-10T02:59:39+00:00","dateModified":"2026-02-08T07:19:46+00:00","breadcrumb":{"@id":"https:\/\/www.coolheadeurope.com\/prodotto\/display\/banchi-esposizione\/wte-200\/#breadcrumb"},"inLanguage":"fr-FR","potentialAction":[{"@type":"ReadAction","target":["https:\/\/www.coolheadeurope.com\/prodotto\/display\/banchi-esposizione\/wte-200\/"]}]},{"@type":"ImageObject","inLanguage":"fr-FR","@id":"https:\/\/www.coolheadeurope.com\/prodotto\/display\/banchi-esposizione\/wte-200\/#primaryimage","url":"https:\/\/www.coolheadeurope.com\/wp-content\/uploads\/2026\/04\/WTE-200-CORPO_CH_LOW.png","contentUrl":"https:\/\/www.coolheadeurope.com\/wp-content\/uploads\/2026\/04\/WTE-200-CORPO_CH_LOW.png","width":567,"height":409,"caption":"Immagine di WTE 200"},{"@type":"BreadcrumbList","@id":"https:\/\/www.coolheadeurope.com\/prodotto\/display\/banchi-esposizione\/wte-200\/#breadcrumb","itemListElement":[{"@type":"ListItem","position":1,"name":"Home","item":"https:\/\/www.coolheadeurope.com\/fr\/"},{"@type":"ListItem","position":2,"name":"Rechercher","item":"https:\/\/www.coolheadeurope.com\/cerca\/"},{"@type":"ListItem","position":3,"name":"WTE 200"}]},{"@type":"WebSite","@id":"https:\/\/www.coolheadeurope.com\/#website","url":"https:\/\/www.coolheadeurope.com\/","name":"Cool Head Europe","description":"We make the world a cooler place","potentialAction":[{"@type":"SearchAction","target":{"@type":"EntryPoint","urlTemplate":"https:\/\/www.coolheadeurope.com\/?s={search_term_string}"},"query-input":{"@type":"PropertyValueSpecification","valueRequired":true,"valueName":"search_term_string"}}],"inLanguage":"fr-FR"}]}},"_links":{"self":[{"href":"https:\/\/www.coolheadeurope.com\/fr\/wp-json\/wp\/v2\/product\/2958514","targetHints":{"allow":["GET"]}}],"collection":[{"href":"https:\/\/www.coolheadeurope.com\/fr\/wp-json\/wp\/v2\/product"}],"about":[{"href":"https:\/\/www.coolheadeurope.com\/fr\/wp-json\/wp\/v2\/types\/product"}],"wp:featuredmedia":[{"embeddable":true,"href":"https:\/\/www.coolheadeurope.com\/fr\/wp-json\/wp\/v2\/media\/3881669"}],"wp:attachment":[{"href":"https:\/\/www.coolheadeurope.com\/fr\/wp-json\/wp\/v2\/media?parent=2958514"}],"wp:term":[{"taxonomy":"product_brand","embeddable":true,"href":"https:\/\/www.coolheadeurope.com\/fr\/wp-json\/wp\/v2\/product_brand?post=2958514"},{"taxonomy":"product_cat","embeddable":true,"href":"https:\/\/www.coolheadeurope.com\/fr\/wp-json\/wp\/v2\/product_cat?post=2958514"},{"taxonomy":"product_tag","embeddable":true,"href":"https:\/\/www.coolheadeurope.com\/fr\/wp-json\/wp\/v2\/product_tag?post=2958514"}],"curies":[{"name":"wp","href":"https:\/\/api.w.org\/{rel}","templated":true}]}}