{"id":2958515,"date":"2024-10-10T03:01:24","date_gmt":"2024-10-10T03:01:24","guid":{"rendered":"https:\/\/www.coolheadeurope.com\/prodotto\/non%20class\u00e9\/wmp-100s\/"},"modified":"2026-02-08T07:19:47","modified_gmt":"2026-02-08T07:19:47","slug":"wmp-100s","status":"publish","type":"product","link":"https:\/\/www.coolheadeurope.com\/fr\/prodotto\/presentoirs\/murale\/wmp-100s\/","title":{"rendered":"WMP 100S"},"content":{"rendered":"<p>Refroidissement ventil\u00e9<br \/>\nCycle de d\u00e9givrage automatique par arr\u00eat du compresseur<br \/>\nThermostat num\u00e9rique avec alarme de temp\u00e9rature \u00e9lev\u00e9e (Hi)<br \/>\nZone de pr\u00e9sentation en acier inoxydable<br \/>\nClayettes r\u00e9glables en acier bross\u00e9 (N.3 Pcs)<\/p>\n<p>Verre de s\u00e9curit\u00e9 tremp\u00e9 \u00e0 double \u00e9paisseur<\/p>\n<p>Parois lat\u00e9rales panoramiques<br \/>\nLampe LED interne (avec commutateur ind\u00e9pendant)<br \/>\nCuve isol\u00e9 en mousse d&rsquo;eau<br \/>\nPieds r\u00e9glables N\u00b0 4<br \/>\nClasse \u00e9nerg\u00e9tique: C<\/p>\n","protected":false},"excerpt":{"rendered":"<p>Refroidissement ventil\u00e9 Cycle de d\u00e9givrage automatique par arr\u00eat du compresseur Thermostat num\u00e9rique avec alarme de temp\u00e9rature \u00e9lev\u00e9e (Hi) Zone de pr\u00e9sentation en acier inoxydable Clayettes r\u00e9glables en acier bross\u00e9 (N.3 Pcs) Verre de s\u00e9curit\u00e9 tremp\u00e9 \u00e0 double \u00e9paisseur Parois lat\u00e9rales panoramiques Lampe LED interne (avec commutateur ind\u00e9pendant) Cuve isol\u00e9 en mousse d&rsquo;eau Pieds r\u00e9glables N\u00b0 [&hellip;]<\/p>\n","protected":false},"featured_media":3881671,"template":"","meta":[],"product_brand":[],"product_cat":[7406,7410],"product_tag":[],"class_list":{"0":"post-2958515","1":"product","2":"type-product","3":"status-publish","4":"has-post-thumbnail","6":"product_cat-presentoirs","7":"product_cat-murale","8":"pa_capacite-commerciale-357-l","9":"pa_consommation-denergie-5-72-kw-24h","10":"pa_hauteur-exterieure-2000-mm","11":"pa_hauteur-interieure-1340-mm","12":"pa_largeur-exterieure-1000-mm","13":"pa_largeur-interne-900-mm","14":"pa_niveau-sonore-64-dba","15":"pa_poids-brut-138-kg","16":"pa_poids-net-108-kg","17":"pa_profondeur-externe-570-mm","18":"pa_profondeur-interne-380-mm","19":"pa_puissance-537-w","21":"first","22":"instock","23":"product-type-simple"},"acf":[],"yoast_head":"<!-- This site is optimized with the Yoast SEO plugin v27.2 - https:\/\/yoast.com\/product\/yoast-seo-wordpress\/ -->\n<title>WMP 100S - Cool Head Europe<\/title>\n<meta name=\"robots\" content=\"index, follow, max-snippet:-1, max-image-preview:large, max-video-preview:-1\" \/>\n<link rel=\"canonical\" href=\"https:\/\/www.coolheadeurope.com\/fr\/prodotto\/presentoirs\/murale\/wmp-100s\/\" \/>\n<meta property=\"og:locale\" content=\"fr_FR\" \/>\n<meta property=\"og:type\" content=\"article\" \/>\n<meta property=\"og:title\" content=\"WMP 100S - Cool Head Europe\" \/>\n<meta property=\"og:description\" content=\"Refroidissement ventil\u00e9 Cycle de d\u00e9givrage automatique par arr\u00eat du compresseur Thermostat num\u00e9rique avec alarme de temp\u00e9rature \u00e9lev\u00e9e (Hi) Zone de pr\u00e9sentation en acier inoxydable Clayettes r\u00e9glables en acier bross\u00e9 (N.3 Pcs) Verre de s\u00e9curit\u00e9 tremp\u00e9 \u00e0 double \u00e9paisseur Parois lat\u00e9rales panoramiques Lampe LED interne (avec commutateur ind\u00e9pendant) Cuve isol\u00e9 en mousse d&rsquo;eau Pieds r\u00e9glables N\u00b0 [&hellip;]\" \/>\n<meta property=\"og:url\" content=\"https:\/\/www.coolheadeurope.com\/fr\/prodotto\/presentoirs\/murale\/wmp-100s\/\" \/>\n<meta property=\"og:site_name\" content=\"Cool Head Europe\" \/>\n<meta property=\"article:modified_time\" content=\"2026-02-08T07:19:47+00:00\" \/>\n<meta property=\"og:image\" content=\"https:\/\/www.coolheadeurope.com\/wp-content\/uploads\/2026\/04\/WMP-100S-CORPO_CH_LOW-22.png\" \/>\n\t<meta property=\"og:image:width\" content=\"543\" \/>\n\t<meta property=\"og:image:height\" content=\"567\" \/>\n\t<meta property=\"og:image:type\" content=\"image\/png\" \/>\n<meta name=\"twitter:card\" content=\"summary_large_image\" \/>\n<!-- \/ Yoast SEO plugin. -->","yoast_head_json":{"title":"WMP 100S - Cool Head Europe","robots":{"index":"index","follow":"follow","max-snippet":"max-snippet:-1","max-image-preview":"max-image-preview:large","max-video-preview":"max-video-preview:-1"},"canonical":"https:\/\/www.coolheadeurope.com\/fr\/prodotto\/presentoirs\/murale\/wmp-100s\/","og_locale":"fr_FR","og_type":"article","og_title":"WMP 100S - Cool Head Europe","og_description":"Refroidissement ventil\u00e9 Cycle de d\u00e9givrage automatique par arr\u00eat du compresseur Thermostat num\u00e9rique avec alarme de temp\u00e9rature \u00e9lev\u00e9e (Hi) Zone de pr\u00e9sentation en acier inoxydable Clayettes r\u00e9glables en acier bross\u00e9 (N.3 Pcs) Verre de s\u00e9curit\u00e9 tremp\u00e9 \u00e0 double \u00e9paisseur Parois lat\u00e9rales panoramiques Lampe LED interne (avec commutateur ind\u00e9pendant) Cuve isol\u00e9 en mousse d&rsquo;eau Pieds r\u00e9glables N\u00b0 [&hellip;]","og_url":"https:\/\/www.coolheadeurope.com\/fr\/prodotto\/presentoirs\/murale\/wmp-100s\/","og_site_name":"Cool Head Europe","article_modified_time":"2026-02-08T07:19:47+00:00","og_image":[{"width":543,"height":567,"url":"https:\/\/www.coolheadeurope.com\/wp-content\/uploads\/2026\/04\/WMP-100S-CORPO_CH_LOW-22.png","type":"image\/png"}],"twitter_card":"summary_large_image","schema":{"@context":"https:\/\/schema.org","@graph":[{"@type":"WebPage","@id":"https:\/\/www.coolheadeurope.com\/fr\/prodotto\/presentoirs\/murale\/wmp-100s\/","url":"https:\/\/www.coolheadeurope.com\/fr\/prodotto\/presentoirs\/murale\/wmp-100s\/","name":"WMP 100S - Cool Head Europe","isPartOf":{"@id":"https:\/\/www.coolheadeurope.com\/#website"},"primaryImageOfPage":{"@id":"https:\/\/www.coolheadeurope.com\/fr\/prodotto\/presentoirs\/murale\/wmp-100s\/#primaryimage"},"image":{"@id":"https:\/\/www.coolheadeurope.com\/fr\/prodotto\/presentoirs\/murale\/wmp-100s\/#primaryimage"},"thumbnailUrl":"https:\/\/www.coolheadeurope.com\/wp-content\/uploads\/2026\/04\/WMP-100S-CORPO_CH_LOW.png","datePublished":"2024-10-10T03:01:24+00:00","dateModified":"2026-02-08T07:19:47+00:00","breadcrumb":{"@id":"https:\/\/www.coolheadeurope.com\/fr\/prodotto\/presentoirs\/murale\/wmp-100s\/#breadcrumb"},"inLanguage":"fr-FR","potentialAction":[{"@type":"ReadAction","target":["https:\/\/www.coolheadeurope.com\/fr\/prodotto\/presentoirs\/murale\/wmp-100s\/"]}]},{"@type":"ImageObject","inLanguage":"fr-FR","@id":"https:\/\/www.coolheadeurope.com\/fr\/prodotto\/presentoirs\/murale\/wmp-100s\/#primaryimage","url":"https:\/\/www.coolheadeurope.com\/wp-content\/uploads\/2026\/04\/WMP-100S-CORPO_CH_LOW.png","contentUrl":"https:\/\/www.coolheadeurope.com\/wp-content\/uploads\/2026\/04\/WMP-100S-CORPO_CH_LOW.png","width":543,"height":567,"caption":"Immagine di WMP 100S"},{"@type":"BreadcrumbList","@id":"https:\/\/www.coolheadeurope.com\/fr\/prodotto\/presentoirs\/murale\/wmp-100s\/#breadcrumb","itemListElement":[{"@type":"ListItem","position":1,"name":"Home","item":"https:\/\/www.coolheadeurope.com\/fr\/"},{"@type":"ListItem","position":2,"name":"Rechercher","item":"https:\/\/www.coolheadeurope.com\/cerca\/"},{"@type":"ListItem","position":3,"name":"WMP 100S"}]},{"@type":"WebSite","@id":"https:\/\/www.coolheadeurope.com\/#website","url":"https:\/\/www.coolheadeurope.com\/","name":"Cool Head Europe","description":"We make the world a cooler place","potentialAction":[{"@type":"SearchAction","target":{"@type":"EntryPoint","urlTemplate":"https:\/\/www.coolheadeurope.com\/?s={search_term_string}"},"query-input":{"@type":"PropertyValueSpecification","valueRequired":true,"valueName":"search_term_string"}}],"inLanguage":"fr-FR"}]}},"_links":{"self":[{"href":"https:\/\/www.coolheadeurope.com\/fr\/wp-json\/wp\/v2\/product\/2958515","targetHints":{"allow":["GET"]}}],"collection":[{"href":"https:\/\/www.coolheadeurope.com\/fr\/wp-json\/wp\/v2\/product"}],"about":[{"href":"https:\/\/www.coolheadeurope.com\/fr\/wp-json\/wp\/v2\/types\/product"}],"wp:featuredmedia":[{"embeddable":true,"href":"https:\/\/www.coolheadeurope.com\/fr\/wp-json\/wp\/v2\/media\/3881671"}],"wp:attachment":[{"href":"https:\/\/www.coolheadeurope.com\/fr\/wp-json\/wp\/v2\/media?parent=2958515"}],"wp:term":[{"taxonomy":"product_brand","embeddable":true,"href":"https:\/\/www.coolheadeurope.com\/fr\/wp-json\/wp\/v2\/product_brand?post=2958515"},{"taxonomy":"product_cat","embeddable":true,"href":"https:\/\/www.coolheadeurope.com\/fr\/wp-json\/wp\/v2\/product_cat?post=2958515"},{"taxonomy":"product_tag","embeddable":true,"href":"https:\/\/www.coolheadeurope.com\/fr\/wp-json\/wp\/v2\/product_tag?post=2958515"}],"curies":[{"name":"wp","href":"https:\/\/api.w.org\/{rel}","templated":true}]}}