{"id":2958519,"date":"2024-10-10T03:08:20","date_gmt":"2024-10-10T03:08:20","guid":{"rendered":"https:\/\/www.coolheadeurope.com\/prodotto\/non%20class\u00e9\/wkr-120\/"},"modified":"2026-02-08T07:19:51","modified_gmt":"2026-02-08T07:19:51","slug":"wkr-120","status":"publish","type":"product","link":"https:\/\/www.coolheadeurope.com\/fr\/prodotto\/presentoirs\/vitrine-verticale\/wkr-120\/","title":{"rendered":"WKR 120"},"content":{"rendered":"<p>Vitrine r\u00e9frig\u00e9r\u00e9e pour le service assist<br \/>\nRefroidissement ventil\u00e9<br \/>\n\u00c9vaporateur trait\u00e9 anti-corrosion<br \/>\nCycle de d\u00e9givrage automatique par arr\u00eat du compresseur<br \/>\nThermostat num\u00e9rique avec \u00ab\u00a0ouverture de porte \u00bb et alarme de temp\u00e9rature \u00e9lev\u00e9e (Hi)<br \/>\nVitrage thermopane avec s\u00e9rigraphie en noir<br \/>\nPortes coulissantes arri\u00e8re en verre Thermopane<br \/>\n\u00c9tag\u00e8res en verre r\u00e9glables (3 pi\u00e8ces)<br \/>\nLampe LED interne (avec commutateur ind\u00e9pendant)<br \/>\nCuve isol\u00e9 en mousse d&rsquo;eau<br \/>\nPieds r\u00e9glables N\u00b0 4<br \/>\nClasse \u00e9nerg\u00e9tique: C<\/p>\n","protected":false},"excerpt":{"rendered":"<p>Le WKR 120 est une vitrine r\u00e9frig\u00e9r\u00e9e, id\u00e9ale pour les bars et les caf\u00e9t\u00e9rias, parfaite pour pr\u00e9senter des g\u00e2teaux, des boissons ou des aliments emball\u00e9s.<br \/>\nCe mod\u00e8le est \u00e9quip\u00e9 de 3 \u00e9tag\u00e8res en verre et d&rsquo;une lampe LED pour une excellente pr\u00e9sentation, et de portes coulissantes \u00e0 l&rsquo;arri\u00e8re pour faciliter le chargement et le service pendant les op\u00e9rations quotidiennes.<\/p>\n","protected":false},"featured_media":3881683,"template":"","meta":[],"product_brand":[],"product_cat":[7406,7411],"product_tag":[],"class_list":{"0":"post-2958519","1":"product","2":"type-product","3":"status-publish","4":"has-post-thumbnail","6":"product_cat-presentoirs","7":"product_cat-vitrine-verticale","8":"pa_capacite-commerciale-349-l","9":"pa_consommation-denergie-9-9-kw-24h","10":"pa_hauteur-exterieure-1380-mm","11":"pa_hauteur-interieure-790-mm","12":"pa_largeur-exterieure-1200-mm","13":"pa_largeur-interne-1100-mm","14":"pa_niveau-sonore-63-dba","15":"pa_poids-brut-268-kg","16":"pa_poids-net-235-kg","17":"pa_profondeur-externe-780-mm","18":"pa_profondeur-interne-600-mm","19":"pa_puissance-300-w","21":"first","22":"instock","23":"product-type-simple"},"acf":[],"yoast_head":"<!-- This site is optimized with the Yoast SEO plugin v27.2 - https:\/\/yoast.com\/product\/yoast-seo-wordpress\/ -->\n<title>WKR 120 - Cool Head Europe<\/title>\n<meta name=\"robots\" content=\"index, follow, max-snippet:-1, max-image-preview:large, max-video-preview:-1\" \/>\n<link rel=\"canonical\" href=\"https:\/\/www.coolheadeurope.com\/prodotto\/display\/display-verticali\/wkr-120\/\" \/>\n<meta property=\"og:locale\" content=\"fr_FR\" \/>\n<meta property=\"og:type\" content=\"article\" \/>\n<meta property=\"og:title\" content=\"WKR 120 - Cool Head Europe\" \/>\n<meta property=\"og:description\" content=\"Le WKR 120 est une vitrine r\u00e9frig\u00e9r\u00e9e, id\u00e9ale pour les bars et les caf\u00e9t\u00e9rias, parfaite pour pr\u00e9senter des g\u00e2teaux, des boissons ou des aliments emball\u00e9s. Ce mod\u00e8le est \u00e9quip\u00e9 de 3 \u00e9tag\u00e8res en verre et d&#039;une lampe LED pour une excellente pr\u00e9sentation, et de portes coulissantes \u00e0 l&#039;arri\u00e8re pour faciliter le chargement et le service pendant les op\u00e9rations quotidiennes.\" \/>\n<meta property=\"og:url\" content=\"https:\/\/www.coolheadeurope.com\/prodotto\/display\/display-verticali\/wkr-120\/\" \/>\n<meta property=\"og:site_name\" content=\"Cool Head Europe\" \/>\n<meta property=\"article:modified_time\" content=\"2026-02-08T07:19:51+00:00\" \/>\n<meta property=\"og:image\" content=\"https:\/\/www.coolheadeurope.com\/wp-content\/uploads\/2026\/04\/WKR-120-CORPO_CH_LOW.png\" \/>\n\t<meta property=\"og:image:width\" content=\"523\" \/>\n\t<meta property=\"og:image:height\" content=\"567\" \/>\n\t<meta property=\"og:image:type\" content=\"image\/png\" \/>\n<meta name=\"twitter:card\" content=\"summary_large_image\" \/>\n<!-- \/ Yoast SEO plugin. -->","yoast_head_json":{"title":"WKR 120 - Cool Head Europe","robots":{"index":"index","follow":"follow","max-snippet":"max-snippet:-1","max-image-preview":"max-image-preview:large","max-video-preview":"max-video-preview:-1"},"canonical":"https:\/\/www.coolheadeurope.com\/prodotto\/display\/display-verticali\/wkr-120\/","og_locale":"fr_FR","og_type":"article","og_title":"WKR 120 - Cool Head Europe","og_description":"Le WKR 120 est une vitrine r\u00e9frig\u00e9r\u00e9e, id\u00e9ale pour les bars et les caf\u00e9t\u00e9rias, parfaite pour pr\u00e9senter des g\u00e2teaux, des boissons ou des aliments emball\u00e9s. Ce mod\u00e8le est \u00e9quip\u00e9 de 3 \u00e9tag\u00e8res en verre et d'une lampe LED pour une excellente pr\u00e9sentation, et de portes coulissantes \u00e0 l'arri\u00e8re pour faciliter le chargement et le service pendant les op\u00e9rations quotidiennes.","og_url":"https:\/\/www.coolheadeurope.com\/prodotto\/display\/display-verticali\/wkr-120\/","og_site_name":"Cool Head Europe","article_modified_time":"2026-02-08T07:19:51+00:00","og_image":[{"width":523,"height":567,"url":"https:\/\/www.coolheadeurope.com\/wp-content\/uploads\/2026\/04\/WKR-120-CORPO_CH_LOW.png","type":"image\/png"}],"twitter_card":"summary_large_image","schema":{"@context":"https:\/\/schema.org","@graph":[{"@type":"WebPage","@id":"https:\/\/www.coolheadeurope.com\/prodotto\/display\/display-verticali\/wkr-120\/","url":"https:\/\/www.coolheadeurope.com\/prodotto\/display\/display-verticali\/wkr-120\/","name":"WKR 120 - Cool Head Europe","isPartOf":{"@id":"https:\/\/www.coolheadeurope.com\/#website"},"primaryImageOfPage":{"@id":"https:\/\/www.coolheadeurope.com\/prodotto\/display\/display-verticali\/wkr-120\/#primaryimage"},"image":{"@id":"https:\/\/www.coolheadeurope.com\/prodotto\/display\/display-verticali\/wkr-120\/#primaryimage"},"thumbnailUrl":"https:\/\/www.coolheadeurope.com\/wp-content\/uploads\/2026\/04\/WKR-120-CORPO_CH_LOW.png","datePublished":"2024-10-10T03:08:20+00:00","dateModified":"2026-02-08T07:19:51+00:00","breadcrumb":{"@id":"https:\/\/www.coolheadeurope.com\/prodotto\/display\/display-verticali\/wkr-120\/#breadcrumb"},"inLanguage":"fr-FR","potentialAction":[{"@type":"ReadAction","target":["https:\/\/www.coolheadeurope.com\/prodotto\/display\/display-verticali\/wkr-120\/"]}]},{"@type":"ImageObject","inLanguage":"fr-FR","@id":"https:\/\/www.coolheadeurope.com\/prodotto\/display\/display-verticali\/wkr-120\/#primaryimage","url":"https:\/\/www.coolheadeurope.com\/wp-content\/uploads\/2026\/04\/WKR-120-CORPO_CH_LOW.png","contentUrl":"https:\/\/www.coolheadeurope.com\/wp-content\/uploads\/2026\/04\/WKR-120-CORPO_CH_LOW.png","width":523,"height":567,"caption":"Immagine di WKR 120"},{"@type":"BreadcrumbList","@id":"https:\/\/www.coolheadeurope.com\/prodotto\/display\/display-verticali\/wkr-120\/#breadcrumb","itemListElement":[{"@type":"ListItem","position":1,"name":"Home","item":"https:\/\/www.coolheadeurope.com\/fr\/"},{"@type":"ListItem","position":2,"name":"Rechercher","item":"https:\/\/www.coolheadeurope.com\/cerca\/"},{"@type":"ListItem","position":3,"name":"WKR 120"}]},{"@type":"WebSite","@id":"https:\/\/www.coolheadeurope.com\/#website","url":"https:\/\/www.coolheadeurope.com\/","name":"Cool Head Europe","description":"We make the world a cooler place","potentialAction":[{"@type":"SearchAction","target":{"@type":"EntryPoint","urlTemplate":"https:\/\/www.coolheadeurope.com\/?s={search_term_string}"},"query-input":{"@type":"PropertyValueSpecification","valueRequired":true,"valueName":"search_term_string"}}],"inLanguage":"fr-FR"}]}},"_links":{"self":[{"href":"https:\/\/www.coolheadeurope.com\/fr\/wp-json\/wp\/v2\/product\/2958519","targetHints":{"allow":["GET"]}}],"collection":[{"href":"https:\/\/www.coolheadeurope.com\/fr\/wp-json\/wp\/v2\/product"}],"about":[{"href":"https:\/\/www.coolheadeurope.com\/fr\/wp-json\/wp\/v2\/types\/product"}],"wp:featuredmedia":[{"embeddable":true,"href":"https:\/\/www.coolheadeurope.com\/fr\/wp-json\/wp\/v2\/media\/3881683"}],"wp:attachment":[{"href":"https:\/\/www.coolheadeurope.com\/fr\/wp-json\/wp\/v2\/media?parent=2958519"}],"wp:term":[{"taxonomy":"product_brand","embeddable":true,"href":"https:\/\/www.coolheadeurope.com\/fr\/wp-json\/wp\/v2\/product_brand?post=2958519"},{"taxonomy":"product_cat","embeddable":true,"href":"https:\/\/www.coolheadeurope.com\/fr\/wp-json\/wp\/v2\/product_cat?post=2958519"},{"taxonomy":"product_tag","embeddable":true,"href":"https:\/\/www.coolheadeurope.com\/fr\/wp-json\/wp\/v2\/product_tag?post=2958519"}],"curies":[{"name":"wp","href":"https:\/\/api.w.org\/{rel}","templated":true}]}}