{"id":2958521,"date":"2024-10-10T03:11:47","date_gmt":"2024-10-10T03:11:47","guid":{"rendered":"https:\/\/www.coolheadeurope.com\/prodotto\/non%20class\u00e9\/wfh-150\/"},"modified":"2026-02-08T07:19:53","modified_gmt":"2026-02-08T07:19:53","slug":"wfh-150","status":"publish","type":"product","link":"https:\/\/www.coolheadeurope.com\/fr\/prodotto\/presentoirs\/comptoirs-dexposition\/wfh-150\/","title":{"rendered":"WFH 150"},"content":{"rendered":"<p>Comptoir r\u00e9frig\u00e9r\u00e9 pour le service assist\u00e9<br \/>\nId\u00e9al pour l&rsquo;exposition et la vente de poissons<br \/>\nDessus de travail en granit<br \/>\nZone d&rsquo;affichage en acier inoxydable AISI 316<br \/>\nRefroidissement statique<br \/>\n\u00c9vaporateur trait\u00e9 anti-corrosion<br \/>\nStructure incurv\u00e9e de la calotte en verre tremp\u00e9<br \/>\nCuve isol\u00e9 en mousse d&rsquo;eau<br \/>\nPieds r\u00e9glables N\u00b0 4<br \/>\nClasse \u00e9nerg\u00e9tique: G<\/p>\n","protected":false},"excerpt":{"rendered":"<p>Le comptoir de service assist\u00e9 WFH 150 est con\u00e7u pour exposer et vendre du poisson et des crustac\u00e9s frais.<br \/>\nAvec son faible impact visuel et son verre incurv\u00e9, ce mod\u00e8le offre une visibilit\u00e9 et une protection maximales au produit expos\u00e9.<br \/>\nLe plan de travail en granit offre un espace fiable et confortable pour les op\u00e9rations quotidiennes.<\/p>\n","protected":false},"featured_media":3880552,"template":"","meta":[],"product_brand":[],"product_cat":[7406,7407],"product_tag":[],"class_list":{"0":"post-2958521","1":"product","2":"type-product","3":"status-publish","4":"has-post-thumbnail","6":"product_cat-presentoirs","7":"product_cat-comptoirs-dexposition","8":"pa_capacite-commerciale-305-l","9":"pa_consommation-denergie-8-kw-24h","10":"pa_hauteur-exterieure-1180-mm","11":"pa_hauteur-interieure-260-mm","12":"pa_largeur-exterieure-1500-mm","13":"pa_largeur-interne-1400-mm","14":"pa_niveau-sonore-63-dba","15":"pa_poids-brut-225-kg","16":"pa_poids-net-178-kg","17":"pa_profondeur-externe-1200-mm","18":"pa_profondeur-interne-860-mm","19":"pa_puissance-373-w","21":"first","22":"instock","23":"product-type-simple"},"acf":[],"yoast_head":"<!-- This site is optimized with the Yoast SEO plugin v27.2 - https:\/\/yoast.com\/product\/yoast-seo-wordpress\/ -->\n<title>WFH 150 - Cool Head Europe<\/title>\n<meta name=\"robots\" content=\"index, follow, max-snippet:-1, max-image-preview:large, max-video-preview:-1\" \/>\n<link rel=\"canonical\" href=\"https:\/\/www.coolheadeurope.com\/fr\/prodotto\/presentoirs\/comptoirs-dexposition\/wfh-150\/\" \/>\n<meta property=\"og:locale\" content=\"fr_FR\" \/>\n<meta property=\"og:type\" content=\"article\" \/>\n<meta property=\"og:title\" content=\"WFH 150 - Cool Head Europe\" \/>\n<meta property=\"og:description\" content=\"Le comptoir de service assist\u00e9 WFH 150 est con\u00e7u pour exposer et vendre du poisson et des crustac\u00e9s frais. Avec son faible impact visuel et son verre incurv\u00e9, ce mod\u00e8le offre une visibilit\u00e9 et une protection maximales au produit expos\u00e9. Le plan de travail en granit offre un espace fiable et confortable pour les op\u00e9rations quotidiennes.\" \/>\n<meta property=\"og:url\" content=\"https:\/\/www.coolheadeurope.com\/fr\/prodotto\/presentoirs\/comptoirs-dexposition\/wfh-150\/\" \/>\n<meta property=\"og:site_name\" content=\"Cool Head Europe\" \/>\n<meta property=\"article:modified_time\" content=\"2026-02-08T07:19:53+00:00\" \/>\n<meta property=\"og:image\" content=\"https:\/\/www.coolheadeurope.com\/wp-content\/uploads\/2026\/04\/WFH-150-CORPO_CH_LOW-22.png\" \/>\n\t<meta property=\"og:image:width\" content=\"471\" \/>\n\t<meta property=\"og:image:height\" content=\"361\" \/>\n\t<meta property=\"og:image:type\" content=\"image\/png\" \/>\n<meta name=\"twitter:card\" content=\"summary_large_image\" \/>\n<!-- \/ Yoast SEO plugin. -->","yoast_head_json":{"title":"WFH 150 - Cool Head Europe","robots":{"index":"index","follow":"follow","max-snippet":"max-snippet:-1","max-image-preview":"max-image-preview:large","max-video-preview":"max-video-preview:-1"},"canonical":"https:\/\/www.coolheadeurope.com\/fr\/prodotto\/presentoirs\/comptoirs-dexposition\/wfh-150\/","og_locale":"fr_FR","og_type":"article","og_title":"WFH 150 - Cool Head Europe","og_description":"Le comptoir de service assist\u00e9 WFH 150 est con\u00e7u pour exposer et vendre du poisson et des crustac\u00e9s frais. Avec son faible impact visuel et son verre incurv\u00e9, ce mod\u00e8le offre une visibilit\u00e9 et une protection maximales au produit expos\u00e9. Le plan de travail en granit offre un espace fiable et confortable pour les op\u00e9rations quotidiennes.","og_url":"https:\/\/www.coolheadeurope.com\/fr\/prodotto\/presentoirs\/comptoirs-dexposition\/wfh-150\/","og_site_name":"Cool Head Europe","article_modified_time":"2026-02-08T07:19:53+00:00","og_image":[{"width":471,"height":361,"url":"https:\/\/www.coolheadeurope.com\/wp-content\/uploads\/2026\/04\/WFH-150-CORPO_CH_LOW-22.png","type":"image\/png"}],"twitter_card":"summary_large_image","schema":{"@context":"https:\/\/schema.org","@graph":[{"@type":"WebPage","@id":"https:\/\/www.coolheadeurope.com\/fr\/prodotto\/presentoirs\/comptoirs-dexposition\/wfh-150\/","url":"https:\/\/www.coolheadeurope.com\/fr\/prodotto\/presentoirs\/comptoirs-dexposition\/wfh-150\/","name":"WFH 150 - Cool Head Europe","isPartOf":{"@id":"https:\/\/www.coolheadeurope.com\/#website"},"primaryImageOfPage":{"@id":"https:\/\/www.coolheadeurope.com\/fr\/prodotto\/presentoirs\/comptoirs-dexposition\/wfh-150\/#primaryimage"},"image":{"@id":"https:\/\/www.coolheadeurope.com\/fr\/prodotto\/presentoirs\/comptoirs-dexposition\/wfh-150\/#primaryimage"},"thumbnailUrl":"https:\/\/www.coolheadeurope.com\/wp-content\/uploads\/2026\/04\/WFH-150-CORPO_CH_LOW-22.png","datePublished":"2024-10-10T03:11:47+00:00","dateModified":"2026-02-08T07:19:53+00:00","breadcrumb":{"@id":"https:\/\/www.coolheadeurope.com\/fr\/prodotto\/presentoirs\/comptoirs-dexposition\/wfh-150\/#breadcrumb"},"inLanguage":"fr-FR","potentialAction":[{"@type":"ReadAction","target":["https:\/\/www.coolheadeurope.com\/fr\/prodotto\/presentoirs\/comptoirs-dexposition\/wfh-150\/"]}]},{"@type":"ImageObject","inLanguage":"fr-FR","@id":"https:\/\/www.coolheadeurope.com\/fr\/prodotto\/presentoirs\/comptoirs-dexposition\/wfh-150\/#primaryimage","url":"https:\/\/www.coolheadeurope.com\/wp-content\/uploads\/2026\/04\/WFH-150-CORPO_CH_LOW-22.png","contentUrl":"https:\/\/www.coolheadeurope.com\/wp-content\/uploads\/2026\/04\/WFH-150-CORPO_CH_LOW-22.png","width":471,"height":361,"caption":"Immagine di WFH 150"},{"@type":"BreadcrumbList","@id":"https:\/\/www.coolheadeurope.com\/fr\/prodotto\/presentoirs\/comptoirs-dexposition\/wfh-150\/#breadcrumb","itemListElement":[{"@type":"ListItem","position":1,"name":"Home","item":"https:\/\/www.coolheadeurope.com\/fr\/"},{"@type":"ListItem","position":2,"name":"Rechercher","item":"https:\/\/www.coolheadeurope.com\/cerca\/"},{"@type":"ListItem","position":3,"name":"WFH 150"}]},{"@type":"WebSite","@id":"https:\/\/www.coolheadeurope.com\/#website","url":"https:\/\/www.coolheadeurope.com\/","name":"Cool Head Europe","description":"We make the world a cooler place","potentialAction":[{"@type":"SearchAction","target":{"@type":"EntryPoint","urlTemplate":"https:\/\/www.coolheadeurope.com\/?s={search_term_string}"},"query-input":{"@type":"PropertyValueSpecification","valueRequired":true,"valueName":"search_term_string"}}],"inLanguage":"fr-FR"}]}},"_links":{"self":[{"href":"https:\/\/www.coolheadeurope.com\/fr\/wp-json\/wp\/v2\/product\/2958521","targetHints":{"allow":["GET"]}}],"collection":[{"href":"https:\/\/www.coolheadeurope.com\/fr\/wp-json\/wp\/v2\/product"}],"about":[{"href":"https:\/\/www.coolheadeurope.com\/fr\/wp-json\/wp\/v2\/types\/product"}],"wp:featuredmedia":[{"embeddable":true,"href":"https:\/\/www.coolheadeurope.com\/fr\/wp-json\/wp\/v2\/media\/3880552"}],"wp:attachment":[{"href":"https:\/\/www.coolheadeurope.com\/fr\/wp-json\/wp\/v2\/media?parent=2958521"}],"wp:term":[{"taxonomy":"product_brand","embeddable":true,"href":"https:\/\/www.coolheadeurope.com\/fr\/wp-json\/wp\/v2\/product_brand?post=2958521"},{"taxonomy":"product_cat","embeddable":true,"href":"https:\/\/www.coolheadeurope.com\/fr\/wp-json\/wp\/v2\/product_cat?post=2958521"},{"taxonomy":"product_tag","embeddable":true,"href":"https:\/\/www.coolheadeurope.com\/fr\/wp-json\/wp\/v2\/product_tag?post=2958521"}],"curies":[{"name":"wp","href":"https:\/\/api.w.org\/{rel}","templated":true}]}}