{"id":2958525,"date":"2024-10-10T03:18:45","date_gmt":"2024-10-10T03:18:45","guid":{"rendered":"https:\/\/www.coolheadeurope.com\/prodotto\/non%20class\u00e9\/mc-180\/"},"modified":"2026-02-08T07:19:57","modified_gmt":"2026-02-08T07:19:57","slug":"mc-180","status":"publish","type":"product","link":"https:\/\/www.coolheadeurope.com\/fr\/prodotto\/presentoirs\/murale\/mc-180\/","title":{"rendered":"MC 180"},"content":{"rendered":"<p>Vitrine murale sans portes (Largeur: 1856mm)<br \/>\nAcier laqu\u00e9 blanc pour la face interne et la face externe<br \/>\nRefroidissement ventil\u00e9<br \/>\nCycle de d\u00e9givrage automatique par arr\u00eat du compresseur<br \/>\nCommande avec affichage num\u00e9rique (interrupteur g\u00e9n\u00e9ral ON\/OFF int\u00e9gr\u00e9)<br \/>\nLampe LED interne (avec commutateur ind\u00e9pendant)<br \/>\nEclairage LED des \u00e9tag\u00e8res<br \/>\nClayettes en verre r\u00e9glables (Pi\u00e8ces N\u00b0 2)<br \/>\nVitre lat\u00e9rale panoramique pour maximiser la visibilit\u00e9 des produits<br \/>\nRideau enroul\u00e9e pour \u00e9conomie d&rsquo;\u00e9nergie pendant la nuit (Tissu &#8211; Couleur gris)<br \/>\nFace avant blanche et pare-chocs gris anthracite<br \/>\nPieds r\u00e9glables N\u00b0 4<br \/>\nClasse \u00e9nerg\u00e9tique: D<\/p>\n<p>Disponible en deux profondeurs: STANDARD ou SLIM<\/p>\n","protected":false},"excerpt":{"rendered":"<p>Vitrine murale sans portes (Largeur: 1856mm) Acier laqu\u00e9 blanc pour la face interne et la face externe Refroidissement ventil\u00e9 Cycle de d\u00e9givrage automatique par arr\u00eat du compresseur Commande avec affichage num\u00e9rique (interrupteur g\u00e9n\u00e9ral ON\/OFF int\u00e9gr\u00e9) Lampe LED interne (avec commutateur ind\u00e9pendant) Eclairage LED des \u00e9tag\u00e8res Clayettes en verre r\u00e9glables (Pi\u00e8ces N\u00b0 2) Vitre lat\u00e9rale panoramique [&hellip;]<\/p>\n","protected":false},"featured_media":3925982,"template":"","meta":[],"product_brand":[],"product_cat":[7406,7410],"product_tag":[],"class_list":{"0":"post-2958525","1":"product","2":"type-product","3":"status-publish","4":"has-post-thumbnail","6":"product_cat-presentoirs","7":"product_cat-murale","8":"pa_capacite-commerciale-530-l","9":"pa_consommation-denergie-12-3-kw-24h","10":"pa_hauteur-exterieure-1406-mm","11":"pa_hauteur-interieure-760-mm","12":"pa_largeur-exterieure-1852-mm","13":"pa_largeur-interne-1792-mm","14":"pa_niveau-sonore-70-dba","15":"pa_poids-brut-190-kg","16":"pa_poids-net-140-kg","17":"pa_profondeur-externe-622-mm","18":"pa_profondeur-interne-335-mm","19":"pa_puissance-1533-w","21":"first","22":"instock","23":"product-type-simple"},"acf":[],"yoast_head":"<!-- This site is optimized with the Yoast SEO plugin v27.2 - https:\/\/yoast.com\/product\/yoast-seo-wordpress\/ -->\n<title>MC 180 - Cool Head Europe<\/title>\n<meta name=\"robots\" content=\"index, follow, max-snippet:-1, max-image-preview:large, max-video-preview:-1\" \/>\n<link rel=\"canonical\" href=\"https:\/\/www.coolheadeurope.com\/prodotto\/display\/murali\/mc-180\/\" \/>\n<meta property=\"og:locale\" content=\"fr_FR\" \/>\n<meta property=\"og:type\" content=\"article\" \/>\n<meta property=\"og:title\" content=\"MC 180 - Cool Head Europe\" \/>\n<meta property=\"og:description\" content=\"Vitrine murale sans portes (Largeur: 1856mm) Acier laqu\u00e9 blanc pour la face interne et la face externe Refroidissement ventil\u00e9 Cycle de d\u00e9givrage automatique par arr\u00eat du compresseur Commande avec affichage num\u00e9rique (interrupteur g\u00e9n\u00e9ral ON\/OFF int\u00e9gr\u00e9) Lampe LED interne (avec commutateur ind\u00e9pendant) Eclairage LED des \u00e9tag\u00e8res Clayettes en verre r\u00e9glables (Pi\u00e8ces N\u00b0 2) Vitre lat\u00e9rale panoramique [&hellip;]\" \/>\n<meta property=\"og:url\" content=\"https:\/\/www.coolheadeurope.com\/prodotto\/display\/murali\/mc-180\/\" \/>\n<meta property=\"og:site_name\" content=\"Cool Head Europe\" \/>\n<meta property=\"article:modified_time\" content=\"2026-02-08T07:19:57+00:00\" \/>\n<meta property=\"og:image\" content=\"https:\/\/www.coolheadeurope.com\/wp-content\/uploads\/2026\/04\/MC-180-CORPO_CH_LOW.png\" \/>\n\t<meta property=\"og:image:width\" content=\"418\" \/>\n\t<meta property=\"og:image:height\" content=\"567\" \/>\n\t<meta property=\"og:image:type\" content=\"image\/png\" \/>\n<meta name=\"twitter:card\" content=\"summary_large_image\" \/>\n<meta name=\"twitter:label1\" content=\"Dur\u00e9e de lecture estim\u00e9e\" \/>\n\t<meta name=\"twitter:data1\" content=\"1 minute\" \/>\n<!-- \/ Yoast SEO plugin. -->","yoast_head_json":{"title":"MC 180 - Cool Head Europe","robots":{"index":"index","follow":"follow","max-snippet":"max-snippet:-1","max-image-preview":"max-image-preview:large","max-video-preview":"max-video-preview:-1"},"canonical":"https:\/\/www.coolheadeurope.com\/prodotto\/display\/murali\/mc-180\/","og_locale":"fr_FR","og_type":"article","og_title":"MC 180 - Cool Head Europe","og_description":"Vitrine murale sans portes (Largeur: 1856mm) Acier laqu\u00e9 blanc pour la face interne et la face externe Refroidissement ventil\u00e9 Cycle de d\u00e9givrage automatique par arr\u00eat du compresseur Commande avec affichage num\u00e9rique (interrupteur g\u00e9n\u00e9ral ON\/OFF int\u00e9gr\u00e9) Lampe LED interne (avec commutateur ind\u00e9pendant) Eclairage LED des \u00e9tag\u00e8res Clayettes en verre r\u00e9glables (Pi\u00e8ces N\u00b0 2) Vitre lat\u00e9rale panoramique [&hellip;]","og_url":"https:\/\/www.coolheadeurope.com\/prodotto\/display\/murali\/mc-180\/","og_site_name":"Cool Head Europe","article_modified_time":"2026-02-08T07:19:57+00:00","og_image":[{"width":418,"height":567,"url":"https:\/\/www.coolheadeurope.com\/wp-content\/uploads\/2026\/04\/MC-180-CORPO_CH_LOW.png","type":"image\/png"}],"twitter_card":"summary_large_image","twitter_misc":{"Dur\u00e9e de lecture estim\u00e9e":"1 minute"},"schema":{"@context":"https:\/\/schema.org","@graph":[{"@type":"WebPage","@id":"https:\/\/www.coolheadeurope.com\/prodotto\/display\/murali\/mc-180\/","url":"https:\/\/www.coolheadeurope.com\/prodotto\/display\/murali\/mc-180\/","name":"MC 180 - Cool Head Europe","isPartOf":{"@id":"https:\/\/www.coolheadeurope.com\/#website"},"primaryImageOfPage":{"@id":"https:\/\/www.coolheadeurope.com\/prodotto\/display\/murali\/mc-180\/#primaryimage"},"image":{"@id":"https:\/\/www.coolheadeurope.com\/prodotto\/display\/murali\/mc-180\/#primaryimage"},"thumbnailUrl":"https:\/\/www.coolheadeurope.com\/wp-content\/uploads\/2026\/05\/MC-180-CORPO_CH_LOW.png","datePublished":"2024-10-10T03:18:45+00:00","dateModified":"2026-02-08T07:19:57+00:00","breadcrumb":{"@id":"https:\/\/www.coolheadeurope.com\/prodotto\/display\/murali\/mc-180\/#breadcrumb"},"inLanguage":"fr-FR","potentialAction":[{"@type":"ReadAction","target":["https:\/\/www.coolheadeurope.com\/prodotto\/display\/murali\/mc-180\/"]}]},{"@type":"ImageObject","inLanguage":"fr-FR","@id":"https:\/\/www.coolheadeurope.com\/prodotto\/display\/murali\/mc-180\/#primaryimage","url":"https:\/\/www.coolheadeurope.com\/wp-content\/uploads\/2026\/05\/MC-180-CORPO_CH_LOW.png","contentUrl":"https:\/\/www.coolheadeurope.com\/wp-content\/uploads\/2026\/05\/MC-180-CORPO_CH_LOW.png","width":418,"height":567,"caption":"Immagine di MC 180"},{"@type":"BreadcrumbList","@id":"https:\/\/www.coolheadeurope.com\/prodotto\/display\/murali\/mc-180\/#breadcrumb","itemListElement":[{"@type":"ListItem","position":1,"name":"Home","item":"https:\/\/www.coolheadeurope.com\/fr\/"},{"@type":"ListItem","position":2,"name":"Rechercher","item":"https:\/\/www.coolheadeurope.com\/cerca\/"},{"@type":"ListItem","position":3,"name":"MC 180"}]},{"@type":"WebSite","@id":"https:\/\/www.coolheadeurope.com\/#website","url":"https:\/\/www.coolheadeurope.com\/","name":"Cool Head Europe","description":"We make the world a cooler place","potentialAction":[{"@type":"SearchAction","target":{"@type":"EntryPoint","urlTemplate":"https:\/\/www.coolheadeurope.com\/?s={search_term_string}"},"query-input":{"@type":"PropertyValueSpecification","valueRequired":true,"valueName":"search_term_string"}}],"inLanguage":"fr-FR"}]}},"_links":{"self":[{"href":"https:\/\/www.coolheadeurope.com\/fr\/wp-json\/wp\/v2\/product\/2958525","targetHints":{"allow":["GET"]}}],"collection":[{"href":"https:\/\/www.coolheadeurope.com\/fr\/wp-json\/wp\/v2\/product"}],"about":[{"href":"https:\/\/www.coolheadeurope.com\/fr\/wp-json\/wp\/v2\/types\/product"}],"wp:featuredmedia":[{"embeddable":true,"href":"https:\/\/www.coolheadeurope.com\/fr\/wp-json\/wp\/v2\/media\/3925982"}],"wp:attachment":[{"href":"https:\/\/www.coolheadeurope.com\/fr\/wp-json\/wp\/v2\/media?parent=2958525"}],"wp:term":[{"taxonomy":"product_brand","embeddable":true,"href":"https:\/\/www.coolheadeurope.com\/fr\/wp-json\/wp\/v2\/product_brand?post=2958525"},{"taxonomy":"product_cat","embeddable":true,"href":"https:\/\/www.coolheadeurope.com\/fr\/wp-json\/wp\/v2\/product_cat?post=2958525"},{"taxonomy":"product_tag","embeddable":true,"href":"https:\/\/www.coolheadeurope.com\/fr\/wp-json\/wp\/v2\/product_tag?post=2958525"}],"curies":[{"name":"wp","href":"https:\/\/api.w.org\/{rel}","templated":true}]}}