{"id":2958527,"date":"2024-10-10T03:22:17","date_gmt":"2024-10-10T03:22:17","guid":{"rendered":"https:\/\/www.coolheadeurope.com\/prodotto\/non%20class\u00e9\/rg-1200\/"},"modified":"2026-02-08T07:19:58","modified_gmt":"2026-02-08T07:19:58","slug":"rg-1200","status":"publish","type":"product","link":"https:\/\/www.coolheadeurope.com\/fr\/prodotto\/presentoirs\/vitrine-de-comptoir\/rg-1200\/","title":{"rendered":"RG 1200"},"content":{"rendered":"<p>Pr\u00e9sentoir de comptoir horizontal r\u00e9frig\u00e9r\u00e9<br \/>\nVerre carr\u00e9 avec cadre noir et socle en acier inoxydable<br \/>\nRefroidissement ventil\u00e9<br \/>\n\u00c9vaporateur trait\u00e9 anti-corrosion<br \/>\nCycle de d\u00e9givrage automatique par arr\u00eat du compresseur<br \/>\nCommande \u00e0 afficheur num\u00e9rique<br \/>\nLampe LED interne<br \/>\nDouble verre de s\u00e9curit\u00e9 tremp\u00e9 avec Low-e (Vitrage \u00e0 faible \u00e9missivit\u00e9)<br \/>\nPortes coulissantes arri\u00e8re<\/p>\n<p>Clayettes en verre r\u00e9glables (Pi\u00e8ces N\u00b0 2)<br \/>\nPieds r\u00e9glables N\u00b0 4<br \/>\nClasse \u00e9nerg\u00e9tique: C<\/p>\n","protected":false},"excerpt":{"rendered":"<p>Vitrine r\u00e9frig\u00e9r\u00e9e de comptoir avec verre droit et cadre et base en acier rev\u00eatus de poudre noire, \u00e9quip\u00e9e de lampes LED \u00e0 chaque coin, d&rsquo;un double verre anti-condensation avec couvercle \u00e0 faible \u00e9missivit\u00e9, de portes arri\u00e8re coulissantes et de deux \u00e9tag\u00e8res en verre r\u00e9glables. Le mod\u00e8le RG 1200 est con\u00e7u pour exposer tout aliment m\u00e9ritant une bonne visibilit\u00e9 sur votre comptoir, il est aliment\u00e9 avec gaz R290 respectueux de l&rsquo;environnement pour garantir une \u00e9conomie d&rsquo;\u00e9nergie et des performances optimales.<\/p>\n","protected":false},"featured_media":3881708,"template":"","meta":[],"product_brand":[],"product_cat":[7406,7409],"product_tag":[],"class_list":{"0":"post-2958527","1":"product","2":"type-product","3":"status-publish","4":"has-post-thumbnail","6":"product_cat-presentoirs","7":"product_cat-vitrine-de-comptoir","8":"pa_capacite-commerciale-280-l","9":"pa_consommation-denergie-8-1-kw-24h","10":"pa_hauteur-exterieure-731-mm","11":"pa_hauteur-interieure-409-mm","12":"pa_largeur-exterieure-1192-mm","13":"pa_largeur-interne-1150-mm","14":"pa_niveau-sonore-50-dba","15":"pa_poids-brut-148-00-kg","16":"pa_poids-net-120-00-kg","17":"pa_profondeur-externe-676-mm","18":"pa_profondeur-interne-613-mm","19":"pa_puissance-500-w","21":"first","22":"instock","23":"product-type-simple"},"acf":[],"yoast_head":"<!-- This site is optimized with the Yoast SEO plugin v27.2 - https:\/\/yoast.com\/product\/yoast-seo-wordpress\/ -->\n<title>RG 1200 - Cool Head Europe<\/title>\n<meta name=\"robots\" content=\"index, follow, max-snippet:-1, max-image-preview:large, max-video-preview:-1\" \/>\n<link rel=\"canonical\" href=\"https:\/\/www.coolheadeurope.com\/prodotto\/display\/espositori-da-banco\/rg-1200\/\" \/>\n<meta property=\"og:locale\" content=\"fr_FR\" \/>\n<meta property=\"og:type\" content=\"article\" \/>\n<meta property=\"og:title\" content=\"RG 1200 - Cool Head Europe\" \/>\n<meta property=\"og:description\" content=\"Vitrine r\u00e9frig\u00e9r\u00e9e de comptoir avec verre droit et cadre et base en acier rev\u00eatus de poudre noire, \u00e9quip\u00e9e de lampes LED \u00e0 chaque coin, d&#039;un double verre anti-condensation avec couvercle \u00e0 faible \u00e9missivit\u00e9, de portes arri\u00e8re coulissantes et de deux \u00e9tag\u00e8res en verre r\u00e9glables. Le mod\u00e8le RG 1200 est con\u00e7u pour exposer tout aliment m\u00e9ritant une bonne visibilit\u00e9 sur votre comptoir, il est aliment\u00e9 avec gaz R290 respectueux de l&#039;environnement pour garantir une \u00e9conomie d&#039;\u00e9nergie et des performances optimales.\" \/>\n<meta property=\"og:url\" content=\"https:\/\/www.coolheadeurope.com\/prodotto\/display\/espositori-da-banco\/rg-1200\/\" \/>\n<meta property=\"og:site_name\" content=\"Cool Head Europe\" \/>\n<meta property=\"article:modified_time\" content=\"2026-02-08T07:19:58+00:00\" \/>\n<meta property=\"og:image\" content=\"https:\/\/www.coolheadeurope.com\/wp-content\/uploads\/2026\/04\/RG-1200-CORPO_CH_LOW.png\" \/>\n\t<meta property=\"og:image:width\" content=\"567\" \/>\n\t<meta property=\"og:image:height\" content=\"386\" \/>\n\t<meta property=\"og:image:type\" content=\"image\/png\" \/>\n<meta name=\"twitter:card\" content=\"summary_large_image\" \/>\n<!-- \/ Yoast SEO plugin. -->","yoast_head_json":{"title":"RG 1200 - Cool Head Europe","robots":{"index":"index","follow":"follow","max-snippet":"max-snippet:-1","max-image-preview":"max-image-preview:large","max-video-preview":"max-video-preview:-1"},"canonical":"https:\/\/www.coolheadeurope.com\/prodotto\/display\/espositori-da-banco\/rg-1200\/","og_locale":"fr_FR","og_type":"article","og_title":"RG 1200 - Cool Head Europe","og_description":"Vitrine r\u00e9frig\u00e9r\u00e9e de comptoir avec verre droit et cadre et base en acier rev\u00eatus de poudre noire, \u00e9quip\u00e9e de lampes LED \u00e0 chaque coin, d'un double verre anti-condensation avec couvercle \u00e0 faible \u00e9missivit\u00e9, de portes arri\u00e8re coulissantes et de deux \u00e9tag\u00e8res en verre r\u00e9glables. Le mod\u00e8le RG 1200 est con\u00e7u pour exposer tout aliment m\u00e9ritant une bonne visibilit\u00e9 sur votre comptoir, il est aliment\u00e9 avec gaz R290 respectueux de l'environnement pour garantir une \u00e9conomie d'\u00e9nergie et des performances optimales.","og_url":"https:\/\/www.coolheadeurope.com\/prodotto\/display\/espositori-da-banco\/rg-1200\/","og_site_name":"Cool Head Europe","article_modified_time":"2026-02-08T07:19:58+00:00","og_image":[{"width":567,"height":386,"url":"https:\/\/www.coolheadeurope.com\/wp-content\/uploads\/2026\/04\/RG-1200-CORPO_CH_LOW.png","type":"image\/png"}],"twitter_card":"summary_large_image","schema":{"@context":"https:\/\/schema.org","@graph":[{"@type":"WebPage","@id":"https:\/\/www.coolheadeurope.com\/prodotto\/display\/espositori-da-banco\/rg-1200\/","url":"https:\/\/www.coolheadeurope.com\/prodotto\/display\/espositori-da-banco\/rg-1200\/","name":"RG 1200 - Cool Head Europe","isPartOf":{"@id":"https:\/\/www.coolheadeurope.com\/#website"},"primaryImageOfPage":{"@id":"https:\/\/www.coolheadeurope.com\/prodotto\/display\/espositori-da-banco\/rg-1200\/#primaryimage"},"image":{"@id":"https:\/\/www.coolheadeurope.com\/prodotto\/display\/espositori-da-banco\/rg-1200\/#primaryimage"},"thumbnailUrl":"https:\/\/www.coolheadeurope.com\/wp-content\/uploads\/2026\/04\/RG-1200-CORPO_CH_LOW.png","datePublished":"2024-10-10T03:22:17+00:00","dateModified":"2026-02-08T07:19:58+00:00","breadcrumb":{"@id":"https:\/\/www.coolheadeurope.com\/prodotto\/display\/espositori-da-banco\/rg-1200\/#breadcrumb"},"inLanguage":"fr-FR","potentialAction":[{"@type":"ReadAction","target":["https:\/\/www.coolheadeurope.com\/prodotto\/display\/espositori-da-banco\/rg-1200\/"]}]},{"@type":"ImageObject","inLanguage":"fr-FR","@id":"https:\/\/www.coolheadeurope.com\/prodotto\/display\/espositori-da-banco\/rg-1200\/#primaryimage","url":"https:\/\/www.coolheadeurope.com\/wp-content\/uploads\/2026\/04\/RG-1200-CORPO_CH_LOW.png","contentUrl":"https:\/\/www.coolheadeurope.com\/wp-content\/uploads\/2026\/04\/RG-1200-CORPO_CH_LOW.png","width":567,"height":386,"caption":"Immagine di RG 1200"},{"@type":"BreadcrumbList","@id":"https:\/\/www.coolheadeurope.com\/prodotto\/display\/espositori-da-banco\/rg-1200\/#breadcrumb","itemListElement":[{"@type":"ListItem","position":1,"name":"Home","item":"https:\/\/www.coolheadeurope.com\/fr\/"},{"@type":"ListItem","position":2,"name":"Rechercher","item":"https:\/\/www.coolheadeurope.com\/cerca\/"},{"@type":"ListItem","position":3,"name":"RG 1200"}]},{"@type":"WebSite","@id":"https:\/\/www.coolheadeurope.com\/#website","url":"https:\/\/www.coolheadeurope.com\/","name":"Cool Head Europe","description":"We make the world a cooler place","potentialAction":[{"@type":"SearchAction","target":{"@type":"EntryPoint","urlTemplate":"https:\/\/www.coolheadeurope.com\/?s={search_term_string}"},"query-input":{"@type":"PropertyValueSpecification","valueRequired":true,"valueName":"search_term_string"}}],"inLanguage":"fr-FR"}]}},"_links":{"self":[{"href":"https:\/\/www.coolheadeurope.com\/fr\/wp-json\/wp\/v2\/product\/2958527","targetHints":{"allow":["GET"]}}],"collection":[{"href":"https:\/\/www.coolheadeurope.com\/fr\/wp-json\/wp\/v2\/product"}],"about":[{"href":"https:\/\/www.coolheadeurope.com\/fr\/wp-json\/wp\/v2\/types\/product"}],"wp:featuredmedia":[{"embeddable":true,"href":"https:\/\/www.coolheadeurope.com\/fr\/wp-json\/wp\/v2\/media\/3881708"}],"wp:attachment":[{"href":"https:\/\/www.coolheadeurope.com\/fr\/wp-json\/wp\/v2\/media?parent=2958527"}],"wp:term":[{"taxonomy":"product_brand","embeddable":true,"href":"https:\/\/www.coolheadeurope.com\/fr\/wp-json\/wp\/v2\/product_brand?post=2958527"},{"taxonomy":"product_cat","embeddable":true,"href":"https:\/\/www.coolheadeurope.com\/fr\/wp-json\/wp\/v2\/product_cat?post=2958527"},{"taxonomy":"product_tag","embeddable":true,"href":"https:\/\/www.coolheadeurope.com\/fr\/wp-json\/wp\/v2\/product_tag?post=2958527"}],"curies":[{"name":"wp","href":"https:\/\/api.w.org\/{rel}","templated":true}]}}