{"id":3494669,"date":"2025-04-12T02:17:46","date_gmt":"2025-04-12T02:17:46","guid":{"rendered":"https:\/\/www.coolheadeurope.com\/prodotto\/non%20class\u00e9\/qr-7\/"},"modified":"2026-02-08T04:50:56","modified_gmt":"2026-02-08T04:50:56","slug":"qr-7","status":"publish","type":"product","link":"https:\/\/www.coolheadeurope.com\/fr\/prodotto\/inox-fr\/armoires-fr\/qr-7\/","title":{"rendered":"QR 7"},"content":{"rendered":"<p>R\u00e9frig\u00e9rateur vertical GN2\/1 (CLASSE B)<br \/>\nExt\u00e9rieur et int\u00e9rieur en acier inoxydable<br \/>\nAnti-condensation  \u00ab\u00a0disjoncteur thermique \u00a0\u00bb sur le cadre du corps<br \/>\nFace int\u00e9rieure avec but\u00e9e arri\u00e8re pour clayettes travaill\u00e9e en relief et en vague pour un nettoyage facile.<br \/>\nRefroidissement ventil\u00e9<br \/>\n\u00c9vaporateur trait\u00e9 anti-corrosion<br \/>\nD\u00e9givrage automatique avec chauffage \u00e9lectrique<br \/>\nAgent moussant: Cyclopentane (85 mm)<br \/>\nThermostat num\u00e9rique avec \u00ab\u00a0ouverture de porte \u00bb et alarme de temp\u00e9rature \u00e9lev\u00e9e (Hi)<br \/>\nJoint d&rsquo;\u00e9tanch\u00e9it\u00e9 amovible<br \/>\nLampe LED et serrure mont\u00e9es de s\u00e9rie<br \/>\nPorte: \u00e0 fermeture automatique et porte r\u00e9versible mont\u00e9e de s\u00e9rie<br \/>\nClayettes r\u00e9glables GN2\/1 : 3 + 1<br \/>\nPieds r\u00e9glables S\/S N\u00b0 4 &#8211; (Roulettes verrouillable en option)<br \/>\nClasse \u00e9nerg\u00e9tique: B<\/p>\n","protected":false},"excerpt":{"rendered":"<p>Propre et \u00e9l\u00e9gant, gr\u00e2ce au contr\u00f4leur num\u00e9rique c\u00e2bl\u00e9 avec interrupteur principal ind\u00e9pendant et au design caract\u00e9ristique du panneau sup\u00e9rieur et de la porte.<br \/>\nLe mod\u00e8le QR 7 repr\u00e9sente la combinaison parfaite de la technologie et de l&rsquo;exp\u00e9rience de production, avec une porte \u00e0 fermeture automatique, des alarmes \u00ab\u00a0Porte ouverte\u00a0\u00bb et \u00ab\u00a0Haute temp\u00e9rature\u00a0\u00bb pour \u00e9viter le gaspillage d&rsquo;\u00e9nergie, des rails moul\u00e9s pour faciliter le processus de nettoyage, pour \u00e9conomiser de l&rsquo;espace \u00e0 l&rsquo;int\u00e9rieur de l&rsquo;armoire et pour permettre aux 4 \u00e9tag\u00e8res GN 2\/1 mont\u00e9es en standard de supporter jusqu&rsquo;\u00e0 60 kg de poids.<br \/>\nNotre armoire r\u00e9frig\u00e9r\u00e9e est de classe B, respectueuse de l&rsquo;environnement et \u00e9conome en \u00e9nergie gr\u00e2ce au gaz r\u00e9frig\u00e9rant \u00e9cologique R600a et \u00e0 la mousse d&rsquo;isolation de 85 mm de chaque c\u00f4t\u00e9.<br \/>\nLes lampes internes LED, la serrure standard, la porte r\u00e9versible et les pieds r\u00e9glables en hauteur (85 mm \u00e0 140 mm) contribuent \u00e0 faire de ce r\u00e9frig\u00e9rateur professionnel un produit haut de gamme.<\/p>\n","protected":false},"featured_media":3706329,"template":"","meta":[],"product_brand":[],"product_cat":[7397,7399],"product_tag":[],"class_list":{"0":"post-3494669","1":"product","2":"type-product","3":"status-publish","4":"has-post-thumbnail","6":"product_cat-inox-fr","7":"product_cat-armoires-fr","8":"pa_capacite-commerciale-550-l","9":"pa_consommation-denergie-0-98-kw-24h","10":"pa_hauteur-exterieure-2085-mm","11":"pa_hauteur-interieure-1390-mm","12":"pa_largeur-exterieure-705-mm","13":"pa_largeur-interne-535-mm","14":"pa_niveau-sonore-59-dba","15":"pa_poids-brut-162-kg","16":"pa_poids-net-145-kg","17":"pa_profondeur-externe-918-mm","18":"pa_profondeur-interne-665-mm","19":"pa_puissance-180-w","21":"first","22":"instock","23":"product-type-simple"},"acf":[],"yoast_head":"<!-- This site is optimized with the Yoast SEO plugin v27.2 - https:\/\/yoast.com\/product\/yoast-seo-wordpress\/ -->\n<title>QR 7 - Cool Head Europe<\/title>\n<meta name=\"robots\" content=\"index, follow, max-snippet:-1, max-image-preview:large, max-video-preview:-1\" \/>\n<link rel=\"canonical\" href=\"https:\/\/www.coolheadeurope.com\/prodotto\/inox\/armadi\/qr-7\/\" \/>\n<meta property=\"og:locale\" content=\"fr_FR\" \/>\n<meta property=\"og:type\" content=\"article\" \/>\n<meta property=\"og:title\" content=\"QR 7 - Cool Head Europe\" \/>\n<meta property=\"og:description\" content=\"Propre et \u00e9l\u00e9gant, gr\u00e2ce au contr\u00f4leur num\u00e9rique c\u00e2bl\u00e9 avec interrupteur principal ind\u00e9pendant et au design caract\u00e9ristique du panneau sup\u00e9rieur et de la porte. Le mod\u00e8le QR 7 repr\u00e9sente la combinaison parfaite de la technologie et de l&#039;exp\u00e9rience de production, avec une porte \u00e0 fermeture automatique, des alarmes &quot;Porte ouverte&quot; et &quot;Haute temp\u00e9rature&quot; pour \u00e9viter le gaspillage d&#039;\u00e9nergie, des rails moul\u00e9s pour faciliter le processus de nettoyage, pour \u00e9conomiser de l&#039;espace \u00e0 l&#039;int\u00e9rieur de l&#039;armoire et pour permettre aux 4 \u00e9tag\u00e8res GN 2\/1 mont\u00e9es en standard de supporter jusqu&#039;\u00e0 60 kg de poids. Notre armoire r\u00e9frig\u00e9r\u00e9e est de classe B, respectueuse de l&#039;environnement et \u00e9conome en \u00e9nergie gr\u00e2ce au gaz r\u00e9frig\u00e9rant \u00e9cologique R600a et \u00e0 la mousse d&#039;isolation de 85 mm de chaque c\u00f4t\u00e9. Les lampes internes LED, la serrure standard, la porte r\u00e9versible et les pieds r\u00e9glables en hauteur (85 mm \u00e0 140 mm) contribuent \u00e0 faire de ce r\u00e9frig\u00e9rateur professionnel un produit haut de gamme.\" \/>\n<meta property=\"og:url\" content=\"https:\/\/www.coolheadeurope.com\/prodotto\/inox\/armadi\/qr-7\/\" \/>\n<meta property=\"og:site_name\" content=\"Cool Head Europe\" \/>\n<meta property=\"article:modified_time\" content=\"2026-02-08T04:50:56+00:00\" \/>\n<meta property=\"og:image\" content=\"https:\/\/www.coolheadeurope.com\/wp-content\/uploads\/2026\/04\/QR-7-CORPO_CH_LOW-16.png\" \/>\n\t<meta property=\"og:image:width\" content=\"285\" \/>\n\t<meta property=\"og:image:height\" content=\"567\" \/>\n\t<meta property=\"og:image:type\" content=\"image\/png\" \/>\n<meta name=\"twitter:card\" content=\"summary_large_image\" \/>\n<meta name=\"twitter:label1\" content=\"Dur\u00e9e de lecture estim\u00e9e\" \/>\n\t<meta name=\"twitter:data1\" content=\"1 minute\" \/>\n<!-- \/ Yoast SEO plugin. -->","yoast_head_json":{"title":"QR 7 - Cool Head Europe","robots":{"index":"index","follow":"follow","max-snippet":"max-snippet:-1","max-image-preview":"max-image-preview:large","max-video-preview":"max-video-preview:-1"},"canonical":"https:\/\/www.coolheadeurope.com\/prodotto\/inox\/armadi\/qr-7\/","og_locale":"fr_FR","og_type":"article","og_title":"QR 7 - Cool Head Europe","og_description":"Propre et \u00e9l\u00e9gant, gr\u00e2ce au contr\u00f4leur num\u00e9rique c\u00e2bl\u00e9 avec interrupteur principal ind\u00e9pendant et au design caract\u00e9ristique du panneau sup\u00e9rieur et de la porte. Le mod\u00e8le QR 7 repr\u00e9sente la combinaison parfaite de la technologie et de l'exp\u00e9rience de production, avec une porte \u00e0 fermeture automatique, des alarmes \"Porte ouverte\" et \"Haute temp\u00e9rature\" pour \u00e9viter le gaspillage d'\u00e9nergie, des rails moul\u00e9s pour faciliter le processus de nettoyage, pour \u00e9conomiser de l'espace \u00e0 l'int\u00e9rieur de l'armoire et pour permettre aux 4 \u00e9tag\u00e8res GN 2\/1 mont\u00e9es en standard de supporter jusqu'\u00e0 60 kg de poids. Notre armoire r\u00e9frig\u00e9r\u00e9e est de classe B, respectueuse de l'environnement et \u00e9conome en \u00e9nergie gr\u00e2ce au gaz r\u00e9frig\u00e9rant \u00e9cologique R600a et \u00e0 la mousse d'isolation de 85 mm de chaque c\u00f4t\u00e9. Les lampes internes LED, la serrure standard, la porte r\u00e9versible et les pieds r\u00e9glables en hauteur (85 mm \u00e0 140 mm) contribuent \u00e0 faire de ce r\u00e9frig\u00e9rateur professionnel un produit haut de gamme.","og_url":"https:\/\/www.coolheadeurope.com\/prodotto\/inox\/armadi\/qr-7\/","og_site_name":"Cool Head Europe","article_modified_time":"2026-02-08T04:50:56+00:00","og_image":[{"width":285,"height":567,"url":"https:\/\/www.coolheadeurope.com\/wp-content\/uploads\/2026\/04\/QR-7-CORPO_CH_LOW-16.png","type":"image\/png"}],"twitter_card":"summary_large_image","twitter_misc":{"Dur\u00e9e de lecture estim\u00e9e":"1 minute"},"schema":{"@context":"https:\/\/schema.org","@graph":[{"@type":"WebPage","@id":"https:\/\/www.coolheadeurope.com\/prodotto\/inox\/armadi\/qr-7\/","url":"https:\/\/www.coolheadeurope.com\/prodotto\/inox\/armadi\/qr-7\/","name":"QR 7 - Cool Head Europe","isPartOf":{"@id":"https:\/\/www.coolheadeurope.com\/#website"},"primaryImageOfPage":{"@id":"https:\/\/www.coolheadeurope.com\/prodotto\/inox\/armadi\/qr-7\/#primaryimage"},"image":{"@id":"https:\/\/www.coolheadeurope.com\/prodotto\/inox\/armadi\/qr-7\/#primaryimage"},"thumbnailUrl":"https:\/\/www.coolheadeurope.com\/wp-content\/uploads\/2026\/04\/QR-7-CORPO_CH_LOW-16.png","datePublished":"2025-04-12T02:17:46+00:00","dateModified":"2026-02-08T04:50:56+00:00","breadcrumb":{"@id":"https:\/\/www.coolheadeurope.com\/prodotto\/inox\/armadi\/qr-7\/#breadcrumb"},"inLanguage":"fr-FR","potentialAction":[{"@type":"ReadAction","target":["https:\/\/www.coolheadeurope.com\/prodotto\/inox\/armadi\/qr-7\/"]}]},{"@type":"ImageObject","inLanguage":"fr-FR","@id":"https:\/\/www.coolheadeurope.com\/prodotto\/inox\/armadi\/qr-7\/#primaryimage","url":"https:\/\/www.coolheadeurope.com\/wp-content\/uploads\/2026\/04\/QR-7-CORPO_CH_LOW-16.png","contentUrl":"https:\/\/www.coolheadeurope.com\/wp-content\/uploads\/2026\/04\/QR-7-CORPO_CH_LOW-16.png","width":285,"height":567,"caption":"Immagine di QR 7"},{"@type":"BreadcrumbList","@id":"https:\/\/www.coolheadeurope.com\/prodotto\/inox\/armadi\/qr-7\/#breadcrumb","itemListElement":[{"@type":"ListItem","position":1,"name":"Home","item":"https:\/\/www.coolheadeurope.com\/fr\/"},{"@type":"ListItem","position":2,"name":"Rechercher","item":"https:\/\/www.coolheadeurope.com\/fr\/rechercher\/"},{"@type":"ListItem","position":3,"name":"QR 7"}]},{"@type":"WebSite","@id":"https:\/\/www.coolheadeurope.com\/#website","url":"https:\/\/www.coolheadeurope.com\/","name":"Cool Head Europe","description":"We make the world a cooler place","potentialAction":[{"@type":"SearchAction","target":{"@type":"EntryPoint","urlTemplate":"https:\/\/www.coolheadeurope.com\/?s={search_term_string}"},"query-input":{"@type":"PropertyValueSpecification","valueRequired":true,"valueName":"search_term_string"}}],"inLanguage":"fr-FR"}]}},"_links":{"self":[{"href":"https:\/\/www.coolheadeurope.com\/fr\/wp-json\/wp\/v2\/product\/3494669","targetHints":{"allow":["GET"]}}],"collection":[{"href":"https:\/\/www.coolheadeurope.com\/fr\/wp-json\/wp\/v2\/product"}],"about":[{"href":"https:\/\/www.coolheadeurope.com\/fr\/wp-json\/wp\/v2\/types\/product"}],"wp:featuredmedia":[{"embeddable":true,"href":"https:\/\/www.coolheadeurope.com\/fr\/wp-json\/wp\/v2\/media\/3706329"}],"wp:attachment":[{"href":"https:\/\/www.coolheadeurope.com\/fr\/wp-json\/wp\/v2\/media?parent=3494669"}],"wp:term":[{"taxonomy":"product_brand","embeddable":true,"href":"https:\/\/www.coolheadeurope.com\/fr\/wp-json\/wp\/v2\/product_brand?post=3494669"},{"taxonomy":"product_cat","embeddable":true,"href":"https:\/\/www.coolheadeurope.com\/fr\/wp-json\/wp\/v2\/product_cat?post=3494669"},{"taxonomy":"product_tag","embeddable":true,"href":"https:\/\/www.coolheadeurope.com\/fr\/wp-json\/wp\/v2\/product_tag?post=3494669"}],"curies":[{"name":"wp","href":"https:\/\/api.w.org\/{rel}","templated":true}]}}