{"id":3494671,"date":"2025-04-12T03:01:15","date_gmt":"2025-04-12T03:01:15","guid":{"rendered":"https:\/\/www.coolheadeurope.com\/prodotto\/non%20class\u00e9\/mr-7\/"},"modified":"2026-02-08T04:50:58","modified_gmt":"2026-02-08T04:50:58","slug":"mr-7","status":"publish","type":"product","link":"https:\/\/www.coolheadeurope.com\/fr\/prodotto\/inox-fr\/armoires-fr\/mr-7\/","title":{"rendered":"MR 7"},"content":{"rendered":"<p>R\u00e9frig\u00e9rateur vertical GN2\/1<br \/>\nExt\u00e9rieur et int\u00e9rieur en acier inoxydable<br \/>\nRefroidissement ventil\u00e9<br \/>\nD\u00e9givrage automatique avec chauffage \u00e9lectrique<br \/>\n\u00c9vaporateur trait\u00e9 anti-corrosion<br \/>\nAgent moussant : Cyclopentane (60 mm par c\u00f4t\u00e9)<br \/>\nThermostat num\u00e9rique<br \/>\nAlarme du d\u00e9tecteur d\u2019ouverture de porte<br \/>\nInterrupteur principal ind\u00e9pendant et r\u00e9tro\u00e9clair\u00e9 (bleu)<br \/>\nJoint d&rsquo;\u00e9tanch\u00e9it\u00e9 amovible<br \/>\nLampe LED interne<br \/>\nSerrure mont\u00e9e de s\u00e9rie<br \/>\nPorte: \u00e0 fermeture automatique et porte r\u00e9versible mont\u00e9e de s\u00e9rie<br \/>\nClayettes r\u00e9glables GN2\/1 : 3 + 1<br \/>\nPieds r\u00e9glables S\/S N\u00b0 4 &#8211; (Roulettes verrouillable en option)<br \/>\nClasse \u00e9nerg\u00e9tique: C<\/p>\n","protected":false},"excerpt":{"rendered":"<p>Ce produit au design \u00e9pur\u00e9 est \u00e9quip\u00e9 d&rsquo;un r\u00e9gulateur num\u00e9rique, d&rsquo;un interrupteur principal r\u00e9tro-\u00e9clair\u00e9 et d&rsquo;\u00e9tag\u00e8res GN2\/1. Le MR 7 est un mod\u00e8le de classe climatique 4, avec porte \u00e0 fermeture automatique, poign\u00e9e en mousse, serrure de s\u00e9rie, 4 \u00e9tag\u00e8res r\u00e9glables, gaz \u00e9cologique R600a, syst\u00e8me de refroidissement ventil\u00e9, mousse isolante de 60 mm de chaque c\u00f4t\u00e9 et pieds r\u00e9glables en hauteur (de 90 mm \u00e0 140 mm).<\/p>\n","protected":false},"featured_media":3880867,"template":"","meta":[],"product_brand":[],"product_cat":[7397,7399],"product_tag":[],"class_list":{"0":"post-3494671","1":"product","2":"type-product","3":"status-publish","4":"has-post-thumbnail","6":"product_cat-inox-fr","7":"product_cat-armoires-fr","8":"pa_capacite-commerciale-600-l","9":"pa_consommation-denergie-1-788-kw-24h","10":"pa_hauteur-exterieure-2090-mm","11":"pa_hauteur-interieure-1561-mm","12":"pa_largeur-exterieure-665-mm","13":"pa_largeur-interne-535-mm","14":"pa_niveau-sonore-59-dba","15":"pa_poids-brut-101-kg","16":"pa_poids-net-85-kg","17":"pa_profondeur-externe-840-mm","18":"pa_profondeur-interne-705-mm","19":"pa_puissance-170-w","21":"first","22":"instock","23":"product-type-simple"},"acf":[],"yoast_head":"<!-- This site is optimized with the Yoast SEO plugin v27.2 - https:\/\/yoast.com\/product\/yoast-seo-wordpress\/ -->\n<title>MR 7 - Cool Head Europe<\/title>\n<meta name=\"robots\" content=\"index, follow, max-snippet:-1, max-image-preview:large, max-video-preview:-1\" \/>\n<link rel=\"canonical\" href=\"https:\/\/www.coolheadeurope.com\/fr\/prodotto\/inox-fr\/armoires-fr\/mr-7\/\" \/>\n<meta property=\"og:locale\" content=\"fr_FR\" \/>\n<meta property=\"og:type\" content=\"article\" \/>\n<meta property=\"og:title\" content=\"MR 7 - Cool Head Europe\" \/>\n<meta property=\"og:description\" content=\"Ce produit au design \u00e9pur\u00e9 est \u00e9quip\u00e9 d&#039;un r\u00e9gulateur num\u00e9rique, d&#039;un interrupteur principal r\u00e9tro-\u00e9clair\u00e9 et d&#039;\u00e9tag\u00e8res GN2\/1. Le MR 7 est un mod\u00e8le de classe climatique 4, avec porte \u00e0 fermeture automatique, poign\u00e9e en mousse, serrure de s\u00e9rie, 4 \u00e9tag\u00e8res r\u00e9glables, gaz \u00e9cologique R600a, syst\u00e8me de refroidissement ventil\u00e9, mousse isolante de 60 mm de chaque c\u00f4t\u00e9 et pieds r\u00e9glables en hauteur (de 90 mm \u00e0 140 mm).\" \/>\n<meta property=\"og:url\" content=\"https:\/\/www.coolheadeurope.com\/fr\/prodotto\/inox-fr\/armoires-fr\/mr-7\/\" \/>\n<meta property=\"og:site_name\" content=\"Cool Head Europe\" \/>\n<meta property=\"article:modified_time\" content=\"2026-02-08T04:50:58+00:00\" \/>\n<meta property=\"og:image\" content=\"https:\/\/www.coolheadeurope.com\/wp-content\/uploads\/2026\/04\/MR-7-CORPO_CH_LOW.png\" \/>\n\t<meta property=\"og:image:width\" content=\"283\" \/>\n\t<meta property=\"og:image:height\" content=\"567\" \/>\n\t<meta property=\"og:image:type\" content=\"image\/png\" \/>\n<meta name=\"twitter:card\" content=\"summary_large_image\" \/>\n<!-- \/ Yoast SEO plugin. -->","yoast_head_json":{"title":"MR 7 - Cool Head Europe","robots":{"index":"index","follow":"follow","max-snippet":"max-snippet:-1","max-image-preview":"max-image-preview:large","max-video-preview":"max-video-preview:-1"},"canonical":"https:\/\/www.coolheadeurope.com\/fr\/prodotto\/inox-fr\/armoires-fr\/mr-7\/","og_locale":"fr_FR","og_type":"article","og_title":"MR 7 - Cool Head Europe","og_description":"Ce produit au design \u00e9pur\u00e9 est \u00e9quip\u00e9 d'un r\u00e9gulateur num\u00e9rique, d'un interrupteur principal r\u00e9tro-\u00e9clair\u00e9 et d'\u00e9tag\u00e8res GN2\/1. Le MR 7 est un mod\u00e8le de classe climatique 4, avec porte \u00e0 fermeture automatique, poign\u00e9e en mousse, serrure de s\u00e9rie, 4 \u00e9tag\u00e8res r\u00e9glables, gaz \u00e9cologique R600a, syst\u00e8me de refroidissement ventil\u00e9, mousse isolante de 60 mm de chaque c\u00f4t\u00e9 et pieds r\u00e9glables en hauteur (de 90 mm \u00e0 140 mm).","og_url":"https:\/\/www.coolheadeurope.com\/fr\/prodotto\/inox-fr\/armoires-fr\/mr-7\/","og_site_name":"Cool Head Europe","article_modified_time":"2026-02-08T04:50:58+00:00","og_image":[{"width":283,"height":567,"url":"https:\/\/www.coolheadeurope.com\/wp-content\/uploads\/2026\/04\/MR-7-CORPO_CH_LOW.png","type":"image\/png"}],"twitter_card":"summary_large_image","schema":{"@context":"https:\/\/schema.org","@graph":[{"@type":"WebPage","@id":"https:\/\/www.coolheadeurope.com\/fr\/prodotto\/inox-fr\/armoires-fr\/mr-7\/","url":"https:\/\/www.coolheadeurope.com\/fr\/prodotto\/inox-fr\/armoires-fr\/mr-7\/","name":"MR 7 - Cool Head Europe","isPartOf":{"@id":"https:\/\/www.coolheadeurope.com\/#website"},"primaryImageOfPage":{"@id":"https:\/\/www.coolheadeurope.com\/fr\/prodotto\/inox-fr\/armoires-fr\/mr-7\/#primaryimage"},"image":{"@id":"https:\/\/www.coolheadeurope.com\/fr\/prodotto\/inox-fr\/armoires-fr\/mr-7\/#primaryimage"},"thumbnailUrl":"https:\/\/www.coolheadeurope.com\/wp-content\/uploads\/2026\/04\/MR-7-CORPO_CH_LOW.png","datePublished":"2025-04-12T03:01:15+00:00","dateModified":"2026-02-08T04:50:58+00:00","breadcrumb":{"@id":"https:\/\/www.coolheadeurope.com\/fr\/prodotto\/inox-fr\/armoires-fr\/mr-7\/#breadcrumb"},"inLanguage":"fr-FR","potentialAction":[{"@type":"ReadAction","target":["https:\/\/www.coolheadeurope.com\/fr\/prodotto\/inox-fr\/armoires-fr\/mr-7\/"]}]},{"@type":"ImageObject","inLanguage":"fr-FR","@id":"https:\/\/www.coolheadeurope.com\/fr\/prodotto\/inox-fr\/armoires-fr\/mr-7\/#primaryimage","url":"https:\/\/www.coolheadeurope.com\/wp-content\/uploads\/2026\/04\/MR-7-CORPO_CH_LOW.png","contentUrl":"https:\/\/www.coolheadeurope.com\/wp-content\/uploads\/2026\/04\/MR-7-CORPO_CH_LOW.png","width":283,"height":567,"caption":"Immagine di MR 7"},{"@type":"BreadcrumbList","@id":"https:\/\/www.coolheadeurope.com\/fr\/prodotto\/inox-fr\/armoires-fr\/mr-7\/#breadcrumb","itemListElement":[{"@type":"ListItem","position":1,"name":"Home","item":"https:\/\/www.coolheadeurope.com\/fr\/"},{"@type":"ListItem","position":2,"name":"Rechercher","item":"https:\/\/www.coolheadeurope.com\/cerca\/"},{"@type":"ListItem","position":3,"name":"MR 7"}]},{"@type":"WebSite","@id":"https:\/\/www.coolheadeurope.com\/#website","url":"https:\/\/www.coolheadeurope.com\/","name":"Cool Head Europe","description":"We make the world a cooler place","potentialAction":[{"@type":"SearchAction","target":{"@type":"EntryPoint","urlTemplate":"https:\/\/www.coolheadeurope.com\/?s={search_term_string}"},"query-input":{"@type":"PropertyValueSpecification","valueRequired":true,"valueName":"search_term_string"}}],"inLanguage":"fr-FR"}]}},"_links":{"self":[{"href":"https:\/\/www.coolheadeurope.com\/fr\/wp-json\/wp\/v2\/product\/3494671","targetHints":{"allow":["GET"]}}],"collection":[{"href":"https:\/\/www.coolheadeurope.com\/fr\/wp-json\/wp\/v2\/product"}],"about":[{"href":"https:\/\/www.coolheadeurope.com\/fr\/wp-json\/wp\/v2\/types\/product"}],"wp:featuredmedia":[{"embeddable":true,"href":"https:\/\/www.coolheadeurope.com\/fr\/wp-json\/wp\/v2\/media\/3880867"}],"wp:attachment":[{"href":"https:\/\/www.coolheadeurope.com\/fr\/wp-json\/wp\/v2\/media?parent=3494671"}],"wp:term":[{"taxonomy":"product_brand","embeddable":true,"href":"https:\/\/www.coolheadeurope.com\/fr\/wp-json\/wp\/v2\/product_brand?post=3494671"},{"taxonomy":"product_cat","embeddable":true,"href":"https:\/\/www.coolheadeurope.com\/fr\/wp-json\/wp\/v2\/product_cat?post=3494671"},{"taxonomy":"product_tag","embeddable":true,"href":"https:\/\/www.coolheadeurope.com\/fr\/wp-json\/wp\/v2\/product_tag?post=3494671"}],"curies":[{"name":"wp","href":"https:\/\/api.w.org\/{rel}","templated":true}]}}