{"id":3494673,"date":"2025-04-12T04:27:19","date_gmt":"2025-04-12T04:27:19","guid":{"rendered":"https:\/\/www.coolheadeurope.com\/prodotto\/non%20class\u00e9\/bb-90\/"},"modified":"2026-02-08T05:54:17","modified_gmt":"2026-02-08T05:54:17","slug":"bb-90","status":"publish","type":"product","link":"https:\/\/www.coolheadeurope.com\/fr\/prodotto\/inox-fr\/saladette-fr\/bb-90\/","title":{"rendered":"BB 90"},"content":{"rendered":"<p>GN1\/1 Saladette r\u00e9frig\u00e9r\u00e9e (OUVERTE EN PARTIE SUP\u00c9RIEURE et ROBINET)<br \/>\nExt\u00e9rieur et int\u00e9rieur en acier inoxydable<br \/>\nRefroidissement statique avec un syst\u00e8me de refroidissement assist\u00e9 par ventilateur<br \/>\nCycle de d\u00e9givrage automatique par arr\u00eat du compresseur<br \/>\nAgent moussant : Cyclopentane (35 mm par c\u00f4t\u00e9)<br \/>\nThermostat num\u00e9rique<\/p>\n<p>Cuvette \u00e0 eau en plastique distincte<br \/>\nOrifices inclin\u00e9s du panneau avant permettant une meilleure circulation d\u2019air<br \/>\n\u00c9tag\u00e8res GN1\/1 r\u00e9glables et r\u00e9servoirs alimentaires n.2 (10L) de s\u00e9rie<br \/>\nN.9 plateaux plastiques GN1\/6 et d&rsquo;entretoises avec crochet inclus dans l&rsquo;unit\u00e9<br \/>\nPorte \u00e0 fermeture automatique (Nouvelle conception int\u00e9rieure en relief pour une meilleure \u00e9tanch\u00e9it\u00e9)<br \/>\nJoint d&rsquo;\u00e9tanch\u00e9it\u00e9 amovible<\/p>\n<p>Classe \u00e9nerg\u00e9tique: &#8211;<\/p>\n","protected":false},"excerpt":{"rendered":"<p>D&rsquo;aspect \u00e9pur\u00e9 et essentiel, ce mod\u00e8le \u00e0 toit ouvert et protection en verre est parfait pour gagner de la place et offrir un poste de travail r\u00e9frig\u00e9r\u00e9 dans toute cuisine professionnelle. Le BB 90 est \u00e9quip\u00e9 d&rsquo;un robinet en acier inoxydable et de 9 plateaux (GN1\/6 en PVC), un parfait exemple d&rsquo;efficacit\u00e9, de deux portes, d&rsquo;une \u00e9tag\u00e8re r\u00e9glable GN1\/1 + 2 bacs alimentaires, d&rsquo;un thermostat digital, d&rsquo;une salle des machines en bas, d&rsquo;un filtre de condenseur facilement amovible pour un entretien et un nettoyage en douceur.<\/p>\n","protected":false},"featured_media":3881045,"template":"","meta":[],"product_brand":[],"product_cat":[7397,7402],"product_tag":[],"class_list":{"0":"post-3494673","1":"product","2":"type-product","3":"status-publish","4":"has-post-thumbnail","6":"product_cat-inox-fr","7":"product_cat-saladette-fr","8":"pa_capacite-commerciale-247-l","9":"pa_consommation-denergie-3-39-kw-24h","10":"pa_hauteur-exterieure-1385-mm","11":"pa_hauteur-interieure-455-mm","12":"pa_largeur-exterieure-900-mm","13":"pa_largeur-interne-830-mm","14":"pa_niveau-sonore-48-dba","15":"pa_poids-brut-125-kg","16":"pa_poids-net-101-kg","17":"pa_profondeur-externe-700-mm","18":"pa_profondeur-interne-595-mm","19":"pa_puissance-263-w","21":"first","22":"instock","23":"product-type-simple"},"acf":[],"yoast_head":"<!-- This site is optimized with the Yoast SEO plugin v27.2 - https:\/\/yoast.com\/product\/yoast-seo-wordpress\/ -->\n<title>BB 90 - Cool Head Europe<\/title>\n<meta name=\"robots\" content=\"index, follow, max-snippet:-1, max-image-preview:large, max-video-preview:-1\" \/>\n<link rel=\"canonical\" href=\"https:\/\/www.coolheadeurope.com\/prodotto\/inox\/saladette\/bb-90\/\" \/>\n<meta property=\"og:locale\" content=\"fr_FR\" \/>\n<meta property=\"og:type\" content=\"article\" \/>\n<meta property=\"og:title\" content=\"BB 90 - Cool Head Europe\" \/>\n<meta property=\"og:description\" content=\"D&#039;aspect \u00e9pur\u00e9 et essentiel, ce mod\u00e8le \u00e0 toit ouvert et protection en verre est parfait pour gagner de la place et offrir un poste de travail r\u00e9frig\u00e9r\u00e9 dans toute cuisine professionnelle. Le BB 90 est \u00e9quip\u00e9 d&#039;un robinet en acier inoxydable et de 9 plateaux (GN1\/6 en PVC), un parfait exemple d&#039;efficacit\u00e9, de deux portes, d&#039;une \u00e9tag\u00e8re r\u00e9glable GN1\/1 + 2 bacs alimentaires, d&#039;un thermostat digital, d&#039;une salle des machines en bas, d&#039;un filtre de condenseur facilement amovible pour un entretien et un nettoyage en douceur.\" \/>\n<meta property=\"og:url\" content=\"https:\/\/www.coolheadeurope.com\/prodotto\/inox\/saladette\/bb-90\/\" \/>\n<meta property=\"og:site_name\" content=\"Cool Head Europe\" \/>\n<meta property=\"article:modified_time\" content=\"2026-02-08T05:54:17+00:00\" \/>\n<meta property=\"og:image\" content=\"https:\/\/www.coolheadeurope.com\/wp-content\/uploads\/2026\/04\/BB-90-CORPO_CH_LOW.png\" \/>\n\t<meta property=\"og:image:width\" content=\"462\" \/>\n\t<meta property=\"og:image:height\" content=\"567\" \/>\n\t<meta property=\"og:image:type\" content=\"image\/png\" \/>\n<meta name=\"twitter:card\" content=\"summary_large_image\" \/>\n<meta name=\"twitter:label1\" content=\"Dur\u00e9e de lecture estim\u00e9e\" \/>\n\t<meta name=\"twitter:data1\" content=\"1 minute\" \/>\n<!-- \/ Yoast SEO plugin. -->","yoast_head_json":{"title":"BB 90 - Cool Head Europe","robots":{"index":"index","follow":"follow","max-snippet":"max-snippet:-1","max-image-preview":"max-image-preview:large","max-video-preview":"max-video-preview:-1"},"canonical":"https:\/\/www.coolheadeurope.com\/prodotto\/inox\/saladette\/bb-90\/","og_locale":"fr_FR","og_type":"article","og_title":"BB 90 - Cool Head Europe","og_description":"D'aspect \u00e9pur\u00e9 et essentiel, ce mod\u00e8le \u00e0 toit ouvert et protection en verre est parfait pour gagner de la place et offrir un poste de travail r\u00e9frig\u00e9r\u00e9 dans toute cuisine professionnelle. Le BB 90 est \u00e9quip\u00e9 d'un robinet en acier inoxydable et de 9 plateaux (GN1\/6 en PVC), un parfait exemple d'efficacit\u00e9, de deux portes, d'une \u00e9tag\u00e8re r\u00e9glable GN1\/1 + 2 bacs alimentaires, d'un thermostat digital, d'une salle des machines en bas, d'un filtre de condenseur facilement amovible pour un entretien et un nettoyage en douceur.","og_url":"https:\/\/www.coolheadeurope.com\/prodotto\/inox\/saladette\/bb-90\/","og_site_name":"Cool Head Europe","article_modified_time":"2026-02-08T05:54:17+00:00","og_image":[{"width":462,"height":567,"url":"https:\/\/www.coolheadeurope.com\/wp-content\/uploads\/2026\/04\/BB-90-CORPO_CH_LOW.png","type":"image\/png"}],"twitter_card":"summary_large_image","twitter_misc":{"Dur\u00e9e de lecture estim\u00e9e":"1 minute"},"schema":{"@context":"https:\/\/schema.org","@graph":[{"@type":"WebPage","@id":"https:\/\/www.coolheadeurope.com\/prodotto\/inox\/saladette\/bb-90\/","url":"https:\/\/www.coolheadeurope.com\/prodotto\/inox\/saladette\/bb-90\/","name":"BB 90 - Cool Head Europe","isPartOf":{"@id":"https:\/\/www.coolheadeurope.com\/#website"},"primaryImageOfPage":{"@id":"https:\/\/www.coolheadeurope.com\/prodotto\/inox\/saladette\/bb-90\/#primaryimage"},"image":{"@id":"https:\/\/www.coolheadeurope.com\/prodotto\/inox\/saladette\/bb-90\/#primaryimage"},"thumbnailUrl":"https:\/\/www.coolheadeurope.com\/wp-content\/uploads\/2026\/04\/BB-90-CORPO_CH_LOW.png","datePublished":"2025-04-12T04:27:19+00:00","dateModified":"2026-02-08T05:54:17+00:00","breadcrumb":{"@id":"https:\/\/www.coolheadeurope.com\/prodotto\/inox\/saladette\/bb-90\/#breadcrumb"},"inLanguage":"fr-FR","potentialAction":[{"@type":"ReadAction","target":["https:\/\/www.coolheadeurope.com\/prodotto\/inox\/saladette\/bb-90\/"]}]},{"@type":"ImageObject","inLanguage":"fr-FR","@id":"https:\/\/www.coolheadeurope.com\/prodotto\/inox\/saladette\/bb-90\/#primaryimage","url":"https:\/\/www.coolheadeurope.com\/wp-content\/uploads\/2026\/04\/BB-90-CORPO_CH_LOW.png","contentUrl":"https:\/\/www.coolheadeurope.com\/wp-content\/uploads\/2026\/04\/BB-90-CORPO_CH_LOW.png","width":462,"height":567,"caption":"Immagine di BB 90"},{"@type":"BreadcrumbList","@id":"https:\/\/www.coolheadeurope.com\/prodotto\/inox\/saladette\/bb-90\/#breadcrumb","itemListElement":[{"@type":"ListItem","position":1,"name":"Home","item":"https:\/\/www.coolheadeurope.com\/fr\/"},{"@type":"ListItem","position":2,"name":"Rechercher","item":"https:\/\/www.coolheadeurope.com\/cerca\/"},{"@type":"ListItem","position":3,"name":"BB 90"}]},{"@type":"WebSite","@id":"https:\/\/www.coolheadeurope.com\/#website","url":"https:\/\/www.coolheadeurope.com\/","name":"Cool Head Europe","description":"We make the world a cooler place","potentialAction":[{"@type":"SearchAction","target":{"@type":"EntryPoint","urlTemplate":"https:\/\/www.coolheadeurope.com\/?s={search_term_string}"},"query-input":{"@type":"PropertyValueSpecification","valueRequired":true,"valueName":"search_term_string"}}],"inLanguage":"fr-FR"}]}},"_links":{"self":[{"href":"https:\/\/www.coolheadeurope.com\/fr\/wp-json\/wp\/v2\/product\/3494673","targetHints":{"allow":["GET"]}}],"collection":[{"href":"https:\/\/www.coolheadeurope.com\/fr\/wp-json\/wp\/v2\/product"}],"about":[{"href":"https:\/\/www.coolheadeurope.com\/fr\/wp-json\/wp\/v2\/types\/product"}],"wp:featuredmedia":[{"embeddable":true,"href":"https:\/\/www.coolheadeurope.com\/fr\/wp-json\/wp\/v2\/media\/3881045"}],"wp:attachment":[{"href":"https:\/\/www.coolheadeurope.com\/fr\/wp-json\/wp\/v2\/media?parent=3494673"}],"wp:term":[{"taxonomy":"product_brand","embeddable":true,"href":"https:\/\/www.coolheadeurope.com\/fr\/wp-json\/wp\/v2\/product_brand?post=3494673"},{"taxonomy":"product_cat","embeddable":true,"href":"https:\/\/www.coolheadeurope.com\/fr\/wp-json\/wp\/v2\/product_cat?post=3494673"},{"taxonomy":"product_tag","embeddable":true,"href":"https:\/\/www.coolheadeurope.com\/fr\/wp-json\/wp\/v2\/product_tag?post=3494673"}],"curies":[{"name":"wp","href":"https:\/\/api.w.org\/{rel}","templated":true}]}}