{"id":3498109,"date":"2025-04-15T10:24:27","date_gmt":"2025-04-15T10:24:27","guid":{"rendered":"https:\/\/www.coolheadeurope.com\/prodotto\/non%20class\u00e9\/qrx-200\/"},"modified":"2026-02-08T06:15:35","modified_gmt":"2026-02-08T06:15:35","slug":"qrx-200","status":"publish","type":"product","link":"https:\/\/www.coolheadeurope.com\/fr\/prodotto\/abs-fr\/armoires-abs-fr\/qrx-200\/","title":{"rendered":"QRX 200"},"content":{"rendered":"<p>R\u00e9frig\u00e9rateur vertical 200 L<br \/>\nArmoire externe S\/S, thermoform\u00e9e \u00e0 l\u2019int\u00e9rieur<br \/>\n\u00c9vaporateur \u00e0 tubulure int\u00e9gr\u00e9e avec un syst\u00e8me de refroidissement assist\u00e9 par ventilateur<br \/>\nCycle de d\u00e9givrage automatique par arr\u00eat du compresseur<br \/>\nAgent moussant : Cyclopentane (60 mm par c\u00f4t\u00e9)<br \/>\nThermostat num\u00e9rique<br \/>\nAlarme du d\u00e9tecteur d\u2019ouverture de porte<br \/>\nJoint d&rsquo;\u00e9tanch\u00e9it\u00e9 amovible<br \/>\nPorte r\u00e9versible<br \/>\nVerrouillage de la porte mont\u00e9 de s\u00e9rie<br \/>\nClayettes r\u00e9glables: 2 pi\u00e8ces + 1 pi\u00e8ce inf\u00e9rieure<br \/>\nPieds r\u00e9glables N\u00b0 2 + Roulettes N\u00b0 2 \u00e0 l\u2019arri\u00e8re<br \/>\nPieds r\u00e9glables en hauteur S\/S ou roulettes verrouillables en option<br \/>\nClasse \u00e9nerg\u00e9tique: A<\/p>\n","protected":false},"excerpt":{"rendered":"<p>Armoire en ABS de 200 litres \u00e0 porte pleine, finition inox et thermoform\u00e9e \u00e0 l&rsquo;int\u00e9rieur, \u00e9quip\u00e9e d&rsquo;un thermostat digital, d&rsquo;une porte r\u00e9versible, d&rsquo;une serrure et d&rsquo;une alarme d&rsquo;ouverture de porte, d&rsquo;une poign\u00e9e ext\u00e9rieure, de 2 \u00e9tag\u00e8res r\u00e9glables + 1 \u00e9tag\u00e8re sur la face inf\u00e9rieure et de 2 pieds r\u00e9glables + 2 roulettes \u00e0 l&rsquo;arri\u00e8re. La classe d&rsquo;efficacit\u00e9 \u00e9nerg\u00e9tique A en classe climatique 4 est garantie par le gaz \u00e9cologique R600a et la mousse d&rsquo;isolation de 60 mm de chaque c\u00f4t\u00e9.<\/p>\n","protected":false},"featured_media":3881165,"template":"","meta":[],"product_brand":[],"product_cat":[7404,7405],"product_tag":[],"class_list":{"0":"post-3498109","1":"product","2":"type-product","3":"status-publish","4":"has-post-thumbnail","6":"product_cat-abs-fr","7":"product_cat-armoires-abs-fr","8":"pa_capacite-commerciale-200-l","9":"pa_consommation-denergie-0-677-kw-24h","10":"pa_hauteur-exterieure-835-mm","11":"pa_hauteur-interieure-660-mm","12":"pa_largeur-exterieure-600-mm","13":"pa_largeur-interne-500-mm","14":"pa_niveau-sonore-40-dba","15":"pa_poids-brut-38-kg","16":"pa_poids-net-34-kg","17":"pa_profondeur-externe-637-mm","18":"pa_profondeur-interne-410-mm","19":"pa_puissance-110-w","21":"first","22":"instock","23":"product-type-simple"},"acf":[],"yoast_head":"<!-- This site is optimized with the Yoast SEO plugin v27.2 - https:\/\/yoast.com\/product\/yoast-seo-wordpress\/ -->\n<title>QRX 200 - Cool Head Europe<\/title>\n<meta name=\"robots\" content=\"index, follow, max-snippet:-1, max-image-preview:large, max-video-preview:-1\" \/>\n<link rel=\"canonical\" href=\"https:\/\/www.coolheadeurope.com\/prodotto\/abs\/armadi-abs\/qrx-200\/\" \/>\n<meta property=\"og:locale\" content=\"fr_FR\" \/>\n<meta property=\"og:type\" content=\"article\" \/>\n<meta property=\"og:title\" content=\"QRX 200 - Cool Head Europe\" \/>\n<meta property=\"og:description\" content=\"Armoire en ABS de 200 litres \u00e0 porte pleine, finition inox et thermoform\u00e9e \u00e0 l&#039;int\u00e9rieur, \u00e9quip\u00e9e d&#039;un thermostat digital, d&#039;une porte r\u00e9versible, d&#039;une serrure et d&#039;une alarme d&#039;ouverture de porte, d&#039;une poign\u00e9e ext\u00e9rieure, de 2 \u00e9tag\u00e8res r\u00e9glables + 1 \u00e9tag\u00e8re sur la face inf\u00e9rieure et de 2 pieds r\u00e9glables + 2 roulettes \u00e0 l&#039;arri\u00e8re. La classe d&#039;efficacit\u00e9 \u00e9nerg\u00e9tique A en classe climatique 4 est garantie par le gaz \u00e9cologique R600a et la mousse d&#039;isolation de 60 mm de chaque c\u00f4t\u00e9.\" \/>\n<meta property=\"og:url\" content=\"https:\/\/www.coolheadeurope.com\/prodotto\/abs\/armadi-abs\/qrx-200\/\" \/>\n<meta property=\"og:site_name\" content=\"Cool Head Europe\" \/>\n<meta property=\"article:modified_time\" content=\"2026-02-08T06:15:35+00:00\" \/>\n<meta property=\"og:image\" content=\"https:\/\/www.coolheadeurope.com\/wp-content\/uploads\/2026\/04\/QRX-200-CORPO_CH_LOW.png\" \/>\n\t<meta property=\"og:image:width\" content=\"286\" \/>\n\t<meta property=\"og:image:height\" content=\"319\" \/>\n\t<meta property=\"og:image:type\" content=\"image\/png\" \/>\n<meta name=\"twitter:card\" content=\"summary_large_image\" \/>\n<meta name=\"twitter:label1\" content=\"Dur\u00e9e de lecture estim\u00e9e\" \/>\n\t<meta name=\"twitter:data1\" content=\"1 minute\" \/>\n<!-- \/ Yoast SEO plugin. -->","yoast_head_json":{"title":"QRX 200 - Cool Head Europe","robots":{"index":"index","follow":"follow","max-snippet":"max-snippet:-1","max-image-preview":"max-image-preview:large","max-video-preview":"max-video-preview:-1"},"canonical":"https:\/\/www.coolheadeurope.com\/prodotto\/abs\/armadi-abs\/qrx-200\/","og_locale":"fr_FR","og_type":"article","og_title":"QRX 200 - Cool Head Europe","og_description":"Armoire en ABS de 200 litres \u00e0 porte pleine, finition inox et thermoform\u00e9e \u00e0 l'int\u00e9rieur, \u00e9quip\u00e9e d'un thermostat digital, d'une porte r\u00e9versible, d'une serrure et d'une alarme d'ouverture de porte, d'une poign\u00e9e ext\u00e9rieure, de 2 \u00e9tag\u00e8res r\u00e9glables + 1 \u00e9tag\u00e8re sur la face inf\u00e9rieure et de 2 pieds r\u00e9glables + 2 roulettes \u00e0 l'arri\u00e8re. La classe d'efficacit\u00e9 \u00e9nerg\u00e9tique A en classe climatique 4 est garantie par le gaz \u00e9cologique R600a et la mousse d'isolation de 60 mm de chaque c\u00f4t\u00e9.","og_url":"https:\/\/www.coolheadeurope.com\/prodotto\/abs\/armadi-abs\/qrx-200\/","og_site_name":"Cool Head Europe","article_modified_time":"2026-02-08T06:15:35+00:00","og_image":[{"width":286,"height":319,"url":"https:\/\/www.coolheadeurope.com\/wp-content\/uploads\/2026\/04\/QRX-200-CORPO_CH_LOW.png","type":"image\/png"}],"twitter_card":"summary_large_image","twitter_misc":{"Dur\u00e9e de lecture estim\u00e9e":"1 minute"},"schema":{"@context":"https:\/\/schema.org","@graph":[{"@type":"WebPage","@id":"https:\/\/www.coolheadeurope.com\/prodotto\/abs\/armadi-abs\/qrx-200\/","url":"https:\/\/www.coolheadeurope.com\/prodotto\/abs\/armadi-abs\/qrx-200\/","name":"QRX 200 - Cool Head Europe","isPartOf":{"@id":"https:\/\/www.coolheadeurope.com\/#website"},"primaryImageOfPage":{"@id":"https:\/\/www.coolheadeurope.com\/prodotto\/abs\/armadi-abs\/qrx-200\/#primaryimage"},"image":{"@id":"https:\/\/www.coolheadeurope.com\/prodotto\/abs\/armadi-abs\/qrx-200\/#primaryimage"},"thumbnailUrl":"https:\/\/www.coolheadeurope.com\/wp-content\/uploads\/2026\/04\/QRX-200-CORPO_CH_LOW.png","datePublished":"2025-04-15T10:24:27+00:00","dateModified":"2026-02-08T06:15:35+00:00","breadcrumb":{"@id":"https:\/\/www.coolheadeurope.com\/prodotto\/abs\/armadi-abs\/qrx-200\/#breadcrumb"},"inLanguage":"fr-FR","potentialAction":[{"@type":"ReadAction","target":["https:\/\/www.coolheadeurope.com\/prodotto\/abs\/armadi-abs\/qrx-200\/"]}]},{"@type":"ImageObject","inLanguage":"fr-FR","@id":"https:\/\/www.coolheadeurope.com\/prodotto\/abs\/armadi-abs\/qrx-200\/#primaryimage","url":"https:\/\/www.coolheadeurope.com\/wp-content\/uploads\/2026\/04\/QRX-200-CORPO_CH_LOW.png","contentUrl":"https:\/\/www.coolheadeurope.com\/wp-content\/uploads\/2026\/04\/QRX-200-CORPO_CH_LOW.png","width":286,"height":319,"caption":"Immagine di QRX 200"},{"@type":"BreadcrumbList","@id":"https:\/\/www.coolheadeurope.com\/prodotto\/abs\/armadi-abs\/qrx-200\/#breadcrumb","itemListElement":[{"@type":"ListItem","position":1,"name":"Home","item":"https:\/\/www.coolheadeurope.com\/fr\/"},{"@type":"ListItem","position":2,"name":"Rechercher","item":"https:\/\/www.coolheadeurope.com\/cerca\/"},{"@type":"ListItem","position":3,"name":"QRX 200"}]},{"@type":"WebSite","@id":"https:\/\/www.coolheadeurope.com\/#website","url":"https:\/\/www.coolheadeurope.com\/","name":"Cool Head Europe","description":"We make the world a cooler place","potentialAction":[{"@type":"SearchAction","target":{"@type":"EntryPoint","urlTemplate":"https:\/\/www.coolheadeurope.com\/?s={search_term_string}"},"query-input":{"@type":"PropertyValueSpecification","valueRequired":true,"valueName":"search_term_string"}}],"inLanguage":"fr-FR"}]}},"_links":{"self":[{"href":"https:\/\/www.coolheadeurope.com\/fr\/wp-json\/wp\/v2\/product\/3498109","targetHints":{"allow":["GET"]}}],"collection":[{"href":"https:\/\/www.coolheadeurope.com\/fr\/wp-json\/wp\/v2\/product"}],"about":[{"href":"https:\/\/www.coolheadeurope.com\/fr\/wp-json\/wp\/v2\/types\/product"}],"wp:featuredmedia":[{"embeddable":true,"href":"https:\/\/www.coolheadeurope.com\/fr\/wp-json\/wp\/v2\/media\/3881165"}],"wp:attachment":[{"href":"https:\/\/www.coolheadeurope.com\/fr\/wp-json\/wp\/v2\/media?parent=3498109"}],"wp:term":[{"taxonomy":"product_brand","embeddable":true,"href":"https:\/\/www.coolheadeurope.com\/fr\/wp-json\/wp\/v2\/product_brand?post=3498109"},{"taxonomy":"product_cat","embeddable":true,"href":"https:\/\/www.coolheadeurope.com\/fr\/wp-json\/wp\/v2\/product_cat?post=3498109"},{"taxonomy":"product_tag","embeddable":true,"href":"https:\/\/www.coolheadeurope.com\/fr\/wp-json\/wp\/v2\/product_tag?post=3498109"}],"curies":[{"name":"wp","href":"https:\/\/api.w.org\/{rel}","templated":true}]}}