{"id":3498118,"date":"2025-04-15T11:30:19","date_gmt":"2025-04-15T11:30:19","guid":{"rendered":"https:\/\/www.coolheadeurope.com\/prodotto\/non%20class\u00e9\/dc-55b-2\/"},"modified":"2026-02-08T06:15:42","modified_gmt":"2026-02-08T06:15:42","slug":"dc-55b-2","status":"publish","type":"product","link":"https:\/\/www.coolheadeurope.com\/fr\/prodotto\/drinks-fr\/refrigerateurs-table-top-fr\/dc-55b-2\/","title":{"rendered":"DC 55B"},"content":{"rendered":"<p>R\u00e9frig\u00e9rateur vertical pour boissons 55 L<br \/>\nFace externe en plaque laqu\u00e9e noire, face interne thermoform\u00e9e noire<br \/>\n\u00c9vaporateur \u00e0 tubulure int\u00e9gr\u00e9e avec un syst\u00e8me de refroidissement assist\u00e9 par ventilateur<br \/>\nD\u00e9givrage manuel<br \/>\nAgent moussant : Cyclopentane (35 mm par c\u00f4t\u00e9)<br \/>\nThermostat m\u00e9canique<br \/>\n\u00c9cran du thermom\u00e8tre num\u00e9rique<br \/>\nJoint d&rsquo;\u00e9tanch\u00e9it\u00e9 amovible<br \/>\nVerre de s\u00e9curit\u00e9 tremp\u00e9 \u00e0 double \u00e9paisseur<\/p>\n<p>Serrure mont\u00e9e de s\u00e9rie<br \/>\nLampe LED interne horizontale (avec commutateur ind\u00e9pendant)<br \/>\nClayettes r\u00e9glables (Couleur noir): 1 pi\u00e8ces<br \/>\nPieds r\u00e9glables<br \/>\nClasse \u00e9nerg\u00e9tique: B<\/p>\n","protected":false},"excerpt":{"rendered":"<p>Le mod\u00e8le DC 55B est con\u00e7u pour \u00eatre un r\u00e9frig\u00e9rateur table top moderne, fiable et polyvalent, id\u00e9al pour exposer et maintenir \u00e0 la bonne temp\u00e9rature tous les types de bouteilles et de canettes.<br \/>\nD&rsquo;une capacit\u00e9 de 52 litres, enti\u00e8rement fini en noir avec une poign\u00e9e le long du profil de la porte, ce produit est \u00e9quip\u00e9 d&rsquo;une \u00e9tag\u00e8re r\u00e9glable noire, d&rsquo;un thermom\u00e8tre num\u00e9rique, d&rsquo;une serrure et d&rsquo;un verre tremp\u00e9 \u00e0 double s\u00e9curit\u00e9.<br \/>\nCe mod\u00e8le peut \u00e9galement \u00eatre personnalis\u00e9 avec des visuels promotionnels sur le corps.<\/p>\n","protected":false},"featured_media":3112367,"template":"","meta":[],"product_brand":[],"product_cat":[7416,7412],"product_tag":[],"class_list":{"0":"post-3498118","1":"product","2":"type-product","3":"status-publish","4":"has-post-thumbnail","6":"product_cat-refrigerateurs-table-top-fr","7":"product_cat-drinks-fr","8":"pa_capacite-commerciale-50-l","9":"pa_consommation-denergie-kw-24h","10":"pa_hauteur-exterieure-509-mm","11":"pa_hauteur-interieure-410-mm","12":"pa_largeur-exterieure-430-mm","13":"pa_largeur-interne-360-mm","14":"pa_niveau-sonore-38-dba","15":"pa_poids-brut-20-kg","16":"pa_poids-net-17-kg","17":"pa_profondeur-externe-475-mm","18":"pa_profondeur-interne-400-mm","19":"pa_puissance-70-w","21":"first","22":"instock","23":"product-type-simple"},"acf":[],"yoast_head":"<!-- This site is optimized with the Yoast SEO plugin v27.2 - https:\/\/yoast.com\/product\/yoast-seo-wordpress\/ -->\n<title>DC 55B - Cool Head Europe<\/title>\n<meta name=\"robots\" content=\"index, follow, max-snippet:-1, max-image-preview:large, max-video-preview:-1\" \/>\n<link rel=\"canonical\" href=\"https:\/\/www.coolheadeurope.com\/prodotto\/drinks\/vetrine-da-banco-drinks\/dc-55b-2\/\" \/>\n<meta property=\"og:locale\" content=\"fr_FR\" \/>\n<meta property=\"og:type\" content=\"article\" \/>\n<meta property=\"og:title\" content=\"DC 55B - Cool Head Europe\" \/>\n<meta property=\"og:description\" content=\"Le mod\u00e8le DC 55B est con\u00e7u pour \u00eatre un r\u00e9frig\u00e9rateur table top moderne, fiable et polyvalent, id\u00e9al pour exposer et maintenir \u00e0 la bonne temp\u00e9rature tous les types de bouteilles et de canettes. D&#039;une capacit\u00e9 de 52 litres, enti\u00e8rement fini en noir avec une poign\u00e9e le long du profil de la porte, ce produit est \u00e9quip\u00e9 d&#039;une \u00e9tag\u00e8re r\u00e9glable noire, d&#039;un thermom\u00e8tre num\u00e9rique, d&#039;une serrure et d&#039;un verre tremp\u00e9 \u00e0 double s\u00e9curit\u00e9. Ce mod\u00e8le peut \u00e9galement \u00eatre personnalis\u00e9 avec des visuels promotionnels sur le corps.\" \/>\n<meta property=\"og:url\" content=\"https:\/\/www.coolheadeurope.com\/prodotto\/drinks\/vetrine-da-banco-drinks\/dc-55b-2\/\" \/>\n<meta property=\"og:site_name\" content=\"Cool Head Europe\" \/>\n<meta property=\"article:modified_time\" content=\"2026-02-08T06:15:42+00:00\" \/>\n<meta property=\"og:image\" content=\"https:\/\/www.coolheadeurope.com\/wp-content\/uploads\/2026\/04\/DC-55B-CORPO_CH_LOW-20.png\" \/>\n\t<meta property=\"og:image:width\" content=\"258\" \/>\n\t<meta property=\"og:image:height\" content=\"258\" \/>\n\t<meta property=\"og:image:type\" content=\"image\/png\" \/>\n<meta name=\"twitter:card\" content=\"summary_large_image\" \/>\n<!-- \/ Yoast SEO plugin. -->","yoast_head_json":{"title":"DC 55B - Cool Head Europe","robots":{"index":"index","follow":"follow","max-snippet":"max-snippet:-1","max-image-preview":"max-image-preview:large","max-video-preview":"max-video-preview:-1"},"canonical":"https:\/\/www.coolheadeurope.com\/prodotto\/drinks\/vetrine-da-banco-drinks\/dc-55b-2\/","og_locale":"fr_FR","og_type":"article","og_title":"DC 55B - Cool Head Europe","og_description":"Le mod\u00e8le DC 55B est con\u00e7u pour \u00eatre un r\u00e9frig\u00e9rateur table top moderne, fiable et polyvalent, id\u00e9al pour exposer et maintenir \u00e0 la bonne temp\u00e9rature tous les types de bouteilles et de canettes. D'une capacit\u00e9 de 52 litres, enti\u00e8rement fini en noir avec une poign\u00e9e le long du profil de la porte, ce produit est \u00e9quip\u00e9 d'une \u00e9tag\u00e8re r\u00e9glable noire, d'un thermom\u00e8tre num\u00e9rique, d'une serrure et d'un verre tremp\u00e9 \u00e0 double s\u00e9curit\u00e9. Ce mod\u00e8le peut \u00e9galement \u00eatre personnalis\u00e9 avec des visuels promotionnels sur le corps.","og_url":"https:\/\/www.coolheadeurope.com\/prodotto\/drinks\/vetrine-da-banco-drinks\/dc-55b-2\/","og_site_name":"Cool Head Europe","article_modified_time":"2026-02-08T06:15:42+00:00","og_image":[{"width":258,"height":258,"url":"https:\/\/www.coolheadeurope.com\/wp-content\/uploads\/2026\/04\/DC-55B-CORPO_CH_LOW-20.png","type":"image\/png"}],"twitter_card":"summary_large_image","schema":{"@context":"https:\/\/schema.org","@graph":[{"@type":"WebPage","@id":"https:\/\/www.coolheadeurope.com\/prodotto\/drinks\/vetrine-da-banco-drinks\/dc-55b-2\/","url":"https:\/\/www.coolheadeurope.com\/prodotto\/drinks\/vetrine-da-banco-drinks\/dc-55b-2\/","name":"DC 55B - Cool Head Europe","isPartOf":{"@id":"https:\/\/www.coolheadeurope.com\/#website"},"primaryImageOfPage":{"@id":"https:\/\/www.coolheadeurope.com\/prodotto\/drinks\/vetrine-da-banco-drinks\/dc-55b-2\/#primaryimage"},"image":{"@id":"https:\/\/www.coolheadeurope.com\/prodotto\/drinks\/vetrine-da-banco-drinks\/dc-55b-2\/#primaryimage"},"thumbnailUrl":"https:\/\/www.coolheadeurope.com\/wp-content\/uploads\/2024\/11\/DC-55B-CORPO_CH_LOW.png","datePublished":"2025-04-15T11:30:19+00:00","dateModified":"2026-02-08T06:15:42+00:00","breadcrumb":{"@id":"https:\/\/www.coolheadeurope.com\/prodotto\/drinks\/vetrine-da-banco-drinks\/dc-55b-2\/#breadcrumb"},"inLanguage":"fr-FR","potentialAction":[{"@type":"ReadAction","target":["https:\/\/www.coolheadeurope.com\/prodotto\/drinks\/vetrine-da-banco-drinks\/dc-55b-2\/"]}]},{"@type":"ImageObject","inLanguage":"fr-FR","@id":"https:\/\/www.coolheadeurope.com\/prodotto\/drinks\/vetrine-da-banco-drinks\/dc-55b-2\/#primaryimage","url":"https:\/\/www.coolheadeurope.com\/wp-content\/uploads\/2024\/11\/DC-55B-CORPO_CH_LOW.png","contentUrl":"https:\/\/www.coolheadeurope.com\/wp-content\/uploads\/2024\/11\/DC-55B-CORPO_CH_LOW.png","width":258,"height":258,"caption":"Immagine di DC 55B"},{"@type":"BreadcrumbList","@id":"https:\/\/www.coolheadeurope.com\/prodotto\/drinks\/vetrine-da-banco-drinks\/dc-55b-2\/#breadcrumb","itemListElement":[{"@type":"ListItem","position":1,"name":"Home","item":"https:\/\/www.coolheadeurope.com\/fr\/"},{"@type":"ListItem","position":2,"name":"Rechercher","item":"https:\/\/www.coolheadeurope.com\/cerca\/"},{"@type":"ListItem","position":3,"name":"DC 55B"}]},{"@type":"WebSite","@id":"https:\/\/www.coolheadeurope.com\/#website","url":"https:\/\/www.coolheadeurope.com\/","name":"Cool Head Europe","description":"We make the world a cooler place","potentialAction":[{"@type":"SearchAction","target":{"@type":"EntryPoint","urlTemplate":"https:\/\/www.coolheadeurope.com\/?s={search_term_string}"},"query-input":{"@type":"PropertyValueSpecification","valueRequired":true,"valueName":"search_term_string"}}],"inLanguage":"fr-FR"}]}},"_links":{"self":[{"href":"https:\/\/www.coolheadeurope.com\/fr\/wp-json\/wp\/v2\/product\/3498118","targetHints":{"allow":["GET"]}}],"collection":[{"href":"https:\/\/www.coolheadeurope.com\/fr\/wp-json\/wp\/v2\/product"}],"about":[{"href":"https:\/\/www.coolheadeurope.com\/fr\/wp-json\/wp\/v2\/types\/product"}],"wp:featuredmedia":[{"embeddable":true,"href":"https:\/\/www.coolheadeurope.com\/fr\/wp-json\/wp\/v2\/media\/3112367"}],"wp:attachment":[{"href":"https:\/\/www.coolheadeurope.com\/fr\/wp-json\/wp\/v2\/media?parent=3498118"}],"wp:term":[{"taxonomy":"product_brand","embeddable":true,"href":"https:\/\/www.coolheadeurope.com\/fr\/wp-json\/wp\/v2\/product_brand?post=3498118"},{"taxonomy":"product_cat","embeddable":true,"href":"https:\/\/www.coolheadeurope.com\/fr\/wp-json\/wp\/v2\/product_cat?post=3498118"},{"taxonomy":"product_tag","embeddable":true,"href":"https:\/\/www.coolheadeurope.com\/fr\/wp-json\/wp\/v2\/product_tag?post=3498118"}],"curies":[{"name":"wp","href":"https:\/\/api.w.org\/{rel}","templated":true}]}}