{"id":3498121,"date":"2025-04-15T12:35:59","date_gmt":"2025-04-15T12:35:59","guid":{"rendered":"https:\/\/www.coolheadeurope.com\/prodotto\/non%20class\u00e9\/tkg-288cb\/"},"modified":"2026-02-08T06:37:13","modified_gmt":"2026-02-08T06:37:13","slug":"tkg-288cb","status":"publish","type":"product","link":"https:\/\/www.coolheadeurope.com\/fr\/prodotto\/drinks-fr\/vitrines-de-boissons-fr\/tkg-288cb\/","title":{"rendered":"TKG 288CB"},"content":{"rendered":"<p>R\u00e9frig\u00e9rateur compact vertical 180 L<br \/>\nAcier laqu\u00e9 en noir pour la face interne et la face externe<br \/>\n\u00c9vaporateur \u00e0 tubulure int\u00e9gr\u00e9e avec un syst\u00e8me de refroidissement assist\u00e9 par ventilateur<br \/>\nCycle de d\u00e9givrage automatique par arr\u00eat du compresseur<br \/>\nAgent moussant : Cyclopentane (40 mm par c\u00f4t\u00e9)<br \/>\nThermostat num\u00e9rique<br \/>\nLampe LED interne verticale\/Lampe LED pour le couvercle<br \/>\nJoint d&rsquo;\u00e9tanch\u00e9it\u00e9 amovible<br \/>\nClayettes r\u00e9glables noires: 5 pi\u00e8ces<br \/>\nPorte \u00e0 fermeture automatique<br \/>\nPoign\u00e9e fix\u00e9e le long du profil\u00e9 de porte<br \/>\nVerre de s\u00e9curit\u00e9 tremp\u00e9 \u00e0 double \u00e9paisseur<br \/>\nPieds r\u00e9glables N\u00b0 2 + Roulettes N\u00b0 4 \u00e0 l\u2019arri\u00e8re<br \/>\nClasse \u00e9nerg\u00e9tique: F<\/p>\n","protected":false},"excerpt":{"rendered":"<p>R\u00e9frig\u00e9rateur compact vertical 180 L Acier laqu\u00e9 en noir pour la face interne et la face externe \u00c9vaporateur \u00e0 tubulure int\u00e9gr\u00e9e avec un syst\u00e8me de refroidissement assist\u00e9 par ventilateur Cycle de d\u00e9givrage automatique par arr\u00eat du compresseur Agent moussant : Cyclopentane (40 mm par c\u00f4t\u00e9) Thermostat num\u00e9rique Lampe LED interne verticale\/Lampe LED pour le couvercle [&hellip;]<\/p>\n","protected":false},"featured_media":3881356,"template":"","meta":[],"product_brand":[],"product_cat":[7412,7417],"product_tag":[],"class_list":{"0":"post-3498121","1":"product","2":"type-product","3":"status-publish","4":"has-post-thumbnail","6":"product_cat-drinks-fr","7":"product_cat-vitrines-de-boissons-fr","8":"pa_capacite-commerciale-180-l","9":"pa_consommation-denergie-2-65-kw-24h","10":"pa_hauteur-exterieure-2013-mm","11":"pa_hauteur-interieure-1408-mm","12":"pa_largeur-exterieure-435-mm","13":"pa_largeur-interne-355-mm","14":"pa_niveau-sonore-49-dba","15":"pa_poids-brut-70-kg","16":"pa_poids-net-64-kg","17":"pa_profondeur-externe-460-mm","18":"pa_profondeur-interne-363-mm","19":"pa_puissance-140-w","21":"first","22":"instock","23":"product-type-simple"},"acf":[],"yoast_head":"<!-- This site is optimized with the Yoast SEO plugin v27.2 - https:\/\/yoast.com\/product\/yoast-seo-wordpress\/ -->\n<title>TKG 288CB - Cool Head Europe<\/title>\n<meta name=\"robots\" content=\"index, follow, max-snippet:-1, max-image-preview:large, max-video-preview:-1\" \/>\n<link rel=\"canonical\" href=\"https:\/\/www.coolheadeurope.com\/fr\/prodotto\/drinks-fr\/vitrines-de-boissons-fr\/tkg-288cb\/\" \/>\n<meta property=\"og:locale\" content=\"fr_FR\" \/>\n<meta property=\"og:type\" content=\"article\" \/>\n<meta property=\"og:title\" content=\"TKG 288CB - Cool Head Europe\" \/>\n<meta property=\"og:description\" content=\"R\u00e9frig\u00e9rateur compact vertical 180 L Acier laqu\u00e9 en noir pour la face interne et la face externe \u00c9vaporateur \u00e0 tubulure int\u00e9gr\u00e9e avec un syst\u00e8me de refroidissement assist\u00e9 par ventilateur Cycle de d\u00e9givrage automatique par arr\u00eat du compresseur Agent moussant : Cyclopentane (40 mm par c\u00f4t\u00e9) Thermostat num\u00e9rique Lampe LED interne verticale\/Lampe LED pour le couvercle [&hellip;]\" \/>\n<meta property=\"og:url\" content=\"https:\/\/www.coolheadeurope.com\/fr\/prodotto\/drinks-fr\/vitrines-de-boissons-fr\/tkg-288cb\/\" \/>\n<meta property=\"og:site_name\" content=\"Cool Head Europe\" \/>\n<meta property=\"article:modified_time\" content=\"2026-02-08T06:37:13+00:00\" \/>\n<meta property=\"og:image\" content=\"https:\/\/www.coolheadeurope.com\/wp-content\/uploads\/2026\/04\/TKG-288CB-CORPO_CH_LOW-22.png\" \/>\n\t<meta property=\"og:image:width\" content=\"212\" \/>\n\t<meta property=\"og:image:height\" content=\"567\" \/>\n\t<meta property=\"og:image:type\" content=\"image\/png\" \/>\n<meta name=\"twitter:card\" content=\"summary_large_image\" \/>\n<meta name=\"twitter:label1\" content=\"Dur\u00e9e de lecture estim\u00e9e\" \/>\n\t<meta name=\"twitter:data1\" content=\"1 minute\" \/>\n<!-- \/ Yoast SEO plugin. -->","yoast_head_json":{"title":"TKG 288CB - Cool Head Europe","robots":{"index":"index","follow":"follow","max-snippet":"max-snippet:-1","max-image-preview":"max-image-preview:large","max-video-preview":"max-video-preview:-1"},"canonical":"https:\/\/www.coolheadeurope.com\/fr\/prodotto\/drinks-fr\/vitrines-de-boissons-fr\/tkg-288cb\/","og_locale":"fr_FR","og_type":"article","og_title":"TKG 288CB - Cool Head Europe","og_description":"R\u00e9frig\u00e9rateur compact vertical 180 L Acier laqu\u00e9 en noir pour la face interne et la face externe \u00c9vaporateur \u00e0 tubulure int\u00e9gr\u00e9e avec un syst\u00e8me de refroidissement assist\u00e9 par ventilateur Cycle de d\u00e9givrage automatique par arr\u00eat du compresseur Agent moussant : Cyclopentane (40 mm par c\u00f4t\u00e9) Thermostat num\u00e9rique Lampe LED interne verticale\/Lampe LED pour le couvercle [&hellip;]","og_url":"https:\/\/www.coolheadeurope.com\/fr\/prodotto\/drinks-fr\/vitrines-de-boissons-fr\/tkg-288cb\/","og_site_name":"Cool Head Europe","article_modified_time":"2026-02-08T06:37:13+00:00","og_image":[{"width":212,"height":567,"url":"https:\/\/www.coolheadeurope.com\/wp-content\/uploads\/2026\/04\/TKG-288CB-CORPO_CH_LOW-22.png","type":"image\/png"}],"twitter_card":"summary_large_image","twitter_misc":{"Dur\u00e9e de lecture estim\u00e9e":"1 minute"},"schema":{"@context":"https:\/\/schema.org","@graph":[{"@type":"WebPage","@id":"https:\/\/www.coolheadeurope.com\/fr\/prodotto\/drinks-fr\/vitrines-de-boissons-fr\/tkg-288cb\/","url":"https:\/\/www.coolheadeurope.com\/fr\/prodotto\/drinks-fr\/vitrines-de-boissons-fr\/tkg-288cb\/","name":"TKG 288CB - Cool Head Europe","isPartOf":{"@id":"https:\/\/www.coolheadeurope.com\/#website"},"primaryImageOfPage":{"@id":"https:\/\/www.coolheadeurope.com\/fr\/prodotto\/drinks-fr\/vitrines-de-boissons-fr\/tkg-288cb\/#primaryimage"},"image":{"@id":"https:\/\/www.coolheadeurope.com\/fr\/prodotto\/drinks-fr\/vitrines-de-boissons-fr\/tkg-288cb\/#primaryimage"},"thumbnailUrl":"https:\/\/www.coolheadeurope.com\/wp-content\/uploads\/2026\/04\/TKG-288CB-CORPO_CH_LOW.png","datePublished":"2025-04-15T12:35:59+00:00","dateModified":"2026-02-08T06:37:13+00:00","breadcrumb":{"@id":"https:\/\/www.coolheadeurope.com\/fr\/prodotto\/drinks-fr\/vitrines-de-boissons-fr\/tkg-288cb\/#breadcrumb"},"inLanguage":"fr-FR","potentialAction":[{"@type":"ReadAction","target":["https:\/\/www.coolheadeurope.com\/fr\/prodotto\/drinks-fr\/vitrines-de-boissons-fr\/tkg-288cb\/"]}]},{"@type":"ImageObject","inLanguage":"fr-FR","@id":"https:\/\/www.coolheadeurope.com\/fr\/prodotto\/drinks-fr\/vitrines-de-boissons-fr\/tkg-288cb\/#primaryimage","url":"https:\/\/www.coolheadeurope.com\/wp-content\/uploads\/2026\/04\/TKG-288CB-CORPO_CH_LOW.png","contentUrl":"https:\/\/www.coolheadeurope.com\/wp-content\/uploads\/2026\/04\/TKG-288CB-CORPO_CH_LOW.png","width":212,"height":567,"caption":"Immagine di TKG 288CB"},{"@type":"BreadcrumbList","@id":"https:\/\/www.coolheadeurope.com\/fr\/prodotto\/drinks-fr\/vitrines-de-boissons-fr\/tkg-288cb\/#breadcrumb","itemListElement":[{"@type":"ListItem","position":1,"name":"Home","item":"https:\/\/www.coolheadeurope.com\/fr\/"},{"@type":"ListItem","position":2,"name":"Rechercher","item":"https:\/\/www.coolheadeurope.com\/cerca\/"},{"@type":"ListItem","position":3,"name":"TKG 288CB"}]},{"@type":"WebSite","@id":"https:\/\/www.coolheadeurope.com\/#website","url":"https:\/\/www.coolheadeurope.com\/","name":"Cool Head Europe","description":"We make the world a cooler place","potentialAction":[{"@type":"SearchAction","target":{"@type":"EntryPoint","urlTemplate":"https:\/\/www.coolheadeurope.com\/?s={search_term_string}"},"query-input":{"@type":"PropertyValueSpecification","valueRequired":true,"valueName":"search_term_string"}}],"inLanguage":"fr-FR"}]}},"_links":{"self":[{"href":"https:\/\/www.coolheadeurope.com\/fr\/wp-json\/wp\/v2\/product\/3498121","targetHints":{"allow":["GET"]}}],"collection":[{"href":"https:\/\/www.coolheadeurope.com\/fr\/wp-json\/wp\/v2\/product"}],"about":[{"href":"https:\/\/www.coolheadeurope.com\/fr\/wp-json\/wp\/v2\/types\/product"}],"wp:featuredmedia":[{"embeddable":true,"href":"https:\/\/www.coolheadeurope.com\/fr\/wp-json\/wp\/v2\/media\/3881356"}],"wp:attachment":[{"href":"https:\/\/www.coolheadeurope.com\/fr\/wp-json\/wp\/v2\/media?parent=3498121"}],"wp:term":[{"taxonomy":"product_brand","embeddable":true,"href":"https:\/\/www.coolheadeurope.com\/fr\/wp-json\/wp\/v2\/product_brand?post=3498121"},{"taxonomy":"product_cat","embeddable":true,"href":"https:\/\/www.coolheadeurope.com\/fr\/wp-json\/wp\/v2\/product_cat?post=3498121"},{"taxonomy":"product_tag","embeddable":true,"href":"https:\/\/www.coolheadeurope.com\/fr\/wp-json\/wp\/v2\/product_tag?post=3498121"}],"curies":[{"name":"wp","href":"https:\/\/api.w.org\/{rel}","templated":true}]}}