{"id":3498128,"date":"2025-04-15T13:42:53","date_gmt":"2025-04-15T13:42:53","guid":{"rendered":"https:\/\/www.coolheadeurope.com\/prodotto\/non%20class\u00e9\/tkg-390bf\/"},"modified":"2026-02-08T06:37:18","modified_gmt":"2026-02-08T06:37:18","slug":"tkg-390bf","status":"publish","type":"product","link":"https:\/\/www.coolheadeurope.com\/fr\/prodotto\/drinks-fr\/vitrines-de-boissons-fr\/tkg-390bf\/","title":{"rendered":"TKG 390BF"},"content":{"rendered":"<p>R\u00e9frig\u00e9rateur vertical pour boissons 350 L<br \/>\nFace externe en plaque laqu\u00e9e noire, face interne thermoform\u00e9e noire<br \/>\n\u00c9vaporateur \u00e0 tubulure int\u00e9gr\u00e9e avec un syst\u00e8me de refroidissement assist\u00e9 par ventilateur<br \/>\nCycle de d\u00e9givrage automatique par arr\u00eat du compresseur<br \/>\nAgent moussant : Cyclopentane (45 mm par c\u00f4t\u00e9)<br \/>\nThermostat num\u00e9rique<br \/>\nLampe LED interne verticale (avec commutateur ind\u00e9pendant)<br \/>\nPorte noire \u00ab\u00a0sans cadre\u00a0\u00bb avec verre tremp\u00e9 de s\u00e9curit\u00e9<br \/>\nPorte \u00e0 fermeture automatique<br \/>\nPoign\u00e9e fix\u00e9e le long du profil\u00e9 de porte<br \/>\nSerrure mont\u00e9e de s\u00e9rie<br \/>\nJoint d&rsquo;\u00e9tanch\u00e9it\u00e9 amovible<br \/>\nClayettes r\u00e9glables: 6 pi\u00e8ces<br \/>\nPieds r\u00e9glables N\u00b0 2 + Roulettes N\u00b0 2 \u00e0 l\u2019arri\u00e8re<br \/>\nClasse \u00e9nerg\u00e9tique: D<\/p>\n","protected":false},"excerpt":{"rendered":"<p>Le mod\u00e8le TKG 390BF a \u00e9t\u00e9 con\u00e7u pour \u00eatre un refroidisseur de boissons vertical fiable et polyvalent, parfait pour maintenir \u00e0 la bonne temp\u00e9rature et pr\u00e9senter tout type de bouteilles et de canettes, et personnalisable avec des messages promotionnels sur le corps. D&rsquo;une capacit\u00e9 de 350 litres, de couleur noire \u00e0 l&rsquo;int\u00e9rieur et \u00e0 l&rsquo;ext\u00e9rieur, ce produit est \u00e9quip\u00e9 d&rsquo;une lampe LED verticale, d&rsquo;un thermostat num\u00e9rique, de 6 \u00e9tag\u00e8res r\u00e9glables, d&rsquo;une porte \u00e0 fermeture automatique et d&rsquo;un verre tremp\u00e9 de s\u00e9curit\u00e9 \u00e0 double couche frameless.<\/p>\n","protected":false},"featured_media":3881375,"template":"","meta":[],"product_brand":[],"product_cat":[7412,7417],"product_tag":[],"class_list":{"0":"post-3498128","1":"product","2":"type-product","3":"status-publish","4":"has-post-thumbnail","6":"product_cat-drinks-fr","7":"product_cat-vitrines-de-boissons-fr","8":"pa_capacite-commerciale-350-l","9":"pa_consommation-denergie-1-95-kw-24h","10":"pa_hauteur-exterieure-1840-mm","11":"pa_hauteur-interieure-1555-mm","12":"pa_largeur-exterieure-595-mm","13":"pa_largeur-interne-505-mm","14":"pa_niveau-sonore-46-8-dba","15":"pa_poids-brut-84-kg","16":"pa_poids-net-70-kg","17":"pa_profondeur-externe-600-mm","18":"pa_profondeur-interne-462-mm","19":"pa_puissance-207-w","21":"first","22":"instock","23":"product-type-simple"},"acf":[],"yoast_head":"<!-- This site is optimized with the Yoast SEO plugin v27.2 - https:\/\/yoast.com\/product\/yoast-seo-wordpress\/ -->\n<title>TKG 390BF - Cool Head Europe<\/title>\n<meta name=\"robots\" content=\"index, follow, max-snippet:-1, max-image-preview:large, max-video-preview:-1\" \/>\n<link rel=\"canonical\" href=\"https:\/\/www.coolheadeurope.com\/prodotto\/drinks\/vetrine-bibite\/tkg-390bf\/\" \/>\n<meta property=\"og:locale\" content=\"fr_FR\" \/>\n<meta property=\"og:type\" content=\"article\" \/>\n<meta property=\"og:title\" content=\"TKG 390BF - Cool Head Europe\" \/>\n<meta property=\"og:description\" content=\"Le mod\u00e8le TKG 390BF a \u00e9t\u00e9 con\u00e7u pour \u00eatre un refroidisseur de boissons vertical fiable et polyvalent, parfait pour maintenir \u00e0 la bonne temp\u00e9rature et pr\u00e9senter tout type de bouteilles et de canettes, et personnalisable avec des messages promotionnels sur le corps. D&#039;une capacit\u00e9 de 350 litres, de couleur noire \u00e0 l&#039;int\u00e9rieur et \u00e0 l&#039;ext\u00e9rieur, ce produit est \u00e9quip\u00e9 d&#039;une lampe LED verticale, d&#039;un thermostat num\u00e9rique, de 6 \u00e9tag\u00e8res r\u00e9glables, d&#039;une porte \u00e0 fermeture automatique et d&#039;un verre tremp\u00e9 de s\u00e9curit\u00e9 \u00e0 double couche frameless.\" \/>\n<meta property=\"og:url\" content=\"https:\/\/www.coolheadeurope.com\/prodotto\/drinks\/vetrine-bibite\/tkg-390bf\/\" \/>\n<meta property=\"og:site_name\" content=\"Cool Head Europe\" \/>\n<meta property=\"article:modified_time\" content=\"2026-02-08T06:37:18+00:00\" \/>\n<meta property=\"og:image\" content=\"https:\/\/www.coolheadeurope.com\/wp-content\/uploads\/2026\/04\/TKG-390BF-CORPO_CH_LOW-18.png\" \/>\n\t<meta property=\"og:image:width\" content=\"259\" \/>\n\t<meta property=\"og:image:height\" content=\"567\" \/>\n\t<meta property=\"og:image:type\" content=\"image\/png\" \/>\n<meta name=\"twitter:card\" content=\"summary_large_image\" \/>\n<meta name=\"twitter:label1\" content=\"Dur\u00e9e de lecture estim\u00e9e\" \/>\n\t<meta name=\"twitter:data1\" content=\"1 minute\" \/>\n<!-- \/ Yoast SEO plugin. -->","yoast_head_json":{"title":"TKG 390BF - Cool Head Europe","robots":{"index":"index","follow":"follow","max-snippet":"max-snippet:-1","max-image-preview":"max-image-preview:large","max-video-preview":"max-video-preview:-1"},"canonical":"https:\/\/www.coolheadeurope.com\/prodotto\/drinks\/vetrine-bibite\/tkg-390bf\/","og_locale":"fr_FR","og_type":"article","og_title":"TKG 390BF - Cool Head Europe","og_description":"Le mod\u00e8le TKG 390BF a \u00e9t\u00e9 con\u00e7u pour \u00eatre un refroidisseur de boissons vertical fiable et polyvalent, parfait pour maintenir \u00e0 la bonne temp\u00e9rature et pr\u00e9senter tout type de bouteilles et de canettes, et personnalisable avec des messages promotionnels sur le corps. D'une capacit\u00e9 de 350 litres, de couleur noire \u00e0 l'int\u00e9rieur et \u00e0 l'ext\u00e9rieur, ce produit est \u00e9quip\u00e9 d'une lampe LED verticale, d'un thermostat num\u00e9rique, de 6 \u00e9tag\u00e8res r\u00e9glables, d'une porte \u00e0 fermeture automatique et d'un verre tremp\u00e9 de s\u00e9curit\u00e9 \u00e0 double couche frameless.","og_url":"https:\/\/www.coolheadeurope.com\/prodotto\/drinks\/vetrine-bibite\/tkg-390bf\/","og_site_name":"Cool Head Europe","article_modified_time":"2026-02-08T06:37:18+00:00","og_image":[{"width":259,"height":567,"url":"https:\/\/www.coolheadeurope.com\/wp-content\/uploads\/2026\/04\/TKG-390BF-CORPO_CH_LOW-18.png","type":"image\/png"}],"twitter_card":"summary_large_image","twitter_misc":{"Dur\u00e9e de lecture estim\u00e9e":"1 minute"},"schema":{"@context":"https:\/\/schema.org","@graph":[{"@type":"WebPage","@id":"https:\/\/www.coolheadeurope.com\/prodotto\/drinks\/vetrine-bibite\/tkg-390bf\/","url":"https:\/\/www.coolheadeurope.com\/prodotto\/drinks\/vetrine-bibite\/tkg-390bf\/","name":"TKG 390BF - Cool Head Europe","isPartOf":{"@id":"https:\/\/www.coolheadeurope.com\/#website"},"primaryImageOfPage":{"@id":"https:\/\/www.coolheadeurope.com\/prodotto\/drinks\/vetrine-bibite\/tkg-390bf\/#primaryimage"},"image":{"@id":"https:\/\/www.coolheadeurope.com\/prodotto\/drinks\/vetrine-bibite\/tkg-390bf\/#primaryimage"},"thumbnailUrl":"https:\/\/www.coolheadeurope.com\/wp-content\/uploads\/2026\/04\/TKG-390BF-CORPO_CH_LOW.png","datePublished":"2025-04-15T13:42:53+00:00","dateModified":"2026-02-08T06:37:18+00:00","breadcrumb":{"@id":"https:\/\/www.coolheadeurope.com\/prodotto\/drinks\/vetrine-bibite\/tkg-390bf\/#breadcrumb"},"inLanguage":"fr-FR","potentialAction":[{"@type":"ReadAction","target":["https:\/\/www.coolheadeurope.com\/prodotto\/drinks\/vetrine-bibite\/tkg-390bf\/"]}]},{"@type":"ImageObject","inLanguage":"fr-FR","@id":"https:\/\/www.coolheadeurope.com\/prodotto\/drinks\/vetrine-bibite\/tkg-390bf\/#primaryimage","url":"https:\/\/www.coolheadeurope.com\/wp-content\/uploads\/2026\/04\/TKG-390BF-CORPO_CH_LOW.png","contentUrl":"https:\/\/www.coolheadeurope.com\/wp-content\/uploads\/2026\/04\/TKG-390BF-CORPO_CH_LOW.png","width":259,"height":567,"caption":"Immagine di TKG 390BF"},{"@type":"BreadcrumbList","@id":"https:\/\/www.coolheadeurope.com\/prodotto\/drinks\/vetrine-bibite\/tkg-390bf\/#breadcrumb","itemListElement":[{"@type":"ListItem","position":1,"name":"Home","item":"https:\/\/www.coolheadeurope.com\/fr\/"},{"@type":"ListItem","position":2,"name":"Rechercher","item":"https:\/\/www.coolheadeurope.com\/cerca\/"},{"@type":"ListItem","position":3,"name":"TKG 390BF"}]},{"@type":"WebSite","@id":"https:\/\/www.coolheadeurope.com\/#website","url":"https:\/\/www.coolheadeurope.com\/","name":"Cool Head Europe","description":"We make the world a cooler place","potentialAction":[{"@type":"SearchAction","target":{"@type":"EntryPoint","urlTemplate":"https:\/\/www.coolheadeurope.com\/?s={search_term_string}"},"query-input":{"@type":"PropertyValueSpecification","valueRequired":true,"valueName":"search_term_string"}}],"inLanguage":"fr-FR"}]}},"_links":{"self":[{"href":"https:\/\/www.coolheadeurope.com\/fr\/wp-json\/wp\/v2\/product\/3498128","targetHints":{"allow":["GET"]}}],"collection":[{"href":"https:\/\/www.coolheadeurope.com\/fr\/wp-json\/wp\/v2\/product"}],"about":[{"href":"https:\/\/www.coolheadeurope.com\/fr\/wp-json\/wp\/v2\/types\/product"}],"wp:featuredmedia":[{"embeddable":true,"href":"https:\/\/www.coolheadeurope.com\/fr\/wp-json\/wp\/v2\/media\/3881375"}],"wp:attachment":[{"href":"https:\/\/www.coolheadeurope.com\/fr\/wp-json\/wp\/v2\/media?parent=3498128"}],"wp:term":[{"taxonomy":"product_brand","embeddable":true,"href":"https:\/\/www.coolheadeurope.com\/fr\/wp-json\/wp\/v2\/product_brand?post=3498128"},{"taxonomy":"product_cat","embeddable":true,"href":"https:\/\/www.coolheadeurope.com\/fr\/wp-json\/wp\/v2\/product_cat?post=3498128"},{"taxonomy":"product_tag","embeddable":true,"href":"https:\/\/www.coolheadeurope.com\/fr\/wp-json\/wp\/v2\/product_tag?post=3498128"}],"curies":[{"name":"wp","href":"https:\/\/api.w.org\/{rel}","templated":true}]}}