{"id":3498129,"date":"2025-04-15T14:05:05","date_gmt":"2025-04-15T14:05:05","guid":{"rendered":"https:\/\/www.coolheadeurope.com\/prodotto\/non%20class\u00e9\/cf-728\/"},"modified":"2026-02-08T06:37:35","modified_gmt":"2026-02-08T06:37:35","slug":"cf-728","status":"publish","type":"product","link":"https:\/\/www.coolheadeurope.com\/fr\/prodotto\/congelateur\/congelateurs-coffre\/cf-728\/","title":{"rendered":"CF 728"},"content":{"rendered":"<p>Cong\u00e9lateur coffre 700 Lt. avec double plateau standard<br \/>\nAcier laqu\u00e9 blanc pour la face externe et aluminium gaufr\u00e9 pour la face interne<br \/>\nRefroidissement statique<br \/>\nD\u00e9givrage manuel<br \/>\nDrainage de l&rsquo;eau produite lors du d\u00e9givrage<br \/>\nAgent moussant : Cyclopentane (60 mm par c\u00f4t\u00e9)<br \/>\nPoign\u00e9e \u00e9quip\u00e9e d\u2019une serrure de s\u00e9curit\u00e9<br \/>\nPanneau de commande num\u00e9rique avec alarme<br \/>\nPanier compris (Pi\u00e8ces N\u00b0 3)<br \/>\nRoulette N\u00b0 4 (N\u00b0 2 \u00e0 l\u2019avant avec frein)<br \/>\nClasse \u00e9nerg\u00e9tique: D<\/p>\n","protected":false},"excerpt":{"rendered":"<p>Pratique, fiable et durable, ce cong\u00e9lateur coffre d&rsquo;une capacit\u00e9 de 700 litres avec double couvercle a \u00e9t\u00e9 con\u00e7u pour congeler et stocker parfaitement tous les aliments. Dot\u00e9 d&rsquo;un syst\u00e8me de refroidissement statique, d&rsquo;une lampe LED interne, poign\u00e9e avec serrure et de 3 paniers, le mod\u00e8le CF 728 est \u00e9galement facile \u00e0 d\u00e9placer gr\u00e2ce \u00e0 ses 4 roulettes pivotantes avec frein.<\/p>\n","protected":false},"featured_media":3881450,"template":"","meta":[],"product_brand":[],"product_cat":[7387,7390],"product_tag":[],"class_list":{"0":"post-3498129","1":"product","2":"type-product","3":"status-publish","4":"has-post-thumbnail","6":"product_cat-congelateur","7":"product_cat-congelateurs-coffre","8":"pa_capacite-commerciale-700-l","9":"pa_consommation-denergie-3-28-kw-24h","10":"pa_hauteur-exterieure-903-mm","11":"pa_hauteur-interieure-682-mm","12":"pa_largeur-exterieure-2055-mm","13":"pa_largeur-interne-1935-mm","14":"pa_niveau-sonore-42-dba","15":"pa_poids-brut-118-5-kg","16":"pa_poids-net-97-5-kg","17":"pa_profondeur-externe-713-mm","18":"pa_profondeur-interne-510-mm","19":"pa_puissance-260-w","21":"first","22":"instock","23":"product-type-simple"},"acf":[],"yoast_head":"<!-- This site is optimized with the Yoast SEO plugin v27.2 - https:\/\/yoast.com\/product\/yoast-seo-wordpress\/ -->\n<title>CF 728 - Cool Head Europe<\/title>\n<meta name=\"robots\" content=\"index, follow, max-snippet:-1, max-image-preview:large, max-video-preview:-1\" \/>\n<link rel=\"canonical\" href=\"https:\/\/www.coolheadeurope.com\/prodotto\/freezer\/freezer-a-pozzetto\/cf-728\/\" \/>\n<meta property=\"og:locale\" content=\"fr_FR\" \/>\n<meta property=\"og:type\" content=\"article\" \/>\n<meta property=\"og:title\" content=\"CF 728 - Cool Head Europe\" \/>\n<meta property=\"og:description\" content=\"Pratique, fiable et durable, ce cong\u00e9lateur coffre d&#039;une capacit\u00e9 de 700 litres avec double couvercle a \u00e9t\u00e9 con\u00e7u pour congeler et stocker parfaitement tous les aliments. Dot\u00e9 d&#039;un syst\u00e8me de refroidissement statique, d&#039;une lampe LED interne, poign\u00e9e avec serrure et de 3 paniers, le mod\u00e8le CF 728 est \u00e9galement facile \u00e0 d\u00e9placer gr\u00e2ce \u00e0 ses 4 roulettes pivotantes avec frein.\" \/>\n<meta property=\"og:url\" content=\"https:\/\/www.coolheadeurope.com\/prodotto\/freezer\/freezer-a-pozzetto\/cf-728\/\" \/>\n<meta property=\"og:site_name\" content=\"Cool Head Europe\" \/>\n<meta property=\"article:modified_time\" content=\"2026-02-08T06:37:35+00:00\" \/>\n<meta property=\"og:image\" content=\"https:\/\/www.coolheadeurope.com\/wp-content\/uploads\/2026\/04\/CF-728-CORPO_CH_LOW-18.png\" \/>\n\t<meta property=\"og:image:width\" content=\"567\" \/>\n\t<meta property=\"og:image:height\" content=\"340\" \/>\n\t<meta property=\"og:image:type\" content=\"image\/png\" \/>\n<meta name=\"twitter:card\" content=\"summary_large_image\" \/>\n<!-- \/ Yoast SEO plugin. -->","yoast_head_json":{"title":"CF 728 - Cool Head Europe","robots":{"index":"index","follow":"follow","max-snippet":"max-snippet:-1","max-image-preview":"max-image-preview:large","max-video-preview":"max-video-preview:-1"},"canonical":"https:\/\/www.coolheadeurope.com\/prodotto\/freezer\/freezer-a-pozzetto\/cf-728\/","og_locale":"fr_FR","og_type":"article","og_title":"CF 728 - Cool Head Europe","og_description":"Pratique, fiable et durable, ce cong\u00e9lateur coffre d'une capacit\u00e9 de 700 litres avec double couvercle a \u00e9t\u00e9 con\u00e7u pour congeler et stocker parfaitement tous les aliments. Dot\u00e9 d'un syst\u00e8me de refroidissement statique, d'une lampe LED interne, poign\u00e9e avec serrure et de 3 paniers, le mod\u00e8le CF 728 est \u00e9galement facile \u00e0 d\u00e9placer gr\u00e2ce \u00e0 ses 4 roulettes pivotantes avec frein.","og_url":"https:\/\/www.coolheadeurope.com\/prodotto\/freezer\/freezer-a-pozzetto\/cf-728\/","og_site_name":"Cool Head Europe","article_modified_time":"2026-02-08T06:37:35+00:00","og_image":[{"width":567,"height":340,"url":"https:\/\/www.coolheadeurope.com\/wp-content\/uploads\/2026\/04\/CF-728-CORPO_CH_LOW-18.png","type":"image\/png"}],"twitter_card":"summary_large_image","schema":{"@context":"https:\/\/schema.org","@graph":[{"@type":"WebPage","@id":"https:\/\/www.coolheadeurope.com\/prodotto\/freezer\/freezer-a-pozzetto\/cf-728\/","url":"https:\/\/www.coolheadeurope.com\/prodotto\/freezer\/freezer-a-pozzetto\/cf-728\/","name":"CF 728 - Cool Head Europe","isPartOf":{"@id":"https:\/\/www.coolheadeurope.com\/#website"},"primaryImageOfPage":{"@id":"https:\/\/www.coolheadeurope.com\/prodotto\/freezer\/freezer-a-pozzetto\/cf-728\/#primaryimage"},"image":{"@id":"https:\/\/www.coolheadeurope.com\/prodotto\/freezer\/freezer-a-pozzetto\/cf-728\/#primaryimage"},"thumbnailUrl":"https:\/\/www.coolheadeurope.com\/wp-content\/uploads\/2026\/04\/CF-728-CORPO_CH_LOW.png","datePublished":"2025-04-15T14:05:05+00:00","dateModified":"2026-02-08T06:37:35+00:00","breadcrumb":{"@id":"https:\/\/www.coolheadeurope.com\/prodotto\/freezer\/freezer-a-pozzetto\/cf-728\/#breadcrumb"},"inLanguage":"fr-FR","potentialAction":[{"@type":"ReadAction","target":["https:\/\/www.coolheadeurope.com\/prodotto\/freezer\/freezer-a-pozzetto\/cf-728\/"]}]},{"@type":"ImageObject","inLanguage":"fr-FR","@id":"https:\/\/www.coolheadeurope.com\/prodotto\/freezer\/freezer-a-pozzetto\/cf-728\/#primaryimage","url":"https:\/\/www.coolheadeurope.com\/wp-content\/uploads\/2026\/04\/CF-728-CORPO_CH_LOW.png","contentUrl":"https:\/\/www.coolheadeurope.com\/wp-content\/uploads\/2026\/04\/CF-728-CORPO_CH_LOW.png","width":567,"height":340,"caption":"Immagine di CF 728"},{"@type":"BreadcrumbList","@id":"https:\/\/www.coolheadeurope.com\/prodotto\/freezer\/freezer-a-pozzetto\/cf-728\/#breadcrumb","itemListElement":[{"@type":"ListItem","position":1,"name":"Home","item":"https:\/\/www.coolheadeurope.com\/fr\/"},{"@type":"ListItem","position":2,"name":"Rechercher","item":"https:\/\/www.coolheadeurope.com\/cerca\/"},{"@type":"ListItem","position":3,"name":"CF 728"}]},{"@type":"WebSite","@id":"https:\/\/www.coolheadeurope.com\/#website","url":"https:\/\/www.coolheadeurope.com\/","name":"Cool Head Europe","description":"We make the world a cooler place","potentialAction":[{"@type":"SearchAction","target":{"@type":"EntryPoint","urlTemplate":"https:\/\/www.coolheadeurope.com\/?s={search_term_string}"},"query-input":{"@type":"PropertyValueSpecification","valueRequired":true,"valueName":"search_term_string"}}],"inLanguage":"fr-FR"}]}},"_links":{"self":[{"href":"https:\/\/www.coolheadeurope.com\/fr\/wp-json\/wp\/v2\/product\/3498129","targetHints":{"allow":["GET"]}}],"collection":[{"href":"https:\/\/www.coolheadeurope.com\/fr\/wp-json\/wp\/v2\/product"}],"about":[{"href":"https:\/\/www.coolheadeurope.com\/fr\/wp-json\/wp\/v2\/types\/product"}],"wp:featuredmedia":[{"embeddable":true,"href":"https:\/\/www.coolheadeurope.com\/fr\/wp-json\/wp\/v2\/media\/3881450"}],"wp:attachment":[{"href":"https:\/\/www.coolheadeurope.com\/fr\/wp-json\/wp\/v2\/media?parent=3498129"}],"wp:term":[{"taxonomy":"product_brand","embeddable":true,"href":"https:\/\/www.coolheadeurope.com\/fr\/wp-json\/wp\/v2\/product_brand?post=3498129"},{"taxonomy":"product_cat","embeddable":true,"href":"https:\/\/www.coolheadeurope.com\/fr\/wp-json\/wp\/v2\/product_cat?post=3498129"},{"taxonomy":"product_tag","embeddable":true,"href":"https:\/\/www.coolheadeurope.com\/fr\/wp-json\/wp\/v2\/product_tag?post=3498129"}],"curies":[{"name":"wp","href":"https:\/\/api.w.org\/{rel}","templated":true}]}}