{"id":3498131,"date":"2025-04-15T14:49:29","date_gmt":"2025-04-15T14:49:29","guid":{"rendered":"https:\/\/www.coolheadeurope.com\/prodotto\/non%20class\u00e9\/cfp-409\/"},"modified":"2026-02-08T06:58:06","modified_gmt":"2026-02-08T06:58:06","slug":"cfp-409","status":"publish","type":"product","link":"https:\/\/www.coolheadeurope.com\/fr\/prodotto\/congelateur\/refrigerateurs-coffre-congelateur\/cfp-409\/","title":{"rendered":"CFP 409"},"content":{"rendered":"<p>R\u00e9frig\u00e9rateur coffre 400 L avec couvercle sup\u00e9rieur ordinaire<br \/>\nAcier laqu\u00e9 blanc pour la face externe et aluminium gaufr\u00e9 pour la face interne<br \/>\nRefroidissement statique<br \/>\nD\u00e9givrage manuel<br \/>\nDrainage de l&rsquo;eau produite lors du d\u00e9givrage<br \/>\nAgent moussant : Cyclopentane (70 mm par c\u00f4t\u00e9)<br \/>\nJoint d&rsquo;\u00e9tanch\u00e9it\u00e9 amovible<br \/>\nLampe LED interne<br \/>\nPoign\u00e9e \u00e9quip\u00e9e d\u2019une serrure de s\u00e9curit\u00e9<br \/>\nThermostat num\u00e9rique<br \/>\nPanier compris (Pi\u00e8ces N\u00b0 3)<br \/>\nPieds r\u00e9glables N\u00b0 4<br \/>\nClasse \u00e9nerg\u00e9tique: E<\/p>\n","protected":false},"excerpt":{"rendered":"<p>Pratique, fiable et durable, cette r\u00e9frig\u00e9rateur coffre d&rsquo;une capacit\u00e9 de 400 litres avec couvercle standard a \u00e9t\u00e9 fabriqu\u00e9e pour conserver parfaitement les bouteilles et les canettes. \u00c9quip\u00e9e d&rsquo;un syst\u00e8me de refroidissement statique, d&rsquo;une lampe interne LED, d&rsquo;un thermostat num\u00e9rique, d&rsquo;une poign\u00e9e avec serrure et de 3 paniers, le mod\u00e8le CFP 409 est \u00e9galement fabriqu\u00e9 avec du gaz R600a et une mousse d&rsquo;isolation de 70 mm de chaque c\u00f4t\u00e9 pour garantir une \u00e9conomie d&rsquo;\u00e9nergie optimale et une performance \u00e9nerg\u00e9tique de classe E.<\/p>\n","protected":false},"featured_media":3881472,"template":"","meta":[],"product_brand":[],"product_cat":[7387,7959],"product_tag":[],"class_list":{"0":"post-3498131","1":"product","2":"type-product","3":"status-publish","4":"has-post-thumbnail","6":"product_cat-congelateur","7":"product_cat-refrigerateurs-coffre-congelateur","8":"pa_capacite-commerciale-383-l","9":"pa_consommation-denergie-0-831-kw-24h","10":"pa_hauteur-exterieure-850-mm","11":"pa_hauteur-interieure-665-mm","12":"pa_largeur-exterieure-1275-mm","13":"pa_largeur-interne-1130-mm","14":"pa_niveau-sonore-50-dba","15":"pa_poids-brut-63-kg","16":"pa_poids-net-52-kg","17":"pa_profondeur-externe-750-mm","18":"pa_profondeur-interne-530-mm","19":"pa_puissance-126-5-w","21":"first","22":"instock","23":"product-type-simple"},"acf":[],"yoast_head":"<!-- This site is optimized with the Yoast SEO plugin v27.2 - https:\/\/yoast.com\/product\/yoast-seo-wordpress\/ -->\n<title>CFP 409 - Cool Head Europe<\/title>\n<meta name=\"robots\" content=\"index, follow, max-snippet:-1, max-image-preview:large, max-video-preview:-1\" \/>\n<link rel=\"canonical\" href=\"https:\/\/www.coolheadeurope.com\/prodotto\/freezer\/frigoriferi-a-pozzetto\/cfp-409\/\" \/>\n<meta property=\"og:locale\" content=\"fr_FR\" \/>\n<meta property=\"og:type\" content=\"article\" \/>\n<meta property=\"og:title\" content=\"CFP 409 - Cool Head Europe\" \/>\n<meta property=\"og:description\" content=\"Pratique, fiable et durable, cette r\u00e9frig\u00e9rateur coffre d&#039;une capacit\u00e9 de 400 litres avec couvercle standard a \u00e9t\u00e9 fabriqu\u00e9e pour conserver parfaitement les bouteilles et les canettes. \u00c9quip\u00e9e d&#039;un syst\u00e8me de refroidissement statique, d&#039;une lampe interne LED, d&#039;un thermostat num\u00e9rique, d&#039;une poign\u00e9e avec serrure et de 3 paniers, le mod\u00e8le CFP 409 est \u00e9galement fabriqu\u00e9 avec du gaz R600a et une mousse d&#039;isolation de 70 mm de chaque c\u00f4t\u00e9 pour garantir une \u00e9conomie d&#039;\u00e9nergie optimale et une performance \u00e9nerg\u00e9tique de classe E.\" \/>\n<meta property=\"og:url\" content=\"https:\/\/www.coolheadeurope.com\/prodotto\/freezer\/frigoriferi-a-pozzetto\/cfp-409\/\" \/>\n<meta property=\"og:site_name\" content=\"Cool Head Europe\" \/>\n<meta property=\"article:modified_time\" content=\"2026-02-08T06:58:06+00:00\" \/>\n<meta property=\"og:image\" content=\"https:\/\/www.coolheadeurope.com\/wp-content\/uploads\/2026\/04\/CFP-409-CORPO_CH_LOW-22.png\" \/>\n\t<meta property=\"og:image:width\" content=\"567\" \/>\n\t<meta property=\"og:image:height\" content=\"432\" \/>\n\t<meta property=\"og:image:type\" content=\"image\/png\" \/>\n<meta name=\"twitter:card\" content=\"summary_large_image\" \/>\n<!-- \/ Yoast SEO plugin. -->","yoast_head_json":{"title":"CFP 409 - Cool Head Europe","robots":{"index":"index","follow":"follow","max-snippet":"max-snippet:-1","max-image-preview":"max-image-preview:large","max-video-preview":"max-video-preview:-1"},"canonical":"https:\/\/www.coolheadeurope.com\/prodotto\/freezer\/frigoriferi-a-pozzetto\/cfp-409\/","og_locale":"fr_FR","og_type":"article","og_title":"CFP 409 - Cool Head Europe","og_description":"Pratique, fiable et durable, cette r\u00e9frig\u00e9rateur coffre d'une capacit\u00e9 de 400 litres avec couvercle standard a \u00e9t\u00e9 fabriqu\u00e9e pour conserver parfaitement les bouteilles et les canettes. \u00c9quip\u00e9e d'un syst\u00e8me de refroidissement statique, d'une lampe interne LED, d'un thermostat num\u00e9rique, d'une poign\u00e9e avec serrure et de 3 paniers, le mod\u00e8le CFP 409 est \u00e9galement fabriqu\u00e9 avec du gaz R600a et une mousse d'isolation de 70 mm de chaque c\u00f4t\u00e9 pour garantir une \u00e9conomie d'\u00e9nergie optimale et une performance \u00e9nerg\u00e9tique de classe E.","og_url":"https:\/\/www.coolheadeurope.com\/prodotto\/freezer\/frigoriferi-a-pozzetto\/cfp-409\/","og_site_name":"Cool Head Europe","article_modified_time":"2026-02-08T06:58:06+00:00","og_image":[{"width":567,"height":432,"url":"https:\/\/www.coolheadeurope.com\/wp-content\/uploads\/2026\/04\/CFP-409-CORPO_CH_LOW-22.png","type":"image\/png"}],"twitter_card":"summary_large_image","schema":{"@context":"https:\/\/schema.org","@graph":[{"@type":"WebPage","@id":"https:\/\/www.coolheadeurope.com\/prodotto\/freezer\/frigoriferi-a-pozzetto\/cfp-409\/","url":"https:\/\/www.coolheadeurope.com\/prodotto\/freezer\/frigoriferi-a-pozzetto\/cfp-409\/","name":"CFP 409 - Cool Head Europe","isPartOf":{"@id":"https:\/\/www.coolheadeurope.com\/#website"},"primaryImageOfPage":{"@id":"https:\/\/www.coolheadeurope.com\/prodotto\/freezer\/frigoriferi-a-pozzetto\/cfp-409\/#primaryimage"},"image":{"@id":"https:\/\/www.coolheadeurope.com\/prodotto\/freezer\/frigoriferi-a-pozzetto\/cfp-409\/#primaryimage"},"thumbnailUrl":"https:\/\/www.coolheadeurope.com\/wp-content\/uploads\/2026\/04\/CFP-409-CORPO_CH_LOW.png","datePublished":"2025-04-15T14:49:29+00:00","dateModified":"2026-02-08T06:58:06+00:00","breadcrumb":{"@id":"https:\/\/www.coolheadeurope.com\/prodotto\/freezer\/frigoriferi-a-pozzetto\/cfp-409\/#breadcrumb"},"inLanguage":"fr-FR","potentialAction":[{"@type":"ReadAction","target":["https:\/\/www.coolheadeurope.com\/prodotto\/freezer\/frigoriferi-a-pozzetto\/cfp-409\/"]}]},{"@type":"ImageObject","inLanguage":"fr-FR","@id":"https:\/\/www.coolheadeurope.com\/prodotto\/freezer\/frigoriferi-a-pozzetto\/cfp-409\/#primaryimage","url":"https:\/\/www.coolheadeurope.com\/wp-content\/uploads\/2026\/04\/CFP-409-CORPO_CH_LOW.png","contentUrl":"https:\/\/www.coolheadeurope.com\/wp-content\/uploads\/2026\/04\/CFP-409-CORPO_CH_LOW.png","width":567,"height":432,"caption":"Immagine di CFP 409"},{"@type":"BreadcrumbList","@id":"https:\/\/www.coolheadeurope.com\/prodotto\/freezer\/frigoriferi-a-pozzetto\/cfp-409\/#breadcrumb","itemListElement":[{"@type":"ListItem","position":1,"name":"Home","item":"https:\/\/www.coolheadeurope.com\/fr\/"},{"@type":"ListItem","position":2,"name":"Rechercher","item":"https:\/\/www.coolheadeurope.com\/cerca\/"},{"@type":"ListItem","position":3,"name":"CFP 409"}]},{"@type":"WebSite","@id":"https:\/\/www.coolheadeurope.com\/#website","url":"https:\/\/www.coolheadeurope.com\/","name":"Cool Head Europe","description":"We make the world a cooler place","potentialAction":[{"@type":"SearchAction","target":{"@type":"EntryPoint","urlTemplate":"https:\/\/www.coolheadeurope.com\/?s={search_term_string}"},"query-input":{"@type":"PropertyValueSpecification","valueRequired":true,"valueName":"search_term_string"}}],"inLanguage":"fr-FR"}]}},"_links":{"self":[{"href":"https:\/\/www.coolheadeurope.com\/fr\/wp-json\/wp\/v2\/product\/3498131","targetHints":{"allow":["GET"]}}],"collection":[{"href":"https:\/\/www.coolheadeurope.com\/fr\/wp-json\/wp\/v2\/product"}],"about":[{"href":"https:\/\/www.coolheadeurope.com\/fr\/wp-json\/wp\/v2\/types\/product"}],"wp:featuredmedia":[{"embeddable":true,"href":"https:\/\/www.coolheadeurope.com\/fr\/wp-json\/wp\/v2\/media\/3881472"}],"wp:attachment":[{"href":"https:\/\/www.coolheadeurope.com\/fr\/wp-json\/wp\/v2\/media?parent=3498131"}],"wp:term":[{"taxonomy":"product_brand","embeddable":true,"href":"https:\/\/www.coolheadeurope.com\/fr\/wp-json\/wp\/v2\/product_brand?post=3498131"},{"taxonomy":"product_cat","embeddable":true,"href":"https:\/\/www.coolheadeurope.com\/fr\/wp-json\/wp\/v2\/product_cat?post=3498131"},{"taxonomy":"product_tag","embeddable":true,"href":"https:\/\/www.coolheadeurope.com\/fr\/wp-json\/wp\/v2\/product_tag?post=3498131"}],"curies":[{"name":"wp","href":"https:\/\/api.w.org\/{rel}","templated":true}]}}