{"id":3501563,"date":"2025-04-16T18:17:12","date_gmt":"2025-04-16T18:17:12","guid":{"rendered":"https:\/\/www.coolheadeurope.com\/prodotto\/non%20class\u00e9\/vf-2600vb\/"},"modified":"2026-02-08T06:58:13","modified_gmt":"2026-02-08T06:58:13","slug":"vf-2600vb","status":"publish","type":"product","link":"https:\/\/www.coolheadeurope.com\/fr\/prodotto\/congelateur\/congelateurs-coffre\/vf-2600vb\/","title":{"rendered":"VF 2600VB"},"content":{"rendered":"<p>Cong\u00e9lateur \u00eelot de supermarch\u00e9 (Largeur: 2500mm)<br \/>\nMod\u00e8le \u00e0 double temp\u00e9rature (facile \u00e0 convertir de r\u00e9frig\u00e9rateur \u00e0 cong\u00e9lateur ou vice versa)<br \/>\nAcier laqu\u00e9 noir pour l&rsquo;ext\u00e9rieur et blanc pour l&rsquo;int\u00e9rieur<br \/>\nRefroidissement statique avec un syst\u00e8me de refroidissement assist\u00e9 par ventilateur<br \/>\nCycle de d\u00e9givrage au gaz chaud<\/p>\n<p>Compresseur \u00e0 inverseur<br \/>\nThermom\u00e8tre num\u00e9rique<br \/>\nAgent moussant : Cyclopentane (65 mm par c\u00f4t\u00e9)<br \/>\nLampe LED interne<br \/>\nCouvercle coulissant incurv\u00e9 (verre temp\u00e9r\u00e9 avec Low-e)<br \/>\nBars d&rsquo;amortissement gris anthracite<br \/>\nGrand panier de logement avec s\u00e9parateur int\u00e9rieur inclus<br \/>\nRoulette pivotante N\u00b0 6<br \/>\nClasse \u00e9nerg\u00e9tique: C<\/p>\n","protected":false},"excerpt":{"rendered":"<p>Cong\u00e9lateur \u00eelot de supermarch\u00e9 (Largeur: 2500mm) Mod\u00e8le \u00e0 double temp\u00e9rature (facile \u00e0 convertir de r\u00e9frig\u00e9rateur \u00e0 cong\u00e9lateur ou vice versa) Acier laqu\u00e9 noir pour l&rsquo;ext\u00e9rieur et blanc pour l&rsquo;int\u00e9rieur Refroidissement statique avec un syst\u00e8me de refroidissement assist\u00e9 par ventilateur Cycle de d\u00e9givrage au gaz chaud Compresseur \u00e0 inverseur Thermom\u00e8tre num\u00e9rique Agent moussant : Cyclopentane (65 [&hellip;]<\/p>\n","protected":false},"featured_media":3881491,"template":"","meta":[],"product_brand":[],"product_cat":[7387,7390],"product_tag":[],"class_list":{"0":"post-3501563","1":"product","2":"type-product","3":"status-publish","4":"has-post-thumbnail","6":"product_cat-congelateur","7":"product_cat-congelateurs-coffre","8":"pa_capacite-commerciale-1100-l","9":"pa_consommation-denergie-5-51-kw-24h","10":"pa_hauteur-exterieure-892-mm","11":"pa_hauteur-interieure-627-mm","12":"pa_largeur-exterieure-2506-mm","13":"pa_largeur-interne-2370-mm","14":"pa_niveau-sonore-57-dba","15":"pa_poids-brut-220-kg","16":"pa_poids-net-201-kg","17":"pa_profondeur-externe-858-mm","18":"pa_profondeur-interne-720-mm","19":"pa_puissance-323-w","21":"first","22":"instock","23":"product-type-simple"},"acf":[],"yoast_head":"<!-- This site is optimized with the Yoast SEO plugin v27.2 - https:\/\/yoast.com\/product\/yoast-seo-wordpress\/ -->\n<title>VF 2600VB - Cool Head Europe<\/title>\n<meta name=\"robots\" content=\"index, follow, max-snippet:-1, max-image-preview:large, max-video-preview:-1\" \/>\n<link rel=\"canonical\" href=\"https:\/\/www.coolheadeurope.com\/prodotto\/freezer\/freezer-a-pozzetto\/vf-2600vb\/\" \/>\n<meta property=\"og:locale\" content=\"fr_FR\" \/>\n<meta property=\"og:type\" content=\"article\" \/>\n<meta property=\"og:title\" content=\"VF 2600VB - Cool Head Europe\" \/>\n<meta property=\"og:description\" content=\"Cong\u00e9lateur \u00eelot de supermarch\u00e9 (Largeur: 2500mm) Mod\u00e8le \u00e0 double temp\u00e9rature (facile \u00e0 convertir de r\u00e9frig\u00e9rateur \u00e0 cong\u00e9lateur ou vice versa) Acier laqu\u00e9 noir pour l&rsquo;ext\u00e9rieur et blanc pour l&rsquo;int\u00e9rieur Refroidissement statique avec un syst\u00e8me de refroidissement assist\u00e9 par ventilateur Cycle de d\u00e9givrage au gaz chaud Compresseur \u00e0 inverseur Thermom\u00e8tre num\u00e9rique Agent moussant : Cyclopentane (65 [&hellip;]\" \/>\n<meta property=\"og:url\" content=\"https:\/\/www.coolheadeurope.com\/prodotto\/freezer\/freezer-a-pozzetto\/vf-2600vb\/\" \/>\n<meta property=\"og:site_name\" content=\"Cool Head Europe\" \/>\n<meta property=\"article:modified_time\" content=\"2026-02-08T06:58:13+00:00\" \/>\n<meta property=\"og:image\" content=\"https:\/\/www.coolheadeurope.com\/wp-content\/uploads\/2026\/04\/VF-2600VB-CORPO_CH_LOW-18.png\" \/>\n\t<meta property=\"og:image:width\" content=\"567\" \/>\n\t<meta property=\"og:image:height\" content=\"301\" \/>\n\t<meta property=\"og:image:type\" content=\"image\/png\" \/>\n<meta name=\"twitter:card\" content=\"summary_large_image\" \/>\n<!-- \/ Yoast SEO plugin. -->","yoast_head_json":{"title":"VF 2600VB - Cool Head Europe","robots":{"index":"index","follow":"follow","max-snippet":"max-snippet:-1","max-image-preview":"max-image-preview:large","max-video-preview":"max-video-preview:-1"},"canonical":"https:\/\/www.coolheadeurope.com\/prodotto\/freezer\/freezer-a-pozzetto\/vf-2600vb\/","og_locale":"fr_FR","og_type":"article","og_title":"VF 2600VB - Cool Head Europe","og_description":"Cong\u00e9lateur \u00eelot de supermarch\u00e9 (Largeur: 2500mm) Mod\u00e8le \u00e0 double temp\u00e9rature (facile \u00e0 convertir de r\u00e9frig\u00e9rateur \u00e0 cong\u00e9lateur ou vice versa) Acier laqu\u00e9 noir pour l&rsquo;ext\u00e9rieur et blanc pour l&rsquo;int\u00e9rieur Refroidissement statique avec un syst\u00e8me de refroidissement assist\u00e9 par ventilateur Cycle de d\u00e9givrage au gaz chaud Compresseur \u00e0 inverseur Thermom\u00e8tre num\u00e9rique Agent moussant : Cyclopentane (65 [&hellip;]","og_url":"https:\/\/www.coolheadeurope.com\/prodotto\/freezer\/freezer-a-pozzetto\/vf-2600vb\/","og_site_name":"Cool Head Europe","article_modified_time":"2026-02-08T06:58:13+00:00","og_image":[{"width":567,"height":301,"url":"https:\/\/www.coolheadeurope.com\/wp-content\/uploads\/2026\/04\/VF-2600VB-CORPO_CH_LOW-18.png","type":"image\/png"}],"twitter_card":"summary_large_image","schema":{"@context":"https:\/\/schema.org","@graph":[{"@type":"WebPage","@id":"https:\/\/www.coolheadeurope.com\/prodotto\/freezer\/freezer-a-pozzetto\/vf-2600vb\/","url":"https:\/\/www.coolheadeurope.com\/prodotto\/freezer\/freezer-a-pozzetto\/vf-2600vb\/","name":"VF 2600VB - Cool Head Europe","isPartOf":{"@id":"https:\/\/www.coolheadeurope.com\/#website"},"primaryImageOfPage":{"@id":"https:\/\/www.coolheadeurope.com\/prodotto\/freezer\/freezer-a-pozzetto\/vf-2600vb\/#primaryimage"},"image":{"@id":"https:\/\/www.coolheadeurope.com\/prodotto\/freezer\/freezer-a-pozzetto\/vf-2600vb\/#primaryimage"},"thumbnailUrl":"https:\/\/www.coolheadeurope.com\/wp-content\/uploads\/2026\/04\/VF-2600VB-CORPO_CH_LOW.png","datePublished":"2025-04-16T18:17:12+00:00","dateModified":"2026-02-08T06:58:13+00:00","breadcrumb":{"@id":"https:\/\/www.coolheadeurope.com\/prodotto\/freezer\/freezer-a-pozzetto\/vf-2600vb\/#breadcrumb"},"inLanguage":"fr-FR","potentialAction":[{"@type":"ReadAction","target":["https:\/\/www.coolheadeurope.com\/prodotto\/freezer\/freezer-a-pozzetto\/vf-2600vb\/"]}]},{"@type":"ImageObject","inLanguage":"fr-FR","@id":"https:\/\/www.coolheadeurope.com\/prodotto\/freezer\/freezer-a-pozzetto\/vf-2600vb\/#primaryimage","url":"https:\/\/www.coolheadeurope.com\/wp-content\/uploads\/2026\/04\/VF-2600VB-CORPO_CH_LOW.png","contentUrl":"https:\/\/www.coolheadeurope.com\/wp-content\/uploads\/2026\/04\/VF-2600VB-CORPO_CH_LOW.png","width":567,"height":301,"caption":"Immagine di VF 2600VB"},{"@type":"BreadcrumbList","@id":"https:\/\/www.coolheadeurope.com\/prodotto\/freezer\/freezer-a-pozzetto\/vf-2600vb\/#breadcrumb","itemListElement":[{"@type":"ListItem","position":1,"name":"Home","item":"https:\/\/www.coolheadeurope.com\/fr\/"},{"@type":"ListItem","position":2,"name":"Rechercher","item":"https:\/\/www.coolheadeurope.com\/cerca\/"},{"@type":"ListItem","position":3,"name":"VF 2600VB"}]},{"@type":"WebSite","@id":"https:\/\/www.coolheadeurope.com\/#website","url":"https:\/\/www.coolheadeurope.com\/","name":"Cool Head Europe","description":"We make the world a cooler place","potentialAction":[{"@type":"SearchAction","target":{"@type":"EntryPoint","urlTemplate":"https:\/\/www.coolheadeurope.com\/?s={search_term_string}"},"query-input":{"@type":"PropertyValueSpecification","valueRequired":true,"valueName":"search_term_string"}}],"inLanguage":"fr-FR"}]}},"_links":{"self":[{"href":"https:\/\/www.coolheadeurope.com\/fr\/wp-json\/wp\/v2\/product\/3501563","targetHints":{"allow":["GET"]}}],"collection":[{"href":"https:\/\/www.coolheadeurope.com\/fr\/wp-json\/wp\/v2\/product"}],"about":[{"href":"https:\/\/www.coolheadeurope.com\/fr\/wp-json\/wp\/v2\/types\/product"}],"wp:featuredmedia":[{"embeddable":true,"href":"https:\/\/www.coolheadeurope.com\/fr\/wp-json\/wp\/v2\/media\/3881491"}],"wp:attachment":[{"href":"https:\/\/www.coolheadeurope.com\/fr\/wp-json\/wp\/v2\/media?parent=3501563"}],"wp:term":[{"taxonomy":"product_brand","embeddable":true,"href":"https:\/\/www.coolheadeurope.com\/fr\/wp-json\/wp\/v2\/product_brand?post=3501563"},{"taxonomy":"product_cat","embeddable":true,"href":"https:\/\/www.coolheadeurope.com\/fr\/wp-json\/wp\/v2\/product_cat?post=3501563"},{"taxonomy":"product_tag","embeddable":true,"href":"https:\/\/www.coolheadeurope.com\/fr\/wp-json\/wp\/v2\/product_tag?post=3501563"}],"curies":[{"name":"wp","href":"https:\/\/api.w.org\/{rel}","templated":true}]}}