{"id":3501565,"date":"2025-04-16T19:01:38","date_gmt":"2025-04-16T19:01:38","guid":{"rendered":"https:\/\/www.coolheadeurope.com\/prodotto\/non%20class\u00e9\/rc-235b\/"},"modified":"2026-02-08T06:58:44","modified_gmt":"2026-02-08T06:58:44","slug":"rc-235b","status":"publish","type":"product","link":"https:\/\/www.coolheadeurope.com\/fr\/prodotto\/presentoirs\/vitrine-verticale\/rc-235b\/","title":{"rendered":"RC 235B"},"content":{"rendered":"<p>Vitrine r\u00e9frig\u00e9r\u00e9e verticale 235 L (Couleur noir)<br \/>\nVitre plate avec cadre noir et socle en plastique<br \/>\nRefroidissement ventil\u00e9<br \/>\nCycle de d\u00e9givrage automatique par arr\u00eat du compresseur<br \/>\nDispositif de r\u00e9gulation m\u00e9canique de la temp\u00e9rature avec \u00e9cran num\u00e9rique<br \/>\nLampe LED interne<br \/>\nVerre de s\u00e9curit\u00e9 tremp\u00e9<br \/>\nClayettes r\u00e9glables (Clayette N\u00b0 4)<br \/>\nSupport fixe N\u00b0 4 mont\u00e9 sous le socle<br \/>\nClasse \u00e9nerg\u00e9tique: B<\/p>\n","protected":false},"excerpt":{"rendered":"<p>Vitrine r\u00e9frig\u00e9r\u00e9e de comptoir blanche avec verre droit, \u00e9quip\u00e9e d&rsquo;un affichage num\u00e9rique pour le contr\u00f4le de la temp\u00e9rature, de lampes LED internes et d&rsquo;\u00e9tag\u00e8res noires r\u00e9glables.<\/p>\n","protected":false},"featured_media":3881551,"template":"","meta":[],"product_brand":[],"product_cat":[7406,7411],"product_tag":[],"class_list":{"0":"post-3501565","1":"product","2":"type-product","3":"status-publish","4":"has-post-thumbnail","6":"product_cat-presentoirs","7":"product_cat-vitrine-verticale","8":"pa_capacite-commerciale-235-l","9":"pa_consommation-denergie-4-44-kw-24h","10":"pa_hauteur-exterieure-1690-mm","11":"pa_hauteur-interieure-1120-mm","12":"pa_largeur-exterieure-515-mm","13":"pa_largeur-interne-487-mm","14":"pa_niveau-sonore-57-dba","15":"pa_poids-brut-87-kg","16":"pa_poids-net-76-kg","17":"pa_profondeur-externe-485-mm","18":"pa_profondeur-interne-470-mm","19":"pa_puissance-380-w","21":"first","22":"instock","23":"product-type-simple"},"acf":[],"yoast_head":"<!-- This site is optimized with the Yoast SEO plugin v27.2 - https:\/\/yoast.com\/product\/yoast-seo-wordpress\/ -->\n<title>RC 235B - Cool Head Europe<\/title>\n<meta name=\"robots\" content=\"index, follow, max-snippet:-1, max-image-preview:large, max-video-preview:-1\" \/>\n<link rel=\"canonical\" href=\"https:\/\/www.coolheadeurope.com\/prodotto\/display\/display-verticali\/rc-235b\/\" \/>\n<meta property=\"og:locale\" content=\"fr_FR\" \/>\n<meta property=\"og:type\" content=\"article\" \/>\n<meta property=\"og:title\" content=\"RC 235B - Cool Head Europe\" \/>\n<meta property=\"og:description\" content=\"Vitrine r\u00e9frig\u00e9r\u00e9e de comptoir blanche avec verre droit, \u00e9quip\u00e9e d&#039;un affichage num\u00e9rique pour le contr\u00f4le de la temp\u00e9rature, de lampes LED internes et d&#039;\u00e9tag\u00e8res noires r\u00e9glables.\" \/>\n<meta property=\"og:url\" content=\"https:\/\/www.coolheadeurope.com\/prodotto\/display\/display-verticali\/rc-235b\/\" \/>\n<meta property=\"og:site_name\" content=\"Cool Head Europe\" \/>\n<meta property=\"article:modified_time\" content=\"2026-02-08T06:58:44+00:00\" \/>\n<meta property=\"og:image\" content=\"https:\/\/www.coolheadeurope.com\/wp-content\/uploads\/2026\/04\/RC-235B-CORPO_CH_LOW-22.png\" \/>\n\t<meta property=\"og:image:width\" content=\"252\" \/>\n\t<meta property=\"og:image:height\" content=\"567\" \/>\n\t<meta property=\"og:image:type\" content=\"image\/png\" \/>\n<meta name=\"twitter:card\" content=\"summary_large_image\" \/>\n<!-- \/ Yoast SEO plugin. -->","yoast_head_json":{"title":"RC 235B - Cool Head Europe","robots":{"index":"index","follow":"follow","max-snippet":"max-snippet:-1","max-image-preview":"max-image-preview:large","max-video-preview":"max-video-preview:-1"},"canonical":"https:\/\/www.coolheadeurope.com\/prodotto\/display\/display-verticali\/rc-235b\/","og_locale":"fr_FR","og_type":"article","og_title":"RC 235B - Cool Head Europe","og_description":"Vitrine r\u00e9frig\u00e9r\u00e9e de comptoir blanche avec verre droit, \u00e9quip\u00e9e d'un affichage num\u00e9rique pour le contr\u00f4le de la temp\u00e9rature, de lampes LED internes et d'\u00e9tag\u00e8res noires r\u00e9glables.","og_url":"https:\/\/www.coolheadeurope.com\/prodotto\/display\/display-verticali\/rc-235b\/","og_site_name":"Cool Head Europe","article_modified_time":"2026-02-08T06:58:44+00:00","og_image":[{"width":252,"height":567,"url":"https:\/\/www.coolheadeurope.com\/wp-content\/uploads\/2026\/04\/RC-235B-CORPO_CH_LOW-22.png","type":"image\/png"}],"twitter_card":"summary_large_image","schema":{"@context":"https:\/\/schema.org","@graph":[{"@type":"WebPage","@id":"https:\/\/www.coolheadeurope.com\/prodotto\/display\/display-verticali\/rc-235b\/","url":"https:\/\/www.coolheadeurope.com\/prodotto\/display\/display-verticali\/rc-235b\/","name":"RC 235B - Cool Head Europe","isPartOf":{"@id":"https:\/\/www.coolheadeurope.com\/#website"},"primaryImageOfPage":{"@id":"https:\/\/www.coolheadeurope.com\/prodotto\/display\/display-verticali\/rc-235b\/#primaryimage"},"image":{"@id":"https:\/\/www.coolheadeurope.com\/prodotto\/display\/display-verticali\/rc-235b\/#primaryimage"},"thumbnailUrl":"https:\/\/www.coolheadeurope.com\/wp-content\/uploads\/2026\/04\/RC-235B-CORPO_CH_LOW.png","datePublished":"2025-04-16T19:01:38+00:00","dateModified":"2026-02-08T06:58:44+00:00","breadcrumb":{"@id":"https:\/\/www.coolheadeurope.com\/prodotto\/display\/display-verticali\/rc-235b\/#breadcrumb"},"inLanguage":"fr-FR","potentialAction":[{"@type":"ReadAction","target":["https:\/\/www.coolheadeurope.com\/prodotto\/display\/display-verticali\/rc-235b\/"]}]},{"@type":"ImageObject","inLanguage":"fr-FR","@id":"https:\/\/www.coolheadeurope.com\/prodotto\/display\/display-verticali\/rc-235b\/#primaryimage","url":"https:\/\/www.coolheadeurope.com\/wp-content\/uploads\/2026\/04\/RC-235B-CORPO_CH_LOW.png","contentUrl":"https:\/\/www.coolheadeurope.com\/wp-content\/uploads\/2026\/04\/RC-235B-CORPO_CH_LOW.png","width":252,"height":567,"caption":"Immagine di RC 235B"},{"@type":"BreadcrumbList","@id":"https:\/\/www.coolheadeurope.com\/prodotto\/display\/display-verticali\/rc-235b\/#breadcrumb","itemListElement":[{"@type":"ListItem","position":1,"name":"Home","item":"https:\/\/www.coolheadeurope.com\/fr\/"},{"@type":"ListItem","position":2,"name":"Rechercher","item":"https:\/\/www.coolheadeurope.com\/cerca\/"},{"@type":"ListItem","position":3,"name":"RC 235B"}]},{"@type":"WebSite","@id":"https:\/\/www.coolheadeurope.com\/#website","url":"https:\/\/www.coolheadeurope.com\/","name":"Cool Head Europe","description":"We make the world a cooler place","potentialAction":[{"@type":"SearchAction","target":{"@type":"EntryPoint","urlTemplate":"https:\/\/www.coolheadeurope.com\/?s={search_term_string}"},"query-input":{"@type":"PropertyValueSpecification","valueRequired":true,"valueName":"search_term_string"}}],"inLanguage":"fr-FR"}]}},"_links":{"self":[{"href":"https:\/\/www.coolheadeurope.com\/fr\/wp-json\/wp\/v2\/product\/3501565","targetHints":{"allow":["GET"]}}],"collection":[{"href":"https:\/\/www.coolheadeurope.com\/fr\/wp-json\/wp\/v2\/product"}],"about":[{"href":"https:\/\/www.coolheadeurope.com\/fr\/wp-json\/wp\/v2\/types\/product"}],"wp:featuredmedia":[{"embeddable":true,"href":"https:\/\/www.coolheadeurope.com\/fr\/wp-json\/wp\/v2\/media\/3881551"}],"wp:attachment":[{"href":"https:\/\/www.coolheadeurope.com\/fr\/wp-json\/wp\/v2\/media?parent=3501565"}],"wp:term":[{"taxonomy":"product_brand","embeddable":true,"href":"https:\/\/www.coolheadeurope.com\/fr\/wp-json\/wp\/v2\/product_brand?post=3501565"},{"taxonomy":"product_cat","embeddable":true,"href":"https:\/\/www.coolheadeurope.com\/fr\/wp-json\/wp\/v2\/product_cat?post=3501565"},{"taxonomy":"product_tag","embeddable":true,"href":"https:\/\/www.coolheadeurope.com\/fr\/wp-json\/wp\/v2\/product_tag?post=3501565"}],"curies":[{"name":"wp","href":"https:\/\/api.w.org\/{rel}","templated":true}]}}