{"id":3501567,"date":"2025-04-16T19:45:17","date_gmt":"2025-04-16T19:45:17","guid":{"rendered":"https:\/\/www.coolheadeurope.com\/prodotto\/non%20class\u00e9\/rs-80sq\/"},"modified":"2026-02-08T06:58:47","modified_gmt":"2026-02-08T06:58:47","slug":"rs-80sq","status":"publish","type":"product","link":"https:\/\/www.coolheadeurope.com\/fr\/prodotto\/presentoirs\/vitrine-de-comptoir\/rs-80sq\/","title":{"rendered":"RS 80SQ"},"content":{"rendered":"<p>Vitrine horizontale (SUSHI)<br \/>\nVitre carr\u00e9 et peinture ext\u00e9rieure noire en aluminium<br \/>\nRefroidissement statique<br \/>\nAgent moussant: Cyclopentane (25 mm par c\u00f4t\u00e9 &#8211; Sans CFC)<br \/>\nCycle de d\u00e9givrage automatique par arr\u00eat du compresseur<br \/>\nCommande \u00e0 afficheur num\u00e9rique<br \/>\nLampe LED interne (avec commutateur ind\u00e9pendant)<br \/>\nCommutateur principal ind\u00e9pendant<br \/>\nVitre tremp\u00e9e carr\u00e9 avec charni\u00e8res permettant un nettoyage facile<br \/>\nPortes coulissantes arri\u00e8re<br \/>\nCompresseur herm\u00e9tique avec condenseur ventil\u00e9 sous-tropicalis\u00e9<br \/>\nDouble syst\u00e8me de refroidissement entre la partie sup\u00e9rieure et la partie inf\u00e9rieure pour les aliments les plus exigeants (comme le SUSHI)<br \/>\nClasse \u00e9nerg\u00e9tique: &#8211;<\/p>\n","protected":false},"excerpt":{"rendered":"<p>Le mod\u00e8le RS 80SQ a \u00e9t\u00e9 con\u00e7u pour donner la plus grande attention \u00e0 vos sushi. Cette vitrine r\u00e9frig\u00e9r\u00e9e est \u00e9quip\u00e9e d&rsquo;un double vitrage tremp\u00e9 carr\u00e9 avec charni\u00e8re, de portes coulissantes haute r\u00e9sistance et d&rsquo;une lampe interne \u00e0 LED avec interrupteur ind\u00e9pendant.<\/p>\n","protected":false},"featured_media":3881564,"template":"","meta":[],"product_brand":[],"product_cat":[7406,7409],"product_tag":[],"class_list":{"0":"post-3501567","1":"product","2":"type-product","3":"status-publish","4":"has-post-thumbnail","6":"product_cat-presentoirs","7":"product_cat-vitrine-de-comptoir","8":"pa_capacite-commerciale-98-l","9":"pa_consommation-denergie-2-28-kw-24h","10":"pa_hauteur-exterieure-300-mm","11":"pa_hauteur-interieure-250-mm","12":"pa_largeur-exterieure-1680-mm","13":"pa_largeur-interne-1380-mm","14":"pa_niveau-sonore-55-dba","15":"pa_poids-brut-95-kg","16":"pa_poids-net-75-kg","17":"pa_profondeur-externe-380-mm","18":"pa_profondeur-interne-350-mm","19":"pa_puissance-90-w","21":"first","22":"instock","23":"product-type-simple"},"acf":[],"yoast_head":"<!-- This site is optimized with the Yoast SEO plugin v27.2 - https:\/\/yoast.com\/product\/yoast-seo-wordpress\/ -->\n<title>RS 80SQ - Cool Head Europe<\/title>\n<meta name=\"robots\" content=\"index, follow, max-snippet:-1, max-image-preview:large, max-video-preview:-1\" \/>\n<link rel=\"canonical\" href=\"https:\/\/www.coolheadeurope.com\/prodotto\/display\/espositori-da-banco\/rs-80sq\/\" \/>\n<meta property=\"og:locale\" content=\"fr_FR\" \/>\n<meta property=\"og:type\" content=\"article\" \/>\n<meta property=\"og:title\" content=\"RS 80SQ - Cool Head Europe\" \/>\n<meta property=\"og:description\" content=\"Le mod\u00e8le RS 80SQ a \u00e9t\u00e9 con\u00e7u pour donner la plus grande attention \u00e0 vos sushi. Cette vitrine r\u00e9frig\u00e9r\u00e9e est \u00e9quip\u00e9e d&#039;un double vitrage tremp\u00e9 carr\u00e9 avec charni\u00e8re, de portes coulissantes haute r\u00e9sistance et d&#039;une lampe interne \u00e0 LED avec interrupteur ind\u00e9pendant.\" \/>\n<meta property=\"og:url\" content=\"https:\/\/www.coolheadeurope.com\/prodotto\/display\/espositori-da-banco\/rs-80sq\/\" \/>\n<meta property=\"og:site_name\" content=\"Cool Head Europe\" \/>\n<meta property=\"article:modified_time\" content=\"2026-02-08T06:58:47+00:00\" \/>\n<meta property=\"og:image\" content=\"https:\/\/www.coolheadeurope.com\/wp-content\/uploads\/2026\/04\/RS-80SQ-CORPO_CH_LOW-20.png\" \/>\n\t<meta property=\"og:image:width\" content=\"567\" \/>\n\t<meta property=\"og:image:height\" content=\"209\" \/>\n\t<meta property=\"og:image:type\" content=\"image\/png\" \/>\n<meta name=\"twitter:card\" content=\"summary_large_image\" \/>\n<!-- \/ Yoast SEO plugin. -->","yoast_head_json":{"title":"RS 80SQ - Cool Head Europe","robots":{"index":"index","follow":"follow","max-snippet":"max-snippet:-1","max-image-preview":"max-image-preview:large","max-video-preview":"max-video-preview:-1"},"canonical":"https:\/\/www.coolheadeurope.com\/prodotto\/display\/espositori-da-banco\/rs-80sq\/","og_locale":"fr_FR","og_type":"article","og_title":"RS 80SQ - Cool Head Europe","og_description":"Le mod\u00e8le RS 80SQ a \u00e9t\u00e9 con\u00e7u pour donner la plus grande attention \u00e0 vos sushi. Cette vitrine r\u00e9frig\u00e9r\u00e9e est \u00e9quip\u00e9e d'un double vitrage tremp\u00e9 carr\u00e9 avec charni\u00e8re, de portes coulissantes haute r\u00e9sistance et d'une lampe interne \u00e0 LED avec interrupteur ind\u00e9pendant.","og_url":"https:\/\/www.coolheadeurope.com\/prodotto\/display\/espositori-da-banco\/rs-80sq\/","og_site_name":"Cool Head Europe","article_modified_time":"2026-02-08T06:58:47+00:00","og_image":[{"width":567,"height":209,"url":"https:\/\/www.coolheadeurope.com\/wp-content\/uploads\/2026\/04\/RS-80SQ-CORPO_CH_LOW-20.png","type":"image\/png"}],"twitter_card":"summary_large_image","schema":{"@context":"https:\/\/schema.org","@graph":[{"@type":"WebPage","@id":"https:\/\/www.coolheadeurope.com\/prodotto\/display\/espositori-da-banco\/rs-80sq\/","url":"https:\/\/www.coolheadeurope.com\/prodotto\/display\/espositori-da-banco\/rs-80sq\/","name":"RS 80SQ - Cool Head Europe","isPartOf":{"@id":"https:\/\/www.coolheadeurope.com\/#website"},"primaryImageOfPage":{"@id":"https:\/\/www.coolheadeurope.com\/prodotto\/display\/espositori-da-banco\/rs-80sq\/#primaryimage"},"image":{"@id":"https:\/\/www.coolheadeurope.com\/prodotto\/display\/espositori-da-banco\/rs-80sq\/#primaryimage"},"thumbnailUrl":"https:\/\/www.coolheadeurope.com\/wp-content\/uploads\/2026\/04\/RS-80SQ-CORPO_CH_LOW.png","datePublished":"2025-04-16T19:45:17+00:00","dateModified":"2026-02-08T06:58:47+00:00","breadcrumb":{"@id":"https:\/\/www.coolheadeurope.com\/prodotto\/display\/espositori-da-banco\/rs-80sq\/#breadcrumb"},"inLanguage":"fr-FR","potentialAction":[{"@type":"ReadAction","target":["https:\/\/www.coolheadeurope.com\/prodotto\/display\/espositori-da-banco\/rs-80sq\/"]}]},{"@type":"ImageObject","inLanguage":"fr-FR","@id":"https:\/\/www.coolheadeurope.com\/prodotto\/display\/espositori-da-banco\/rs-80sq\/#primaryimage","url":"https:\/\/www.coolheadeurope.com\/wp-content\/uploads\/2026\/04\/RS-80SQ-CORPO_CH_LOW.png","contentUrl":"https:\/\/www.coolheadeurope.com\/wp-content\/uploads\/2026\/04\/RS-80SQ-CORPO_CH_LOW.png","width":567,"height":209,"caption":"Immagine di RS 80SQ"},{"@type":"BreadcrumbList","@id":"https:\/\/www.coolheadeurope.com\/prodotto\/display\/espositori-da-banco\/rs-80sq\/#breadcrumb","itemListElement":[{"@type":"ListItem","position":1,"name":"Home","item":"https:\/\/www.coolheadeurope.com\/fr\/"},{"@type":"ListItem","position":2,"name":"Rechercher","item":"https:\/\/www.coolheadeurope.com\/cerca\/"},{"@type":"ListItem","position":3,"name":"RS 80SQ"}]},{"@type":"WebSite","@id":"https:\/\/www.coolheadeurope.com\/#website","url":"https:\/\/www.coolheadeurope.com\/","name":"Cool Head Europe","description":"We make the world a cooler place","potentialAction":[{"@type":"SearchAction","target":{"@type":"EntryPoint","urlTemplate":"https:\/\/www.coolheadeurope.com\/?s={search_term_string}"},"query-input":{"@type":"PropertyValueSpecification","valueRequired":true,"valueName":"search_term_string"}}],"inLanguage":"fr-FR"}]}},"_links":{"self":[{"href":"https:\/\/www.coolheadeurope.com\/fr\/wp-json\/wp\/v2\/product\/3501567","targetHints":{"allow":["GET"]}}],"collection":[{"href":"https:\/\/www.coolheadeurope.com\/fr\/wp-json\/wp\/v2\/product"}],"about":[{"href":"https:\/\/www.coolheadeurope.com\/fr\/wp-json\/wp\/v2\/types\/product"}],"wp:featuredmedia":[{"embeddable":true,"href":"https:\/\/www.coolheadeurope.com\/fr\/wp-json\/wp\/v2\/media\/3881564"}],"wp:attachment":[{"href":"https:\/\/www.coolheadeurope.com\/fr\/wp-json\/wp\/v2\/media?parent=3501567"}],"wp:term":[{"taxonomy":"product_brand","embeddable":true,"href":"https:\/\/www.coolheadeurope.com\/fr\/wp-json\/wp\/v2\/product_brand?post=3501567"},{"taxonomy":"product_cat","embeddable":true,"href":"https:\/\/www.coolheadeurope.com\/fr\/wp-json\/wp\/v2\/product_cat?post=3501567"},{"taxonomy":"product_tag","embeddable":true,"href":"https:\/\/www.coolheadeurope.com\/fr\/wp-json\/wp\/v2\/product_tag?post=3501567"}],"curies":[{"name":"wp","href":"https:\/\/api.w.org\/{rel}","templated":true}]}}