{"id":3501569,"date":"2025-04-16T20:29:28","date_gmt":"2025-04-16T20:29:28","guid":{"rendered":"https:\/\/www.coolheadeurope.com\/prodotto\/non%20class\u00e9\/mv-604b\/"},"modified":"2026-02-08T07:19:37","modified_gmt":"2026-02-08T07:19:37","slug":"mv-604b","status":"publish","type":"product","link":"https:\/\/www.coolheadeurope.com\/fr\/prodotto\/vitrines\/viande\/mv-604b\/","title":{"rendered":"MV 604B"},"content":{"rendered":"<p>R\u00e9frig\u00e9rateur \u00e0 viande panoramic 600 litres (noir)<br \/>\nVitre plate avec cadre noire<br \/>\nPanneau avant en acier peint noir<br \/>\nRefroidissement ventil\u00e9<br \/>\nTriple verre tremp\u00e9 de s\u00e9curit\u00e9 avec Low-e et gaz Argon<br \/>\nCycle de d\u00e9givrage au gaz chaud<br \/>\nSyst\u00e8me d\u2019\u00e9vaporation de l\u2019eau de condensation par le gaz chaud<br \/>\n\u00c9vaporateur trait\u00e9 anti-corrosion<br \/>\nThermostat num\u00e9rique avec alarme de temp\u00e9rature \u00e9lev\u00e9e (Hi)<br \/>\nCommande num\u00e9rique avec fonction Wi-Fi<br \/>\nHumidit\u00e9 r\u00e9glable en pourcentage (de 50 % \u00e0 80 %)<br \/>\nLampe germicide UVC<br \/>\nPorte r\u00e9versible uniquement sur demande (sans fermeture automatique)<br \/>\nLampe LED interne (Couleur rose)<br \/>\nClayettes acier inoxydable bross\u00e9es r\u00e9glables (Pi\u00e8ces N\u00b0 2) + barre suspendue N.1<br \/>\nRoulette pivotante N\u00b0 4<br \/>\nClasse \u00e9nerg\u00e9tique: A<\/p>\n","protected":false},"excerpt":{"rendered":"<p>La vitrine de maturation des viandes MV 604B parvient \u00e0 attirer l&rsquo;attention du visiteur par son raffinement, tout en s&rsquo;adaptant \u00e0 tous les contextes gr\u00e2ce \u00e0 sa discr\u00e9tion.<br \/>\nCe mod\u00e8le avec une seule porte de 900 mm a \u00e9t\u00e9 con\u00e7u pour les petits espaces, et a pour but de mettre en valeur les produits expos\u00e9s \u00e0 l&rsquo;int\u00e9rieur gr\u00e2ce aux 4 faces vitr\u00e9es panoramiques avec s\u00e9rigraphie noire, aux 2 \u00e9tag\u00e8res m\u00e9talliques + barre \u00e0 viande et aux 4 lampes internes \u00e0 LED roses.<br \/>\nDe classe \u00e9nerg\u00e9tique A, le MV 404B est \u00e9quip\u00e9 d&rsquo;un thermostat digital avec connexion Wi-Fi qui vous permet de contr\u00f4ler et d&rsquo;ajuster la temp\u00e9rature interne sur le smartphone ou tablet.<\/p>\n","protected":false},"featured_media":3892592,"template":"","meta":[],"product_brand":[],"product_cat":[7391,7396],"product_tag":[],"class_list":{"0":"post-3501569","1":"product","2":"type-product","3":"status-publish","4":"has-post-thumbnail","6":"product_cat-vitrines","7":"product_cat-viande","8":"pa_capacite-commerciale-600-l","9":"pa_consommation-denergie-3-24-kw-24h","10":"pa_hauteur-exterieure-1900-mm","11":"pa_hauteur-interieure-1200-mm","12":"pa_largeur-exterieure-900-mm","13":"pa_largeur-interne-800-mm","14":"pa_niveau-sonore-52-dba","15":"pa_poids-brut-206-kg","16":"pa_poids-net-171-kg","17":"pa_profondeur-externe-650-mm","18":"pa_profondeur-interne-550-mm","19":"pa_puissance-322-w","21":"first","22":"instock","23":"product-type-simple"},"acf":[],"yoast_head":"<!-- This site is optimized with the Yoast SEO plugin v27.2 - https:\/\/yoast.com\/product\/yoast-seo-wordpress\/ -->\n<title>MV 604B - Cool Head Europe<\/title>\n<meta name=\"robots\" content=\"index, follow, max-snippet:-1, max-image-preview:large, max-video-preview:-1\" \/>\n<link rel=\"canonical\" href=\"https:\/\/www.coolheadeurope.com\/prodotto\/vetrine\/carne-vetrine\/mv-604b\/\" \/>\n<meta property=\"og:locale\" content=\"fr_FR\" \/>\n<meta property=\"og:type\" content=\"article\" \/>\n<meta property=\"og:title\" content=\"MV 604B - Cool Head Europe\" \/>\n<meta property=\"og:description\" content=\"La vitrine de maturation des viandes MV 604B parvient \u00e0 attirer l&#039;attention du visiteur par son raffinement, tout en s&#039;adaptant \u00e0 tous les contextes gr\u00e2ce \u00e0 sa discr\u00e9tion. Ce mod\u00e8le avec une seule porte de 900 mm a \u00e9t\u00e9 con\u00e7u pour les petits espaces, et a pour but de mettre en valeur les produits expos\u00e9s \u00e0 l&#039;int\u00e9rieur gr\u00e2ce aux 4 faces vitr\u00e9es panoramiques avec s\u00e9rigraphie noire, aux 2 \u00e9tag\u00e8res m\u00e9talliques + barre \u00e0 viande et aux 4 lampes internes \u00e0 LED roses. De classe \u00e9nerg\u00e9tique A, le MV 404B est \u00e9quip\u00e9 d&#039;un thermostat digital avec connexion Wi-Fi qui vous permet de contr\u00f4ler et d&#039;ajuster la temp\u00e9rature interne sur le smartphone ou tablet.\" \/>\n<meta property=\"og:url\" content=\"https:\/\/www.coolheadeurope.com\/prodotto\/vetrine\/carne-vetrine\/mv-604b\/\" \/>\n<meta property=\"og:site_name\" content=\"Cool Head Europe\" \/>\n<meta property=\"article:modified_time\" content=\"2026-02-08T07:19:37+00:00\" \/>\n<meta property=\"og:image\" content=\"https:\/\/www.coolheadeurope.com\/wp-content\/uploads\/2026\/04\/MV-604B-CORPO_VS_LOW-16.png\" \/>\n\t<meta property=\"og:image:width\" content=\"311\" \/>\n\t<meta property=\"og:image:height\" content=\"541\" \/>\n\t<meta property=\"og:image:type\" content=\"image\/png\" \/>\n<meta name=\"twitter:card\" content=\"summary_large_image\" \/>\n<meta name=\"twitter:label1\" content=\"Dur\u00e9e de lecture estim\u00e9e\" \/>\n\t<meta name=\"twitter:data1\" content=\"1 minute\" \/>\n<!-- \/ Yoast SEO plugin. -->","yoast_head_json":{"title":"MV 604B - Cool Head Europe","robots":{"index":"index","follow":"follow","max-snippet":"max-snippet:-1","max-image-preview":"max-image-preview:large","max-video-preview":"max-video-preview:-1"},"canonical":"https:\/\/www.coolheadeurope.com\/prodotto\/vetrine\/carne-vetrine\/mv-604b\/","og_locale":"fr_FR","og_type":"article","og_title":"MV 604B - Cool Head Europe","og_description":"La vitrine de maturation des viandes MV 604B parvient \u00e0 attirer l'attention du visiteur par son raffinement, tout en s'adaptant \u00e0 tous les contextes gr\u00e2ce \u00e0 sa discr\u00e9tion. Ce mod\u00e8le avec une seule porte de 900 mm a \u00e9t\u00e9 con\u00e7u pour les petits espaces, et a pour but de mettre en valeur les produits expos\u00e9s \u00e0 l'int\u00e9rieur gr\u00e2ce aux 4 faces vitr\u00e9es panoramiques avec s\u00e9rigraphie noire, aux 2 \u00e9tag\u00e8res m\u00e9talliques + barre \u00e0 viande et aux 4 lampes internes \u00e0 LED roses. De classe \u00e9nerg\u00e9tique A, le MV 404B est \u00e9quip\u00e9 d'un thermostat digital avec connexion Wi-Fi qui vous permet de contr\u00f4ler et d'ajuster la temp\u00e9rature interne sur le smartphone ou tablet.","og_url":"https:\/\/www.coolheadeurope.com\/prodotto\/vetrine\/carne-vetrine\/mv-604b\/","og_site_name":"Cool Head Europe","article_modified_time":"2026-02-08T07:19:37+00:00","og_image":[{"width":311,"height":541,"url":"https:\/\/www.coolheadeurope.com\/wp-content\/uploads\/2026\/04\/MV-604B-CORPO_VS_LOW-16.png","type":"image\/png"}],"twitter_card":"summary_large_image","twitter_misc":{"Dur\u00e9e de lecture estim\u00e9e":"1 minute"},"schema":{"@context":"https:\/\/schema.org","@graph":[{"@type":"WebPage","@id":"https:\/\/www.coolheadeurope.com\/prodotto\/vetrine\/carne-vetrine\/mv-604b\/","url":"https:\/\/www.coolheadeurope.com\/prodotto\/vetrine\/carne-vetrine\/mv-604b\/","name":"MV 604B - Cool Head Europe","isPartOf":{"@id":"https:\/\/www.coolheadeurope.com\/#website"},"primaryImageOfPage":{"@id":"https:\/\/www.coolheadeurope.com\/prodotto\/vetrine\/carne-vetrine\/mv-604b\/#primaryimage"},"image":{"@id":"https:\/\/www.coolheadeurope.com\/prodotto\/vetrine\/carne-vetrine\/mv-604b\/#primaryimage"},"thumbnailUrl":"https:\/\/www.coolheadeurope.com\/wp-content\/uploads\/2026\/05\/MV-604B-CORPO_VS_LOW.png","datePublished":"2025-04-16T20:29:28+00:00","dateModified":"2026-02-08T07:19:37+00:00","breadcrumb":{"@id":"https:\/\/www.coolheadeurope.com\/prodotto\/vetrine\/carne-vetrine\/mv-604b\/#breadcrumb"},"inLanguage":"fr-FR","potentialAction":[{"@type":"ReadAction","target":["https:\/\/www.coolheadeurope.com\/prodotto\/vetrine\/carne-vetrine\/mv-604b\/"]}]},{"@type":"ImageObject","inLanguage":"fr-FR","@id":"https:\/\/www.coolheadeurope.com\/prodotto\/vetrine\/carne-vetrine\/mv-604b\/#primaryimage","url":"https:\/\/www.coolheadeurope.com\/wp-content\/uploads\/2026\/05\/MV-604B-CORPO_VS_LOW.png","contentUrl":"https:\/\/www.coolheadeurope.com\/wp-content\/uploads\/2026\/05\/MV-604B-CORPO_VS_LOW.png","width":311,"height":541,"caption":"Immagine di MV 604B"},{"@type":"BreadcrumbList","@id":"https:\/\/www.coolheadeurope.com\/prodotto\/vetrine\/carne-vetrine\/mv-604b\/#breadcrumb","itemListElement":[{"@type":"ListItem","position":1,"name":"Home","item":"https:\/\/www.coolheadeurope.com\/fr\/"},{"@type":"ListItem","position":2,"name":"Rechercher","item":"https:\/\/www.coolheadeurope.com\/cerca\/"},{"@type":"ListItem","position":3,"name":"MV 604B"}]},{"@type":"WebSite","@id":"https:\/\/www.coolheadeurope.com\/#website","url":"https:\/\/www.coolheadeurope.com\/","name":"Cool Head Europe","description":"We make the world a cooler place","potentialAction":[{"@type":"SearchAction","target":{"@type":"EntryPoint","urlTemplate":"https:\/\/www.coolheadeurope.com\/?s={search_term_string}"},"query-input":{"@type":"PropertyValueSpecification","valueRequired":true,"valueName":"search_term_string"}}],"inLanguage":"fr-FR"}]}},"_links":{"self":[{"href":"https:\/\/www.coolheadeurope.com\/fr\/wp-json\/wp\/v2\/product\/3501569","targetHints":{"allow":["GET"]}}],"collection":[{"href":"https:\/\/www.coolheadeurope.com\/fr\/wp-json\/wp\/v2\/product"}],"about":[{"href":"https:\/\/www.coolheadeurope.com\/fr\/wp-json\/wp\/v2\/types\/product"}],"wp:featuredmedia":[{"embeddable":true,"href":"https:\/\/www.coolheadeurope.com\/fr\/wp-json\/wp\/v2\/media\/3892592"}],"wp:attachment":[{"href":"https:\/\/www.coolheadeurope.com\/fr\/wp-json\/wp\/v2\/media?parent=3501569"}],"wp:term":[{"taxonomy":"product_brand","embeddable":true,"href":"https:\/\/www.coolheadeurope.com\/fr\/wp-json\/wp\/v2\/product_brand?post=3501569"},{"taxonomy":"product_cat","embeddable":true,"href":"https:\/\/www.coolheadeurope.com\/fr\/wp-json\/wp\/v2\/product_cat?post=3501569"},{"taxonomy":"product_tag","embeddable":true,"href":"https:\/\/www.coolheadeurope.com\/fr\/wp-json\/wp\/v2\/product_tag?post=3501569"}],"curies":[{"name":"wp","href":"https:\/\/api.w.org\/{rel}","templated":true}]}}