{"id":3889094,"date":"2026-05-05T18:44:19","date_gmt":"2026-05-05T18:44:19","guid":{"rendered":"https:\/\/www.coolheadeurope.com\/prodotto\/non%20class\u00e9\/qr-58\/"},"modified":"2026-05-05T18:44:24","modified_gmt":"2026-05-05T18:44:24","slug":"qr-58-2","status":"publish","type":"product","link":"https:\/\/www.coolheadeurope.com\/fr\/prodotto\/inox-fr\/armoires-fr\/qr-58-2\/","title":{"rendered":"QR 58"},"content":{"rendered":"<p>Ext\u00e9rieur et int\u00e9rieur en acier inoxydable<br \/>\nAnti-condensation  \u00ab\u00a0disjoncteur thermique \u00a0\u00bb sur le cadre du corps<br \/>\nRefroidissement ventil\u00e9<br \/>\n\u00c9vaporateur trait\u00e9 anti-corrosion<br \/>\nCycle de d\u00e9givrage au gaz chaud<br \/>\nAgent moussant : Cyclopentane (70 mm)<br \/>\nBord incurv\u00e9 pour un nettoyage facile<br \/>\nThermostat num\u00e9rique<br \/>\nCommutateur principal r\u00e9tro-\u00e9clair\u00e9 blanc<br \/>\nLampe LED et serrure mont\u00e9es de s\u00e9rie<br \/>\nJoint d&rsquo;\u00e9tanch\u00e9it\u00e9 amovible<br \/>\nPorte: \u00e0 fermeture automatique et porte r\u00e9versible mont\u00e9e de s\u00e9rie<br \/>\nPoign\u00e9e de porte en mousse<\/p>\n<p>Pieds r\u00e9glables S\/S N\u00b0 4 &#8211; (Roulettes verrouillable en option)<br \/>\nClasse \u00e9nerg\u00e9tique: D<\/p>\n","protected":false},"excerpt":{"rendered":"<p>Ext\u00e9rieur et int\u00e9rieur en acier inoxydable Anti-condensation \u00ab\u00a0disjoncteur thermique \u00a0\u00bb sur le cadre du corps Refroidissement ventil\u00e9 \u00c9vaporateur trait\u00e9 anti-corrosion Cycle de d\u00e9givrage au gaz chaud Agent moussant : Cyclopentane (70 mm) Bord incurv\u00e9 pour un nettoyage facile Thermostat num\u00e9rique Commutateur principal r\u00e9tro-\u00e9clair\u00e9 blanc Lampe LED et serrure mont\u00e9es de s\u00e9rie Joint d&rsquo;\u00e9tanch\u00e9it\u00e9 amovible Porte: [&hellip;]<\/p>\n","protected":false},"featured_media":3922442,"template":"","meta":[],"product_brand":[],"product_cat":[7397,7399],"product_tag":[],"class_list":{"0":"post-3889094","1":"product","2":"type-product","3":"status-publish","4":"has-post-thumbnail","6":"product_cat-inox-fr","7":"product_cat-armoires-fr","8":"pa_capacite-commerciale-500-l","9":"pa_consommation-denergie-1-6-kw-24h","10":"pa_hauteur-exterieure-1990-mm","11":"pa_hauteur-interieure-1476-mm","12":"pa_largeur-exterieure-940-mm","13":"pa_largeur-interne-800-mm","14":"pa_niveau-sonore-58-dba","15":"pa_poids-brut-133-00-kg","16":"pa_poids-net-121-00-kg","17":"pa_profondeur-externe-730-mm","18":"pa_profondeur-interne-561-mm","19":"pa_puissance-182-w","21":"first","22":"instock","23":"product-type-simple"},"acf":[],"yoast_head":"<!-- This site is optimized with the Yoast SEO plugin v27.2 - https:\/\/yoast.com\/product\/yoast-seo-wordpress\/ -->\n<title>QR 58 - Cool Head Europe<\/title>\n<meta name=\"robots\" content=\"index, follow, max-snippet:-1, max-image-preview:large, max-video-preview:-1\" \/>\n<link rel=\"canonical\" href=\"https:\/\/www.coolheadeurope.com\/prodotto\/inox\/armadi\/qr-58-2\/\" \/>\n<meta property=\"og:locale\" content=\"fr_FR\" \/>\n<meta property=\"og:type\" content=\"article\" \/>\n<meta property=\"og:title\" content=\"QR 58 - Cool Head Europe\" \/>\n<meta property=\"og:description\" content=\"Ext\u00e9rieur et int\u00e9rieur en acier inoxydable Anti-condensation \u00ab\u00a0disjoncteur thermique \u00a0\u00bb sur le cadre du corps Refroidissement ventil\u00e9 \u00c9vaporateur trait\u00e9 anti-corrosion Cycle de d\u00e9givrage au gaz chaud Agent moussant : Cyclopentane (70 mm) Bord incurv\u00e9 pour un nettoyage facile Thermostat num\u00e9rique Commutateur principal r\u00e9tro-\u00e9clair\u00e9 blanc Lampe LED et serrure mont\u00e9es de s\u00e9rie Joint d&rsquo;\u00e9tanch\u00e9it\u00e9 amovible Porte: [&hellip;]\" \/>\n<meta property=\"og:url\" content=\"https:\/\/www.coolheadeurope.com\/prodotto\/inox\/armadi\/qr-58-2\/\" \/>\n<meta property=\"og:site_name\" content=\"Cool Head Europe\" \/>\n<meta property=\"article:modified_time\" content=\"2026-05-05T18:44:24+00:00\" \/>\n<meta property=\"og:image\" content=\"https:\/\/www.coolheadeurope.com\/wp-content\/uploads\/2026\/05\/QR-58-CORPO_CH_LOW.png\" \/>\n\t<meta property=\"og:image:width\" content=\"377\" \/>\n\t<meta property=\"og:image:height\" content=\"567\" \/>\n\t<meta property=\"og:image:type\" content=\"image\/png\" \/>\n<meta name=\"twitter:card\" content=\"summary_large_image\" \/>\n<!-- \/ Yoast SEO plugin. -->","yoast_head_json":{"title":"QR 58 - Cool Head Europe","robots":{"index":"index","follow":"follow","max-snippet":"max-snippet:-1","max-image-preview":"max-image-preview:large","max-video-preview":"max-video-preview:-1"},"canonical":"https:\/\/www.coolheadeurope.com\/prodotto\/inox\/armadi\/qr-58-2\/","og_locale":"fr_FR","og_type":"article","og_title":"QR 58 - Cool Head Europe","og_description":"Ext\u00e9rieur et int\u00e9rieur en acier inoxydable Anti-condensation \u00ab\u00a0disjoncteur thermique \u00a0\u00bb sur le cadre du corps Refroidissement ventil\u00e9 \u00c9vaporateur trait\u00e9 anti-corrosion Cycle de d\u00e9givrage au gaz chaud Agent moussant : Cyclopentane (70 mm) Bord incurv\u00e9 pour un nettoyage facile Thermostat num\u00e9rique Commutateur principal r\u00e9tro-\u00e9clair\u00e9 blanc Lampe LED et serrure mont\u00e9es de s\u00e9rie Joint d&rsquo;\u00e9tanch\u00e9it\u00e9 amovible Porte: [&hellip;]","og_url":"https:\/\/www.coolheadeurope.com\/prodotto\/inox\/armadi\/qr-58-2\/","og_site_name":"Cool Head Europe","article_modified_time":"2026-05-05T18:44:24+00:00","og_image":[{"width":377,"height":567,"url":"https:\/\/www.coolheadeurope.com\/wp-content\/uploads\/2026\/05\/QR-58-CORPO_CH_LOW.png","type":"image\/png"}],"twitter_card":"summary_large_image","schema":{"@context":"https:\/\/schema.org","@graph":[{"@type":"WebPage","@id":"https:\/\/www.coolheadeurope.com\/prodotto\/inox\/armadi\/qr-58-2\/","url":"https:\/\/www.coolheadeurope.com\/prodotto\/inox\/armadi\/qr-58-2\/","name":"QR 58 - Cool Head Europe","isPartOf":{"@id":"https:\/\/www.coolheadeurope.com\/#website"},"primaryImageOfPage":{"@id":"https:\/\/www.coolheadeurope.com\/prodotto\/inox\/armadi\/qr-58-2\/#primaryimage"},"image":{"@id":"https:\/\/www.coolheadeurope.com\/prodotto\/inox\/armadi\/qr-58-2\/#primaryimage"},"thumbnailUrl":"https:\/\/www.coolheadeurope.com\/wp-content\/uploads\/2026\/05\/QR-58-CORPO_CH_LOW.png","datePublished":"2026-05-05T18:44:19+00:00","dateModified":"2026-05-05T18:44:24+00:00","breadcrumb":{"@id":"https:\/\/www.coolheadeurope.com\/prodotto\/inox\/armadi\/qr-58-2\/#breadcrumb"},"inLanguage":"fr-FR","potentialAction":[{"@type":"ReadAction","target":["https:\/\/www.coolheadeurope.com\/prodotto\/inox\/armadi\/qr-58-2\/"]}]},{"@type":"ImageObject","inLanguage":"fr-FR","@id":"https:\/\/www.coolheadeurope.com\/prodotto\/inox\/armadi\/qr-58-2\/#primaryimage","url":"https:\/\/www.coolheadeurope.com\/wp-content\/uploads\/2026\/05\/QR-58-CORPO_CH_LOW.png","contentUrl":"https:\/\/www.coolheadeurope.com\/wp-content\/uploads\/2026\/05\/QR-58-CORPO_CH_LOW.png","width":377,"height":567,"caption":"Immagine di QR 58"},{"@type":"BreadcrumbList","@id":"https:\/\/www.coolheadeurope.com\/prodotto\/inox\/armadi\/qr-58-2\/#breadcrumb","itemListElement":[{"@type":"ListItem","position":1,"name":"Home","item":"https:\/\/www.coolheadeurope.com\/fr\/"},{"@type":"ListItem","position":2,"name":"Rechercher","item":"https:\/\/www.coolheadeurope.com\/cerca\/"},{"@type":"ListItem","position":3,"name":"QR 58"}]},{"@type":"WebSite","@id":"https:\/\/www.coolheadeurope.com\/#website","url":"https:\/\/www.coolheadeurope.com\/","name":"Cool Head Europe","description":"We make the world a cooler place","potentialAction":[{"@type":"SearchAction","target":{"@type":"EntryPoint","urlTemplate":"https:\/\/www.coolheadeurope.com\/?s={search_term_string}"},"query-input":{"@type":"PropertyValueSpecification","valueRequired":true,"valueName":"search_term_string"}}],"inLanguage":"fr-FR"}]}},"_links":{"self":[{"href":"https:\/\/www.coolheadeurope.com\/fr\/wp-json\/wp\/v2\/product\/3889094","targetHints":{"allow":["GET"]}}],"collection":[{"href":"https:\/\/www.coolheadeurope.com\/fr\/wp-json\/wp\/v2\/product"}],"about":[{"href":"https:\/\/www.coolheadeurope.com\/fr\/wp-json\/wp\/v2\/types\/product"}],"wp:featuredmedia":[{"embeddable":true,"href":"https:\/\/www.coolheadeurope.com\/fr\/wp-json\/wp\/v2\/media\/3922442"}],"wp:attachment":[{"href":"https:\/\/www.coolheadeurope.com\/fr\/wp-json\/wp\/v2\/media?parent=3889094"}],"wp:term":[{"taxonomy":"product_brand","embeddable":true,"href":"https:\/\/www.coolheadeurope.com\/fr\/wp-json\/wp\/v2\/product_brand?post=3889094"},{"taxonomy":"product_cat","embeddable":true,"href":"https:\/\/www.coolheadeurope.com\/fr\/wp-json\/wp\/v2\/product_cat?post=3889094"},{"taxonomy":"product_tag","embeddable":true,"href":"https:\/\/www.coolheadeurope.com\/fr\/wp-json\/wp\/v2\/product_tag?post=3889094"}],"curies":[{"name":"wp","href":"https:\/\/api.w.org\/{rel}","templated":true}]}}